{"id":18915,"date":"2025-01-16T13:05:23","date_gmt":"2025-01-16T12:05:23","guid":{"rendered":"http:\/\/aem.hr\/?page_id=18915"},"modified":"2025-01-16T13:05:24","modified_gmt":"2025-01-16T12:05:24","slug":"bojan-munjin-katolicanstvo-i-pravoslavlje-na-juznoslavenskom-prostoru-susreti-i-prozimanja","status":"publish","type":"page","link":"https:\/\/aem.hr\/en\/bojan-munjin-katolicanstvo-i-pravoslavlje-na-juznoslavenskom-prostoru-susreti-i-prozimanja\/","title":{"rendered":"Bojan Munjin &#8211; Katoli\u010danstvo i pravoslavlje na ju\u017enoslavenskom prostoru: susreti i pro\u017eimanja"},"content":{"rendered":"\n<div class=\"wp-block-file\"><a id=\"wp-block-file--media-86c1c2f4-58bc-43fa-bce7-806adebe1165\" href=\"https:\/\/aem.hr\/wp-content\/uploads\/2025\/01\/1.-Katolici-i-pravoslavci-\u2013-zajednistvo-prebiva-u-istini-i-solidarnosti.pdf\">1. Katolici i pravoslavci \u2013 zajedni\u0161tvo prebiva u istini i solidarnosti<\/a><a href=\"https:\/\/aem.hr\/wp-content\/uploads\/2025\/01\/1.-Katolici-i-pravoslavci-\u2013-zajednistvo-prebiva-u-istini-i-solidarnosti.pdf\" class=\"wp-block-file__button wp-element-button\" download aria-describedby=\"wp-block-file--media-86c1c2f4-58bc-43fa-bce7-806adebe1165\">Preuzimanje<\/a><\/div>\n\n\n\n<div class=\"wp-block-file\"><a id=\"wp-block-file--media-e3f10ea6-34f6-41a1-834e-f297ab5bc079\" href=\"https:\/\/aem.hr\/wp-content\/uploads\/2025\/01\/2.-Srbi-katolici-u-Dubrovniku_-Braca-ili-mrski-izdajnici.pdf\">2. Srbi katolici u Dubrovniku_ Bra\u0107a ili mrski izdajnici<\/a><a href=\"https:\/\/aem.hr\/wp-content\/uploads\/2025\/01\/2.-Srbi-katolici-u-Dubrovniku_-Braca-ili-mrski-izdajnici.pdf\" class=\"wp-block-file__button wp-element-button\" download aria-describedby=\"wp-block-file--media-e3f10ea6-34f6-41a1-834e-f297ab5bc079\">Preuzimanje<\/a><\/div>\n\n\n\n<div class=\"wp-block-file\"><a id=\"wp-block-file--media-bca31a0f-1897-4a87-af46-07519a13d636\" href=\"https:\/\/aem.hr\/wp-content\/uploads\/2025\/01\/3.-Krunoslav-Nikodem_-Crkve-bi-uskoro-mogle-biti-bogate-i-prazne.pdf\">3. Krunoslav Nikodem_ Crkve bi uskoro mogle biti bogate i prazne<\/a><a href=\"https:\/\/aem.hr\/wp-content\/uploads\/2025\/01\/3.-Krunoslav-Nikodem_-Crkve-bi-uskoro-mogle-biti-bogate-i-prazne.pdf\" class=\"wp-block-file__button wp-element-button\" download aria-describedby=\"wp-block-file--media-bca31a0f-1897-4a87-af46-07519a13d636\">Preuzimanje<\/a><\/div>\n\n\n\n<div class=\"wp-block-file\"><a id=\"wp-block-file--media-92e88baf-27ce-4848-93bd-6d40a1a34394\" href=\"https:\/\/aem.hr\/wp-content\/uploads\/2025\/01\/4.-Pravoslavci-u-Hrvatskoj-i-katolici-u-Srbiji_-Bez-nevolje-nema-bogomolje.pdf\">4. Pravoslavci u Hrvatskoj i katolici u Srbiji_ Bez nevolje nema bogomolje<\/a><a href=\"https:\/\/aem.hr\/wp-content\/uploads\/2025\/01\/4.-Pravoslavci-u-Hrvatskoj-i-katolici-u-Srbiji_-Bez-nevolje-nema-bogomolje.pdf\" class=\"wp-block-file__button wp-element-button\" download aria-describedby=\"wp-block-file--media-92e88baf-27ce-4848-93bd-6d40a1a34394\">Preuzimanje<\/a><\/div>\n\n\n\n<div class=\"wp-block-file\"><a id=\"wp-block-file--media-3e7c5abf-ac8a-4698-9a56-ca658aa9675a\" href=\"https:\/\/aem.hr\/wp-content\/uploads\/2025\/01\/5.-Zlatko-Matic_-Izmedu-pravoslavaca-i-katolika-u-Srbiji-vlada-dijalog-i-postovanje.pdf\">5. Zlatko Mati\u0107_ Izme\u0111u pravoslavaca i katolika u Srbiji vlada dijalog i po\u0161tovanje<\/a><a href=\"https:\/\/aem.hr\/wp-content\/uploads\/2025\/01\/5.-Zlatko-Matic_-Izmedu-pravoslavaca-i-katolika-u-Srbiji-vlada-dijalog-i-postovanje.pdf\" class=\"wp-block-file__button wp-element-button\" download aria-describedby=\"wp-block-file--media-3e7c5abf-ac8a-4698-9a56-ca658aa9675a\">Preuzimanje<\/a><\/div>\n\n\n\n<div class=\"wp-block-file\"><a id=\"wp-block-file--media-c085c98b-cb94-4633-8846-5c3088959577\" href=\"https:\/\/aem.hr\/wp-content\/uploads\/2025\/01\/6.-Ekumenizam-izmedu-straha-i-nade.pdf\">6. Ekumenizam izme\u0111u straha i nade<\/a><a href=\"https:\/\/aem.hr\/wp-content\/uploads\/2025\/01\/6.-Ekumenizam-izmedu-straha-i-nade.pdf\" class=\"wp-block-file__button wp-element-button\" download aria-describedby=\"wp-block-file--media-c085c98b-cb94-4633-8846-5c3088959577\">Preuzimanje<\/a><\/div>\n\n\n\n<p><\/p>\n","protected":false},"excerpt":{"rendered":"","protected":false},"author":18,"featured_media":0,"parent":0,"menu_order":0,"comment_status":"closed","ping_status":"closed","template":"","meta":{"_acf_changed":false,"inline_featured_image":false,"advgb_blocks_editor_width":"","advgb_blocks_columns_visual_guide":"","_links_to":"","_links_to_type":0,"footnotes":""},"class_list":["post-18915","page","type-page","status-publish","hentry"],"acf":[],"yoast_head":"<!-- This site is optimized with the Yoast SEO plugin v25.7 - https:\/\/yoast.com\/wordpress\/plugins\/seo\/ -->\n<title>Bojan Munjin - Katoli\u010danstvo i pravoslavlje na ju\u017enoslavenskom prostoru: susreti i pro\u017eimanja - Agencija za elektroni\u010dke medije<\/title>\n<meta name=\"robots\" content=\"index, follow, max-snippet:-1, max-image-preview:large, max-video-preview:-1\" \/>\n<link rel=\"canonical\" href=\"https:\/\/aem.hr\/en\/bojan-munjin-katolicanstvo-i-pravoslavlje-na-juznoslavenskom-prostoru-susreti-i-prozimanja\/\" \/>\n<meta property=\"og:locale\" content=\"en_US\" \/>\n<meta property=\"og:type\" content=\"article\" \/>\n<meta property=\"og:title\" content=\"Bojan Munjin - Katoli\u010danstvo i pravoslavlje na ju\u017enoslavenskom prostoru: susreti i pro\u017eimanja - Agencija za elektroni\u010dke medije\" \/>\n<meta property=\"og:url\" content=\"https:\/\/aem.hr\/en\/bojan-munjin-katolicanstvo-i-pravoslavlje-na-juznoslavenskom-prostoru-susreti-i-prozimanja\/\" \/>\n<meta property=\"og:site_name\" content=\"Agencija za elektroni\u010dke medije\" \/>\n<meta property=\"article:modified_time\" content=\"2025-01-16T12:05:24+00:00\" \/>\n<meta name=\"twitter:card\" content=\"summary_large_image\" \/>\n<meta name=\"twitter:label1\" content=\"Est. reading time\" \/>\n\t<meta name=\"twitter:data1\" content=\"1 minute\" \/>\n<script type=\"application\/ld+json\" class=\"yoast-schema-graph\">{\"@context\":\"https:\/\/schema.org\",\"@graph\":[{\"@type\":\"WebPage\",\"@id\":\"https:\/\/aem.hr\/en\/bojan-munjin-katolicanstvo-i-pravoslavlje-na-juznoslavenskom-prostoru-susreti-i-prozimanja\/\",\"url\":\"https:\/\/aem.hr\/en\/bojan-munjin-katolicanstvo-i-pravoslavlje-na-juznoslavenskom-prostoru-susreti-i-prozimanja\/\",\"name\":\"Bojan Munjin - Katoli\u010danstvo i pravoslavlje na ju\u017enoslavenskom prostoru: susreti i pro\u017eimanja - Agencija za elektroni\u010dke medije\",\"isPartOf\":{\"@id\":\"https:\/\/aem.hr\/#website\"},\"datePublished\":\"2025-01-16T12:05:23+00:00\",\"dateModified\":\"2025-01-16T12:05:24+00:00\",\"breadcrumb\":{\"@id\":\"https:\/\/aem.hr\/en\/bojan-munjin-katolicanstvo-i-pravoslavlje-na-juznoslavenskom-prostoru-susreti-i-prozimanja\/#breadcrumb\"},\"inLanguage\":\"en-US\",\"potentialAction\":[{\"@type\":\"ReadAction\",\"target\":[\"https:\/\/aem.hr\/en\/bojan-munjin-katolicanstvo-i-pravoslavlje-na-juznoslavenskom-prostoru-susreti-i-prozimanja\/\"]}]},{\"@type\":\"BreadcrumbList\",\"@id\":\"https:\/\/aem.hr\/en\/bojan-munjin-katolicanstvo-i-pravoslavlje-na-juznoslavenskom-prostoru-susreti-i-prozimanja\/#breadcrumb\",\"itemListElement\":[{\"@type\":\"ListItem\",\"position\":1,\"name\":\"Po\u010detna stranica\",\"item\":\"https:\/\/aem.hr\/\"},{\"@type\":\"ListItem\",\"position\":2,\"name\":\"Bojan Munjin &#8211; Katoli\u010danstvo i pravoslavlje na ju\u017enoslavenskom prostoru: susreti i pro\u017eimanja\"}]},{\"@type\":\"WebSite\",\"@id\":\"https:\/\/aem.hr\/#website\",\"url\":\"https:\/\/aem.hr\/\",\"name\":\"Agencija za elektroni\u010dke medije\",\"description\":\"\",\"potentialAction\":[{\"@type\":\"SearchAction\",\"target\":{\"@type\":\"EntryPoint\",\"urlTemplate\":\"https:\/\/aem.hr\/?s={search_term_string}\"},\"query-input\":{\"@type\":\"PropertyValueSpecification\",\"valueRequired\":true,\"valueName\":\"search_term_string\"}}],\"inLanguage\":\"en-US\"}]}<\/script>\n<!-- \/ Yoast SEO plugin. -->","yoast_head_json":{"title":"Bojan Munjin - Katoli\u010danstvo i pravoslavlje na ju\u017enoslavenskom prostoru: susreti i pro\u017eimanja - Agencija za elektroni\u010dke medije","robots":{"index":"index","follow":"follow","max-snippet":"max-snippet:-1","max-image-preview":"max-image-preview:large","max-video-preview":"max-video-preview:-1"},"canonical":"https:\/\/aem.hr\/en\/bojan-munjin-katolicanstvo-i-pravoslavlje-na-juznoslavenskom-prostoru-susreti-i-prozimanja\/","og_locale":"en_US","og_type":"article","og_title":"Bojan Munjin - Katoli\u010danstvo i pravoslavlje na ju\u017enoslavenskom prostoru: susreti i pro\u017eimanja - Agencija za elektroni\u010dke medije","og_url":"https:\/\/aem.hr\/en\/bojan-munjin-katolicanstvo-i-pravoslavlje-na-juznoslavenskom-prostoru-susreti-i-prozimanja\/","og_site_name":"Agencija za elektroni\u010dke medije","article_modified_time":"2025-01-16T12:05:24+00:00","twitter_card":"summary_large_image","twitter_misc":{"Est. reading time":"1 minute"},"schema":{"@context":"https:\/\/schema.org","@graph":[{"@type":"WebPage","@id":"https:\/\/aem.hr\/en\/bojan-munjin-katolicanstvo-i-pravoslavlje-na-juznoslavenskom-prostoru-susreti-i-prozimanja\/","url":"https:\/\/aem.hr\/en\/bojan-munjin-katolicanstvo-i-pravoslavlje-na-juznoslavenskom-prostoru-susreti-i-prozimanja\/","name":"Bojan Munjin - Katoli\u010danstvo i pravoslavlje na ju\u017enoslavenskom prostoru: susreti i pro\u017eimanja - Agencija za elektroni\u010dke medije","isPartOf":{"@id":"https:\/\/aem.hr\/#website"},"datePublished":"2025-01-16T12:05:23+00:00","dateModified":"2025-01-16T12:05:24+00:00","breadcrumb":{"@id":"https:\/\/aem.hr\/en\/bojan-munjin-katolicanstvo-i-pravoslavlje-na-juznoslavenskom-prostoru-susreti-i-prozimanja\/#breadcrumb"},"inLanguage":"en-US","potentialAction":[{"@type":"ReadAction","target":["https:\/\/aem.hr\/en\/bojan-munjin-katolicanstvo-i-pravoslavlje-na-juznoslavenskom-prostoru-susreti-i-prozimanja\/"]}]},{"@type":"BreadcrumbList","@id":"https:\/\/aem.hr\/en\/bojan-munjin-katolicanstvo-i-pravoslavlje-na-juznoslavenskom-prostoru-susreti-i-prozimanja\/#breadcrumb","itemListElement":[{"@type":"ListItem","position":1,"name":"Po\u010detna stranica","item":"https:\/\/aem.hr\/"},{"@type":"ListItem","position":2,"name":"Bojan Munjin &#8211; Katoli\u010danstvo i pravoslavlje na ju\u017enoslavenskom prostoru: susreti i pro\u017eimanja"}]},{"@type":"WebSite","@id":"https:\/\/aem.hr\/#website","url":"https:\/\/aem.hr\/","name":"Agencija za elektroni\u010dke medije","description":"","potentialAction":[{"@type":"SearchAction","target":{"@type":"EntryPoint","urlTemplate":"https:\/\/aem.hr\/?s={search_term_string}"},"query-input":{"@type":"PropertyValueSpecification","valueRequired":true,"valueName":"search_term_string"}}],"inLanguage":"en-US"}]}},"coauthors":[],"author_meta":{"author_link":"https:\/\/aem.hr\/en\/blog\/author\/mkirac\/","display_name":"Matko Kirac"},"relative_dates":{"created":"Posted 1 year ago","modified":"Updated 1 year ago"},"absolute_dates":{"created":"Posted on 16. January 2025.","modified":"Updated on 16. January 2025."},"absolute_dates_time":{"created":"Posted on 16. January 2025. 13:05","modified":"Updated on 16. January 2025. 13:05"},"featured_img_caption":"","featured_img":false,"series_order":"","_links":{"self":[{"href":"https:\/\/aem.hr\/en\/wp-json\/wp\/v2\/pages\/18915","targetHints":{"allow":["GET"]}}],"collection":[{"href":"https:\/\/aem.hr\/en\/wp-json\/wp\/v2\/pages"}],"about":[{"href":"https:\/\/aem.hr\/en\/wp-json\/wp\/v2\/types\/page"}],"author":[{"embeddable":true,"href":"https:\/\/aem.hr\/en\/wp-json\/wp\/v2\/users\/18"}],"replies":[{"embeddable":true,"href":"https:\/\/aem.hr\/en\/wp-json\/wp\/v2\/comments?post=18915"}],"version-history":[{"count":1,"href":"https:\/\/aem.hr\/en\/wp-json\/wp\/v2\/pages\/18915\/revisions"}],"predecessor-version":[{"id":18928,"href":"https:\/\/aem.hr\/en\/wp-json\/wp\/v2\/pages\/18915\/revisions\/18928"}],"wp:attachment":[{"href":"https:\/\/aem.hr\/en\/wp-json\/wp\/v2\/media?parent=18915"}],"curies":[{"name":"wp","href":"https:\/\/api.w.org\/{rel}","templated":true}]}}