{"id":18930,"date":"2025-01-16T13:06:12","date_gmt":"2025-01-16T12:06:12","guid":{"rendered":"http:\/\/aem.hr\/?page_id=18930"},"modified":"2025-01-16T13:06:12","modified_gmt":"2025-01-16T12:06:12","slug":"dubravka-vukoja-ratne-lijecnice-iz-domovinskog-rata","status":"publish","type":"page","link":"https:\/\/aem.hr\/en\/dubravka-vukoja-ratne-lijecnice-iz-domovinskog-rata\/","title":{"rendered":"Dubravka Vukoja &#8211; Ratne lije\u010dnice iz Domovinskog rata"},"content":{"rendered":"\n<div class=\"wp-block-file\"><a id=\"wp-block-file--media-76a403ce-eb33-4674-932b-036c60c969fc\" href=\"https:\/\/aem.hr\/wp-content\/uploads\/2025\/01\/1.-Dr.-Zdenka-Corkalo-ratna-lijecnica.pdf\">1. Dr. Zdenka \u010corkalo, ratna lije\u010dnica<\/a><a href=\"https:\/\/aem.hr\/wp-content\/uploads\/2025\/01\/1.-Dr.-Zdenka-Corkalo-ratna-lijecnica.pdf\" class=\"wp-block-file__button wp-element-button\" download aria-describedby=\"wp-block-file--media-76a403ce-eb33-4674-932b-036c60c969fc\">Preuzimanje<\/a><\/div>\n\n\n\n<div class=\"wp-block-file\"><a id=\"wp-block-file--media-4a837e28-bc1c-4104-b981-5c2083e612ad\" href=\"https:\/\/aem.hr\/wp-content\/uploads\/2025\/01\/2.-Dr.-Stanka-Kezele-Krog-ratna-lijecnica.pdf\">2. Dr. Stanka Kezele Krog, ratna lije\u010dnica<\/a><a href=\"https:\/\/aem.hr\/wp-content\/uploads\/2025\/01\/2.-Dr.-Stanka-Kezele-Krog-ratna-lijecnica.pdf\" class=\"wp-block-file__button wp-element-button\" download aria-describedby=\"wp-block-file--media-4a837e28-bc1c-4104-b981-5c2083e612ad\">Preuzimanje<\/a><\/div>\n\n\n\n<div class=\"wp-block-file\"><a id=\"wp-block-file--media-f7f42ecd-7beb-4df7-98e2-27c3b52540c1\" href=\"https:\/\/aem.hr\/wp-content\/uploads\/2025\/01\/3.-Dr.-Sadika-Bilus-ratna-lijecnica.pdf\">3. Dr. Sadika Bilu\u0161, ratna lije\u010dnica<\/a><a href=\"https:\/\/aem.hr\/wp-content\/uploads\/2025\/01\/3.-Dr.-Sadika-Bilus-ratna-lijecnica.pdf\" class=\"wp-block-file__button wp-element-button\" download aria-describedby=\"wp-block-file--media-f7f42ecd-7beb-4df7-98e2-27c3b52540c1\">Preuzimanje<\/a><\/div>\n\n\n\n<div class=\"wp-block-file\"><a id=\"wp-block-file--media-3c6eedd4-7a38-42c2-a157-a7a24bf9e1e0\" href=\"https:\/\/aem.hr\/wp-content\/uploads\/2025\/01\/4.-Dr.-Marica-Topic-Dokica-ratna-lijecnica.pdf\">4. Dr. Marica Topi\u0107 &#8211; Dokica, ratna lije\u010dnica<\/a><a href=\"https:\/\/aem.hr\/wp-content\/uploads\/2025\/01\/4.-Dr.-Marica-Topic-Dokica-ratna-lijecnica.pdf\" class=\"wp-block-file__button wp-element-button\" download aria-describedby=\"wp-block-file--media-3c6eedd4-7a38-42c2-a157-a7a24bf9e1e0\">Preuzimanje<\/a><\/div>\n\n\n\n<div class=\"wp-block-file\"><a id=\"wp-block-file--media-c34b6938-ed58-4dd3-9024-5b06c6055584\" href=\"https:\/\/aem.hr\/wp-content\/uploads\/2025\/01\/5.-Dr.-Vesna-Orsulic-ratna-lijecnica.pdf\">5. Dr. Vesna Or\u0161uli\u0107, ratna lije\u010dnica<\/a><a href=\"https:\/\/aem.hr\/wp-content\/uploads\/2025\/01\/5.-Dr.-Vesna-Orsulic-ratna-lijecnica.pdf\" class=\"wp-block-file__button wp-element-button\" download aria-describedby=\"wp-block-file--media-c34b6938-ed58-4dd3-9024-5b06c6055584\">Preuzimanje<\/a><\/div>\n","protected":false},"excerpt":{"rendered":"","protected":false},"author":18,"featured_media":0,"parent":0,"menu_order":0,"comment_status":"closed","ping_status":"closed","template":"","meta":{"_acf_changed":false,"inline_featured_image":false,"advgb_blocks_editor_width":"","advgb_blocks_columns_visual_guide":"","_links_to":"","_links_to_type":0,"footnotes":""},"class_list":["post-18930","page","type-page","status-publish","hentry"],"acf":[],"yoast_head":"<!-- This site is optimized with the Yoast SEO plugin v25.7 - https:\/\/yoast.com\/wordpress\/plugins\/seo\/ -->\n<title>Dubravka Vukoja - Ratne lije\u010dnice iz Domovinskog rata - Agencija za elektroni\u010dke medije<\/title>\n<meta name=\"robots\" content=\"index, follow, max-snippet:-1, max-image-preview:large, max-video-preview:-1\" \/>\n<link rel=\"canonical\" href=\"https:\/\/aem.hr\/dubravka-vukoja-ratne-lijecnice-iz-domovinskog-rata\/\" \/>\n<meta property=\"og:locale\" content=\"en_US\" \/>\n<meta property=\"og:type\" content=\"article\" \/>\n<meta property=\"og:title\" content=\"Dubravka Vukoja - Ratne lije\u010dnice iz Domovinskog rata - Agencija za elektroni\u010dke medije\" \/>\n<meta property=\"og:url\" content=\"https:\/\/aem.hr\/dubravka-vukoja-ratne-lijecnice-iz-domovinskog-rata\/\" \/>\n<meta property=\"og:site_name\" content=\"Agencija za elektroni\u010dke medije\" \/>\n<meta name=\"twitter:card\" content=\"summary_large_image\" \/>\n<meta name=\"twitter:label1\" content=\"Est. reading time\" \/>\n\t<meta name=\"twitter:data1\" content=\"1 minute\" \/>\n<script type=\"application\/ld+json\" class=\"yoast-schema-graph\">{\"@context\":\"https:\/\/schema.org\",\"@graph\":[{\"@type\":\"WebPage\",\"@id\":\"https:\/\/aem.hr\/dubravka-vukoja-ratne-lijecnice-iz-domovinskog-rata\/\",\"url\":\"https:\/\/aem.hr\/dubravka-vukoja-ratne-lijecnice-iz-domovinskog-rata\/\",\"name\":\"Dubravka Vukoja - Ratne lije\u010dnice iz Domovinskog rata - Agencija za elektroni\u010dke medije\",\"isPartOf\":{\"@id\":\"https:\/\/aem.hr\/#website\"},\"datePublished\":\"2025-01-16T12:06:12+00:00\",\"breadcrumb\":{\"@id\":\"https:\/\/aem.hr\/dubravka-vukoja-ratne-lijecnice-iz-domovinskog-rata\/#breadcrumb\"},\"inLanguage\":\"en-US\",\"potentialAction\":[{\"@type\":\"ReadAction\",\"target\":[\"https:\/\/aem.hr\/dubravka-vukoja-ratne-lijecnice-iz-domovinskog-rata\/\"]}]},{\"@type\":\"BreadcrumbList\",\"@id\":\"https:\/\/aem.hr\/dubravka-vukoja-ratne-lijecnice-iz-domovinskog-rata\/#breadcrumb\",\"itemListElement\":[{\"@type\":\"ListItem\",\"position\":1,\"name\":\"Po\u010detna stranica\",\"item\":\"https:\/\/aem.hr\/\"},{\"@type\":\"ListItem\",\"position\":2,\"name\":\"Dubravka Vukoja &#8211; Ratne lije\u010dnice iz Domovinskog rata\"}]},{\"@type\":\"WebSite\",\"@id\":\"https:\/\/aem.hr\/#website\",\"url\":\"https:\/\/aem.hr\/\",\"name\":\"Agencija za elektroni\u010dke medije\",\"description\":\"\",\"potentialAction\":[{\"@type\":\"SearchAction\",\"target\":{\"@type\":\"EntryPoint\",\"urlTemplate\":\"https:\/\/aem.hr\/?s={search_term_string}\"},\"query-input\":{\"@type\":\"PropertyValueSpecification\",\"valueRequired\":true,\"valueName\":\"search_term_string\"}}],\"inLanguage\":\"en-US\"}]}<\/script>\n<!-- \/ Yoast SEO plugin. -->","yoast_head_json":{"title":"Dubravka Vukoja - Ratne lije\u010dnice iz Domovinskog rata - Agencija za elektroni\u010dke medije","robots":{"index":"index","follow":"follow","max-snippet":"max-snippet:-1","max-image-preview":"max-image-preview:large","max-video-preview":"max-video-preview:-1"},"canonical":"https:\/\/aem.hr\/dubravka-vukoja-ratne-lijecnice-iz-domovinskog-rata\/","og_locale":"en_US","og_type":"article","og_title":"Dubravka Vukoja - Ratne lije\u010dnice iz Domovinskog rata - Agencija za elektroni\u010dke medije","og_url":"https:\/\/aem.hr\/dubravka-vukoja-ratne-lijecnice-iz-domovinskog-rata\/","og_site_name":"Agencija za elektroni\u010dke medije","twitter_card":"summary_large_image","twitter_misc":{"Est. reading time":"1 minute"},"schema":{"@context":"https:\/\/schema.org","@graph":[{"@type":"WebPage","@id":"https:\/\/aem.hr\/dubravka-vukoja-ratne-lijecnice-iz-domovinskog-rata\/","url":"https:\/\/aem.hr\/dubravka-vukoja-ratne-lijecnice-iz-domovinskog-rata\/","name":"Dubravka Vukoja - Ratne lije\u010dnice iz Domovinskog rata - Agencija za elektroni\u010dke medije","isPartOf":{"@id":"https:\/\/aem.hr\/#website"},"datePublished":"2025-01-16T12:06:12+00:00","breadcrumb":{"@id":"https:\/\/aem.hr\/dubravka-vukoja-ratne-lijecnice-iz-domovinskog-rata\/#breadcrumb"},"inLanguage":"en-US","potentialAction":[{"@type":"ReadAction","target":["https:\/\/aem.hr\/dubravka-vukoja-ratne-lijecnice-iz-domovinskog-rata\/"]}]},{"@type":"BreadcrumbList","@id":"https:\/\/aem.hr\/dubravka-vukoja-ratne-lijecnice-iz-domovinskog-rata\/#breadcrumb","itemListElement":[{"@type":"ListItem","position":1,"name":"Po\u010detna stranica","item":"https:\/\/aem.hr\/"},{"@type":"ListItem","position":2,"name":"Dubravka Vukoja &#8211; Ratne lije\u010dnice iz Domovinskog rata"}]},{"@type":"WebSite","@id":"https:\/\/aem.hr\/#website","url":"https:\/\/aem.hr\/","name":"Agencija za elektroni\u010dke medije","description":"","potentialAction":[{"@type":"SearchAction","target":{"@type":"EntryPoint","urlTemplate":"https:\/\/aem.hr\/?s={search_term_string}"},"query-input":{"@type":"PropertyValueSpecification","valueRequired":true,"valueName":"search_term_string"}}],"inLanguage":"en-US"}]}},"coauthors":[],"author_meta":{"author_link":"https:\/\/aem.hr\/en\/blog\/author\/mkirac\/","display_name":"Matko Kirac"},"relative_dates":{"created":"Posted 1 year ago","modified":"Updated 1 year ago"},"absolute_dates":{"created":"Posted on 16. January 2025.","modified":"Updated on 16. January 2025."},"absolute_dates_time":{"created":"Posted on 16. January 2025. 13:06","modified":"Updated on 16. January 2025. 13:06"},"featured_img_caption":"","featured_img":false,"series_order":"","_links":{"self":[{"href":"https:\/\/aem.hr\/en\/wp-json\/wp\/v2\/pages\/18930","targetHints":{"allow":["GET"]}}],"collection":[{"href":"https:\/\/aem.hr\/en\/wp-json\/wp\/v2\/pages"}],"about":[{"href":"https:\/\/aem.hr\/en\/wp-json\/wp\/v2\/types\/page"}],"author":[{"embeddable":true,"href":"https:\/\/aem.hr\/en\/wp-json\/wp\/v2\/users\/18"}],"replies":[{"embeddable":true,"href":"https:\/\/aem.hr\/en\/wp-json\/wp\/v2\/comments?post=18930"}],"version-history":[{"count":1,"href":"https:\/\/aem.hr\/en\/wp-json\/wp\/v2\/pages\/18930\/revisions"}],"predecessor-version":[{"id":18941,"href":"https:\/\/aem.hr\/en\/wp-json\/wp\/v2\/pages\/18930\/revisions\/18941"}],"wp:attachment":[{"href":"https:\/\/aem.hr\/en\/wp-json\/wp\/v2\/media?parent=18930"}],"curies":[{"name":"wp","href":"https:\/\/api.w.org\/{rel}","templated":true}]}}