{"id":18952,"date":"2025-01-16T13:12:17","date_gmt":"2025-01-16T12:12:17","guid":{"rendered":"http:\/\/aem.hr\/?page_id=18952"},"modified":"2025-01-16T13:12:18","modified_gmt":"2025-01-16T12:12:18","slug":"diana-kucinic-marija-juric-zagorka-novinarka-sufrazetkinja-zrtva","status":"publish","type":"page","link":"https:\/\/aem.hr\/en\/diana-kucinic-marija-juric-zagorka-novinarka-sufrazetkinja-zrtva\/","title":{"rendered":"Diana Ku\u010dini\u0107 &#8211; Marija juri\u0107 zagorka: novinarka &#8211; sufra\u017eetkinja &#8211; \u017ertva"},"content":{"rendered":"\n<div class=\"wp-block-file\"><a id=\"wp-block-file--media-72cefdcd-4206-4051-a5c1-1732395a8a19\" href=\"https:\/\/aem.hr\/wp-content\/uploads\/2025\/01\/1.-Hocu-li-ziva-docekati-sutrasnji-dan.pdf\">1. Ho\u0107u li \u017eiva do\u010dekati sutra\u0161nji dan<\/a><a href=\"https:\/\/aem.hr\/wp-content\/uploads\/2025\/01\/1.-Hocu-li-ziva-docekati-sutrasnji-dan.pdf\" class=\"wp-block-file__button wp-element-button\" download aria-describedby=\"wp-block-file--media-72cefdcd-4206-4051-a5c1-1732395a8a19\">Preuzimanje<\/a><\/div>\n\n\n\n<div class=\"wp-block-file\"><a id=\"wp-block-file--media-f2e875d2-1f23-4246-8060-ef15e490b2c9\" href=\"https:\/\/aem.hr\/wp-content\/uploads\/2025\/01\/2.-Pljuska-je-bila-moj-prvi-dodir-s-novinama.pdf\">2. Pljuska je bila moj prvi dodir s novinama<\/a><a href=\"https:\/\/aem.hr\/wp-content\/uploads\/2025\/01\/2.-Pljuska-je-bila-moj-prvi-dodir-s-novinama.pdf\" class=\"wp-block-file__button wp-element-button\" download aria-describedby=\"wp-block-file--media-f2e875d2-1f23-4246-8060-ef15e490b2c9\">Preuzimanje<\/a><\/div>\n\n\n\n<div class=\"wp-block-file\"><a id=\"wp-block-file--media-e8a55c5e-b7f8-4f70-a102-34cdb82d65eb\" href=\"https:\/\/aem.hr\/wp-content\/uploads\/2025\/01\/3.-Pero-moje-sanja-o-junacima-pobjednicima.pdf\">3. Pero moje sanja o junacima pobjednicima<\/a><a href=\"https:\/\/aem.hr\/wp-content\/uploads\/2025\/01\/3.-Pero-moje-sanja-o-junacima-pobjednicima.pdf\" class=\"wp-block-file__button wp-element-button\" download aria-describedby=\"wp-block-file--media-e8a55c5e-b7f8-4f70-a102-34cdb82d65eb\">Preuzimanje<\/a><\/div>\n\n\n\n<div class=\"wp-block-file\"><a id=\"wp-block-file--media-c7397a0c-494d-4568-876e-1f8af7574270\" href=\"https:\/\/aem.hr\/wp-content\/uploads\/2025\/01\/4.-Poslali-su-me-u-bracno-popraviliste.pdf\">4. Poslali su me u bra\u010dno popravili\u0161te<\/a><a href=\"https:\/\/aem.hr\/wp-content\/uploads\/2025\/01\/4.-Poslali-su-me-u-bracno-popraviliste.pdf\" class=\"wp-block-file__button wp-element-button\" download aria-describedby=\"wp-block-file--media-c7397a0c-494d-4568-876e-1f8af7574270\">Preuzimanje<\/a><\/div>\n\n\n\n<div class=\"wp-block-file\"><a id=\"wp-block-file--media-2921697d-f8dd-4bf5-9d6c-4e3c979f390a\" href=\"https:\/\/aem.hr\/wp-content\/uploads\/2025\/01\/5.-Imam-u-dzepu-20-kruna-honorar-za-svoj-posteni-rad.pdf\">5. Imam u d\u017eepu 20 kruna honorar za svoj po\u0161teni rad<\/a><a href=\"https:\/\/aem.hr\/wp-content\/uploads\/2025\/01\/5.-Imam-u-dzepu-20-kruna-honorar-za-svoj-posteni-rad.pdf\" class=\"wp-block-file__button wp-element-button\" download aria-describedby=\"wp-block-file--media-2921697d-f8dd-4bf5-9d6c-4e3c979f390a\">Preuzimanje<\/a><\/div>\n\n\n\n<div class=\"wp-block-file\"><a id=\"wp-block-file--media-346909a0-df0b-4acb-9197-464fb7b113d9\" href=\"https:\/\/aem.hr\/wp-content\/uploads\/2025\/01\/6.-Mi-zene-znademo-da-cemo-i-mi-jedamput-uci.pdf\">6. Mi \u017eene znademo da \u0107emo i mi jedamput u\u0107i<\/a><a href=\"https:\/\/aem.hr\/wp-content\/uploads\/2025\/01\/6.-Mi-zene-znademo-da-cemo-i-mi-jedamput-uci.pdf\" class=\"wp-block-file__button wp-element-button\" download aria-describedby=\"wp-block-file--media-346909a0-df0b-4acb-9197-464fb7b113d9\">Preuzimanje<\/a><\/div>\n\n\n\n<div class=\"wp-block-file\"><a id=\"wp-block-file--media-cea2f171-a08b-4392-881a-b32a3694b5a4\" href=\"https:\/\/aem.hr\/wp-content\/uploads\/2025\/01\/7.-Ideal-slobode-nesto-je-o-cemu-sam-uvijek-sanjala.pdf\">7. Ideal slobode ne\u0161to je o \u010demu sam uvijek sanjala<\/a><a href=\"https:\/\/aem.hr\/wp-content\/uploads\/2025\/01\/7.-Ideal-slobode-nesto-je-o-cemu-sam-uvijek-sanjala.pdf\" class=\"wp-block-file__button wp-element-button\" download aria-describedby=\"wp-block-file--media-cea2f171-a08b-4392-881a-b32a3694b5a4\">Preuzimanje<\/a><\/div>\n\n\n\n<div class=\"wp-block-file\"><a id=\"wp-block-file--media-998becce-e43d-45c9-bd3e-d3d96948cb46\" href=\"https:\/\/aem.hr\/wp-content\/uploads\/2025\/01\/8.-I-sada-vise-nema-zapreka-radu-koji-mi-je-sav-zivot.pdf\">8. I sada vi\u0161e nema zapreka radu koji mi je sav \u017eivot<\/a><a href=\"https:\/\/aem.hr\/wp-content\/uploads\/2025\/01\/8.-I-sada-vise-nema-zapreka-radu-koji-mi-je-sav-zivot.pdf\" class=\"wp-block-file__button wp-element-button\" download aria-describedby=\"wp-block-file--media-998becce-e43d-45c9-bd3e-d3d96948cb46\">Preuzimanje<\/a><\/div>\n\n\n\n<p><\/p>\n","protected":false},"excerpt":{"rendered":"","protected":false},"author":18,"featured_media":0,"parent":0,"menu_order":0,"comment_status":"closed","ping_status":"closed","template":"","meta":{"_acf_changed":false,"inline_featured_image":false,"advgb_blocks_editor_width":"","advgb_blocks_columns_visual_guide":"","_links_to":"","_links_to_type":0,"footnotes":""},"class_list":["post-18952","page","type-page","status-publish","hentry"],"acf":[],"yoast_head":"<!-- This site is optimized with the Yoast SEO plugin v25.7 - https:\/\/yoast.com\/wordpress\/plugins\/seo\/ -->\n<title>Diana Ku\u010dini\u0107 - Marija juri\u0107 zagorka: novinarka - sufra\u017eetkinja - \u017ertva - Agencija za elektroni\u010dke medije<\/title>\n<meta name=\"robots\" content=\"index, follow, max-snippet:-1, max-image-preview:large, max-video-preview:-1\" \/>\n<link rel=\"canonical\" href=\"https:\/\/aem.hr\/en\/diana-kucinic-marija-juric-zagorka-novinarka-sufrazetkinja-zrtva\/\" \/>\n<meta property=\"og:locale\" content=\"en_US\" \/>\n<meta property=\"og:type\" content=\"article\" \/>\n<meta property=\"og:title\" content=\"Diana Ku\u010dini\u0107 - Marija juri\u0107 zagorka: novinarka - sufra\u017eetkinja - \u017ertva - Agencija za elektroni\u010dke medije\" \/>\n<meta property=\"og:url\" content=\"https:\/\/aem.hr\/en\/diana-kucinic-marija-juric-zagorka-novinarka-sufrazetkinja-zrtva\/\" \/>\n<meta property=\"og:site_name\" content=\"Agencija za elektroni\u010dke medije\" \/>\n<meta property=\"article:modified_time\" content=\"2025-01-16T12:12:18+00:00\" \/>\n<meta name=\"twitter:card\" content=\"summary_large_image\" \/>\n<meta name=\"twitter:label1\" content=\"Est. reading time\" \/>\n\t<meta name=\"twitter:data1\" content=\"1 minute\" \/>\n<script type=\"application\/ld+json\" class=\"yoast-schema-graph\">{\"@context\":\"https:\/\/schema.org\",\"@graph\":[{\"@type\":\"WebPage\",\"@id\":\"https:\/\/aem.hr\/en\/diana-kucinic-marija-juric-zagorka-novinarka-sufrazetkinja-zrtva\/\",\"url\":\"https:\/\/aem.hr\/en\/diana-kucinic-marija-juric-zagorka-novinarka-sufrazetkinja-zrtva\/\",\"name\":\"Diana Ku\u010dini\u0107 - Marija juri\u0107 zagorka: novinarka - sufra\u017eetkinja - \u017ertva - Agencija za elektroni\u010dke medije\",\"isPartOf\":{\"@id\":\"https:\/\/aem.hr\/#website\"},\"datePublished\":\"2025-01-16T12:12:17+00:00\",\"dateModified\":\"2025-01-16T12:12:18+00:00\",\"breadcrumb\":{\"@id\":\"https:\/\/aem.hr\/en\/diana-kucinic-marija-juric-zagorka-novinarka-sufrazetkinja-zrtva\/#breadcrumb\"},\"inLanguage\":\"en-US\",\"potentialAction\":[{\"@type\":\"ReadAction\",\"target\":[\"https:\/\/aem.hr\/en\/diana-kucinic-marija-juric-zagorka-novinarka-sufrazetkinja-zrtva\/\"]}]},{\"@type\":\"BreadcrumbList\",\"@id\":\"https:\/\/aem.hr\/en\/diana-kucinic-marija-juric-zagorka-novinarka-sufrazetkinja-zrtva\/#breadcrumb\",\"itemListElement\":[{\"@type\":\"ListItem\",\"position\":1,\"name\":\"Po\u010detna stranica\",\"item\":\"https:\/\/aem.hr\/\"},{\"@type\":\"ListItem\",\"position\":2,\"name\":\"Diana Ku\u010dini\u0107 &#8211; Marija juri\u0107 zagorka: novinarka &#8211; sufra\u017eetkinja &#8211; \u017ertva\"}]},{\"@type\":\"WebSite\",\"@id\":\"https:\/\/aem.hr\/#website\",\"url\":\"https:\/\/aem.hr\/\",\"name\":\"Agencija za elektroni\u010dke medije\",\"description\":\"\",\"potentialAction\":[{\"@type\":\"SearchAction\",\"target\":{\"@type\":\"EntryPoint\",\"urlTemplate\":\"https:\/\/aem.hr\/?s={search_term_string}\"},\"query-input\":{\"@type\":\"PropertyValueSpecification\",\"valueRequired\":true,\"valueName\":\"search_term_string\"}}],\"inLanguage\":\"en-US\"}]}<\/script>\n<!-- \/ Yoast SEO plugin. -->","yoast_head_json":{"title":"Diana Ku\u010dini\u0107 - Marija juri\u0107 zagorka: novinarka - sufra\u017eetkinja - \u017ertva - Agencija za elektroni\u010dke medije","robots":{"index":"index","follow":"follow","max-snippet":"max-snippet:-1","max-image-preview":"max-image-preview:large","max-video-preview":"max-video-preview:-1"},"canonical":"https:\/\/aem.hr\/en\/diana-kucinic-marija-juric-zagorka-novinarka-sufrazetkinja-zrtva\/","og_locale":"en_US","og_type":"article","og_title":"Diana Ku\u010dini\u0107 - Marija juri\u0107 zagorka: novinarka - sufra\u017eetkinja - \u017ertva - Agencija za elektroni\u010dke medije","og_url":"https:\/\/aem.hr\/en\/diana-kucinic-marija-juric-zagorka-novinarka-sufrazetkinja-zrtva\/","og_site_name":"Agencija za elektroni\u010dke medije","article_modified_time":"2025-01-16T12:12:18+00:00","twitter_card":"summary_large_image","twitter_misc":{"Est. reading time":"1 minute"},"schema":{"@context":"https:\/\/schema.org","@graph":[{"@type":"WebPage","@id":"https:\/\/aem.hr\/en\/diana-kucinic-marija-juric-zagorka-novinarka-sufrazetkinja-zrtva\/","url":"https:\/\/aem.hr\/en\/diana-kucinic-marija-juric-zagorka-novinarka-sufrazetkinja-zrtva\/","name":"Diana Ku\u010dini\u0107 - Marija juri\u0107 zagorka: novinarka - sufra\u017eetkinja - \u017ertva - Agencija za elektroni\u010dke medije","isPartOf":{"@id":"https:\/\/aem.hr\/#website"},"datePublished":"2025-01-16T12:12:17+00:00","dateModified":"2025-01-16T12:12:18+00:00","breadcrumb":{"@id":"https:\/\/aem.hr\/en\/diana-kucinic-marija-juric-zagorka-novinarka-sufrazetkinja-zrtva\/#breadcrumb"},"inLanguage":"en-US","potentialAction":[{"@type":"ReadAction","target":["https:\/\/aem.hr\/en\/diana-kucinic-marija-juric-zagorka-novinarka-sufrazetkinja-zrtva\/"]}]},{"@type":"BreadcrumbList","@id":"https:\/\/aem.hr\/en\/diana-kucinic-marija-juric-zagorka-novinarka-sufrazetkinja-zrtva\/#breadcrumb","itemListElement":[{"@type":"ListItem","position":1,"name":"Po\u010detna stranica","item":"https:\/\/aem.hr\/"},{"@type":"ListItem","position":2,"name":"Diana Ku\u010dini\u0107 &#8211; Marija juri\u0107 zagorka: novinarka &#8211; sufra\u017eetkinja &#8211; \u017ertva"}]},{"@type":"WebSite","@id":"https:\/\/aem.hr\/#website","url":"https:\/\/aem.hr\/","name":"Agencija za elektroni\u010dke medije","description":"","potentialAction":[{"@type":"SearchAction","target":{"@type":"EntryPoint","urlTemplate":"https:\/\/aem.hr\/?s={search_term_string}"},"query-input":{"@type":"PropertyValueSpecification","valueRequired":true,"valueName":"search_term_string"}}],"inLanguage":"en-US"}]}},"coauthors":[],"author_meta":{"author_link":"https:\/\/aem.hr\/en\/blog\/author\/mkirac\/","display_name":"Matko Kirac"},"relative_dates":{"created":"Posted 1 year ago","modified":"Updated 1 year ago"},"absolute_dates":{"created":"Posted on 16. January 2025.","modified":"Updated on 16. January 2025."},"absolute_dates_time":{"created":"Posted on 16. January 2025. 13:12","modified":"Updated on 16. January 2025. 13:12"},"featured_img_caption":"","featured_img":false,"series_order":"","_links":{"self":[{"href":"https:\/\/aem.hr\/en\/wp-json\/wp\/v2\/pages\/18952","targetHints":{"allow":["GET"]}}],"collection":[{"href":"https:\/\/aem.hr\/en\/wp-json\/wp\/v2\/pages"}],"about":[{"href":"https:\/\/aem.hr\/en\/wp-json\/wp\/v2\/types\/page"}],"author":[{"embeddable":true,"href":"https:\/\/aem.hr\/en\/wp-json\/wp\/v2\/users\/18"}],"replies":[{"embeddable":true,"href":"https:\/\/aem.hr\/en\/wp-json\/wp\/v2\/comments?post=18952"}],"version-history":[{"count":1,"href":"https:\/\/aem.hr\/en\/wp-json\/wp\/v2\/pages\/18952\/revisions"}],"predecessor-version":[{"id":18968,"href":"https:\/\/aem.hr\/en\/wp-json\/wp\/v2\/pages\/18952\/revisions\/18968"}],"wp:attachment":[{"href":"https:\/\/aem.hr\/en\/wp-json\/wp\/v2\/media?parent=18952"}],"curies":[{"name":"wp","href":"https:\/\/api.w.org\/{rel}","templated":true}]}}