{"id":19160,"date":"2025-01-30T14:01:54","date_gmt":"2025-01-30T13:01:54","guid":{"rendered":"http:\/\/aem.hr\/?page_id=19160"},"modified":"2025-01-30T14:02:08","modified_gmt":"2025-01-30T13:02:08","slug":"ojdana-koharevic-poduzetnistvo-na-hrvatskim-otocima","status":"publish","type":"page","link":"https:\/\/aem.hr\/en\/ojdana-koharevic-poduzetnistvo-na-hrvatskim-otocima\/","title":{"rendered":"Ojdana Koharevi\u0107 &#8211; Poduzetni\u0161tvo na Hrvatskim otocima"},"content":{"rendered":"\n<div class=\"wp-block-file\"><a id=\"wp-block-file--media-f3aa010a-110f-40b7-8bf9-477dec981b3f\" href=\"https:\/\/aem.hr\/wp-content\/uploads\/2025\/01\/1.-Kako-su-Soltani-prepoznali.pdf\">1. Kako su \u0160oltani prepoznali<\/a><a href=\"https:\/\/aem.hr\/wp-content\/uploads\/2025\/01\/1.-Kako-su-Soltani-prepoznali.pdf\" class=\"wp-block-file__button wp-element-button\" download aria-describedby=\"wp-block-file--media-f3aa010a-110f-40b7-8bf9-477dec981b3f\">Preuzimanje<\/a><\/div>\n\n\n\n<div class=\"wp-block-file\"><a id=\"wp-block-file--media-f743ff96-b3be-4e23-b06f-81d689eb04ff\" href=\"https:\/\/aem.hr\/wp-content\/uploads\/2025\/01\/2.Hrvatski-otocni-proizvod.pdf\">2. Hrvatski oto\u010dni proizvod<\/a><a href=\"https:\/\/aem.hr\/wp-content\/uploads\/2025\/01\/2.Hrvatski-otocni-proizvod.pdf\" class=\"wp-block-file__button wp-element-button\" download aria-describedby=\"wp-block-file--media-f743ff96-b3be-4e23-b06f-81d689eb04ff\">Preuzimanje<\/a><\/div>\n\n\n\n<div class=\"wp-block-file\"><a id=\"wp-block-file--media-8db5ccf9-0dfb-456e-8f14-50cb323fb8c5\" href=\"https:\/\/aem.hr\/wp-content\/uploads\/2025\/01\/3.LAG-Skoji_-Odrzivost-i-autenticnost.pdf\">3. LAG \u0160koji_ Odr\u017eivost i autenti\u010dnost<\/a><a href=\"https:\/\/aem.hr\/wp-content\/uploads\/2025\/01\/3.LAG-Skoji_-Odrzivost-i-autenticnost.pdf\" class=\"wp-block-file__button wp-element-button\" download aria-describedby=\"wp-block-file--media-8db5ccf9-0dfb-456e-8f14-50cb323fb8c5\">Preuzimanje<\/a><\/div>\n\n\n\n<div class=\"wp-block-file\"><a id=\"wp-block-file--media-51faea59-eb23-44d9-85b0-1ea774001a1b\" href=\"https:\/\/aem.hr\/wp-content\/uploads\/2025\/01\/4.Novalja-i-Vela-Luka-prvi-hrvatski.pdf\">4. Novalja i Vela Luka &#8211; prvi hrvatski<\/a><a href=\"https:\/\/aem.hr\/wp-content\/uploads\/2025\/01\/4.Novalja-i-Vela-Luka-prvi-hrvatski.pdf\" class=\"wp-block-file__button wp-element-button\" download aria-describedby=\"wp-block-file--media-51faea59-eb23-44d9-85b0-1ea774001a1b\">Preuzimanje<\/a><\/div>\n\n\n\n<div class=\"wp-block-file\"><a id=\"wp-block-file--media-9539d5de-def5-47a7-bc2f-485099d18b0c\" href=\"https:\/\/aem.hr\/wp-content\/uploads\/2025\/01\/5.Poduzetnistvo-na-otocima.pdf\">5. Poduzetni\u0161tvo na otocima<\/a><a href=\"https:\/\/aem.hr\/wp-content\/uploads\/2025\/01\/5.Poduzetnistvo-na-otocima.pdf\" class=\"wp-block-file__button wp-element-button\" download aria-describedby=\"wp-block-file--media-9539d5de-def5-47a7-bc2f-485099d18b0c\">Preuzimanje<\/a><\/div>\n\n\n\n<div class=\"wp-block-file\"><a id=\"wp-block-file--media-d86f5258-b81f-40e6-b1b4-36cbd10ce4c9\" href=\"https:\/\/aem.hr\/wp-content\/uploads\/2025\/01\/6.Otocni-poduzetnici-sve-vise.pdf\">6.Oto\u010dni poduzetnici sve vi\u0161e<\/a><a href=\"https:\/\/aem.hr\/wp-content\/uploads\/2025\/01\/6.Otocni-poduzetnici-sve-vise.pdf\" class=\"wp-block-file__button wp-element-button\" download aria-describedby=\"wp-block-file--media-d86f5258-b81f-40e6-b1b4-36cbd10ce4c9\">Preuzimanje<\/a><\/div>\n\n\n\n<p><\/p>\n","protected":false},"excerpt":{"rendered":"","protected":false},"author":18,"featured_media":0,"parent":0,"menu_order":0,"comment_status":"closed","ping_status":"closed","template":"","meta":{"_acf_changed":false,"inline_featured_image":false,"advgb_blocks_editor_width":"","advgb_blocks_columns_visual_guide":"","_links_to":"","_links_to_type":0,"footnotes":""},"class_list":["post-19160","page","type-page","status-publish","hentry"],"acf":[],"yoast_head":"<!-- This site is optimized with the Yoast SEO plugin v25.7 - https:\/\/yoast.com\/wordpress\/plugins\/seo\/ -->\n<title>Ojdana Koharevi\u0107 - Poduzetni\u0161tvo na Hrvatskim otocima - Agencija za elektroni\u010dke medije<\/title>\n<meta name=\"robots\" content=\"index, follow, max-snippet:-1, max-image-preview:large, max-video-preview:-1\" \/>\n<link rel=\"canonical\" href=\"https:\/\/aem.hr\/ojdana-koharevic-poduzetnistvo-na-hrvatskim-otocima\/\" \/>\n<meta property=\"og:locale\" content=\"en_US\" \/>\n<meta property=\"og:type\" content=\"article\" \/>\n<meta property=\"og:title\" content=\"Ojdana Koharevi\u0107 - Poduzetni\u0161tvo na Hrvatskim otocima - Agencija za elektroni\u010dke medije\" \/>\n<meta property=\"og:url\" content=\"https:\/\/aem.hr\/ojdana-koharevic-poduzetnistvo-na-hrvatskim-otocima\/\" \/>\n<meta property=\"og:site_name\" content=\"Agencija za elektroni\u010dke medije\" \/>\n<meta property=\"article:modified_time\" content=\"2025-01-30T13:02:08+00:00\" \/>\n<meta name=\"twitter:card\" content=\"summary_large_image\" \/>\n<meta name=\"twitter:label1\" content=\"Est. reading time\" \/>\n\t<meta name=\"twitter:data1\" content=\"1 minute\" \/>\n<script type=\"application\/ld+json\" class=\"yoast-schema-graph\">{\"@context\":\"https:\/\/schema.org\",\"@graph\":[{\"@type\":\"WebPage\",\"@id\":\"https:\/\/aem.hr\/ojdana-koharevic-poduzetnistvo-na-hrvatskim-otocima\/\",\"url\":\"https:\/\/aem.hr\/ojdana-koharevic-poduzetnistvo-na-hrvatskim-otocima\/\",\"name\":\"Ojdana Koharevi\u0107 - Poduzetni\u0161tvo na Hrvatskim otocima - Agencija za elektroni\u010dke medije\",\"isPartOf\":{\"@id\":\"https:\/\/aem.hr\/#website\"},\"datePublished\":\"2025-01-30T13:01:54+00:00\",\"dateModified\":\"2025-01-30T13:02:08+00:00\",\"breadcrumb\":{\"@id\":\"https:\/\/aem.hr\/ojdana-koharevic-poduzetnistvo-na-hrvatskim-otocima\/#breadcrumb\"},\"inLanguage\":\"en-US\",\"potentialAction\":[{\"@type\":\"ReadAction\",\"target\":[\"https:\/\/aem.hr\/ojdana-koharevic-poduzetnistvo-na-hrvatskim-otocima\/\"]}]},{\"@type\":\"BreadcrumbList\",\"@id\":\"https:\/\/aem.hr\/ojdana-koharevic-poduzetnistvo-na-hrvatskim-otocima\/#breadcrumb\",\"itemListElement\":[{\"@type\":\"ListItem\",\"position\":1,\"name\":\"Po\u010detna stranica\",\"item\":\"https:\/\/aem.hr\/\"},{\"@type\":\"ListItem\",\"position\":2,\"name\":\"Ojdana Koharevi\u0107 &#8211; Poduzetni\u0161tvo na Hrvatskim otocima\"}]},{\"@type\":\"WebSite\",\"@id\":\"https:\/\/aem.hr\/#website\",\"url\":\"https:\/\/aem.hr\/\",\"name\":\"Agencija za elektroni\u010dke medije\",\"description\":\"\",\"potentialAction\":[{\"@type\":\"SearchAction\",\"target\":{\"@type\":\"EntryPoint\",\"urlTemplate\":\"https:\/\/aem.hr\/?s={search_term_string}\"},\"query-input\":{\"@type\":\"PropertyValueSpecification\",\"valueRequired\":true,\"valueName\":\"search_term_string\"}}],\"inLanguage\":\"en-US\"}]}<\/script>\n<!-- \/ Yoast SEO plugin. -->","yoast_head_json":{"title":"Ojdana Koharevi\u0107 - Poduzetni\u0161tvo na Hrvatskim otocima - Agencija za elektroni\u010dke medije","robots":{"index":"index","follow":"follow","max-snippet":"max-snippet:-1","max-image-preview":"max-image-preview:large","max-video-preview":"max-video-preview:-1"},"canonical":"https:\/\/aem.hr\/ojdana-koharevic-poduzetnistvo-na-hrvatskim-otocima\/","og_locale":"en_US","og_type":"article","og_title":"Ojdana Koharevi\u0107 - Poduzetni\u0161tvo na Hrvatskim otocima - Agencija za elektroni\u010dke medije","og_url":"https:\/\/aem.hr\/ojdana-koharevic-poduzetnistvo-na-hrvatskim-otocima\/","og_site_name":"Agencija za elektroni\u010dke medije","article_modified_time":"2025-01-30T13:02:08+00:00","twitter_card":"summary_large_image","twitter_misc":{"Est. reading time":"1 minute"},"schema":{"@context":"https:\/\/schema.org","@graph":[{"@type":"WebPage","@id":"https:\/\/aem.hr\/ojdana-koharevic-poduzetnistvo-na-hrvatskim-otocima\/","url":"https:\/\/aem.hr\/ojdana-koharevic-poduzetnistvo-na-hrvatskim-otocima\/","name":"Ojdana Koharevi\u0107 - Poduzetni\u0161tvo na Hrvatskim otocima - Agencija za elektroni\u010dke medije","isPartOf":{"@id":"https:\/\/aem.hr\/#website"},"datePublished":"2025-01-30T13:01:54+00:00","dateModified":"2025-01-30T13:02:08+00:00","breadcrumb":{"@id":"https:\/\/aem.hr\/ojdana-koharevic-poduzetnistvo-na-hrvatskim-otocima\/#breadcrumb"},"inLanguage":"en-US","potentialAction":[{"@type":"ReadAction","target":["https:\/\/aem.hr\/ojdana-koharevic-poduzetnistvo-na-hrvatskim-otocima\/"]}]},{"@type":"BreadcrumbList","@id":"https:\/\/aem.hr\/ojdana-koharevic-poduzetnistvo-na-hrvatskim-otocima\/#breadcrumb","itemListElement":[{"@type":"ListItem","position":1,"name":"Po\u010detna stranica","item":"https:\/\/aem.hr\/"},{"@type":"ListItem","position":2,"name":"Ojdana Koharevi\u0107 &#8211; Poduzetni\u0161tvo na Hrvatskim otocima"}]},{"@type":"WebSite","@id":"https:\/\/aem.hr\/#website","url":"https:\/\/aem.hr\/","name":"Agencija za elektroni\u010dke medije","description":"","potentialAction":[{"@type":"SearchAction","target":{"@type":"EntryPoint","urlTemplate":"https:\/\/aem.hr\/?s={search_term_string}"},"query-input":{"@type":"PropertyValueSpecification","valueRequired":true,"valueName":"search_term_string"}}],"inLanguage":"en-US"}]}},"coauthors":[],"author_meta":{"author_link":"https:\/\/aem.hr\/en\/blog\/author\/mkirac\/","display_name":"Matko Kirac"},"relative_dates":{"created":"Posted 1 year ago","modified":"Updated 1 year ago"},"absolute_dates":{"created":"Posted on 30. January 2025.","modified":"Updated on 30. January 2025."},"absolute_dates_time":{"created":"Posted on 30. January 2025. 14:01","modified":"Updated on 30. January 2025. 14:02"},"featured_img_caption":"","featured_img":false,"series_order":"","_links":{"self":[{"href":"https:\/\/aem.hr\/en\/wp-json\/wp\/v2\/pages\/19160","targetHints":{"allow":["GET"]}}],"collection":[{"href":"https:\/\/aem.hr\/en\/wp-json\/wp\/v2\/pages"}],"about":[{"href":"https:\/\/aem.hr\/en\/wp-json\/wp\/v2\/types\/page"}],"author":[{"embeddable":true,"href":"https:\/\/aem.hr\/en\/wp-json\/wp\/v2\/users\/18"}],"replies":[{"embeddable":true,"href":"https:\/\/aem.hr\/en\/wp-json\/wp\/v2\/comments?post=19160"}],"version-history":[{"count":2,"href":"https:\/\/aem.hr\/en\/wp-json\/wp\/v2\/pages\/19160\/revisions"}],"predecessor-version":[{"id":19175,"href":"https:\/\/aem.hr\/en\/wp-json\/wp\/v2\/pages\/19160\/revisions\/19175"}],"wp:attachment":[{"href":"https:\/\/aem.hr\/en\/wp-json\/wp\/v2\/media?parent=19160"}],"curies":[{"name":"wp","href":"https:\/\/api.w.org\/{rel}","templated":true}]}}