{"id":19248,"date":"2025-01-30T14:12:59","date_gmt":"2025-01-30T13:12:59","guid":{"rendered":"http:\/\/aem.hr\/?page_id=19248"},"modified":"2025-01-30T14:13:00","modified_gmt":"2025-01-30T13:13:00","slug":"goran-gazdek-moze-li-koncept-pametna-sela-vratiti-zivot-i-prosperitet-ruralnom-podrucju","status":"publish","type":"page","link":"https:\/\/aem.hr\/en\/goran-gazdek-moze-li-koncept-pametna-sela-vratiti-zivot-i-prosperitet-ruralnom-podrucju\/","title":{"rendered":"Goran Gazdek &#8211; Mo\u017ee li koncept &#8220;Pametna sela&#8221; vratiti \u017eivot i prosperitet ruralnom podru\u010dju"},"content":{"rendered":"\n<div class=\"wp-block-file\"><a id=\"wp-block-file--media-27e1007e-f196-416e-ae4a-784839778491\" href=\"https:\/\/aem.hr\/wp-content\/uploads\/2025\/01\/1.-Moze-li-koncept-Pametna-sela.pdf\">1. Mo\u017ee li koncept Pametna sela<\/a><a href=\"https:\/\/aem.hr\/wp-content\/uploads\/2025\/01\/1.-Moze-li-koncept-Pametna-sela.pdf\" class=\"wp-block-file__button wp-element-button\" download aria-describedby=\"wp-block-file--media-27e1007e-f196-416e-ae4a-784839778491\">Preuzimanje<\/a><\/div>\n\n\n\n<div class=\"wp-block-file\"><a id=\"wp-block-file--media-fe8abba8-0683-4be1-bc85-437806772356\" href=\"https:\/\/aem.hr\/wp-content\/uploads\/2025\/01\/2.-Prakticna-rjesenja-lokalne-vlasti.pdf\">2. Prakti\u010dna rje\u0161enja lokalne vlasti<\/a><a href=\"https:\/\/aem.hr\/wp-content\/uploads\/2025\/01\/2.-Prakticna-rjesenja-lokalne-vlasti.pdf\" class=\"wp-block-file__button wp-element-button\" download aria-describedby=\"wp-block-file--media-fe8abba8-0683-4be1-bc85-437806772356\">Preuzimanje<\/a><\/div>\n\n\n\n<div class=\"wp-block-file\"><a id=\"wp-block-file--media-972cd65f-b33c-4f0a-b67c-25c33061182d\" href=\"https:\/\/aem.hr\/wp-content\/uploads\/2025\/01\/3.-Marija-Vukobratovic_-Za-vecinu.pdf\">3. Marija Vukobratovi\u0107_ Za ve\u0107inu<\/a><a href=\"https:\/\/aem.hr\/wp-content\/uploads\/2025\/01\/3.-Marija-Vukobratovic_-Za-vecinu.pdf\" class=\"wp-block-file__button wp-element-button\" download aria-describedby=\"wp-block-file--media-972cd65f-b33c-4f0a-b67c-25c33061182d\">Preuzimanje<\/a><\/div>\n\n\n\n<div class=\"wp-block-file\"><a id=\"wp-block-file--media-b4a47a4e-dc99-4323-addf-b789d98e0514\" href=\"https:\/\/aem.hr\/wp-content\/uploads\/2025\/01\/4.-Daniel-Spajic_-Nikakvi-koncepti.pdf\">4. Daniel Spaji\u0107_ Nikakvi koncepti<\/a><a href=\"https:\/\/aem.hr\/wp-content\/uploads\/2025\/01\/4.-Daniel-Spajic_-Nikakvi-koncepti.pdf\" class=\"wp-block-file__button wp-element-button\" download aria-describedby=\"wp-block-file--media-b4a47a4e-dc99-4323-addf-b789d98e0514\">Preuzimanje<\/a><\/div>\n\n\n\n<p><\/p>\n","protected":false},"excerpt":{"rendered":"","protected":false},"author":18,"featured_media":0,"parent":0,"menu_order":0,"comment_status":"closed","ping_status":"closed","template":"","meta":{"_acf_changed":false,"inline_featured_image":false,"advgb_blocks_editor_width":"","advgb_blocks_columns_visual_guide":"","_links_to":"","_links_to_type":0,"footnotes":""},"class_list":["post-19248","page","type-page","status-publish","hentry"],"acf":[],"yoast_head":"<!-- This site is optimized with the Yoast SEO plugin v25.7 - https:\/\/yoast.com\/wordpress\/plugins\/seo\/ -->\n<title>Goran Gazdek - Mo\u017ee li koncept &quot;Pametna sela&quot; vratiti \u017eivot i prosperitet ruralnom podru\u010dju - Agencija za elektroni\u010dke medije<\/title>\n<meta name=\"robots\" content=\"index, follow, max-snippet:-1, max-image-preview:large, max-video-preview:-1\" \/>\n<link rel=\"canonical\" href=\"https:\/\/aem.hr\/en\/goran-gazdek-moze-li-koncept-pametna-sela-vratiti-zivot-i-prosperitet-ruralnom-podrucju\/\" \/>\n<meta property=\"og:locale\" content=\"en_US\" \/>\n<meta property=\"og:type\" content=\"article\" \/>\n<meta property=\"og:title\" content=\"Goran Gazdek - Mo\u017ee li koncept &quot;Pametna sela&quot; vratiti \u017eivot i prosperitet ruralnom podru\u010dju - Agencija za elektroni\u010dke medije\" \/>\n<meta property=\"og:url\" content=\"https:\/\/aem.hr\/en\/goran-gazdek-moze-li-koncept-pametna-sela-vratiti-zivot-i-prosperitet-ruralnom-podrucju\/\" \/>\n<meta property=\"og:site_name\" content=\"Agencija za elektroni\u010dke medije\" \/>\n<meta property=\"article:modified_time\" content=\"2025-01-30T13:13:00+00:00\" \/>\n<meta name=\"twitter:card\" content=\"summary_large_image\" \/>\n<meta name=\"twitter:label1\" content=\"Est. reading time\" \/>\n\t<meta name=\"twitter:data1\" content=\"1 minute\" \/>\n<script type=\"application\/ld+json\" class=\"yoast-schema-graph\">{\"@context\":\"https:\/\/schema.org\",\"@graph\":[{\"@type\":\"WebPage\",\"@id\":\"https:\/\/aem.hr\/en\/goran-gazdek-moze-li-koncept-pametna-sela-vratiti-zivot-i-prosperitet-ruralnom-podrucju\/\",\"url\":\"https:\/\/aem.hr\/en\/goran-gazdek-moze-li-koncept-pametna-sela-vratiti-zivot-i-prosperitet-ruralnom-podrucju\/\",\"name\":\"Goran Gazdek - Mo\u017ee li koncept \\\"Pametna sela\\\" vratiti \u017eivot i prosperitet ruralnom podru\u010dju - Agencija za elektroni\u010dke medije\",\"isPartOf\":{\"@id\":\"https:\/\/aem.hr\/#website\"},\"datePublished\":\"2025-01-30T13:12:59+00:00\",\"dateModified\":\"2025-01-30T13:13:00+00:00\",\"breadcrumb\":{\"@id\":\"https:\/\/aem.hr\/en\/goran-gazdek-moze-li-koncept-pametna-sela-vratiti-zivot-i-prosperitet-ruralnom-podrucju\/#breadcrumb\"},\"inLanguage\":\"en-US\",\"potentialAction\":[{\"@type\":\"ReadAction\",\"target\":[\"https:\/\/aem.hr\/en\/goran-gazdek-moze-li-koncept-pametna-sela-vratiti-zivot-i-prosperitet-ruralnom-podrucju\/\"]}]},{\"@type\":\"BreadcrumbList\",\"@id\":\"https:\/\/aem.hr\/en\/goran-gazdek-moze-li-koncept-pametna-sela-vratiti-zivot-i-prosperitet-ruralnom-podrucju\/#breadcrumb\",\"itemListElement\":[{\"@type\":\"ListItem\",\"position\":1,\"name\":\"Po\u010detna stranica\",\"item\":\"https:\/\/aem.hr\/\"},{\"@type\":\"ListItem\",\"position\":2,\"name\":\"Goran Gazdek &#8211; Mo\u017ee li koncept &#8220;Pametna sela&#8221; vratiti \u017eivot i prosperitet ruralnom podru\u010dju\"}]},{\"@type\":\"WebSite\",\"@id\":\"https:\/\/aem.hr\/#website\",\"url\":\"https:\/\/aem.hr\/\",\"name\":\"Agencija za elektroni\u010dke medije\",\"description\":\"\",\"potentialAction\":[{\"@type\":\"SearchAction\",\"target\":{\"@type\":\"EntryPoint\",\"urlTemplate\":\"https:\/\/aem.hr\/?s={search_term_string}\"},\"query-input\":{\"@type\":\"PropertyValueSpecification\",\"valueRequired\":true,\"valueName\":\"search_term_string\"}}],\"inLanguage\":\"en-US\"}]}<\/script>\n<!-- \/ Yoast SEO plugin. -->","yoast_head_json":{"title":"Goran Gazdek - Mo\u017ee li koncept \"Pametna sela\" vratiti \u017eivot i prosperitet ruralnom podru\u010dju - Agencija za elektroni\u010dke medije","robots":{"index":"index","follow":"follow","max-snippet":"max-snippet:-1","max-image-preview":"max-image-preview:large","max-video-preview":"max-video-preview:-1"},"canonical":"https:\/\/aem.hr\/en\/goran-gazdek-moze-li-koncept-pametna-sela-vratiti-zivot-i-prosperitet-ruralnom-podrucju\/","og_locale":"en_US","og_type":"article","og_title":"Goran Gazdek - Mo\u017ee li koncept \"Pametna sela\" vratiti \u017eivot i prosperitet ruralnom podru\u010dju - Agencija za elektroni\u010dke medije","og_url":"https:\/\/aem.hr\/en\/goran-gazdek-moze-li-koncept-pametna-sela-vratiti-zivot-i-prosperitet-ruralnom-podrucju\/","og_site_name":"Agencija za elektroni\u010dke medije","article_modified_time":"2025-01-30T13:13:00+00:00","twitter_card":"summary_large_image","twitter_misc":{"Est. reading time":"1 minute"},"schema":{"@context":"https:\/\/schema.org","@graph":[{"@type":"WebPage","@id":"https:\/\/aem.hr\/en\/goran-gazdek-moze-li-koncept-pametna-sela-vratiti-zivot-i-prosperitet-ruralnom-podrucju\/","url":"https:\/\/aem.hr\/en\/goran-gazdek-moze-li-koncept-pametna-sela-vratiti-zivot-i-prosperitet-ruralnom-podrucju\/","name":"Goran Gazdek - Mo\u017ee li koncept \"Pametna sela\" vratiti \u017eivot i prosperitet ruralnom podru\u010dju - Agencija za elektroni\u010dke medije","isPartOf":{"@id":"https:\/\/aem.hr\/#website"},"datePublished":"2025-01-30T13:12:59+00:00","dateModified":"2025-01-30T13:13:00+00:00","breadcrumb":{"@id":"https:\/\/aem.hr\/en\/goran-gazdek-moze-li-koncept-pametna-sela-vratiti-zivot-i-prosperitet-ruralnom-podrucju\/#breadcrumb"},"inLanguage":"en-US","potentialAction":[{"@type":"ReadAction","target":["https:\/\/aem.hr\/en\/goran-gazdek-moze-li-koncept-pametna-sela-vratiti-zivot-i-prosperitet-ruralnom-podrucju\/"]}]},{"@type":"BreadcrumbList","@id":"https:\/\/aem.hr\/en\/goran-gazdek-moze-li-koncept-pametna-sela-vratiti-zivot-i-prosperitet-ruralnom-podrucju\/#breadcrumb","itemListElement":[{"@type":"ListItem","position":1,"name":"Po\u010detna stranica","item":"https:\/\/aem.hr\/"},{"@type":"ListItem","position":2,"name":"Goran Gazdek &#8211; Mo\u017ee li koncept &#8220;Pametna sela&#8221; vratiti \u017eivot i prosperitet ruralnom podru\u010dju"}]},{"@type":"WebSite","@id":"https:\/\/aem.hr\/#website","url":"https:\/\/aem.hr\/","name":"Agencija za elektroni\u010dke medije","description":"","potentialAction":[{"@type":"SearchAction","target":{"@type":"EntryPoint","urlTemplate":"https:\/\/aem.hr\/?s={search_term_string}"},"query-input":{"@type":"PropertyValueSpecification","valueRequired":true,"valueName":"search_term_string"}}],"inLanguage":"en-US"}]}},"coauthors":[],"author_meta":{"author_link":"https:\/\/aem.hr\/en\/blog\/author\/mkirac\/","display_name":"Matko Kirac"},"relative_dates":{"created":"Posted 1 year ago","modified":"Updated 1 year ago"},"absolute_dates":{"created":"Posted on 30. January 2025.","modified":"Updated on 30. January 2025."},"absolute_dates_time":{"created":"Posted on 30. January 2025. 14:12","modified":"Updated on 30. January 2025. 14:13"},"featured_img_caption":"","featured_img":false,"series_order":"","_links":{"self":[{"href":"https:\/\/aem.hr\/en\/wp-json\/wp\/v2\/pages\/19248","targetHints":{"allow":["GET"]}}],"collection":[{"href":"https:\/\/aem.hr\/en\/wp-json\/wp\/v2\/pages"}],"about":[{"href":"https:\/\/aem.hr\/en\/wp-json\/wp\/v2\/types\/page"}],"author":[{"embeddable":true,"href":"https:\/\/aem.hr\/en\/wp-json\/wp\/v2\/users\/18"}],"replies":[{"embeddable":true,"href":"https:\/\/aem.hr\/en\/wp-json\/wp\/v2\/comments?post=19248"}],"version-history":[{"count":1,"href":"https:\/\/aem.hr\/en\/wp-json\/wp\/v2\/pages\/19248\/revisions"}],"predecessor-version":[{"id":19258,"href":"https:\/\/aem.hr\/en\/wp-json\/wp\/v2\/pages\/19248\/revisions\/19258"}],"wp:attachment":[{"href":"https:\/\/aem.hr\/en\/wp-json\/wp\/v2\/media?parent=19248"}],"curies":[{"name":"wp","href":"https:\/\/api.w.org\/{rel}","templated":true}]}}