{"id":19260,"date":"2025-01-30T14:14:22","date_gmt":"2025-01-30T13:14:22","guid":{"rendered":"http:\/\/aem.hr\/?page_id=19260"},"modified":"2025-01-30T14:14:23","modified_gmt":"2025-01-30T13:14:23","slug":"lidija-knezevic-hitna-helikopterska-medicinska-pomoc-ili-nemoguca-misija","status":"publish","type":"page","link":"https:\/\/aem.hr\/en\/lidija-knezevic-hitna-helikopterska-medicinska-pomoc-ili-nemoguca-misija\/","title":{"rendered":"Lidija Kne\u017eevi\u0107 &#8211; Hitna helikopterska medicinska pomo\u0107 ili nemogu\u0107a misija"},"content":{"rendered":"\n<div class=\"wp-block-file\"><a id=\"wp-block-file--media-47d9d539-10d7-4adf-924d-ca4680840285\" href=\"https:\/\/aem.hr\/wp-content\/uploads\/2025\/01\/1.-U-ocekivanju-uspostave-HEMS-a.pdf\">1. U o\u010dekivanju uspostave HEMS-a<\/a><a href=\"https:\/\/aem.hr\/wp-content\/uploads\/2025\/01\/1.-U-ocekivanju-uspostave-HEMS-a.pdf\" class=\"wp-block-file__button wp-element-button\" download aria-describedby=\"wp-block-file--media-47d9d539-10d7-4adf-924d-ca4680840285\">Preuzimanje<\/a><\/div>\n\n\n\n<div class=\"wp-block-file\"><a id=\"wp-block-file--media-eb8bcd19-5da0-4a6f-8c6a-995b0a9a1bc2\" href=\"https:\/\/aem.hr\/wp-content\/uploads\/2025\/01\/2.-Vlada-Ministarstvo-zdravstva-i-EliFriulia.pdf\">2. Vlada, Ministarstvo zdravstva i EliFriulia<\/a><a href=\"https:\/\/aem.hr\/wp-content\/uploads\/2025\/01\/2.-Vlada-Ministarstvo-zdravstva-i-EliFriulia.pdf\" class=\"wp-block-file__button wp-element-button\" download aria-describedby=\"wp-block-file--media-eb8bcd19-5da0-4a6f-8c6a-995b0a9a1bc2\">Preuzimanje<\/a><\/div>\n\n\n\n<div class=\"wp-block-file\"><a id=\"wp-block-file--media-c8e9eecb-d067-40f3-9143-7ecbef44db66\" href=\"https:\/\/aem.hr\/wp-content\/uploads\/2025\/01\/3.-HEMS-kod-susjeda.pdf\">3. HEMS kod susjeda<\/a><a href=\"https:\/\/aem.hr\/wp-content\/uploads\/2025\/01\/3.-HEMS-kod-susjeda.pdf\" class=\"wp-block-file__button wp-element-button\" download aria-describedby=\"wp-block-file--media-c8e9eecb-d067-40f3-9143-7ecbef44db66\">Preuzimanje<\/a><\/div>\n\n\n\n<div class=\"wp-block-file\"><a id=\"wp-block-file--media-94402caf-3af8-4735-8ab4-372dedc58a75\" href=\"https:\/\/aem.hr\/wp-content\/uploads\/2025\/01\/4.-Bodlovic-Moramo-uciniti-sve-da-u.pdf\">4. Bodlovi\u0107  Moramo u\u010diniti sve da u<\/a><a href=\"https:\/\/aem.hr\/wp-content\/uploads\/2025\/01\/4.-Bodlovic-Moramo-uciniti-sve-da-u.pdf\" class=\"wp-block-file__button wp-element-button\" download aria-describedby=\"wp-block-file--media-94402caf-3af8-4735-8ab4-372dedc58a75\">Preuzimanje<\/a><\/div>\n\n\n\n<p><\/p>\n","protected":false},"excerpt":{"rendered":"","protected":false},"author":18,"featured_media":0,"parent":0,"menu_order":0,"comment_status":"closed","ping_status":"closed","template":"","meta":{"_acf_changed":false,"inline_featured_image":false,"advgb_blocks_editor_width":"","advgb_blocks_columns_visual_guide":"","_links_to":"","_links_to_type":0,"footnotes":""},"class_list":["post-19260","page","type-page","status-publish","hentry"],"acf":[],"yoast_head":"<!-- This site is optimized with the Yoast SEO plugin v25.7 - https:\/\/yoast.com\/wordpress\/plugins\/seo\/ -->\n<title>Lidija Kne\u017eevi\u0107 - Hitna helikopterska medicinska pomo\u0107 ili nemogu\u0107a misija - Agencija za elektroni\u010dke medije<\/title>\n<meta name=\"robots\" content=\"index, follow, max-snippet:-1, max-image-preview:large, max-video-preview:-1\" \/>\n<link rel=\"canonical\" href=\"https:\/\/aem.hr\/lidija-knezevic-hitna-helikopterska-medicinska-pomoc-ili-nemoguca-misija\/\" \/>\n<meta property=\"og:locale\" content=\"en_US\" \/>\n<meta property=\"og:type\" content=\"article\" \/>\n<meta property=\"og:title\" content=\"Lidija Kne\u017eevi\u0107 - Hitna helikopterska medicinska pomo\u0107 ili nemogu\u0107a misija - Agencija za elektroni\u010dke medije\" \/>\n<meta property=\"og:url\" content=\"https:\/\/aem.hr\/lidija-knezevic-hitna-helikopterska-medicinska-pomoc-ili-nemoguca-misija\/\" \/>\n<meta property=\"og:site_name\" content=\"Agencija za elektroni\u010dke medije\" \/>\n<meta property=\"article:modified_time\" content=\"2025-01-30T13:14:23+00:00\" \/>\n<meta name=\"twitter:card\" content=\"summary_large_image\" \/>\n<meta name=\"twitter:label1\" content=\"Est. reading time\" \/>\n\t<meta name=\"twitter:data1\" content=\"1 minute\" \/>\n<script type=\"application\/ld+json\" class=\"yoast-schema-graph\">{\"@context\":\"https:\/\/schema.org\",\"@graph\":[{\"@type\":\"WebPage\",\"@id\":\"https:\/\/aem.hr\/lidija-knezevic-hitna-helikopterska-medicinska-pomoc-ili-nemoguca-misija\/\",\"url\":\"https:\/\/aem.hr\/lidija-knezevic-hitna-helikopterska-medicinska-pomoc-ili-nemoguca-misija\/\",\"name\":\"Lidija Kne\u017eevi\u0107 - Hitna helikopterska medicinska pomo\u0107 ili nemogu\u0107a misija - Agencija za elektroni\u010dke medije\",\"isPartOf\":{\"@id\":\"https:\/\/aem.hr\/#website\"},\"datePublished\":\"2025-01-30T13:14:22+00:00\",\"dateModified\":\"2025-01-30T13:14:23+00:00\",\"breadcrumb\":{\"@id\":\"https:\/\/aem.hr\/lidija-knezevic-hitna-helikopterska-medicinska-pomoc-ili-nemoguca-misija\/#breadcrumb\"},\"inLanguage\":\"en-US\",\"potentialAction\":[{\"@type\":\"ReadAction\",\"target\":[\"https:\/\/aem.hr\/lidija-knezevic-hitna-helikopterska-medicinska-pomoc-ili-nemoguca-misija\/\"]}]},{\"@type\":\"BreadcrumbList\",\"@id\":\"https:\/\/aem.hr\/lidija-knezevic-hitna-helikopterska-medicinska-pomoc-ili-nemoguca-misija\/#breadcrumb\",\"itemListElement\":[{\"@type\":\"ListItem\",\"position\":1,\"name\":\"Po\u010detna stranica\",\"item\":\"https:\/\/aem.hr\/\"},{\"@type\":\"ListItem\",\"position\":2,\"name\":\"Lidija Kne\u017eevi\u0107 &#8211; Hitna helikopterska medicinska pomo\u0107 ili nemogu\u0107a misija\"}]},{\"@type\":\"WebSite\",\"@id\":\"https:\/\/aem.hr\/#website\",\"url\":\"https:\/\/aem.hr\/\",\"name\":\"Agencija za elektroni\u010dke medije\",\"description\":\"\",\"potentialAction\":[{\"@type\":\"SearchAction\",\"target\":{\"@type\":\"EntryPoint\",\"urlTemplate\":\"https:\/\/aem.hr\/?s={search_term_string}\"},\"query-input\":{\"@type\":\"PropertyValueSpecification\",\"valueRequired\":true,\"valueName\":\"search_term_string\"}}],\"inLanguage\":\"en-US\"}]}<\/script>\n<!-- \/ Yoast SEO plugin. -->","yoast_head_json":{"title":"Lidija Kne\u017eevi\u0107 - Hitna helikopterska medicinska pomo\u0107 ili nemogu\u0107a misija - Agencija za elektroni\u010dke medije","robots":{"index":"index","follow":"follow","max-snippet":"max-snippet:-1","max-image-preview":"max-image-preview:large","max-video-preview":"max-video-preview:-1"},"canonical":"https:\/\/aem.hr\/lidija-knezevic-hitna-helikopterska-medicinska-pomoc-ili-nemoguca-misija\/","og_locale":"en_US","og_type":"article","og_title":"Lidija Kne\u017eevi\u0107 - Hitna helikopterska medicinska pomo\u0107 ili nemogu\u0107a misija - Agencija za elektroni\u010dke medije","og_url":"https:\/\/aem.hr\/lidija-knezevic-hitna-helikopterska-medicinska-pomoc-ili-nemoguca-misija\/","og_site_name":"Agencija za elektroni\u010dke medije","article_modified_time":"2025-01-30T13:14:23+00:00","twitter_card":"summary_large_image","twitter_misc":{"Est. reading time":"1 minute"},"schema":{"@context":"https:\/\/schema.org","@graph":[{"@type":"WebPage","@id":"https:\/\/aem.hr\/lidija-knezevic-hitna-helikopterska-medicinska-pomoc-ili-nemoguca-misija\/","url":"https:\/\/aem.hr\/lidija-knezevic-hitna-helikopterska-medicinska-pomoc-ili-nemoguca-misija\/","name":"Lidija Kne\u017eevi\u0107 - Hitna helikopterska medicinska pomo\u0107 ili nemogu\u0107a misija - Agencija za elektroni\u010dke medije","isPartOf":{"@id":"https:\/\/aem.hr\/#website"},"datePublished":"2025-01-30T13:14:22+00:00","dateModified":"2025-01-30T13:14:23+00:00","breadcrumb":{"@id":"https:\/\/aem.hr\/lidija-knezevic-hitna-helikopterska-medicinska-pomoc-ili-nemoguca-misija\/#breadcrumb"},"inLanguage":"en-US","potentialAction":[{"@type":"ReadAction","target":["https:\/\/aem.hr\/lidija-knezevic-hitna-helikopterska-medicinska-pomoc-ili-nemoguca-misija\/"]}]},{"@type":"BreadcrumbList","@id":"https:\/\/aem.hr\/lidija-knezevic-hitna-helikopterska-medicinska-pomoc-ili-nemoguca-misija\/#breadcrumb","itemListElement":[{"@type":"ListItem","position":1,"name":"Po\u010detna stranica","item":"https:\/\/aem.hr\/"},{"@type":"ListItem","position":2,"name":"Lidija Kne\u017eevi\u0107 &#8211; Hitna helikopterska medicinska pomo\u0107 ili nemogu\u0107a misija"}]},{"@type":"WebSite","@id":"https:\/\/aem.hr\/#website","url":"https:\/\/aem.hr\/","name":"Agencija za elektroni\u010dke medije","description":"","potentialAction":[{"@type":"SearchAction","target":{"@type":"EntryPoint","urlTemplate":"https:\/\/aem.hr\/?s={search_term_string}"},"query-input":{"@type":"PropertyValueSpecification","valueRequired":true,"valueName":"search_term_string"}}],"inLanguage":"en-US"}]}},"coauthors":[],"author_meta":{"author_link":"https:\/\/aem.hr\/en\/blog\/author\/mkirac\/","display_name":"Matko Kirac"},"relative_dates":{"created":"Posted 1 year ago","modified":"Updated 1 year ago"},"absolute_dates":{"created":"Posted on 30. January 2025.","modified":"Updated on 30. January 2025."},"absolute_dates_time":{"created":"Posted on 30. January 2025. 14:14","modified":"Updated on 30. January 2025. 14:14"},"featured_img_caption":"","featured_img":false,"series_order":"","_links":{"self":[{"href":"https:\/\/aem.hr\/en\/wp-json\/wp\/v2\/pages\/19260","targetHints":{"allow":["GET"]}}],"collection":[{"href":"https:\/\/aem.hr\/en\/wp-json\/wp\/v2\/pages"}],"about":[{"href":"https:\/\/aem.hr\/en\/wp-json\/wp\/v2\/types\/page"}],"author":[{"embeddable":true,"href":"https:\/\/aem.hr\/en\/wp-json\/wp\/v2\/users\/18"}],"replies":[{"embeddable":true,"href":"https:\/\/aem.hr\/en\/wp-json\/wp\/v2\/comments?post=19260"}],"version-history":[{"count":1,"href":"https:\/\/aem.hr\/en\/wp-json\/wp\/v2\/pages\/19260\/revisions"}],"predecessor-version":[{"id":19269,"href":"https:\/\/aem.hr\/en\/wp-json\/wp\/v2\/pages\/19260\/revisions\/19269"}],"wp:attachment":[{"href":"https:\/\/aem.hr\/en\/wp-json\/wp\/v2\/media?parent=19260"}],"curies":[{"name":"wp","href":"https:\/\/api.w.org\/{rel}","templated":true}]}}