{"id":19290,"date":"2025-01-30T14:21:40","date_gmt":"2025-01-30T13:21:40","guid":{"rendered":"http:\/\/aem.hr\/?page_id=19290"},"modified":"2025-01-30T14:21:41","modified_gmt":"2025-01-30T13:21:41","slug":"adela-zember-antolic-nenapustanje-obiteljskog-gnijezda-kulturoloska-uvjetovanost-nemogucnost-ili-lagodnost","status":"publish","type":"page","link":"https:\/\/aem.hr\/en\/adela-zember-antolic-nenapustanje-obiteljskog-gnijezda-kulturoloska-uvjetovanost-nemogucnost-ili-lagodnost\/","title":{"rendered":"Adela Zember Antoli\u0107 &#8211; Nenapu\u0161tanje obiteljskog gnijezda &#8211; kulturolo\u0161ka uvjetovanost, nemogu\u0107nost ili lagodnost?"},"content":{"rendered":"\n<div class=\"wp-block-file\"><a id=\"wp-block-file--media-32737c47-8961-4fca-a903-ef11caec3dab\" href=\"https:\/\/aem.hr\/wp-content\/uploads\/2025\/01\/1.-Hrvati-tek-s-33-godine.pdf\">1. Hrvati tek s 33 godine<\/a><a href=\"https:\/\/aem.hr\/wp-content\/uploads\/2025\/01\/1.-Hrvati-tek-s-33-godine.pdf\" class=\"wp-block-file__button wp-element-button\" download aria-describedby=\"wp-block-file--media-32737c47-8961-4fca-a903-ef11caec3dab\">Preuzimanje<\/a><\/div>\n\n\n\n<div class=\"wp-block-file\"><a id=\"wp-block-file--media-87639cd4-f5cb-4215-afbe-e1409372564d\" href=\"https:\/\/aem.hr\/wp-content\/uploads\/2025\/01\/2.-Psihoterapeutkinja-Hrenic_-Odlazak-iz-roditeljskog.pdf\">2. Psihoterapeutkinja Hreni\u0107_ Odlazak iz roditeljskog<\/a><a href=\"https:\/\/aem.hr\/wp-content\/uploads\/2025\/01\/2.-Psihoterapeutkinja-Hrenic_-Odlazak-iz-roditeljskog.pdf\" class=\"wp-block-file__button wp-element-button\" download aria-describedby=\"wp-block-file--media-87639cd4-f5cb-4215-afbe-e1409372564d\">Preuzimanje<\/a><\/div>\n\n\n\n<div class=\"wp-block-file\"><a id=\"wp-block-file--media-0216196a-aa2c-4098-8b0d-b9c082ca2b06\" href=\"https:\/\/aem.hr\/wp-content\/uploads\/2025\/01\/3.-Zivot-s-roditeljima-iz-perspektive-mladih.pdf\">3. \u017divot s roditeljima iz perspektive mladih<\/a><a href=\"https:\/\/aem.hr\/wp-content\/uploads\/2025\/01\/3.-Zivot-s-roditeljima-iz-perspektive-mladih.pdf\" class=\"wp-block-file__button wp-element-button\" download aria-describedby=\"wp-block-file--media-0216196a-aa2c-4098-8b0d-b9c082ca2b06\">Preuzimanje<\/a><\/div>\n\n\n\n<div class=\"wp-block-file\"><a id=\"wp-block-file--media-fd22bbf1-43eb-4350-9e7c-78fb81616f30\" href=\"https:\/\/aem.hr\/wp-content\/uploads\/2025\/01\/4.-MJERE-ZA-MLADE-Grad-Koprivnica.pdf\">4. MJERE ZA MLADE Grad Koprivnica<\/a><a href=\"https:\/\/aem.hr\/wp-content\/uploads\/2025\/01\/4.-MJERE-ZA-MLADE-Grad-Koprivnica.pdf\" class=\"wp-block-file__button wp-element-button\" download aria-describedby=\"wp-block-file--media-fd22bbf1-43eb-4350-9e7c-78fb81616f30\">Preuzimanje<\/a><\/div>\n\n\n\n<p><\/p>\n","protected":false},"excerpt":{"rendered":"","protected":false},"author":18,"featured_media":0,"parent":0,"menu_order":0,"comment_status":"closed","ping_status":"closed","template":"","meta":{"_acf_changed":false,"inline_featured_image":false,"advgb_blocks_editor_width":"","advgb_blocks_columns_visual_guide":"","_links_to":"","_links_to_type":0,"footnotes":""},"class_list":["post-19290","page","type-page","status-publish","hentry"],"acf":[],"yoast_head":"<!-- This site is optimized with the Yoast SEO plugin v25.7 - https:\/\/yoast.com\/wordpress\/plugins\/seo\/ -->\n<title>Adela Zember Antoli\u0107 - Nenapu\u0161tanje obiteljskog gnijezda - kulturolo\u0161ka uvjetovanost, nemogu\u0107nost ili lagodnost? - Agencija za elektroni\u010dke medije<\/title>\n<meta name=\"robots\" content=\"index, follow, max-snippet:-1, max-image-preview:large, max-video-preview:-1\" \/>\n<link rel=\"canonical\" href=\"https:\/\/aem.hr\/en\/adela-zember-antolic-nenapustanje-obiteljskog-gnijezda-kulturoloska-uvjetovanost-nemogucnost-ili-lagodnost\/\" \/>\n<meta property=\"og:locale\" content=\"en_US\" \/>\n<meta property=\"og:type\" content=\"article\" \/>\n<meta property=\"og:title\" content=\"Adela Zember Antoli\u0107 - Nenapu\u0161tanje obiteljskog gnijezda - kulturolo\u0161ka uvjetovanost, nemogu\u0107nost ili lagodnost? - Agencija za elektroni\u010dke medije\" \/>\n<meta property=\"og:url\" content=\"https:\/\/aem.hr\/en\/adela-zember-antolic-nenapustanje-obiteljskog-gnijezda-kulturoloska-uvjetovanost-nemogucnost-ili-lagodnost\/\" \/>\n<meta property=\"og:site_name\" content=\"Agencija za elektroni\u010dke medije\" \/>\n<meta property=\"article:modified_time\" content=\"2025-01-30T13:21:41+00:00\" \/>\n<meta name=\"twitter:card\" content=\"summary_large_image\" \/>\n<meta name=\"twitter:label1\" content=\"Est. reading time\" \/>\n\t<meta name=\"twitter:data1\" content=\"1 minute\" \/>\n<script type=\"application\/ld+json\" class=\"yoast-schema-graph\">{\"@context\":\"https:\/\/schema.org\",\"@graph\":[{\"@type\":\"WebPage\",\"@id\":\"https:\/\/aem.hr\/en\/adela-zember-antolic-nenapustanje-obiteljskog-gnijezda-kulturoloska-uvjetovanost-nemogucnost-ili-lagodnost\/\",\"url\":\"https:\/\/aem.hr\/en\/adela-zember-antolic-nenapustanje-obiteljskog-gnijezda-kulturoloska-uvjetovanost-nemogucnost-ili-lagodnost\/\",\"name\":\"Adela Zember Antoli\u0107 - Nenapu\u0161tanje obiteljskog gnijezda - kulturolo\u0161ka uvjetovanost, nemogu\u0107nost ili lagodnost? - Agencija za elektroni\u010dke medije\",\"isPartOf\":{\"@id\":\"https:\/\/aem.hr\/#website\"},\"datePublished\":\"2025-01-30T13:21:40+00:00\",\"dateModified\":\"2025-01-30T13:21:41+00:00\",\"breadcrumb\":{\"@id\":\"https:\/\/aem.hr\/en\/adela-zember-antolic-nenapustanje-obiteljskog-gnijezda-kulturoloska-uvjetovanost-nemogucnost-ili-lagodnost\/#breadcrumb\"},\"inLanguage\":\"en-US\",\"potentialAction\":[{\"@type\":\"ReadAction\",\"target\":[\"https:\/\/aem.hr\/en\/adela-zember-antolic-nenapustanje-obiteljskog-gnijezda-kulturoloska-uvjetovanost-nemogucnost-ili-lagodnost\/\"]}]},{\"@type\":\"BreadcrumbList\",\"@id\":\"https:\/\/aem.hr\/en\/adela-zember-antolic-nenapustanje-obiteljskog-gnijezda-kulturoloska-uvjetovanost-nemogucnost-ili-lagodnost\/#breadcrumb\",\"itemListElement\":[{\"@type\":\"ListItem\",\"position\":1,\"name\":\"Po\u010detna stranica\",\"item\":\"https:\/\/aem.hr\/\"},{\"@type\":\"ListItem\",\"position\":2,\"name\":\"Adela Zember Antoli\u0107 &#8211; Nenapu\u0161tanje obiteljskog gnijezda &#8211; kulturolo\u0161ka uvjetovanost, nemogu\u0107nost ili lagodnost?\"}]},{\"@type\":\"WebSite\",\"@id\":\"https:\/\/aem.hr\/#website\",\"url\":\"https:\/\/aem.hr\/\",\"name\":\"Agencija za elektroni\u010dke medije\",\"description\":\"\",\"potentialAction\":[{\"@type\":\"SearchAction\",\"target\":{\"@type\":\"EntryPoint\",\"urlTemplate\":\"https:\/\/aem.hr\/?s={search_term_string}\"},\"query-input\":{\"@type\":\"PropertyValueSpecification\",\"valueRequired\":true,\"valueName\":\"search_term_string\"}}],\"inLanguage\":\"en-US\"}]}<\/script>\n<!-- \/ Yoast SEO plugin. -->","yoast_head_json":{"title":"Adela Zember Antoli\u0107 - Nenapu\u0161tanje obiteljskog gnijezda - kulturolo\u0161ka uvjetovanost, nemogu\u0107nost ili lagodnost? - Agencija za elektroni\u010dke medije","robots":{"index":"index","follow":"follow","max-snippet":"max-snippet:-1","max-image-preview":"max-image-preview:large","max-video-preview":"max-video-preview:-1"},"canonical":"https:\/\/aem.hr\/en\/adela-zember-antolic-nenapustanje-obiteljskog-gnijezda-kulturoloska-uvjetovanost-nemogucnost-ili-lagodnost\/","og_locale":"en_US","og_type":"article","og_title":"Adela Zember Antoli\u0107 - Nenapu\u0161tanje obiteljskog gnijezda - kulturolo\u0161ka uvjetovanost, nemogu\u0107nost ili lagodnost? - Agencija za elektroni\u010dke medije","og_url":"https:\/\/aem.hr\/en\/adela-zember-antolic-nenapustanje-obiteljskog-gnijezda-kulturoloska-uvjetovanost-nemogucnost-ili-lagodnost\/","og_site_name":"Agencija za elektroni\u010dke medije","article_modified_time":"2025-01-30T13:21:41+00:00","twitter_card":"summary_large_image","twitter_misc":{"Est. reading time":"1 minute"},"schema":{"@context":"https:\/\/schema.org","@graph":[{"@type":"WebPage","@id":"https:\/\/aem.hr\/en\/adela-zember-antolic-nenapustanje-obiteljskog-gnijezda-kulturoloska-uvjetovanost-nemogucnost-ili-lagodnost\/","url":"https:\/\/aem.hr\/en\/adela-zember-antolic-nenapustanje-obiteljskog-gnijezda-kulturoloska-uvjetovanost-nemogucnost-ili-lagodnost\/","name":"Adela Zember Antoli\u0107 - Nenapu\u0161tanje obiteljskog gnijezda - kulturolo\u0161ka uvjetovanost, nemogu\u0107nost ili lagodnost? - Agencija za elektroni\u010dke medije","isPartOf":{"@id":"https:\/\/aem.hr\/#website"},"datePublished":"2025-01-30T13:21:40+00:00","dateModified":"2025-01-30T13:21:41+00:00","breadcrumb":{"@id":"https:\/\/aem.hr\/en\/adela-zember-antolic-nenapustanje-obiteljskog-gnijezda-kulturoloska-uvjetovanost-nemogucnost-ili-lagodnost\/#breadcrumb"},"inLanguage":"en-US","potentialAction":[{"@type":"ReadAction","target":["https:\/\/aem.hr\/en\/adela-zember-antolic-nenapustanje-obiteljskog-gnijezda-kulturoloska-uvjetovanost-nemogucnost-ili-lagodnost\/"]}]},{"@type":"BreadcrumbList","@id":"https:\/\/aem.hr\/en\/adela-zember-antolic-nenapustanje-obiteljskog-gnijezda-kulturoloska-uvjetovanost-nemogucnost-ili-lagodnost\/#breadcrumb","itemListElement":[{"@type":"ListItem","position":1,"name":"Po\u010detna stranica","item":"https:\/\/aem.hr\/"},{"@type":"ListItem","position":2,"name":"Adela Zember Antoli\u0107 &#8211; Nenapu\u0161tanje obiteljskog gnijezda &#8211; kulturolo\u0161ka uvjetovanost, nemogu\u0107nost ili lagodnost?"}]},{"@type":"WebSite","@id":"https:\/\/aem.hr\/#website","url":"https:\/\/aem.hr\/","name":"Agencija za elektroni\u010dke medije","description":"","potentialAction":[{"@type":"SearchAction","target":{"@type":"EntryPoint","urlTemplate":"https:\/\/aem.hr\/?s={search_term_string}"},"query-input":{"@type":"PropertyValueSpecification","valueRequired":true,"valueName":"search_term_string"}}],"inLanguage":"en-US"}]}},"coauthors":[],"author_meta":{"author_link":"https:\/\/aem.hr\/en\/blog\/author\/mkirac\/","display_name":"Matko Kirac"},"relative_dates":{"created":"Posted 1 year ago","modified":"Updated 1 year ago"},"absolute_dates":{"created":"Posted on 30. January 2025.","modified":"Updated on 30. January 2025."},"absolute_dates_time":{"created":"Posted on 30. January 2025. 14:21","modified":"Updated on 30. January 2025. 14:21"},"featured_img_caption":"","featured_img":false,"series_order":"","_links":{"self":[{"href":"https:\/\/aem.hr\/en\/wp-json\/wp\/v2\/pages\/19290","targetHints":{"allow":["GET"]}}],"collection":[{"href":"https:\/\/aem.hr\/en\/wp-json\/wp\/v2\/pages"}],"about":[{"href":"https:\/\/aem.hr\/en\/wp-json\/wp\/v2\/types\/page"}],"author":[{"embeddable":true,"href":"https:\/\/aem.hr\/en\/wp-json\/wp\/v2\/users\/18"}],"replies":[{"embeddable":true,"href":"https:\/\/aem.hr\/en\/wp-json\/wp\/v2\/comments?post=19290"}],"version-history":[{"count":1,"href":"https:\/\/aem.hr\/en\/wp-json\/wp\/v2\/pages\/19290\/revisions"}],"predecessor-version":[{"id":19299,"href":"https:\/\/aem.hr\/en\/wp-json\/wp\/v2\/pages\/19290\/revisions\/19299"}],"wp:attachment":[{"href":"https:\/\/aem.hr\/en\/wp-json\/wp\/v2\/media?parent=19290"}],"curies":[{"name":"wp","href":"https:\/\/api.w.org\/{rel}","templated":true}]}}