{"id":19369,"date":"2025-01-30T14:27:49","date_gmt":"2025-01-30T13:27:49","guid":{"rendered":"http:\/\/aem.hr\/?page_id=19369"},"modified":"2025-01-30T14:27:50","modified_gmt":"2025-01-30T13:27:50","slug":"barbara-matejcic-sedam-sjecanja-na-zrtve-femicida","status":"publish","type":"page","link":"https:\/\/aem.hr\/en\/barbara-matejcic-sedam-sjecanja-na-zrtve-femicida\/","title":{"rendered":"Barbara Matej\u010di\u0107 &#8211; Sedam sje\u0107anja na \u017ertve femicida"},"content":{"rendered":"\n<div class=\"wp-block-file\"><a id=\"wp-block-file--media-ecdda922-e685-4a4f-b073-d8a6236e8bc1\" href=\"https:\/\/aem.hr\/wp-content\/uploads\/2025\/01\/1.-Mediji-se-tek-povrsno.pdf\">1. Mediji se tek povr\u0161no<\/a><a href=\"https:\/\/aem.hr\/wp-content\/uploads\/2025\/01\/1.-Mediji-se-tek-povrsno.pdf\" class=\"wp-block-file__button wp-element-button\" download aria-describedby=\"wp-block-file--media-ecdda922-e685-4a4f-b073-d8a6236e8bc1\">Preuzimanje<\/a><\/div>\n\n\n\n<div class=\"wp-block-file\"><a id=\"wp-block-file--media-af85709d-f723-4540-8dd9-15cff7475063\" href=\"https:\/\/aem.hr\/wp-content\/uploads\/2025\/01\/2.-Ministar-Bozinovic-i-osjecka.pdf\">2. Ministar Bo\u017einovi\u0107 i osje\u010dka<\/a><a href=\"https:\/\/aem.hr\/wp-content\/uploads\/2025\/01\/2.-Ministar-Bozinovic-i-osjecka.pdf\" class=\"wp-block-file__button wp-element-button\" download aria-describedby=\"wp-block-file--media-af85709d-f723-4540-8dd9-15cff7475063\">Preuzimanje<\/a><\/div>\n\n\n\n<div class=\"wp-block-file\"><a id=\"wp-block-file--media-2f49f59f-c5f2-4d62-b677-eb1416fcec26\" href=\"https:\/\/aem.hr\/wp-content\/uploads\/2025\/01\/3.-Sto-ostaje-poslije.pdf\">3. \u0160to ostaje poslije<\/a><a href=\"https:\/\/aem.hr\/wp-content\/uploads\/2025\/01\/3.-Sto-ostaje-poslije.pdf\" class=\"wp-block-file__button wp-element-button\" download aria-describedby=\"wp-block-file--media-2f49f59f-c5f2-4d62-b677-eb1416fcec26\">Preuzimanje<\/a><\/div>\n\n\n\n<div class=\"wp-block-file\"><a id=\"wp-block-file--media-118c07cc-3065-4a13-b6b9-959e84a64ecb\" href=\"https:\/\/aem.hr\/wp-content\/uploads\/2025\/01\/4.-U-spomen-na-Mihaelu-Berak.pdf\">4. U spomen na  Mihaelu Berak<\/a><a href=\"https:\/\/aem.hr\/wp-content\/uploads\/2025\/01\/4.-U-spomen-na-Mihaelu-Berak.pdf\" class=\"wp-block-file__button wp-element-button\" download aria-describedby=\"wp-block-file--media-118c07cc-3065-4a13-b6b9-959e84a64ecb\">Preuzimanje<\/a><\/div>\n\n\n\n<p><\/p>\n","protected":false},"excerpt":{"rendered":"","protected":false},"author":18,"featured_media":0,"parent":0,"menu_order":0,"comment_status":"closed","ping_status":"closed","template":"","meta":{"_acf_changed":false,"inline_featured_image":false,"advgb_blocks_editor_width":"","advgb_blocks_columns_visual_guide":"","_links_to":"","_links_to_type":0,"footnotes":""},"class_list":["post-19369","page","type-page","status-publish","hentry"],"acf":[],"yoast_head":"<!-- This site is optimized with the Yoast SEO plugin v25.7 - https:\/\/yoast.com\/wordpress\/plugins\/seo\/ -->\n<title>Barbara Matej\u010di\u0107 - Sedam sje\u0107anja na \u017ertve femicida - Agencija za elektroni\u010dke medije<\/title>\n<meta name=\"robots\" content=\"index, follow, max-snippet:-1, max-image-preview:large, max-video-preview:-1\" \/>\n<link rel=\"canonical\" href=\"https:\/\/aem.hr\/barbara-matejcic-sedam-sjecanja-na-zrtve-femicida\/\" \/>\n<meta property=\"og:locale\" content=\"en_US\" \/>\n<meta property=\"og:type\" content=\"article\" \/>\n<meta property=\"og:title\" content=\"Barbara Matej\u010di\u0107 - Sedam sje\u0107anja na \u017ertve femicida - Agencija za elektroni\u010dke medije\" \/>\n<meta property=\"og:url\" content=\"https:\/\/aem.hr\/barbara-matejcic-sedam-sjecanja-na-zrtve-femicida\/\" \/>\n<meta property=\"og:site_name\" content=\"Agencija za elektroni\u010dke medije\" \/>\n<meta property=\"article:modified_time\" content=\"2025-01-30T13:27:50+00:00\" \/>\n<meta name=\"twitter:card\" content=\"summary_large_image\" \/>\n<meta name=\"twitter:label1\" content=\"Est. reading time\" \/>\n\t<meta name=\"twitter:data1\" content=\"1 minute\" \/>\n<script type=\"application\/ld+json\" class=\"yoast-schema-graph\">{\"@context\":\"https:\/\/schema.org\",\"@graph\":[{\"@type\":\"WebPage\",\"@id\":\"https:\/\/aem.hr\/barbara-matejcic-sedam-sjecanja-na-zrtve-femicida\/\",\"url\":\"https:\/\/aem.hr\/barbara-matejcic-sedam-sjecanja-na-zrtve-femicida\/\",\"name\":\"Barbara Matej\u010di\u0107 - Sedam sje\u0107anja na \u017ertve femicida - Agencija za elektroni\u010dke medije\",\"isPartOf\":{\"@id\":\"https:\/\/aem.hr\/#website\"},\"datePublished\":\"2025-01-30T13:27:49+00:00\",\"dateModified\":\"2025-01-30T13:27:50+00:00\",\"breadcrumb\":{\"@id\":\"https:\/\/aem.hr\/barbara-matejcic-sedam-sjecanja-na-zrtve-femicida\/#breadcrumb\"},\"inLanguage\":\"en-US\",\"potentialAction\":[{\"@type\":\"ReadAction\",\"target\":[\"https:\/\/aem.hr\/barbara-matejcic-sedam-sjecanja-na-zrtve-femicida\/\"]}]},{\"@type\":\"BreadcrumbList\",\"@id\":\"https:\/\/aem.hr\/barbara-matejcic-sedam-sjecanja-na-zrtve-femicida\/#breadcrumb\",\"itemListElement\":[{\"@type\":\"ListItem\",\"position\":1,\"name\":\"Po\u010detna stranica\",\"item\":\"https:\/\/aem.hr\/\"},{\"@type\":\"ListItem\",\"position\":2,\"name\":\"Barbara Matej\u010di\u0107 &#8211; Sedam sje\u0107anja na \u017ertve femicida\"}]},{\"@type\":\"WebSite\",\"@id\":\"https:\/\/aem.hr\/#website\",\"url\":\"https:\/\/aem.hr\/\",\"name\":\"Agencija za elektroni\u010dke medije\",\"description\":\"\",\"potentialAction\":[{\"@type\":\"SearchAction\",\"target\":{\"@type\":\"EntryPoint\",\"urlTemplate\":\"https:\/\/aem.hr\/?s={search_term_string}\"},\"query-input\":{\"@type\":\"PropertyValueSpecification\",\"valueRequired\":true,\"valueName\":\"search_term_string\"}}],\"inLanguage\":\"en-US\"}]}<\/script>\n<!-- \/ Yoast SEO plugin. -->","yoast_head_json":{"title":"Barbara Matej\u010di\u0107 - Sedam sje\u0107anja na \u017ertve femicida - Agencija za elektroni\u010dke medije","robots":{"index":"index","follow":"follow","max-snippet":"max-snippet:-1","max-image-preview":"max-image-preview:large","max-video-preview":"max-video-preview:-1"},"canonical":"https:\/\/aem.hr\/barbara-matejcic-sedam-sjecanja-na-zrtve-femicida\/","og_locale":"en_US","og_type":"article","og_title":"Barbara Matej\u010di\u0107 - Sedam sje\u0107anja na \u017ertve femicida - Agencija za elektroni\u010dke medije","og_url":"https:\/\/aem.hr\/barbara-matejcic-sedam-sjecanja-na-zrtve-femicida\/","og_site_name":"Agencija za elektroni\u010dke medije","article_modified_time":"2025-01-30T13:27:50+00:00","twitter_card":"summary_large_image","twitter_misc":{"Est. reading time":"1 minute"},"schema":{"@context":"https:\/\/schema.org","@graph":[{"@type":"WebPage","@id":"https:\/\/aem.hr\/barbara-matejcic-sedam-sjecanja-na-zrtve-femicida\/","url":"https:\/\/aem.hr\/barbara-matejcic-sedam-sjecanja-na-zrtve-femicida\/","name":"Barbara Matej\u010di\u0107 - Sedam sje\u0107anja na \u017ertve femicida - Agencija za elektroni\u010dke medije","isPartOf":{"@id":"https:\/\/aem.hr\/#website"},"datePublished":"2025-01-30T13:27:49+00:00","dateModified":"2025-01-30T13:27:50+00:00","breadcrumb":{"@id":"https:\/\/aem.hr\/barbara-matejcic-sedam-sjecanja-na-zrtve-femicida\/#breadcrumb"},"inLanguage":"en-US","potentialAction":[{"@type":"ReadAction","target":["https:\/\/aem.hr\/barbara-matejcic-sedam-sjecanja-na-zrtve-femicida\/"]}]},{"@type":"BreadcrumbList","@id":"https:\/\/aem.hr\/barbara-matejcic-sedam-sjecanja-na-zrtve-femicida\/#breadcrumb","itemListElement":[{"@type":"ListItem","position":1,"name":"Po\u010detna stranica","item":"https:\/\/aem.hr\/"},{"@type":"ListItem","position":2,"name":"Barbara Matej\u010di\u0107 &#8211; Sedam sje\u0107anja na \u017ertve femicida"}]},{"@type":"WebSite","@id":"https:\/\/aem.hr\/#website","url":"https:\/\/aem.hr\/","name":"Agencija za elektroni\u010dke medije","description":"","potentialAction":[{"@type":"SearchAction","target":{"@type":"EntryPoint","urlTemplate":"https:\/\/aem.hr\/?s={search_term_string}"},"query-input":{"@type":"PropertyValueSpecification","valueRequired":true,"valueName":"search_term_string"}}],"inLanguage":"en-US"}]}},"coauthors":[],"author_meta":{"author_link":"https:\/\/aem.hr\/en\/blog\/author\/mkirac\/","display_name":"Matko Kirac"},"relative_dates":{"created":"Posted 1 year ago","modified":"Updated 1 year ago"},"absolute_dates":{"created":"Posted on 30. January 2025.","modified":"Updated on 30. January 2025."},"absolute_dates_time":{"created":"Posted on 30. January 2025. 14:27","modified":"Updated on 30. January 2025. 14:27"},"featured_img_caption":"","featured_img":false,"series_order":"","_links":{"self":[{"href":"https:\/\/aem.hr\/en\/wp-json\/wp\/v2\/pages\/19369","targetHints":{"allow":["GET"]}}],"collection":[{"href":"https:\/\/aem.hr\/en\/wp-json\/wp\/v2\/pages"}],"about":[{"href":"https:\/\/aem.hr\/en\/wp-json\/wp\/v2\/types\/page"}],"author":[{"embeddable":true,"href":"https:\/\/aem.hr\/en\/wp-json\/wp\/v2\/users\/18"}],"replies":[{"embeddable":true,"href":"https:\/\/aem.hr\/en\/wp-json\/wp\/v2\/comments?post=19369"}],"version-history":[{"count":1,"href":"https:\/\/aem.hr\/en\/wp-json\/wp\/v2\/pages\/19369\/revisions"}],"predecessor-version":[{"id":19379,"href":"https:\/\/aem.hr\/en\/wp-json\/wp\/v2\/pages\/19369\/revisions\/19379"}],"wp:attachment":[{"href":"https:\/\/aem.hr\/en\/wp-json\/wp\/v2\/media?parent=19369"}],"curies":[{"name":"wp","href":"https:\/\/api.w.org\/{rel}","templated":true}]}}