{"id":19399,"date":"2025-01-30T14:32:39","date_gmt":"2025-01-30T13:32:39","guid":{"rendered":"http:\/\/aem.hr\/?page_id=19399"},"modified":"2025-01-30T14:32:39","modified_gmt":"2025-01-30T13:32:39","slug":"gordana-ilic-ostojic-tragovi-koji-blijede","status":"publish","type":"page","link":"https:\/\/aem.hr\/en\/gordana-ilic-ostojic-tragovi-koji-blijede\/","title":{"rendered":"Gordana Ili\u0107-Ostoji\u0107 &#8211; Tragovi koji blijede"},"content":{"rendered":"\n<div class=\"wp-block-file\"><a id=\"wp-block-file--media-7d98d9af-5684-4ed9-8722-037c90e146c5\" href=\"https:\/\/aem.hr\/wp-content\/uploads\/2025\/01\/1.-Tri-desetljeca-neodgovorenih-pitanja.pdf\">1. Tri desetlje\u0107a neodgovorenih pitanja<\/a><a href=\"https:\/\/aem.hr\/wp-content\/uploads\/2025\/01\/1.-Tri-desetljeca-neodgovorenih-pitanja.pdf\" class=\"wp-block-file__button wp-element-button\" download aria-describedby=\"wp-block-file--media-7d98d9af-5684-4ed9-8722-037c90e146c5\">Preuzimanje<\/a><\/div>\n\n\n\n<div class=\"wp-block-file\"><a id=\"wp-block-file--media-a02b91bf-bb8b-42cf-965b-e7f0aeb0599a\" href=\"https:\/\/aem.hr\/wp-content\/uploads\/2025\/01\/2.-Has.pdf\">2. Ha\u0161<\/a><a href=\"https:\/\/aem.hr\/wp-content\/uploads\/2025\/01\/2.-Has.pdf\" class=\"wp-block-file__button wp-element-button\" download aria-describedby=\"wp-block-file--media-a02b91bf-bb8b-42cf-965b-e7f0aeb0599a\">Preuzimanje<\/a><\/div>\n\n\n\n<div class=\"wp-block-file\"><a id=\"wp-block-file--media-c3995222-ad7a-4605-a46d-f3036a3ae7be\" href=\"https:\/\/aem.hr\/wp-content\/uploads\/2025\/01\/3.-Jelena.pdf\">3. Jelena<\/a><a href=\"https:\/\/aem.hr\/wp-content\/uploads\/2025\/01\/3.-Jelena.pdf\" class=\"wp-block-file__button wp-element-button\" download aria-describedby=\"wp-block-file--media-c3995222-ad7a-4605-a46d-f3036a3ae7be\">Preuzimanje<\/a><\/div>\n\n\n\n<div class=\"wp-block-file\"><a id=\"wp-block-file--media-e196857e-dbd3-4dae-90d2-9651d311ad75\" href=\"https:\/\/aem.hr\/wp-content\/uploads\/2025\/01\/4.-Sotin-I.-dio.pdf\">4. Sotin, I. dio<\/a><a href=\"https:\/\/aem.hr\/wp-content\/uploads\/2025\/01\/4.-Sotin-I.-dio.pdf\" class=\"wp-block-file__button wp-element-button\" download aria-describedby=\"wp-block-file--media-e196857e-dbd3-4dae-90d2-9651d311ad75\">Preuzimanje<\/a><\/div>\n\n\n\n<div class=\"wp-block-file\"><a id=\"wp-block-file--media-1fc1473a-9ba7-44a8-8158-eb8f334455af\" href=\"https:\/\/aem.hr\/wp-content\/uploads\/2025\/01\/5.-Sotin-II.-dio.pdf\">5. Sotin, II. dio<\/a><a href=\"https:\/\/aem.hr\/wp-content\/uploads\/2025\/01\/5.-Sotin-II.-dio.pdf\" class=\"wp-block-file__button wp-element-button\" download aria-describedby=\"wp-block-file--media-1fc1473a-9ba7-44a8-8158-eb8f334455af\">Preuzimanje<\/a><\/div>\n\n\n\n<div class=\"wp-block-file\"><a id=\"wp-block-file--media-cf2f7c4b-97aa-40ec-9d1e-975f4fb5cd16\" href=\"https:\/\/aem.hr\/wp-content\/uploads\/2025\/01\/6.-Otkrivanje-grobnica.pdf\">6. Otkrivanje grobnica<\/a><a href=\"https:\/\/aem.hr\/wp-content\/uploads\/2025\/01\/6.-Otkrivanje-grobnica.pdf\" class=\"wp-block-file__button wp-element-button\" download aria-describedby=\"wp-block-file--media-cf2f7c4b-97aa-40ec-9d1e-975f4fb5cd16\">Preuzimanje<\/a><\/div>\n\n\n\n<div class=\"wp-block-file\"><a id=\"wp-block-file--media-96396b22-411b-4455-b8df-66d2d464dba5\" href=\"https:\/\/aem.hr\/wp-content\/uploads\/2025\/01\/7.-Novi-pristupi-potragama-za-grobnicama.pdf\">7. Novi pristupi potragama za grobnicama<\/a><a href=\"https:\/\/aem.hr\/wp-content\/uploads\/2025\/01\/7.-Novi-pristupi-potragama-za-grobnicama.pdf\" class=\"wp-block-file__button wp-element-button\" download aria-describedby=\"wp-block-file--media-96396b22-411b-4455-b8df-66d2d464dba5\">Preuzimanje<\/a><\/div>\n\n\n\n<div class=\"wp-block-file\"><a id=\"wp-block-file--media-30fd1fa4-e0f2-4ce8-b2bd-682e0db19e18\" href=\"https:\/\/aem.hr\/wp-content\/uploads\/2025\/01\/8.-Ekshumacije.pdf\">8. Ekshumacije<\/a><a href=\"https:\/\/aem.hr\/wp-content\/uploads\/2025\/01\/8.-Ekshumacije.pdf\" class=\"wp-block-file__button wp-element-button\" download aria-describedby=\"wp-block-file--media-30fd1fa4-e0f2-4ce8-b2bd-682e0db19e18\">Preuzimanje<\/a><\/div>\n\n\n\n<div class=\"wp-block-file\"><a id=\"wp-block-file--media-ab493757-07f9-4849-b8e0-7b68a1cae309\" href=\"https:\/\/aem.hr\/wp-content\/uploads\/2025\/01\/9.-Identifikacija.pdf\">9. Identifikacija<\/a><a href=\"https:\/\/aem.hr\/wp-content\/uploads\/2025\/01\/9.-Identifikacija.pdf\" class=\"wp-block-file__button wp-element-button\" download aria-describedby=\"wp-block-file--media-ab493757-07f9-4849-b8e0-7b68a1cae309\">Preuzimanje<\/a><\/div>\n\n\n\n<div class=\"wp-block-file\"><a id=\"wp-block-file--media-18ac30f2-75eb-449d-b9fa-d4474c357f39\" href=\"https:\/\/aem.hr\/wp-content\/uploads\/2025\/01\/10.-Ovcara.pdf\">10. Ov\u010dara<\/a><a href=\"https:\/\/aem.hr\/wp-content\/uploads\/2025\/01\/10.-Ovcara.pdf\" class=\"wp-block-file__button wp-element-button\" download aria-describedby=\"wp-block-file--media-18ac30f2-75eb-449d-b9fa-d4474c357f39\">Preuzimanje<\/a><\/div>\n\n\n\n<p><\/p>\n","protected":false},"excerpt":{"rendered":"","protected":false},"author":18,"featured_media":0,"parent":0,"menu_order":0,"comment_status":"closed","ping_status":"closed","template":"","meta":{"_acf_changed":false,"inline_featured_image":false,"advgb_blocks_editor_width":"","advgb_blocks_columns_visual_guide":"","_links_to":"","_links_to_type":0,"footnotes":""},"class_list":["post-19399","page","type-page","status-publish","hentry"],"acf":[],"yoast_head":"<!-- This site is optimized with the Yoast SEO plugin v25.7 - https:\/\/yoast.com\/wordpress\/plugins\/seo\/ -->\n<title>Gordana Ili\u0107-Ostoji\u0107 - Tragovi koji blijede - Agencija za elektroni\u010dke medije<\/title>\n<meta name=\"robots\" content=\"index, follow, max-snippet:-1, max-image-preview:large, max-video-preview:-1\" \/>\n<link rel=\"canonical\" href=\"https:\/\/aem.hr\/en\/gordana-ilic-ostojic-tragovi-koji-blijede\/\" \/>\n<meta property=\"og:locale\" content=\"en_US\" \/>\n<meta property=\"og:type\" content=\"article\" \/>\n<meta property=\"og:title\" content=\"Gordana Ili\u0107-Ostoji\u0107 - Tragovi koji blijede - Agencija za elektroni\u010dke medije\" \/>\n<meta property=\"og:url\" content=\"https:\/\/aem.hr\/en\/gordana-ilic-ostojic-tragovi-koji-blijede\/\" \/>\n<meta property=\"og:site_name\" content=\"Agencija za elektroni\u010dke medije\" \/>\n<meta name=\"twitter:card\" content=\"summary_large_image\" \/>\n<meta name=\"twitter:label1\" content=\"Est. reading time\" \/>\n\t<meta name=\"twitter:data1\" content=\"1 minute\" \/>\n<script type=\"application\/ld+json\" class=\"yoast-schema-graph\">{\"@context\":\"https:\/\/schema.org\",\"@graph\":[{\"@type\":\"WebPage\",\"@id\":\"https:\/\/aem.hr\/en\/gordana-ilic-ostojic-tragovi-koji-blijede\/\",\"url\":\"https:\/\/aem.hr\/en\/gordana-ilic-ostojic-tragovi-koji-blijede\/\",\"name\":\"Gordana Ili\u0107-Ostoji\u0107 - Tragovi koji blijede - Agencija za elektroni\u010dke medije\",\"isPartOf\":{\"@id\":\"https:\/\/aem.hr\/#website\"},\"datePublished\":\"2025-01-30T13:32:39+00:00\",\"breadcrumb\":{\"@id\":\"https:\/\/aem.hr\/en\/gordana-ilic-ostojic-tragovi-koji-blijede\/#breadcrumb\"},\"inLanguage\":\"en-US\",\"potentialAction\":[{\"@type\":\"ReadAction\",\"target\":[\"https:\/\/aem.hr\/en\/gordana-ilic-ostojic-tragovi-koji-blijede\/\"]}]},{\"@type\":\"BreadcrumbList\",\"@id\":\"https:\/\/aem.hr\/en\/gordana-ilic-ostojic-tragovi-koji-blijede\/#breadcrumb\",\"itemListElement\":[{\"@type\":\"ListItem\",\"position\":1,\"name\":\"Po\u010detna stranica\",\"item\":\"https:\/\/aem.hr\/\"},{\"@type\":\"ListItem\",\"position\":2,\"name\":\"Gordana Ili\u0107-Ostoji\u0107 &#8211; Tragovi koji blijede\"}]},{\"@type\":\"WebSite\",\"@id\":\"https:\/\/aem.hr\/#website\",\"url\":\"https:\/\/aem.hr\/\",\"name\":\"Agencija za elektroni\u010dke medije\",\"description\":\"\",\"potentialAction\":[{\"@type\":\"SearchAction\",\"target\":{\"@type\":\"EntryPoint\",\"urlTemplate\":\"https:\/\/aem.hr\/?s={search_term_string}\"},\"query-input\":{\"@type\":\"PropertyValueSpecification\",\"valueRequired\":true,\"valueName\":\"search_term_string\"}}],\"inLanguage\":\"en-US\"}]}<\/script>\n<!-- \/ Yoast SEO plugin. -->","yoast_head_json":{"title":"Gordana Ili\u0107-Ostoji\u0107 - Tragovi koji blijede - Agencija za elektroni\u010dke medije","robots":{"index":"index","follow":"follow","max-snippet":"max-snippet:-1","max-image-preview":"max-image-preview:large","max-video-preview":"max-video-preview:-1"},"canonical":"https:\/\/aem.hr\/en\/gordana-ilic-ostojic-tragovi-koji-blijede\/","og_locale":"en_US","og_type":"article","og_title":"Gordana Ili\u0107-Ostoji\u0107 - Tragovi koji blijede - Agencija za elektroni\u010dke medije","og_url":"https:\/\/aem.hr\/en\/gordana-ilic-ostojic-tragovi-koji-blijede\/","og_site_name":"Agencija za elektroni\u010dke medije","twitter_card":"summary_large_image","twitter_misc":{"Est. reading time":"1 minute"},"schema":{"@context":"https:\/\/schema.org","@graph":[{"@type":"WebPage","@id":"https:\/\/aem.hr\/en\/gordana-ilic-ostojic-tragovi-koji-blijede\/","url":"https:\/\/aem.hr\/en\/gordana-ilic-ostojic-tragovi-koji-blijede\/","name":"Gordana Ili\u0107-Ostoji\u0107 - Tragovi koji blijede - Agencija za elektroni\u010dke medije","isPartOf":{"@id":"https:\/\/aem.hr\/#website"},"datePublished":"2025-01-30T13:32:39+00:00","breadcrumb":{"@id":"https:\/\/aem.hr\/en\/gordana-ilic-ostojic-tragovi-koji-blijede\/#breadcrumb"},"inLanguage":"en-US","potentialAction":[{"@type":"ReadAction","target":["https:\/\/aem.hr\/en\/gordana-ilic-ostojic-tragovi-koji-blijede\/"]}]},{"@type":"BreadcrumbList","@id":"https:\/\/aem.hr\/en\/gordana-ilic-ostojic-tragovi-koji-blijede\/#breadcrumb","itemListElement":[{"@type":"ListItem","position":1,"name":"Po\u010detna stranica","item":"https:\/\/aem.hr\/"},{"@type":"ListItem","position":2,"name":"Gordana Ili\u0107-Ostoji\u0107 &#8211; Tragovi koji blijede"}]},{"@type":"WebSite","@id":"https:\/\/aem.hr\/#website","url":"https:\/\/aem.hr\/","name":"Agencija za elektroni\u010dke medije","description":"","potentialAction":[{"@type":"SearchAction","target":{"@type":"EntryPoint","urlTemplate":"https:\/\/aem.hr\/?s={search_term_string}"},"query-input":{"@type":"PropertyValueSpecification","valueRequired":true,"valueName":"search_term_string"}}],"inLanguage":"en-US"}]}},"coauthors":[],"author_meta":{"author_link":"https:\/\/aem.hr\/en\/blog\/author\/mkirac\/","display_name":"Matko Kirac"},"relative_dates":{"created":"Posted 1 year ago","modified":"Updated 1 year ago"},"absolute_dates":{"created":"Posted on 30. January 2025.","modified":"Updated on 30. January 2025."},"absolute_dates_time":{"created":"Posted on 30. January 2025. 14:32","modified":"Updated on 30. January 2025. 14:32"},"featured_img_caption":"","featured_img":false,"series_order":"","_links":{"self":[{"href":"https:\/\/aem.hr\/en\/wp-json\/wp\/v2\/pages\/19399","targetHints":{"allow":["GET"]}}],"collection":[{"href":"https:\/\/aem.hr\/en\/wp-json\/wp\/v2\/pages"}],"about":[{"href":"https:\/\/aem.hr\/en\/wp-json\/wp\/v2\/types\/page"}],"author":[{"embeddable":true,"href":"https:\/\/aem.hr\/en\/wp-json\/wp\/v2\/users\/18"}],"replies":[{"embeddable":true,"href":"https:\/\/aem.hr\/en\/wp-json\/wp\/v2\/comments?post=19399"}],"version-history":[{"count":1,"href":"https:\/\/aem.hr\/en\/wp-json\/wp\/v2\/pages\/19399\/revisions"}],"predecessor-version":[{"id":19421,"href":"https:\/\/aem.hr\/en\/wp-json\/wp\/v2\/pages\/19399\/revisions\/19421"}],"wp:attachment":[{"href":"https:\/\/aem.hr\/en\/wp-json\/wp\/v2\/media?parent=19399"}],"curies":[{"name":"wp","href":"https:\/\/api.w.org\/{rel}","templated":true}]}}