{"id":19424,"date":"2025-01-30T14:34:08","date_gmt":"2025-01-30T13:34:08","guid":{"rendered":"http:\/\/aem.hr\/?page_id=19424"},"modified":"2025-01-30T14:34:09","modified_gmt":"2025-01-30T13:34:09","slug":"margarita-weisz-burnout-bolest-modernog-doba","status":"publish","type":"page","link":"https:\/\/aem.hr\/en\/margarita-weisz-burnout-bolest-modernog-doba\/","title":{"rendered":"Margarita Weisz &#8211; Burnout &#8211; bolest modernog doba"},"content":{"rendered":"\n<div class=\"wp-block-file\"><a id=\"wp-block-file--media-6a4b54fc-f1b3-4924-badd-4f876e15bcd8\" href=\"https:\/\/aem.hr\/wp-content\/uploads\/2025\/01\/1.-KAKO-PREPOZNATI-OVAJ-SINDROM.pdf\">1. KAKO PREPOZNATI OVAJ SINDROM<\/a><a href=\"https:\/\/aem.hr\/wp-content\/uploads\/2025\/01\/1.-KAKO-PREPOZNATI-OVAJ-SINDROM.pdf\" class=\"wp-block-file__button wp-element-button\" download aria-describedby=\"wp-block-file--media-6a4b54fc-f1b3-4924-badd-4f876e15bcd8\">Preuzimanje<\/a><\/div>\n\n\n\n<div class=\"wp-block-file\"><a id=\"wp-block-file--media-a670df9d-a316-4f74-b18f-b53f0909edc6\" href=\"https:\/\/aem.hr\/wp-content\/uploads\/2025\/01\/2.-BROJ-SLUCAJEVA-BURNOUTA-RASTE.pdf\">2. BROJ SLU\u010cAJEVA BURNOUTA RASTE<\/a><a href=\"https:\/\/aem.hr\/wp-content\/uploads\/2025\/01\/2.-BROJ-SLUCAJEVA-BURNOUTA-RASTE.pdf\" class=\"wp-block-file__button wp-element-button\" download aria-describedby=\"wp-block-file--media-a670df9d-a316-4f74-b18f-b53f0909edc6\">Preuzimanje<\/a><\/div>\n\n\n\n<div class=\"wp-block-file\"><a id=\"wp-block-file--media-620cfbb3-4fb0-4f9f-a216-ae969e1549a9\" href=\"https:\/\/aem.hr\/wp-content\/uploads\/2025\/01\/3.-BURNOUT-NIJE-SALA.pdf\">3. BURNOUT NIJE \u0160ALA<\/a><a href=\"https:\/\/aem.hr\/wp-content\/uploads\/2025\/01\/3.-BURNOUT-NIJE-SALA.pdf\" class=\"wp-block-file__button wp-element-button\" download aria-describedby=\"wp-block-file--media-620cfbb3-4fb0-4f9f-a216-ae969e1549a9\">Preuzimanje<\/a><\/div>\n\n\n\n<div class=\"wp-block-file\"><a id=\"wp-block-file--media-350bd230-0b48-4434-81c9-9a499c87bac5\" href=\"https:\/\/aem.hr\/wp-content\/uploads\/2025\/01\/4.-BURNOUT-MOZE-LI-SE-IZLIJECITI.pdf\">4. BURNOUT- MO\u017dE LI SE IZLIJE\u010cITI<\/a><a href=\"https:\/\/aem.hr\/wp-content\/uploads\/2025\/01\/4.-BURNOUT-MOZE-LI-SE-IZLIJECITI.pdf\" class=\"wp-block-file__button wp-element-button\" download aria-describedby=\"wp-block-file--media-350bd230-0b48-4434-81c9-9a499c87bac5\">Preuzimanje<\/a><\/div>\n\n\n\n<div class=\"wp-block-file\"><a id=\"wp-block-file--media-b398f768-8385-4f10-a6f9-9e254275d33c\" href=\"https:\/\/aem.hr\/wp-content\/uploads\/2025\/01\/5.-RODITELJSTVO-MOZE-BITI.pdf\">5. RODITELJSTVO MO\u017dE BITI<\/a><a href=\"https:\/\/aem.hr\/wp-content\/uploads\/2025\/01\/5.-RODITELJSTVO-MOZE-BITI.pdf\" class=\"wp-block-file__button wp-element-button\" download aria-describedby=\"wp-block-file--media-b398f768-8385-4f10-a6f9-9e254275d33c\">Preuzimanje<\/a><\/div>\n\n\n\n<div class=\"wp-block-file\"><a id=\"wp-block-file--media-e9e29b8f-c2cd-4f4f-b6ed-9ca3e274ac72\" href=\"https:\/\/aem.hr\/wp-content\/uploads\/2025\/01\/6.-BURONOUT-SVE-CESCA-KOD-MLADIH.pdf\">6. BURONOUT SVE \u010cE\u0160\u0106A KOD MLADIH<\/a><a href=\"https:\/\/aem.hr\/wp-content\/uploads\/2025\/01\/6.-BURONOUT-SVE-CESCA-KOD-MLADIH.pdf\" class=\"wp-block-file__button wp-element-button\" download aria-describedby=\"wp-block-file--media-e9e29b8f-c2cd-4f4f-b6ed-9ca3e274ac72\">Preuzimanje<\/a><\/div>\n\n\n\n<div class=\"wp-block-file\"><a id=\"wp-block-file--media-be2bfc30-e786-4065-bfae-425a8b5459be\" href=\"https:\/\/aem.hr\/wp-content\/uploads\/2025\/01\/7.-BURNOUT-SE-NE-DOGADA.pdf\">7. BURNOUT SE NE DOGA\u0110A<\/a><a href=\"https:\/\/aem.hr\/wp-content\/uploads\/2025\/01\/7.-BURNOUT-SE-NE-DOGADA.pdf\" class=\"wp-block-file__button wp-element-button\" download aria-describedby=\"wp-block-file--media-be2bfc30-e786-4065-bfae-425a8b5459be\">Preuzimanje<\/a><\/div>\n\n\n\n<div class=\"wp-block-file\"><a id=\"wp-block-file--media-f71e5359-7070-4f1e-b404-00d91b3e6251\" href=\"https:\/\/aem.hr\/wp-content\/uploads\/2025\/01\/8.-BURNOUT-SVE-CESCA.pdf\">8. BURNOUT SVE \u010cE\u0160\u0106A<\/a><a href=\"https:\/\/aem.hr\/wp-content\/uploads\/2025\/01\/8.-BURNOUT-SVE-CESCA.pdf\" class=\"wp-block-file__button wp-element-button\" download aria-describedby=\"wp-block-file--media-f71e5359-7070-4f1e-b404-00d91b3e6251\">Preuzimanje<\/a><\/div>\n\n\n\n<div class=\"wp-block-file\"><a id=\"wp-block-file--media-fd658cd7-aacc-47de-937e-fc05d30b7d62\" href=\"https:\/\/aem.hr\/wp-content\/uploads\/2025\/01\/9.-BURNOUT-U-MODERNOM.pdf\">9. BURNOUT U MODERNOM<\/a><a href=\"https:\/\/aem.hr\/wp-content\/uploads\/2025\/01\/9.-BURNOUT-U-MODERNOM.pdf\" class=\"wp-block-file__button wp-element-button\" download aria-describedby=\"wp-block-file--media-fd658cd7-aacc-47de-937e-fc05d30b7d62\">Preuzimanje<\/a><\/div>\n\n\n\n<div class=\"wp-block-file\"><a id=\"wp-block-file--media-03e2ca3d-1aa7-40ce-9977-5e5f27aef31b\" href=\"https:\/\/aem.hr\/wp-content\/uploads\/2025\/01\/10.-BURNOUT-JE-SVE-CESCI.pdf\">10. BURNOUT JE SVE \u010cE\u0160\u0106I<\/a><a href=\"https:\/\/aem.hr\/wp-content\/uploads\/2025\/01\/10.-BURNOUT-JE-SVE-CESCI.pdf\" class=\"wp-block-file__button wp-element-button\" download aria-describedby=\"wp-block-file--media-03e2ca3d-1aa7-40ce-9977-5e5f27aef31b\">Preuzimanje<\/a><\/div>\n","protected":false},"excerpt":{"rendered":"","protected":false},"author":18,"featured_media":0,"parent":0,"menu_order":0,"comment_status":"closed","ping_status":"closed","template":"","meta":{"_acf_changed":false,"inline_featured_image":false,"advgb_blocks_editor_width":"","advgb_blocks_columns_visual_guide":"","_links_to":"","_links_to_type":0,"footnotes":""},"class_list":["post-19424","page","type-page","status-publish","hentry"],"acf":[],"yoast_head":"<!-- This site is optimized with the Yoast SEO plugin v25.7 - https:\/\/yoast.com\/wordpress\/plugins\/seo\/ -->\n<title>Margarita Weisz - Burnout - bolest modernog doba - Agencija za elektroni\u010dke medije<\/title>\n<meta name=\"robots\" content=\"index, follow, max-snippet:-1, max-image-preview:large, max-video-preview:-1\" \/>\n<link rel=\"canonical\" href=\"https:\/\/aem.hr\/margarita-weisz-burnout-bolest-modernog-doba\/\" \/>\n<meta property=\"og:locale\" content=\"en_US\" \/>\n<meta property=\"og:type\" content=\"article\" \/>\n<meta property=\"og:title\" content=\"Margarita Weisz - Burnout - bolest modernog doba - Agencija za elektroni\u010dke medije\" \/>\n<meta property=\"og:url\" content=\"https:\/\/aem.hr\/margarita-weisz-burnout-bolest-modernog-doba\/\" \/>\n<meta property=\"og:site_name\" content=\"Agencija za elektroni\u010dke medije\" \/>\n<meta property=\"article:modified_time\" content=\"2025-01-30T13:34:09+00:00\" \/>\n<meta name=\"twitter:card\" content=\"summary_large_image\" \/>\n<meta name=\"twitter:label1\" content=\"Est. reading time\" \/>\n\t<meta name=\"twitter:data1\" content=\"1 minute\" \/>\n<script type=\"application\/ld+json\" class=\"yoast-schema-graph\">{\"@context\":\"https:\/\/schema.org\",\"@graph\":[{\"@type\":\"WebPage\",\"@id\":\"https:\/\/aem.hr\/margarita-weisz-burnout-bolest-modernog-doba\/\",\"url\":\"https:\/\/aem.hr\/margarita-weisz-burnout-bolest-modernog-doba\/\",\"name\":\"Margarita Weisz - Burnout - bolest modernog doba - Agencija za elektroni\u010dke medije\",\"isPartOf\":{\"@id\":\"https:\/\/aem.hr\/#website\"},\"datePublished\":\"2025-01-30T13:34:08+00:00\",\"dateModified\":\"2025-01-30T13:34:09+00:00\",\"breadcrumb\":{\"@id\":\"https:\/\/aem.hr\/margarita-weisz-burnout-bolest-modernog-doba\/#breadcrumb\"},\"inLanguage\":\"en-US\",\"potentialAction\":[{\"@type\":\"ReadAction\",\"target\":[\"https:\/\/aem.hr\/margarita-weisz-burnout-bolest-modernog-doba\/\"]}]},{\"@type\":\"BreadcrumbList\",\"@id\":\"https:\/\/aem.hr\/margarita-weisz-burnout-bolest-modernog-doba\/#breadcrumb\",\"itemListElement\":[{\"@type\":\"ListItem\",\"position\":1,\"name\":\"Po\u010detna stranica\",\"item\":\"https:\/\/aem.hr\/\"},{\"@type\":\"ListItem\",\"position\":2,\"name\":\"Margarita Weisz &#8211; Burnout &#8211; bolest modernog doba\"}]},{\"@type\":\"WebSite\",\"@id\":\"https:\/\/aem.hr\/#website\",\"url\":\"https:\/\/aem.hr\/\",\"name\":\"Agencija za elektroni\u010dke medije\",\"description\":\"\",\"potentialAction\":[{\"@type\":\"SearchAction\",\"target\":{\"@type\":\"EntryPoint\",\"urlTemplate\":\"https:\/\/aem.hr\/?s={search_term_string}\"},\"query-input\":{\"@type\":\"PropertyValueSpecification\",\"valueRequired\":true,\"valueName\":\"search_term_string\"}}],\"inLanguage\":\"en-US\"}]}<\/script>\n<!-- \/ Yoast SEO plugin. -->","yoast_head_json":{"title":"Margarita Weisz - Burnout - bolest modernog doba - Agencija za elektroni\u010dke medije","robots":{"index":"index","follow":"follow","max-snippet":"max-snippet:-1","max-image-preview":"max-image-preview:large","max-video-preview":"max-video-preview:-1"},"canonical":"https:\/\/aem.hr\/margarita-weisz-burnout-bolest-modernog-doba\/","og_locale":"en_US","og_type":"article","og_title":"Margarita Weisz - Burnout - bolest modernog doba - Agencija za elektroni\u010dke medije","og_url":"https:\/\/aem.hr\/margarita-weisz-burnout-bolest-modernog-doba\/","og_site_name":"Agencija za elektroni\u010dke medije","article_modified_time":"2025-01-30T13:34:09+00:00","twitter_card":"summary_large_image","twitter_misc":{"Est. reading time":"1 minute"},"schema":{"@context":"https:\/\/schema.org","@graph":[{"@type":"WebPage","@id":"https:\/\/aem.hr\/margarita-weisz-burnout-bolest-modernog-doba\/","url":"https:\/\/aem.hr\/margarita-weisz-burnout-bolest-modernog-doba\/","name":"Margarita Weisz - Burnout - bolest modernog doba - Agencija za elektroni\u010dke medije","isPartOf":{"@id":"https:\/\/aem.hr\/#website"},"datePublished":"2025-01-30T13:34:08+00:00","dateModified":"2025-01-30T13:34:09+00:00","breadcrumb":{"@id":"https:\/\/aem.hr\/margarita-weisz-burnout-bolest-modernog-doba\/#breadcrumb"},"inLanguage":"en-US","potentialAction":[{"@type":"ReadAction","target":["https:\/\/aem.hr\/margarita-weisz-burnout-bolest-modernog-doba\/"]}]},{"@type":"BreadcrumbList","@id":"https:\/\/aem.hr\/margarita-weisz-burnout-bolest-modernog-doba\/#breadcrumb","itemListElement":[{"@type":"ListItem","position":1,"name":"Po\u010detna stranica","item":"https:\/\/aem.hr\/"},{"@type":"ListItem","position":2,"name":"Margarita Weisz &#8211; Burnout &#8211; bolest modernog doba"}]},{"@type":"WebSite","@id":"https:\/\/aem.hr\/#website","url":"https:\/\/aem.hr\/","name":"Agencija za elektroni\u010dke medije","description":"","potentialAction":[{"@type":"SearchAction","target":{"@type":"EntryPoint","urlTemplate":"https:\/\/aem.hr\/?s={search_term_string}"},"query-input":{"@type":"PropertyValueSpecification","valueRequired":true,"valueName":"search_term_string"}}],"inLanguage":"en-US"}]}},"coauthors":[],"author_meta":{"author_link":"https:\/\/aem.hr\/en\/blog\/author\/mkirac\/","display_name":"Matko Kirac"},"relative_dates":{"created":"Posted 1 year ago","modified":"Updated 1 year ago"},"absolute_dates":{"created":"Posted on 30. January 2025.","modified":"Updated on 30. January 2025."},"absolute_dates_time":{"created":"Posted on 30. January 2025. 14:34","modified":"Updated on 30. January 2025. 14:34"},"featured_img_caption":"","featured_img":false,"series_order":"","_links":{"self":[{"href":"https:\/\/aem.hr\/en\/wp-json\/wp\/v2\/pages\/19424","targetHints":{"allow":["GET"]}}],"collection":[{"href":"https:\/\/aem.hr\/en\/wp-json\/wp\/v2\/pages"}],"about":[{"href":"https:\/\/aem.hr\/en\/wp-json\/wp\/v2\/types\/page"}],"author":[{"embeddable":true,"href":"https:\/\/aem.hr\/en\/wp-json\/wp\/v2\/users\/18"}],"replies":[{"embeddable":true,"href":"https:\/\/aem.hr\/en\/wp-json\/wp\/v2\/comments?post=19424"}],"version-history":[{"count":1,"href":"https:\/\/aem.hr\/en\/wp-json\/wp\/v2\/pages\/19424\/revisions"}],"predecessor-version":[{"id":19443,"href":"https:\/\/aem.hr\/en\/wp-json\/wp\/v2\/pages\/19424\/revisions\/19443"}],"wp:attachment":[{"href":"https:\/\/aem.hr\/en\/wp-json\/wp\/v2\/media?parent=19424"}],"curies":[{"name":"wp","href":"https:\/\/api.w.org\/{rel}","templated":true}]}}