{"id":19478,"date":"2025-01-30T14:39:10","date_gmt":"2025-01-30T13:39:10","guid":{"rendered":"http:\/\/aem.hr\/?page_id=19478"},"modified":"2025-01-30T14:39:11","modified_gmt":"2025-01-30T13:39:11","slug":"veljko-krulcic-o-trosenju-javnog-novca-u-hrvatskoj-kinematografiji-i-prilozi-za-transparentniji-havc-najzatvoreniju-javnu-ustanovu-u-rh","status":"publish","type":"page","link":"https:\/\/aem.hr\/en\/veljko-krulcic-o-trosenju-javnog-novca-u-hrvatskoj-kinematografiji-i-prilozi-za-transparentniji-havc-najzatvoreniju-javnu-ustanovu-u-rh\/","title":{"rendered":"Veljko Krul\u010di\u0107 &#8211; O tro\u0161enju javnog novca u hrvatskoj kinematografiji i prilozi za transparentniji HAVC &#8211; &#8220;najzatvoreniju&#8221; javnu ustanovu u RH"},"content":{"rendered":"\n<div class=\"wp-block-file\"><a id=\"wp-block-file--media-bb346912-d011-49f7-8c46-b3688ecade00\" href=\"https:\/\/aem.hr\/wp-content\/uploads\/2025\/01\/1.-Na-natjecaju-HAVC-a-odbijeni-filmovi.pdf\">1. Na natje\u010daju HAVC-a odbijeni filmovi<\/a><a href=\"https:\/\/aem.hr\/wp-content\/uploads\/2025\/01\/1.-Na-natjecaju-HAVC-a-odbijeni-filmovi.pdf\" class=\"wp-block-file__button wp-element-button\" download aria-describedby=\"wp-block-file--media-bb346912-d011-49f7-8c46-b3688ecade00\">Preuzimanje<\/a><\/div>\n\n\n\n<div class=\"wp-block-file\"><a id=\"wp-block-file--media-dbe22836-6207-4adb-b1fa-83ea246e7ad2\" href=\"https:\/\/aem.hr\/wp-content\/uploads\/2025\/01\/2.-Trogodisnja-bilanca.pdf\">2. Trogodi\u0161nja bilanca<\/a><a href=\"https:\/\/aem.hr\/wp-content\/uploads\/2025\/01\/2.-Trogodisnja-bilanca.pdf\" class=\"wp-block-file__button wp-element-button\" download aria-describedby=\"wp-block-file--media-dbe22836-6207-4adb-b1fa-83ea246e7ad2\">Preuzimanje<\/a><\/div>\n\n\n\n<div class=\"wp-block-file\"><a id=\"wp-block-file--media-0fd57fa9-67ff-49a2-8b7a-788f7b53231d\" href=\"https:\/\/aem.hr\/wp-content\/uploads\/2025\/01\/3.-O-nepoznatom-_fenomenu_-hrvatske-min.pdf\">3. O nepoznatom _fenomenu_ hrvatske -min<\/a><a href=\"https:\/\/aem.hr\/wp-content\/uploads\/2025\/01\/3.-O-nepoznatom-_fenomenu_-hrvatske-min.pdf\" class=\"wp-block-file__button wp-element-button\" download aria-describedby=\"wp-block-file--media-0fd57fa9-67ff-49a2-8b7a-788f7b53231d\">Preuzimanje<\/a><\/div>\n\n\n\n<div class=\"wp-block-file\"><a id=\"wp-block-file--media-de9e2e36-98d9-4c74-aac2-add871da9807\" href=\"https:\/\/aem.hr\/wp-content\/uploads\/2025\/01\/4.-Koji-su-se-hrvatski-filmovi-pojavili-min.pdf\">4. Koji su se hrvatski filmovi pojavili-min<\/a><a href=\"https:\/\/aem.hr\/wp-content\/uploads\/2025\/01\/4.-Koji-su-se-hrvatski-filmovi-pojavili-min.pdf\" class=\"wp-block-file__button wp-element-button\" download aria-describedby=\"wp-block-file--media-de9e2e36-98d9-4c74-aac2-add871da9807\">Preuzimanje<\/a><\/div>\n\n\n\n<div class=\"wp-block-file\"><a id=\"wp-block-file--media-bd446e4a-25ae-4fd8-bb34-b91366a4ee08\" href=\"https:\/\/aem.hr\/wp-content\/uploads\/2025\/01\/5.-Ove-jeseni-su-filmovi-redateljica-min.pdf\">5. Ove jeseni su filmovi redateljica-min<\/a><a href=\"https:\/\/aem.hr\/wp-content\/uploads\/2025\/01\/5.-Ove-jeseni-su-filmovi-redateljica-min.pdf\" class=\"wp-block-file__button wp-element-button\" download aria-describedby=\"wp-block-file--media-bd446e4a-25ae-4fd8-bb34-b91366a4ee08\">Preuzimanje<\/a><\/div>\n\n\n\n<div class=\"wp-block-file\"><a id=\"wp-block-file--media-660687ed-c359-4dc1-93c2-90314407d123\" href=\"https:\/\/aem.hr\/wp-content\/uploads\/2025\/01\/6.-Iz-izvjestaja-koje.pdf\">6. Iz izvje\u0161taja koje<\/a><a href=\"https:\/\/aem.hr\/wp-content\/uploads\/2025\/01\/6.-Iz-izvjestaja-koje.pdf\" class=\"wp-block-file__button wp-element-button\" download aria-describedby=\"wp-block-file--media-660687ed-c359-4dc1-93c2-90314407d123\">Preuzimanje<\/a><\/div>\n\n\n\n<div class=\"wp-block-file\"><a id=\"wp-block-file--media-8efc1672-91ca-4b9b-b05f-245fc64fc75e\" href=\"https:\/\/aem.hr\/wp-content\/uploads\/2025\/01\/7.-O-produkciji-distribuciji-min.pdf\">7. O produkciji, distribuciji-min<\/a><a href=\"https:\/\/aem.hr\/wp-content\/uploads\/2025\/01\/7.-O-produkciji-distribuciji-min.pdf\" class=\"wp-block-file__button wp-element-button\" download aria-describedby=\"wp-block-file--media-8efc1672-91ca-4b9b-b05f-245fc64fc75e\">Preuzimanje<\/a><\/div>\n\n\n\n<div class=\"wp-block-file\"><a id=\"wp-block-file--media-efd383c8-f3da-45de-84bd-4ce17c9daf72\" href=\"https:\/\/aem.hr\/wp-content\/uploads\/2025\/01\/8.-Najgledanijih-domacih-filmova-min.pdf\">8. Najgledanijih doma\u0107ih filmova-min<\/a><a href=\"https:\/\/aem.hr\/wp-content\/uploads\/2025\/01\/8.-Najgledanijih-domacih-filmova-min.pdf\" class=\"wp-block-file__button wp-element-button\" download aria-describedby=\"wp-block-file--media-efd383c8-f3da-45de-84bd-4ce17c9daf72\">Preuzimanje<\/a><\/div>\n\n\n\n<p><\/p>\n","protected":false},"excerpt":{"rendered":"","protected":false},"author":18,"featured_media":0,"parent":0,"menu_order":0,"comment_status":"closed","ping_status":"closed","template":"","meta":{"_acf_changed":false,"inline_featured_image":false,"advgb_blocks_editor_width":"","advgb_blocks_columns_visual_guide":"","_links_to":"","_links_to_type":0,"footnotes":""},"class_list":["post-19478","page","type-page","status-publish","hentry"],"acf":[],"yoast_head":"<!-- This site is optimized with the Yoast SEO plugin v25.7 - https:\/\/yoast.com\/wordpress\/plugins\/seo\/ -->\n<title>Veljko Krul\u010di\u0107 - O tro\u0161enju javnog novca u hrvatskoj kinematografiji i prilozi za transparentniji HAVC - &quot;najzatvoreniju&quot; javnu ustanovu u RH - Agencija za elektroni\u010dke medije<\/title>\n<meta name=\"robots\" content=\"index, follow, max-snippet:-1, max-image-preview:large, max-video-preview:-1\" \/>\n<link rel=\"canonical\" href=\"https:\/\/aem.hr\/veljko-krulcic-o-trosenju-javnog-novca-u-hrvatskoj-kinematografiji-i-prilozi-za-transparentniji-havc-najzatvoreniju-javnu-ustanovu-u-rh\/\" \/>\n<meta property=\"og:locale\" content=\"en_US\" \/>\n<meta property=\"og:type\" content=\"article\" \/>\n<meta property=\"og:title\" content=\"Veljko Krul\u010di\u0107 - O tro\u0161enju javnog novca u hrvatskoj kinematografiji i prilozi za transparentniji HAVC - &quot;najzatvoreniju&quot; javnu ustanovu u RH - Agencija za elektroni\u010dke medije\" \/>\n<meta property=\"og:url\" content=\"https:\/\/aem.hr\/veljko-krulcic-o-trosenju-javnog-novca-u-hrvatskoj-kinematografiji-i-prilozi-za-transparentniji-havc-najzatvoreniju-javnu-ustanovu-u-rh\/\" \/>\n<meta property=\"og:site_name\" content=\"Agencija za elektroni\u010dke medije\" \/>\n<meta property=\"article:modified_time\" content=\"2025-01-30T13:39:11+00:00\" \/>\n<meta name=\"twitter:card\" content=\"summary_large_image\" \/>\n<meta name=\"twitter:label1\" content=\"Est. reading time\" \/>\n\t<meta name=\"twitter:data1\" content=\"1 minute\" \/>\n<script type=\"application\/ld+json\" class=\"yoast-schema-graph\">{\"@context\":\"https:\/\/schema.org\",\"@graph\":[{\"@type\":\"WebPage\",\"@id\":\"https:\/\/aem.hr\/veljko-krulcic-o-trosenju-javnog-novca-u-hrvatskoj-kinematografiji-i-prilozi-za-transparentniji-havc-najzatvoreniju-javnu-ustanovu-u-rh\/\",\"url\":\"https:\/\/aem.hr\/veljko-krulcic-o-trosenju-javnog-novca-u-hrvatskoj-kinematografiji-i-prilozi-za-transparentniji-havc-najzatvoreniju-javnu-ustanovu-u-rh\/\",\"name\":\"Veljko Krul\u010di\u0107 - O tro\u0161enju javnog novca u hrvatskoj kinematografiji i prilozi za transparentniji HAVC - \\\"najzatvoreniju\\\" javnu ustanovu u RH - Agencija za elektroni\u010dke medije\",\"isPartOf\":{\"@id\":\"https:\/\/aem.hr\/#website\"},\"datePublished\":\"2025-01-30T13:39:10+00:00\",\"dateModified\":\"2025-01-30T13:39:11+00:00\",\"breadcrumb\":{\"@id\":\"https:\/\/aem.hr\/veljko-krulcic-o-trosenju-javnog-novca-u-hrvatskoj-kinematografiji-i-prilozi-za-transparentniji-havc-najzatvoreniju-javnu-ustanovu-u-rh\/#breadcrumb\"},\"inLanguage\":\"en-US\",\"potentialAction\":[{\"@type\":\"ReadAction\",\"target\":[\"https:\/\/aem.hr\/veljko-krulcic-o-trosenju-javnog-novca-u-hrvatskoj-kinematografiji-i-prilozi-za-transparentniji-havc-najzatvoreniju-javnu-ustanovu-u-rh\/\"]}]},{\"@type\":\"BreadcrumbList\",\"@id\":\"https:\/\/aem.hr\/veljko-krulcic-o-trosenju-javnog-novca-u-hrvatskoj-kinematografiji-i-prilozi-za-transparentniji-havc-najzatvoreniju-javnu-ustanovu-u-rh\/#breadcrumb\",\"itemListElement\":[{\"@type\":\"ListItem\",\"position\":1,\"name\":\"Po\u010detna stranica\",\"item\":\"https:\/\/aem.hr\/\"},{\"@type\":\"ListItem\",\"position\":2,\"name\":\"Veljko Krul\u010di\u0107 &#8211; O tro\u0161enju javnog novca u hrvatskoj kinematografiji i prilozi za transparentniji HAVC &#8211; &#8220;najzatvoreniju&#8221; javnu ustanovu u RH\"}]},{\"@type\":\"WebSite\",\"@id\":\"https:\/\/aem.hr\/#website\",\"url\":\"https:\/\/aem.hr\/\",\"name\":\"Agencija za elektroni\u010dke medije\",\"description\":\"\",\"potentialAction\":[{\"@type\":\"SearchAction\",\"target\":{\"@type\":\"EntryPoint\",\"urlTemplate\":\"https:\/\/aem.hr\/?s={search_term_string}\"},\"query-input\":{\"@type\":\"PropertyValueSpecification\",\"valueRequired\":true,\"valueName\":\"search_term_string\"}}],\"inLanguage\":\"en-US\"}]}<\/script>\n<!-- \/ Yoast SEO plugin. -->","yoast_head_json":{"title":"Veljko Krul\u010di\u0107 - O tro\u0161enju javnog novca u hrvatskoj kinematografiji i prilozi za transparentniji HAVC - \"najzatvoreniju\" javnu ustanovu u RH - Agencija za elektroni\u010dke medije","robots":{"index":"index","follow":"follow","max-snippet":"max-snippet:-1","max-image-preview":"max-image-preview:large","max-video-preview":"max-video-preview:-1"},"canonical":"https:\/\/aem.hr\/veljko-krulcic-o-trosenju-javnog-novca-u-hrvatskoj-kinematografiji-i-prilozi-za-transparentniji-havc-najzatvoreniju-javnu-ustanovu-u-rh\/","og_locale":"en_US","og_type":"article","og_title":"Veljko Krul\u010di\u0107 - O tro\u0161enju javnog novca u hrvatskoj kinematografiji i prilozi za transparentniji HAVC - \"najzatvoreniju\" javnu ustanovu u RH - Agencija za elektroni\u010dke medije","og_url":"https:\/\/aem.hr\/veljko-krulcic-o-trosenju-javnog-novca-u-hrvatskoj-kinematografiji-i-prilozi-za-transparentniji-havc-najzatvoreniju-javnu-ustanovu-u-rh\/","og_site_name":"Agencija za elektroni\u010dke medije","article_modified_time":"2025-01-30T13:39:11+00:00","twitter_card":"summary_large_image","twitter_misc":{"Est. reading time":"1 minute"},"schema":{"@context":"https:\/\/schema.org","@graph":[{"@type":"WebPage","@id":"https:\/\/aem.hr\/veljko-krulcic-o-trosenju-javnog-novca-u-hrvatskoj-kinematografiji-i-prilozi-za-transparentniji-havc-najzatvoreniju-javnu-ustanovu-u-rh\/","url":"https:\/\/aem.hr\/veljko-krulcic-o-trosenju-javnog-novca-u-hrvatskoj-kinematografiji-i-prilozi-za-transparentniji-havc-najzatvoreniju-javnu-ustanovu-u-rh\/","name":"Veljko Krul\u010di\u0107 - O tro\u0161enju javnog novca u hrvatskoj kinematografiji i prilozi za transparentniji HAVC - \"najzatvoreniju\" javnu ustanovu u RH - Agencija za elektroni\u010dke medije","isPartOf":{"@id":"https:\/\/aem.hr\/#website"},"datePublished":"2025-01-30T13:39:10+00:00","dateModified":"2025-01-30T13:39:11+00:00","breadcrumb":{"@id":"https:\/\/aem.hr\/veljko-krulcic-o-trosenju-javnog-novca-u-hrvatskoj-kinematografiji-i-prilozi-za-transparentniji-havc-najzatvoreniju-javnu-ustanovu-u-rh\/#breadcrumb"},"inLanguage":"en-US","potentialAction":[{"@type":"ReadAction","target":["https:\/\/aem.hr\/veljko-krulcic-o-trosenju-javnog-novca-u-hrvatskoj-kinematografiji-i-prilozi-za-transparentniji-havc-najzatvoreniju-javnu-ustanovu-u-rh\/"]}]},{"@type":"BreadcrumbList","@id":"https:\/\/aem.hr\/veljko-krulcic-o-trosenju-javnog-novca-u-hrvatskoj-kinematografiji-i-prilozi-za-transparentniji-havc-najzatvoreniju-javnu-ustanovu-u-rh\/#breadcrumb","itemListElement":[{"@type":"ListItem","position":1,"name":"Po\u010detna stranica","item":"https:\/\/aem.hr\/"},{"@type":"ListItem","position":2,"name":"Veljko Krul\u010di\u0107 &#8211; O tro\u0161enju javnog novca u hrvatskoj kinematografiji i prilozi za transparentniji HAVC &#8211; &#8220;najzatvoreniju&#8221; javnu ustanovu u RH"}]},{"@type":"WebSite","@id":"https:\/\/aem.hr\/#website","url":"https:\/\/aem.hr\/","name":"Agencija za elektroni\u010dke medije","description":"","potentialAction":[{"@type":"SearchAction","target":{"@type":"EntryPoint","urlTemplate":"https:\/\/aem.hr\/?s={search_term_string}"},"query-input":{"@type":"PropertyValueSpecification","valueRequired":true,"valueName":"search_term_string"}}],"inLanguage":"en-US"}]}},"coauthors":[],"author_meta":{"author_link":"https:\/\/aem.hr\/en\/blog\/author\/mkirac\/","display_name":"Matko Kirac"},"relative_dates":{"created":"Posted 1 year ago","modified":"Updated 1 year ago"},"absolute_dates":{"created":"Posted on 30. January 2025.","modified":"Updated on 30. January 2025."},"absolute_dates_time":{"created":"Posted on 30. January 2025. 14:39","modified":"Updated on 30. January 2025. 14:39"},"featured_img_caption":"","featured_img":false,"series_order":"","_links":{"self":[{"href":"https:\/\/aem.hr\/en\/wp-json\/wp\/v2\/pages\/19478","targetHints":{"allow":["GET"]}}],"collection":[{"href":"https:\/\/aem.hr\/en\/wp-json\/wp\/v2\/pages"}],"about":[{"href":"https:\/\/aem.hr\/en\/wp-json\/wp\/v2\/types\/page"}],"author":[{"embeddable":true,"href":"https:\/\/aem.hr\/en\/wp-json\/wp\/v2\/users\/18"}],"replies":[{"embeddable":true,"href":"https:\/\/aem.hr\/en\/wp-json\/wp\/v2\/comments?post=19478"}],"version-history":[{"count":1,"href":"https:\/\/aem.hr\/en\/wp-json\/wp\/v2\/pages\/19478\/revisions"}],"predecessor-version":[{"id":19495,"href":"https:\/\/aem.hr\/en\/wp-json\/wp\/v2\/pages\/19478\/revisions\/19495"}],"wp:attachment":[{"href":"https:\/\/aem.hr\/en\/wp-json\/wp\/v2\/media?parent=19478"}],"curies":[{"name":"wp","href":"https:\/\/api.w.org\/{rel}","templated":true}]}}