{"id":19497,"date":"2025-01-30T14:43:52","date_gmt":"2025-01-30T13:43:52","guid":{"rendered":"http:\/\/aem.hr\/?page_id=19497"},"modified":"2025-01-30T14:43:53","modified_gmt":"2025-01-30T13:43:53","slug":"gordana-arh-starenje-seoskog-stanovnistva-na-primjeru-gorskog-kotara-problemi-osoba-trece-zivotne-dobi-u-zabacenim-zaseocima","status":"publish","type":"page","link":"https:\/\/aem.hr\/en\/gordana-arh-starenje-seoskog-stanovnistva-na-primjeru-gorskog-kotara-problemi-osoba-trece-zivotne-dobi-u-zabacenim-zaseocima\/","title":{"rendered":"Gordana Arh &#8211; Starenje seoskog stanovni\u0161tva na primjeru Gorskog kotara &#8211; problemi osoba tre\u0107e \u017eivotne dobi u zaba\u010denim zaseocima"},"content":{"rendered":"\n<div class=\"wp-block-file\"><a id=\"wp-block-file--media-3284b803-06ab-4cb2-b5d4-f0be4f7f42e0\" href=\"https:\/\/aem.hr\/wp-content\/uploads\/2025\/01\/1.-Raj-bez-ljudi.pdf\">1. Raj bez ljudi<\/a><a href=\"https:\/\/aem.hr\/wp-content\/uploads\/2025\/01\/1.-Raj-bez-ljudi.pdf\" class=\"wp-block-file__button wp-element-button\" download aria-describedby=\"wp-block-file--media-3284b803-06ab-4cb2-b5d4-f0be4f7f42e0\">Preuzimanje<\/a><\/div>\n\n\n\n<div class=\"wp-block-file\"><a id=\"wp-block-file--media-77a6113e-2cf9-423f-b221-e4cd92c8cb27\" href=\"https:\/\/aem.hr\/wp-content\/uploads\/2025\/01\/2.-Stvarnost-Gorskog-kotara.pdf\">2. Stvarnost Gorskog kotara<\/a><a href=\"https:\/\/aem.hr\/wp-content\/uploads\/2025\/01\/2.-Stvarnost-Gorskog-kotara.pdf\" class=\"wp-block-file__button wp-element-button\" download aria-describedby=\"wp-block-file--media-77a6113e-2cf9-423f-b221-e4cd92c8cb27\">Preuzimanje<\/a><\/div>\n\n\n\n<div class=\"wp-block-file\"><a id=\"wp-block-file--media-b0bb9ee7-c3b0-48bf-ad26-3a4f08cabc7d\" href=\"https:\/\/aem.hr\/wp-content\/uploads\/2025\/01\/3.-Ivka-Lautar.pdf\">3. Ivka Lautar<\/a><a href=\"https:\/\/aem.hr\/wp-content\/uploads\/2025\/01\/3.-Ivka-Lautar.pdf\" class=\"wp-block-file__button wp-element-button\" download aria-describedby=\"wp-block-file--media-b0bb9ee7-c3b0-48bf-ad26-3a4f08cabc7d\">Preuzimanje<\/a><\/div>\n\n\n\n<div class=\"wp-block-file\"><a id=\"wp-block-file--media-d536d08d-0927-46b5-a2b8-211776a67c52\" href=\"https:\/\/aem.hr\/wp-content\/uploads\/2025\/01\/4.-Franjica-Troha.pdf\">4. Franjica Troha<\/a><a href=\"https:\/\/aem.hr\/wp-content\/uploads\/2025\/01\/4.-Franjica-Troha.pdf\" class=\"wp-block-file__button wp-element-button\" download aria-describedby=\"wp-block-file--media-d536d08d-0927-46b5-a2b8-211776a67c52\">Preuzimanje<\/a><\/div>\n\n\n\n<div class=\"wp-block-file\"><a id=\"wp-block-file--media-9753e7ad-88f4-4962-8a22-240b66965903\" href=\"https:\/\/aem.hr\/wp-content\/uploads\/2025\/01\/5.-Anamarija-Kvas.pdf\">5. Anamarija Kvas<\/a><a href=\"https:\/\/aem.hr\/wp-content\/uploads\/2025\/01\/5.-Anamarija-Kvas.pdf\" class=\"wp-block-file__button wp-element-button\" download aria-describedby=\"wp-block-file--media-9753e7ad-88f4-4962-8a22-240b66965903\">Preuzimanje<\/a><\/div>\n\n\n\n<div class=\"wp-block-file\"><a id=\"wp-block-file--media-8d53f43a-23d6-4dca-a9b6-4fa8732d3ec9\" href=\"https:\/\/aem.hr\/wp-content\/uploads\/2025\/01\/6.-Pravo-na-pomoc\u0301-u-kuc\u0301i.pdf\">6. Pravo na pomoc\u0301 u kuc\u0301i<\/a><a href=\"https:\/\/aem.hr\/wp-content\/uploads\/2025\/01\/6.-Pravo-na-pomoc\u0301-u-kuc\u0301i.pdf\" class=\"wp-block-file__button wp-element-button\" download aria-describedby=\"wp-block-file--media-8d53f43a-23d6-4dca-a9b6-4fa8732d3ec9\">Preuzimanje<\/a><\/div>\n\n\n\n<div class=\"wp-block-file\"><a id=\"wp-block-file--media-834b627c-0388-4dba-ab40-88cb8c512c77\" href=\"https:\/\/aem.hr\/wp-content\/uploads\/2025\/01\/7.-Zorica-Z\u030cagar.pdf\">7. Zorica Z\u030cagar<\/a><a href=\"https:\/\/aem.hr\/wp-content\/uploads\/2025\/01\/7.-Zorica-Z\u030cagar.pdf\" class=\"wp-block-file__button wp-element-button\" download aria-describedby=\"wp-block-file--media-834b627c-0388-4dba-ab40-88cb8c512c77\">Preuzimanje<\/a><\/div>\n\n\n\n<div class=\"wp-block-file\"><a id=\"wp-block-file--media-a8f3efb9-524b-4a3c-b8d2-0a1f04408701\" href=\"https:\/\/aem.hr\/wp-content\/uploads\/2025\/01\/8.-Kristina-Tomac.pdf\">8. Kristina Tomac<\/a><a href=\"https:\/\/aem.hr\/wp-content\/uploads\/2025\/01\/8.-Kristina-Tomac.pdf\" class=\"wp-block-file__button wp-element-button\" download aria-describedby=\"wp-block-file--media-a8f3efb9-524b-4a3c-b8d2-0a1f04408701\">Preuzimanje<\/a><\/div>\n","protected":false},"excerpt":{"rendered":"","protected":false},"author":18,"featured_media":0,"parent":0,"menu_order":0,"comment_status":"closed","ping_status":"closed","template":"","meta":{"_acf_changed":false,"inline_featured_image":false,"advgb_blocks_editor_width":"","advgb_blocks_columns_visual_guide":"","_links_to":"","_links_to_type":0,"footnotes":""},"class_list":["post-19497","page","type-page","status-publish","hentry"],"acf":[],"yoast_head":"<!-- This site is optimized with the Yoast SEO plugin v25.7 - https:\/\/yoast.com\/wordpress\/plugins\/seo\/ -->\n<title>Gordana Arh - Starenje seoskog stanovni\u0161tva na primjeru Gorskog kotara - problemi osoba tre\u0107e \u017eivotne dobi u zaba\u010denim zaseocima - Agencija za elektroni\u010dke medije<\/title>\n<meta name=\"robots\" content=\"index, follow, max-snippet:-1, max-image-preview:large, max-video-preview:-1\" \/>\n<link rel=\"canonical\" href=\"https:\/\/aem.hr\/gordana-arh-starenje-seoskog-stanovnistva-na-primjeru-gorskog-kotara-problemi-osoba-trece-zivotne-dobi-u-zabacenim-zaseocima\/\" \/>\n<meta property=\"og:locale\" content=\"en_US\" \/>\n<meta property=\"og:type\" content=\"article\" \/>\n<meta property=\"og:title\" content=\"Gordana Arh - Starenje seoskog stanovni\u0161tva na primjeru Gorskog kotara - problemi osoba tre\u0107e \u017eivotne dobi u zaba\u010denim zaseocima - Agencija za elektroni\u010dke medije\" \/>\n<meta property=\"og:url\" content=\"https:\/\/aem.hr\/gordana-arh-starenje-seoskog-stanovnistva-na-primjeru-gorskog-kotara-problemi-osoba-trece-zivotne-dobi-u-zabacenim-zaseocima\/\" \/>\n<meta property=\"og:site_name\" content=\"Agencija za elektroni\u010dke medije\" \/>\n<meta property=\"article:modified_time\" content=\"2025-01-30T13:43:53+00:00\" \/>\n<meta name=\"twitter:card\" content=\"summary_large_image\" \/>\n<meta name=\"twitter:label1\" content=\"Est. reading time\" \/>\n\t<meta name=\"twitter:data1\" content=\"1 minute\" \/>\n<script type=\"application\/ld+json\" class=\"yoast-schema-graph\">{\"@context\":\"https:\/\/schema.org\",\"@graph\":[{\"@type\":\"WebPage\",\"@id\":\"https:\/\/aem.hr\/gordana-arh-starenje-seoskog-stanovnistva-na-primjeru-gorskog-kotara-problemi-osoba-trece-zivotne-dobi-u-zabacenim-zaseocima\/\",\"url\":\"https:\/\/aem.hr\/gordana-arh-starenje-seoskog-stanovnistva-na-primjeru-gorskog-kotara-problemi-osoba-trece-zivotne-dobi-u-zabacenim-zaseocima\/\",\"name\":\"Gordana Arh - Starenje seoskog stanovni\u0161tva na primjeru Gorskog kotara - problemi osoba tre\u0107e \u017eivotne dobi u zaba\u010denim zaseocima - Agencija za elektroni\u010dke medije\",\"isPartOf\":{\"@id\":\"https:\/\/aem.hr\/#website\"},\"datePublished\":\"2025-01-30T13:43:52+00:00\",\"dateModified\":\"2025-01-30T13:43:53+00:00\",\"breadcrumb\":{\"@id\":\"https:\/\/aem.hr\/gordana-arh-starenje-seoskog-stanovnistva-na-primjeru-gorskog-kotara-problemi-osoba-trece-zivotne-dobi-u-zabacenim-zaseocima\/#breadcrumb\"},\"inLanguage\":\"en-US\",\"potentialAction\":[{\"@type\":\"ReadAction\",\"target\":[\"https:\/\/aem.hr\/gordana-arh-starenje-seoskog-stanovnistva-na-primjeru-gorskog-kotara-problemi-osoba-trece-zivotne-dobi-u-zabacenim-zaseocima\/\"]}]},{\"@type\":\"BreadcrumbList\",\"@id\":\"https:\/\/aem.hr\/gordana-arh-starenje-seoskog-stanovnistva-na-primjeru-gorskog-kotara-problemi-osoba-trece-zivotne-dobi-u-zabacenim-zaseocima\/#breadcrumb\",\"itemListElement\":[{\"@type\":\"ListItem\",\"position\":1,\"name\":\"Po\u010detna stranica\",\"item\":\"https:\/\/aem.hr\/\"},{\"@type\":\"ListItem\",\"position\":2,\"name\":\"Gordana Arh &#8211; Starenje seoskog stanovni\u0161tva na primjeru Gorskog kotara &#8211; problemi osoba tre\u0107e \u017eivotne dobi u zaba\u010denim zaseocima\"}]},{\"@type\":\"WebSite\",\"@id\":\"https:\/\/aem.hr\/#website\",\"url\":\"https:\/\/aem.hr\/\",\"name\":\"Agencija za elektroni\u010dke medije\",\"description\":\"\",\"potentialAction\":[{\"@type\":\"SearchAction\",\"target\":{\"@type\":\"EntryPoint\",\"urlTemplate\":\"https:\/\/aem.hr\/?s={search_term_string}\"},\"query-input\":{\"@type\":\"PropertyValueSpecification\",\"valueRequired\":true,\"valueName\":\"search_term_string\"}}],\"inLanguage\":\"en-US\"}]}<\/script>\n<!-- \/ Yoast SEO plugin. -->","yoast_head_json":{"title":"Gordana Arh - Starenje seoskog stanovni\u0161tva na primjeru Gorskog kotara - problemi osoba tre\u0107e \u017eivotne dobi u zaba\u010denim zaseocima - Agencija za elektroni\u010dke medije","robots":{"index":"index","follow":"follow","max-snippet":"max-snippet:-1","max-image-preview":"max-image-preview:large","max-video-preview":"max-video-preview:-1"},"canonical":"https:\/\/aem.hr\/gordana-arh-starenje-seoskog-stanovnistva-na-primjeru-gorskog-kotara-problemi-osoba-trece-zivotne-dobi-u-zabacenim-zaseocima\/","og_locale":"en_US","og_type":"article","og_title":"Gordana Arh - Starenje seoskog stanovni\u0161tva na primjeru Gorskog kotara - problemi osoba tre\u0107e \u017eivotne dobi u zaba\u010denim zaseocima - Agencija za elektroni\u010dke medije","og_url":"https:\/\/aem.hr\/gordana-arh-starenje-seoskog-stanovnistva-na-primjeru-gorskog-kotara-problemi-osoba-trece-zivotne-dobi-u-zabacenim-zaseocima\/","og_site_name":"Agencija za elektroni\u010dke medije","article_modified_time":"2025-01-30T13:43:53+00:00","twitter_card":"summary_large_image","twitter_misc":{"Est. reading time":"1 minute"},"schema":{"@context":"https:\/\/schema.org","@graph":[{"@type":"WebPage","@id":"https:\/\/aem.hr\/gordana-arh-starenje-seoskog-stanovnistva-na-primjeru-gorskog-kotara-problemi-osoba-trece-zivotne-dobi-u-zabacenim-zaseocima\/","url":"https:\/\/aem.hr\/gordana-arh-starenje-seoskog-stanovnistva-na-primjeru-gorskog-kotara-problemi-osoba-trece-zivotne-dobi-u-zabacenim-zaseocima\/","name":"Gordana Arh - Starenje seoskog stanovni\u0161tva na primjeru Gorskog kotara - problemi osoba tre\u0107e \u017eivotne dobi u zaba\u010denim zaseocima - Agencija za elektroni\u010dke medije","isPartOf":{"@id":"https:\/\/aem.hr\/#website"},"datePublished":"2025-01-30T13:43:52+00:00","dateModified":"2025-01-30T13:43:53+00:00","breadcrumb":{"@id":"https:\/\/aem.hr\/gordana-arh-starenje-seoskog-stanovnistva-na-primjeru-gorskog-kotara-problemi-osoba-trece-zivotne-dobi-u-zabacenim-zaseocima\/#breadcrumb"},"inLanguage":"en-US","potentialAction":[{"@type":"ReadAction","target":["https:\/\/aem.hr\/gordana-arh-starenje-seoskog-stanovnistva-na-primjeru-gorskog-kotara-problemi-osoba-trece-zivotne-dobi-u-zabacenim-zaseocima\/"]}]},{"@type":"BreadcrumbList","@id":"https:\/\/aem.hr\/gordana-arh-starenje-seoskog-stanovnistva-na-primjeru-gorskog-kotara-problemi-osoba-trece-zivotne-dobi-u-zabacenim-zaseocima\/#breadcrumb","itemListElement":[{"@type":"ListItem","position":1,"name":"Po\u010detna stranica","item":"https:\/\/aem.hr\/"},{"@type":"ListItem","position":2,"name":"Gordana Arh &#8211; Starenje seoskog stanovni\u0161tva na primjeru Gorskog kotara &#8211; problemi osoba tre\u0107e \u017eivotne dobi u zaba\u010denim zaseocima"}]},{"@type":"WebSite","@id":"https:\/\/aem.hr\/#website","url":"https:\/\/aem.hr\/","name":"Agencija za elektroni\u010dke medije","description":"","potentialAction":[{"@type":"SearchAction","target":{"@type":"EntryPoint","urlTemplate":"https:\/\/aem.hr\/?s={search_term_string}"},"query-input":{"@type":"PropertyValueSpecification","valueRequired":true,"valueName":"search_term_string"}}],"inLanguage":"en-US"}]}},"coauthors":[],"author_meta":{"author_link":"https:\/\/aem.hr\/en\/blog\/author\/mkirac\/","display_name":"Matko Kirac"},"relative_dates":{"created":"Posted 1 year ago","modified":"Updated 1 year ago"},"absolute_dates":{"created":"Posted on 30. January 2025.","modified":"Updated on 30. January 2025."},"absolute_dates_time":{"created":"Posted on 30. January 2025. 14:43","modified":"Updated on 30. January 2025. 14:43"},"featured_img_caption":"","featured_img":false,"series_order":"","_links":{"self":[{"href":"https:\/\/aem.hr\/en\/wp-json\/wp\/v2\/pages\/19497","targetHints":{"allow":["GET"]}}],"collection":[{"href":"https:\/\/aem.hr\/en\/wp-json\/wp\/v2\/pages"}],"about":[{"href":"https:\/\/aem.hr\/en\/wp-json\/wp\/v2\/types\/page"}],"author":[{"embeddable":true,"href":"https:\/\/aem.hr\/en\/wp-json\/wp\/v2\/users\/18"}],"replies":[{"embeddable":true,"href":"https:\/\/aem.hr\/en\/wp-json\/wp\/v2\/comments?post=19497"}],"version-history":[{"count":1,"href":"https:\/\/aem.hr\/en\/wp-json\/wp\/v2\/pages\/19497\/revisions"}],"predecessor-version":[{"id":19515,"href":"https:\/\/aem.hr\/en\/wp-json\/wp\/v2\/pages\/19497\/revisions\/19515"}],"wp:attachment":[{"href":"https:\/\/aem.hr\/en\/wp-json\/wp\/v2\/media?parent=19497"}],"curies":[{"name":"wp","href":"https:\/\/api.w.org\/{rel}","templated":true}]}}