{"id":19516,"date":"2025-01-30T14:45:11","date_gmt":"2025-01-30T13:45:11","guid":{"rendered":"http:\/\/aem.hr\/?page_id=19516"},"modified":"2025-01-30T14:45:12","modified_gmt":"2025-01-30T13:45:12","slug":"drazen-boros-dijabetes-je-moj-saveznik-nece-me-sprijeciti-u-ostvarenju-mojih-sportskih-snova","status":"publish","type":"page","link":"https:\/\/aem.hr\/en\/drazen-boros-dijabetes-je-moj-saveznik-nece-me-sprijeciti-u-ostvarenju-mojih-sportskih-snova\/","title":{"rendered":"Dra\u017een Boro\u0161 &#8211; Dijabetes je moj saveznik, ne\u0107e me sprije\u010diti u ostvarenju mojih sportskih snova!"},"content":{"rendered":"\n<div class=\"wp-block-file\"><a id=\"wp-block-file--media-5bdd9cb6-26c2-4169-898e-5bf58441169a\" href=\"https:\/\/aem.hr\/wp-content\/uploads\/2025\/01\/1.-Rocky-s-inzulinskom-pumpom-zivi-za-nogomet.pdf\">1. &#8216;Rocky&#8217; s inzulinskom pumpom \u017eivi za nogomet<\/a><a href=\"https:\/\/aem.hr\/wp-content\/uploads\/2025\/01\/1.-Rocky-s-inzulinskom-pumpom-zivi-za-nogomet.pdf\" class=\"wp-block-file__button wp-element-button\" download aria-describedby=\"wp-block-file--media-5bdd9cb6-26c2-4169-898e-5bf58441169a\">Preuzimanje<\/a><\/div>\n\n\n\n<div class=\"wp-block-file\"><a id=\"wp-block-file--media-c86207d2-3679-4627-9060-6a67fc350d89\" href=\"https:\/\/aem.hr\/wp-content\/uploads\/2025\/01\/2.-Ne-ogranicavajte-djecu-s-dijabetesom-u-izboru-karijere.pdf\">2. Ne ograni\u010davajte djecu s dijabetesom u izboru karijere<\/a><a href=\"https:\/\/aem.hr\/wp-content\/uploads\/2025\/01\/2.-Ne-ogranicavajte-djecu-s-dijabetesom-u-izboru-karijere.pdf\" class=\"wp-block-file__button wp-element-button\" download aria-describedby=\"wp-block-file--media-c86207d2-3679-4627-9060-6a67fc350d89\">Preuzimanje<\/a><\/div>\n\n\n\n<div class=\"wp-block-file\"><a id=\"wp-block-file--media-eb0f692e-ba95-4e12-8ce3-9371ed0415c0\" href=\"https:\/\/aem.hr\/wp-content\/uploads\/2025\/01\/3.-Nema-prepreka-da-i-mali-dijabeticari-postanu.pdf\">3. Nema prepreka da i mali dijabeti\u010dari postanu<\/a><a href=\"https:\/\/aem.hr\/wp-content\/uploads\/2025\/01\/3.-Nema-prepreka-da-i-mali-dijabeticari-postanu.pdf\" class=\"wp-block-file__button wp-element-button\" download aria-describedby=\"wp-block-file--media-eb0f692e-ba95-4e12-8ce3-9371ed0415c0\">Preuzimanje<\/a><\/div>\n\n\n\n<div class=\"wp-block-file\"><a id=\"wp-block-file--media-50171d56-5fb6-4ac0-86a8-889d7e19b295\" href=\"https:\/\/aem.hr\/wp-content\/uploads\/2025\/01\/4.-Sa-10-godina-dobio-dijabetes-sa-23-postao-prvak-svijeta.pdf\">4. Sa 10 godina dobio dijabetes, sa 23 postao prvak svijeta<\/a><a href=\"https:\/\/aem.hr\/wp-content\/uploads\/2025\/01\/4.-Sa-10-godina-dobio-dijabetes-sa-23-postao-prvak-svijeta.pdf\" class=\"wp-block-file__button wp-element-button\" download aria-describedby=\"wp-block-file--media-50171d56-5fb6-4ac0-86a8-889d7e19b295\">Preuzimanje<\/a><\/div>\n\n\n\n<div class=\"wp-block-file\"><a id=\"wp-block-file--media-59fe28ef-21fc-4ed9-9e88-7b641b8cfc74\" href=\"https:\/\/aem.hr\/wp-content\/uploads\/2025\/01\/5.-Sportas-na-inzulinu-ne-smije-se-nagraditi-ni-bombonom.pdf\">5. Sporta\u0161 na inzulinu ne smije se nagraditi ni bombonom<\/a><a href=\"https:\/\/aem.hr\/wp-content\/uploads\/2025\/01\/5.-Sportas-na-inzulinu-ne-smije-se-nagraditi-ni-bombonom.pdf\" class=\"wp-block-file__button wp-element-button\" download aria-describedby=\"wp-block-file--media-59fe28ef-21fc-4ed9-9e88-7b641b8cfc74\">Preuzimanje<\/a><\/div>\n\n\n\n<div class=\"wp-block-file\"><a id=\"wp-block-file--media-a4275d11-7e15-42bf-b1ef-968b56ecf4bb\" href=\"https:\/\/aem.hr\/wp-content\/uploads\/2025\/01\/6.-Poglavica-iz-Kameruna-u-borbi-protiv-degradacije-sportasa.pdf\">6. Poglavica iz Kameruna u borbi protiv degradacije sporta\u0161a<\/a><a href=\"https:\/\/aem.hr\/wp-content\/uploads\/2025\/01\/6.-Poglavica-iz-Kameruna-u-borbi-protiv-degradacije-sportasa.pdf\" class=\"wp-block-file__button wp-element-button\" download aria-describedby=\"wp-block-file--media-a4275d11-7e15-42bf-b1ef-968b56ecf4bb\">Preuzimanje<\/a><\/div>\n\n\n\n<p><\/p>\n","protected":false},"excerpt":{"rendered":"","protected":false},"author":18,"featured_media":0,"parent":0,"menu_order":0,"comment_status":"closed","ping_status":"closed","template":"","meta":{"_acf_changed":false,"inline_featured_image":false,"advgb_blocks_editor_width":"","advgb_blocks_columns_visual_guide":"","_links_to":"","_links_to_type":0,"footnotes":""},"class_list":["post-19516","page","type-page","status-publish","hentry"],"acf":[],"yoast_head":"<!-- This site is optimized with the Yoast SEO plugin v25.7 - https:\/\/yoast.com\/wordpress\/plugins\/seo\/ -->\n<title>Dra\u017een Boro\u0161 - Dijabetes je moj saveznik, ne\u0107e me sprije\u010diti u ostvarenju mojih sportskih snova! - Agencija za elektroni\u010dke medije<\/title>\n<meta name=\"robots\" content=\"index, follow, max-snippet:-1, max-image-preview:large, max-video-preview:-1\" \/>\n<link rel=\"canonical\" href=\"https:\/\/aem.hr\/drazen-boros-dijabetes-je-moj-saveznik-nece-me-sprijeciti-u-ostvarenju-mojih-sportskih-snova\/\" \/>\n<meta property=\"og:locale\" content=\"en_US\" \/>\n<meta property=\"og:type\" content=\"article\" \/>\n<meta property=\"og:title\" content=\"Dra\u017een Boro\u0161 - Dijabetes je moj saveznik, ne\u0107e me sprije\u010diti u ostvarenju mojih sportskih snova! - Agencija za elektroni\u010dke medije\" \/>\n<meta property=\"og:url\" content=\"https:\/\/aem.hr\/drazen-boros-dijabetes-je-moj-saveznik-nece-me-sprijeciti-u-ostvarenju-mojih-sportskih-snova\/\" \/>\n<meta property=\"og:site_name\" content=\"Agencija za elektroni\u010dke medije\" \/>\n<meta property=\"article:modified_time\" content=\"2025-01-30T13:45:12+00:00\" \/>\n<meta name=\"twitter:card\" content=\"summary_large_image\" \/>\n<meta name=\"twitter:label1\" content=\"Est. reading time\" \/>\n\t<meta name=\"twitter:data1\" content=\"1 minute\" \/>\n<script type=\"application\/ld+json\" class=\"yoast-schema-graph\">{\"@context\":\"https:\/\/schema.org\",\"@graph\":[{\"@type\":\"WebPage\",\"@id\":\"https:\/\/aem.hr\/drazen-boros-dijabetes-je-moj-saveznik-nece-me-sprijeciti-u-ostvarenju-mojih-sportskih-snova\/\",\"url\":\"https:\/\/aem.hr\/drazen-boros-dijabetes-je-moj-saveznik-nece-me-sprijeciti-u-ostvarenju-mojih-sportskih-snova\/\",\"name\":\"Dra\u017een Boro\u0161 - Dijabetes je moj saveznik, ne\u0107e me sprije\u010diti u ostvarenju mojih sportskih snova! - Agencija za elektroni\u010dke medije\",\"isPartOf\":{\"@id\":\"https:\/\/aem.hr\/#website\"},\"datePublished\":\"2025-01-30T13:45:11+00:00\",\"dateModified\":\"2025-01-30T13:45:12+00:00\",\"breadcrumb\":{\"@id\":\"https:\/\/aem.hr\/drazen-boros-dijabetes-je-moj-saveznik-nece-me-sprijeciti-u-ostvarenju-mojih-sportskih-snova\/#breadcrumb\"},\"inLanguage\":\"en-US\",\"potentialAction\":[{\"@type\":\"ReadAction\",\"target\":[\"https:\/\/aem.hr\/drazen-boros-dijabetes-je-moj-saveznik-nece-me-sprijeciti-u-ostvarenju-mojih-sportskih-snova\/\"]}]},{\"@type\":\"BreadcrumbList\",\"@id\":\"https:\/\/aem.hr\/drazen-boros-dijabetes-je-moj-saveznik-nece-me-sprijeciti-u-ostvarenju-mojih-sportskih-snova\/#breadcrumb\",\"itemListElement\":[{\"@type\":\"ListItem\",\"position\":1,\"name\":\"Po\u010detna stranica\",\"item\":\"https:\/\/aem.hr\/\"},{\"@type\":\"ListItem\",\"position\":2,\"name\":\"Dra\u017een Boro\u0161 &#8211; Dijabetes je moj saveznik, ne\u0107e me sprije\u010diti u ostvarenju mojih sportskih snova!\"}]},{\"@type\":\"WebSite\",\"@id\":\"https:\/\/aem.hr\/#website\",\"url\":\"https:\/\/aem.hr\/\",\"name\":\"Agencija za elektroni\u010dke medije\",\"description\":\"\",\"potentialAction\":[{\"@type\":\"SearchAction\",\"target\":{\"@type\":\"EntryPoint\",\"urlTemplate\":\"https:\/\/aem.hr\/?s={search_term_string}\"},\"query-input\":{\"@type\":\"PropertyValueSpecification\",\"valueRequired\":true,\"valueName\":\"search_term_string\"}}],\"inLanguage\":\"en-US\"}]}<\/script>\n<!-- \/ Yoast SEO plugin. -->","yoast_head_json":{"title":"Dra\u017een Boro\u0161 - Dijabetes je moj saveznik, ne\u0107e me sprije\u010diti u ostvarenju mojih sportskih snova! - Agencija za elektroni\u010dke medije","robots":{"index":"index","follow":"follow","max-snippet":"max-snippet:-1","max-image-preview":"max-image-preview:large","max-video-preview":"max-video-preview:-1"},"canonical":"https:\/\/aem.hr\/drazen-boros-dijabetes-je-moj-saveznik-nece-me-sprijeciti-u-ostvarenju-mojih-sportskih-snova\/","og_locale":"en_US","og_type":"article","og_title":"Dra\u017een Boro\u0161 - Dijabetes je moj saveznik, ne\u0107e me sprije\u010diti u ostvarenju mojih sportskih snova! - Agencija za elektroni\u010dke medije","og_url":"https:\/\/aem.hr\/drazen-boros-dijabetes-je-moj-saveznik-nece-me-sprijeciti-u-ostvarenju-mojih-sportskih-snova\/","og_site_name":"Agencija za elektroni\u010dke medije","article_modified_time":"2025-01-30T13:45:12+00:00","twitter_card":"summary_large_image","twitter_misc":{"Est. reading time":"1 minute"},"schema":{"@context":"https:\/\/schema.org","@graph":[{"@type":"WebPage","@id":"https:\/\/aem.hr\/drazen-boros-dijabetes-je-moj-saveznik-nece-me-sprijeciti-u-ostvarenju-mojih-sportskih-snova\/","url":"https:\/\/aem.hr\/drazen-boros-dijabetes-je-moj-saveznik-nece-me-sprijeciti-u-ostvarenju-mojih-sportskih-snova\/","name":"Dra\u017een Boro\u0161 - Dijabetes je moj saveznik, ne\u0107e me sprije\u010diti u ostvarenju mojih sportskih snova! - Agencija za elektroni\u010dke medije","isPartOf":{"@id":"https:\/\/aem.hr\/#website"},"datePublished":"2025-01-30T13:45:11+00:00","dateModified":"2025-01-30T13:45:12+00:00","breadcrumb":{"@id":"https:\/\/aem.hr\/drazen-boros-dijabetes-je-moj-saveznik-nece-me-sprijeciti-u-ostvarenju-mojih-sportskih-snova\/#breadcrumb"},"inLanguage":"en-US","potentialAction":[{"@type":"ReadAction","target":["https:\/\/aem.hr\/drazen-boros-dijabetes-je-moj-saveznik-nece-me-sprijeciti-u-ostvarenju-mojih-sportskih-snova\/"]}]},{"@type":"BreadcrumbList","@id":"https:\/\/aem.hr\/drazen-boros-dijabetes-je-moj-saveznik-nece-me-sprijeciti-u-ostvarenju-mojih-sportskih-snova\/#breadcrumb","itemListElement":[{"@type":"ListItem","position":1,"name":"Po\u010detna stranica","item":"https:\/\/aem.hr\/"},{"@type":"ListItem","position":2,"name":"Dra\u017een Boro\u0161 &#8211; Dijabetes je moj saveznik, ne\u0107e me sprije\u010diti u ostvarenju mojih sportskih snova!"}]},{"@type":"WebSite","@id":"https:\/\/aem.hr\/#website","url":"https:\/\/aem.hr\/","name":"Agencija za elektroni\u010dke medije","description":"","potentialAction":[{"@type":"SearchAction","target":{"@type":"EntryPoint","urlTemplate":"https:\/\/aem.hr\/?s={search_term_string}"},"query-input":{"@type":"PropertyValueSpecification","valueRequired":true,"valueName":"search_term_string"}}],"inLanguage":"en-US"}]}},"coauthors":[],"author_meta":{"author_link":"https:\/\/aem.hr\/en\/blog\/author\/mkirac\/","display_name":"Matko Kirac"},"relative_dates":{"created":"Posted 1 year ago","modified":"Updated 1 year ago"},"absolute_dates":{"created":"Posted on 30. January 2025.","modified":"Updated on 30. January 2025."},"absolute_dates_time":{"created":"Posted on 30. January 2025. 14:45","modified":"Updated on 30. January 2025. 14:45"},"featured_img_caption":"","featured_img":false,"series_order":"","_links":{"self":[{"href":"https:\/\/aem.hr\/en\/wp-json\/wp\/v2\/pages\/19516","targetHints":{"allow":["GET"]}}],"collection":[{"href":"https:\/\/aem.hr\/en\/wp-json\/wp\/v2\/pages"}],"about":[{"href":"https:\/\/aem.hr\/en\/wp-json\/wp\/v2\/types\/page"}],"author":[{"embeddable":true,"href":"https:\/\/aem.hr\/en\/wp-json\/wp\/v2\/users\/18"}],"replies":[{"embeddable":true,"href":"https:\/\/aem.hr\/en\/wp-json\/wp\/v2\/comments?post=19516"}],"version-history":[{"count":1,"href":"https:\/\/aem.hr\/en\/wp-json\/wp\/v2\/pages\/19516\/revisions"}],"predecessor-version":[{"id":19529,"href":"https:\/\/aem.hr\/en\/wp-json\/wp\/v2\/pages\/19516\/revisions\/19529"}],"wp:attachment":[{"href":"https:\/\/aem.hr\/en\/wp-json\/wp\/v2\/media?parent=19516"}],"curies":[{"name":"wp","href":"https:\/\/api.w.org\/{rel}","templated":true}]}}