{"id":19598,"date":"2025-01-30T14:59:24","date_gmt":"2025-01-30T13:59:24","guid":{"rendered":"http:\/\/aem.hr\/?page_id=19598"},"modified":"2025-01-30T14:59:25","modified_gmt":"2025-01-30T13:59:25","slug":"zdenka-weber-najbolji-hrvatski-izvodaci-klasicne-glazbe-solisti-ansambli-orkestri","status":"publish","type":"page","link":"https:\/\/aem.hr\/en\/zdenka-weber-najbolji-hrvatski-izvodaci-klasicne-glazbe-solisti-ansambli-orkestri\/","title":{"rendered":"Zdenka Weber &#8211; Najbolji hrvatski izvo\u0111a\u010di klasi\u010dne glazbe &#8211; solisti, ansambli, orkestri"},"content":{"rendered":"\n<div class=\"wp-block-file\"><a id=\"wp-block-file--media-3a2f9d3b-d53c-4da3-823a-dd91a55cf38d\" href=\"https:\/\/aem.hr\/wp-content\/uploads\/2025\/01\/1.-Tumaci-umjetnicke-glazbe.pdf\">1. Tuma\u010di umjetni\u010dke glazbe<\/a><a href=\"https:\/\/aem.hr\/wp-content\/uploads\/2025\/01\/1.-Tumaci-umjetnicke-glazbe.pdf\" class=\"wp-block-file__button wp-element-button\" download aria-describedby=\"wp-block-file--media-3a2f9d3b-d53c-4da3-823a-dd91a55cf38d\">Preuzimanje<\/a><\/div>\n\n\n\n<div class=\"wp-block-file\"><a id=\"wp-block-file--media-2611552a-5e09-4e6c-97d7-1a91fc697173\" href=\"https:\/\/aem.hr\/wp-content\/uploads\/2025\/01\/2.-Disciplina-i-koncentriranost-dubinskog.pdf\">2. Disciplina i koncentriranost dubinskog<\/a><a href=\"https:\/\/aem.hr\/wp-content\/uploads\/2025\/01\/2.-Disciplina-i-koncentriranost-dubinskog.pdf\" class=\"wp-block-file__button wp-element-button\" download aria-describedby=\"wp-block-file--media-2611552a-5e09-4e6c-97d7-1a91fc697173\">Preuzimanje<\/a><\/div>\n\n\n\n<div class=\"wp-block-file\"><a id=\"wp-block-file--media-74558ff5-eb7a-410d-9aa0-f8d26e6aebd1\" href=\"https:\/\/aem.hr\/wp-content\/uploads\/2025\/01\/3.-Trajno-vrhunska-glazba.pdf\">3. Trajno vrhunska glazba<\/a><a href=\"https:\/\/aem.hr\/wp-content\/uploads\/2025\/01\/3.-Trajno-vrhunska-glazba.pdf\" class=\"wp-block-file__button wp-element-button\" download aria-describedby=\"wp-block-file--media-74558ff5-eb7a-410d-9aa0-f8d26e6aebd1\">Preuzimanje<\/a><\/div>\n\n\n\n<div class=\"wp-block-file\"><a id=\"wp-block-file--media-81d99099-c684-4439-8cbf-3a104d2fa257\" href=\"https:\/\/aem.hr\/wp-content\/uploads\/2025\/01\/4.-Sedam-desetljeca-muziciranja.pdf\">4. Sedam desetlje\u0107a muziciranja<\/a><a href=\"https:\/\/aem.hr\/wp-content\/uploads\/2025\/01\/4.-Sedam-desetljeca-muziciranja.pdf\" class=\"wp-block-file__button wp-element-button\" download aria-describedby=\"wp-block-file--media-81d99099-c684-4439-8cbf-3a104d2fa257\">Preuzimanje<\/a><\/div>\n\n\n\n<div class=\"wp-block-file\"><a id=\"wp-block-file--media-20c20b8d-ff07-40bf-af7e-309ae8f779ab\" href=\"https:\/\/aem.hr\/wp-content\/uploads\/2025\/01\/5.-Svjetski-afirmirana-hrvatska-pijanistica.pdf\">5. Svjetski afirmirana hrvatska pijanistica<\/a><a href=\"https:\/\/aem.hr\/wp-content\/uploads\/2025\/01\/5.-Svjetski-afirmirana-hrvatska-pijanistica.pdf\" class=\"wp-block-file__button wp-element-button\" download aria-describedby=\"wp-block-file--media-20c20b8d-ff07-40bf-af7e-309ae8f779ab\">Preuzimanje<\/a><\/div>\n\n\n\n<div class=\"wp-block-file\"><a id=\"wp-block-file--media-de6ca745-7d86-451d-82be-b2efad786814\" href=\"https:\/\/aem.hr\/wp-content\/uploads\/2025\/01\/6.-Vrhunska-i-obogacujuca.pdf\">6. Vrhunska i oboga\u0107uju\u0107a<\/a><a href=\"https:\/\/aem.hr\/wp-content\/uploads\/2025\/01\/6.-Vrhunska-i-obogacujuca.pdf\" class=\"wp-block-file__button wp-element-button\" download aria-describedby=\"wp-block-file--media-de6ca745-7d86-451d-82be-b2efad786814\">Preuzimanje<\/a><\/div>\n\n\n\n<div class=\"wp-block-file\"><a id=\"wp-block-file--media-1960f5ab-548e-4fa8-ba78-aac9d1f35dff\" href=\"https:\/\/aem.hr\/wp-content\/uploads\/2025\/01\/7.-Cetvrt-stoljeca-vrhunskog.pdf\">7. \u010cetvrt stolje\u0107a vrhunskog<\/a><a href=\"https:\/\/aem.hr\/wp-content\/uploads\/2025\/01\/7.-Cetvrt-stoljeca-vrhunskog.pdf\" class=\"wp-block-file__button wp-element-button\" download aria-describedby=\"wp-block-file--media-1960f5ab-548e-4fa8-ba78-aac9d1f35dff\">Preuzimanje<\/a><\/div>\n\n\n\n<div class=\"wp-block-file\"><a id=\"wp-block-file--media-565935b2-1608-4deb-bb3a-0ca0f1f769b6\" href=\"https:\/\/aem.hr\/wp-content\/uploads\/2025\/01\/8.-Osjecajno-predano-i-intelektualno.pdf\">8. Osje\u0107ajno predano i intelektualno<\/a><a href=\"https:\/\/aem.hr\/wp-content\/uploads\/2025\/01\/8.-Osjecajno-predano-i-intelektualno.pdf\" class=\"wp-block-file__button wp-element-button\" download aria-describedby=\"wp-block-file--media-565935b2-1608-4deb-bb3a-0ca0f1f769b6\">Preuzimanje<\/a><\/div>\n\n\n\n<div class=\"wp-block-file\"><a id=\"wp-block-file--media-cc78522c-4670-4526-a163-25f553fed77e\" href=\"https:\/\/aem.hr\/wp-content\/uploads\/2025\/01\/9.-Mladost-donosi-novost-i-radost.pdf\">9. Mladost donosi novost i radost<\/a><a href=\"https:\/\/aem.hr\/wp-content\/uploads\/2025\/01\/9.-Mladost-donosi-novost-i-radost.pdf\" class=\"wp-block-file__button wp-element-button\" download aria-describedby=\"wp-block-file--media-cc78522c-4670-4526-a163-25f553fed77e\">Preuzimanje<\/a><\/div>\n\n\n\n<div class=\"wp-block-file\"><a id=\"wp-block-file--media-3a9b3722-bd4a-4981-9412-22759a261f1c\" href=\"https:\/\/aem.hr\/wp-content\/uploads\/2025\/01\/10.-Iskustvo-donosi-nova-uzbudenja.pdf\">10. Iskustvo donosi nova uzbu\u0111enja<\/a><a href=\"https:\/\/aem.hr\/wp-content\/uploads\/2025\/01\/10.-Iskustvo-donosi-nova-uzbudenja.pdf\" class=\"wp-block-file__button wp-element-button\" download aria-describedby=\"wp-block-file--media-3a9b3722-bd4a-4981-9412-22759a261f1c\">Preuzimanje<\/a><\/div>\n","protected":false},"excerpt":{"rendered":"","protected":false},"author":18,"featured_media":0,"parent":0,"menu_order":0,"comment_status":"closed","ping_status":"closed","template":"","meta":{"_acf_changed":false,"inline_featured_image":false,"advgb_blocks_editor_width":"","advgb_blocks_columns_visual_guide":"","_links_to":"","_links_to_type":0,"footnotes":""},"class_list":["post-19598","page","type-page","status-publish","hentry"],"acf":[],"yoast_head":"<!-- This site is optimized with the Yoast SEO plugin v25.7 - https:\/\/yoast.com\/wordpress\/plugins\/seo\/ -->\n<title>Zdenka Weber - Najbolji hrvatski izvo\u0111a\u010di klasi\u010dne glazbe - solisti, ansambli, orkestri - Agencija za elektroni\u010dke medije<\/title>\n<meta name=\"robots\" content=\"index, follow, max-snippet:-1, max-image-preview:large, max-video-preview:-1\" \/>\n<link rel=\"canonical\" href=\"https:\/\/aem.hr\/zdenka-weber-najbolji-hrvatski-izvodaci-klasicne-glazbe-solisti-ansambli-orkestri\/\" \/>\n<meta property=\"og:locale\" content=\"en_US\" \/>\n<meta property=\"og:type\" content=\"article\" \/>\n<meta property=\"og:title\" content=\"Zdenka Weber - Najbolji hrvatski izvo\u0111a\u010di klasi\u010dne glazbe - solisti, ansambli, orkestri - Agencija za elektroni\u010dke medije\" \/>\n<meta property=\"og:url\" content=\"https:\/\/aem.hr\/zdenka-weber-najbolji-hrvatski-izvodaci-klasicne-glazbe-solisti-ansambli-orkestri\/\" \/>\n<meta property=\"og:site_name\" content=\"Agencija za elektroni\u010dke medije\" \/>\n<meta property=\"article:modified_time\" content=\"2025-01-30T13:59:25+00:00\" \/>\n<meta name=\"twitter:card\" content=\"summary_large_image\" \/>\n<meta name=\"twitter:label1\" content=\"Est. reading time\" \/>\n\t<meta name=\"twitter:data1\" content=\"1 minute\" \/>\n<script type=\"application\/ld+json\" class=\"yoast-schema-graph\">{\"@context\":\"https:\/\/schema.org\",\"@graph\":[{\"@type\":\"WebPage\",\"@id\":\"https:\/\/aem.hr\/zdenka-weber-najbolji-hrvatski-izvodaci-klasicne-glazbe-solisti-ansambli-orkestri\/\",\"url\":\"https:\/\/aem.hr\/zdenka-weber-najbolji-hrvatski-izvodaci-klasicne-glazbe-solisti-ansambli-orkestri\/\",\"name\":\"Zdenka Weber - Najbolji hrvatski izvo\u0111a\u010di klasi\u010dne glazbe - solisti, ansambli, orkestri - Agencija za elektroni\u010dke medije\",\"isPartOf\":{\"@id\":\"https:\/\/aem.hr\/#website\"},\"datePublished\":\"2025-01-30T13:59:24+00:00\",\"dateModified\":\"2025-01-30T13:59:25+00:00\",\"breadcrumb\":{\"@id\":\"https:\/\/aem.hr\/zdenka-weber-najbolji-hrvatski-izvodaci-klasicne-glazbe-solisti-ansambli-orkestri\/#breadcrumb\"},\"inLanguage\":\"en-US\",\"potentialAction\":[{\"@type\":\"ReadAction\",\"target\":[\"https:\/\/aem.hr\/zdenka-weber-najbolji-hrvatski-izvodaci-klasicne-glazbe-solisti-ansambli-orkestri\/\"]}]},{\"@type\":\"BreadcrumbList\",\"@id\":\"https:\/\/aem.hr\/zdenka-weber-najbolji-hrvatski-izvodaci-klasicne-glazbe-solisti-ansambli-orkestri\/#breadcrumb\",\"itemListElement\":[{\"@type\":\"ListItem\",\"position\":1,\"name\":\"Po\u010detna stranica\",\"item\":\"https:\/\/aem.hr\/\"},{\"@type\":\"ListItem\",\"position\":2,\"name\":\"Zdenka Weber &#8211; Najbolji hrvatski izvo\u0111a\u010di klasi\u010dne glazbe &#8211; solisti, ansambli, orkestri\"}]},{\"@type\":\"WebSite\",\"@id\":\"https:\/\/aem.hr\/#website\",\"url\":\"https:\/\/aem.hr\/\",\"name\":\"Agencija za elektroni\u010dke medije\",\"description\":\"\",\"potentialAction\":[{\"@type\":\"SearchAction\",\"target\":{\"@type\":\"EntryPoint\",\"urlTemplate\":\"https:\/\/aem.hr\/?s={search_term_string}\"},\"query-input\":{\"@type\":\"PropertyValueSpecification\",\"valueRequired\":true,\"valueName\":\"search_term_string\"}}],\"inLanguage\":\"en-US\"}]}<\/script>\n<!-- \/ Yoast SEO plugin. -->","yoast_head_json":{"title":"Zdenka Weber - Najbolji hrvatski izvo\u0111a\u010di klasi\u010dne glazbe - solisti, ansambli, orkestri - Agencija za elektroni\u010dke medije","robots":{"index":"index","follow":"follow","max-snippet":"max-snippet:-1","max-image-preview":"max-image-preview:large","max-video-preview":"max-video-preview:-1"},"canonical":"https:\/\/aem.hr\/zdenka-weber-najbolji-hrvatski-izvodaci-klasicne-glazbe-solisti-ansambli-orkestri\/","og_locale":"en_US","og_type":"article","og_title":"Zdenka Weber - Najbolji hrvatski izvo\u0111a\u010di klasi\u010dne glazbe - solisti, ansambli, orkestri - Agencija za elektroni\u010dke medije","og_url":"https:\/\/aem.hr\/zdenka-weber-najbolji-hrvatski-izvodaci-klasicne-glazbe-solisti-ansambli-orkestri\/","og_site_name":"Agencija za elektroni\u010dke medije","article_modified_time":"2025-01-30T13:59:25+00:00","twitter_card":"summary_large_image","twitter_misc":{"Est. reading time":"1 minute"},"schema":{"@context":"https:\/\/schema.org","@graph":[{"@type":"WebPage","@id":"https:\/\/aem.hr\/zdenka-weber-najbolji-hrvatski-izvodaci-klasicne-glazbe-solisti-ansambli-orkestri\/","url":"https:\/\/aem.hr\/zdenka-weber-najbolji-hrvatski-izvodaci-klasicne-glazbe-solisti-ansambli-orkestri\/","name":"Zdenka Weber - Najbolji hrvatski izvo\u0111a\u010di klasi\u010dne glazbe - solisti, ansambli, orkestri - Agencija za elektroni\u010dke medije","isPartOf":{"@id":"https:\/\/aem.hr\/#website"},"datePublished":"2025-01-30T13:59:24+00:00","dateModified":"2025-01-30T13:59:25+00:00","breadcrumb":{"@id":"https:\/\/aem.hr\/zdenka-weber-najbolji-hrvatski-izvodaci-klasicne-glazbe-solisti-ansambli-orkestri\/#breadcrumb"},"inLanguage":"en-US","potentialAction":[{"@type":"ReadAction","target":["https:\/\/aem.hr\/zdenka-weber-najbolji-hrvatski-izvodaci-klasicne-glazbe-solisti-ansambli-orkestri\/"]}]},{"@type":"BreadcrumbList","@id":"https:\/\/aem.hr\/zdenka-weber-najbolji-hrvatski-izvodaci-klasicne-glazbe-solisti-ansambli-orkestri\/#breadcrumb","itemListElement":[{"@type":"ListItem","position":1,"name":"Po\u010detna stranica","item":"https:\/\/aem.hr\/"},{"@type":"ListItem","position":2,"name":"Zdenka Weber &#8211; Najbolji hrvatski izvo\u0111a\u010di klasi\u010dne glazbe &#8211; solisti, ansambli, orkestri"}]},{"@type":"WebSite","@id":"https:\/\/aem.hr\/#website","url":"https:\/\/aem.hr\/","name":"Agencija za elektroni\u010dke medije","description":"","potentialAction":[{"@type":"SearchAction","target":{"@type":"EntryPoint","urlTemplate":"https:\/\/aem.hr\/?s={search_term_string}"},"query-input":{"@type":"PropertyValueSpecification","valueRequired":true,"valueName":"search_term_string"}}],"inLanguage":"en-US"}]}},"coauthors":[],"author_meta":{"author_link":"https:\/\/aem.hr\/en\/blog\/author\/mkirac\/","display_name":"Matko Kirac"},"relative_dates":{"created":"Posted 1 year ago","modified":"Updated 1 year ago"},"absolute_dates":{"created":"Posted on 30. January 2025.","modified":"Updated on 30. January 2025."},"absolute_dates_time":{"created":"Posted on 30. January 2025. 14:59","modified":"Updated on 30. January 2025. 14:59"},"featured_img_caption":"","featured_img":false,"series_order":"","_links":{"self":[{"href":"https:\/\/aem.hr\/en\/wp-json\/wp\/v2\/pages\/19598","targetHints":{"allow":["GET"]}}],"collection":[{"href":"https:\/\/aem.hr\/en\/wp-json\/wp\/v2\/pages"}],"about":[{"href":"https:\/\/aem.hr\/en\/wp-json\/wp\/v2\/types\/page"}],"author":[{"embeddable":true,"href":"https:\/\/aem.hr\/en\/wp-json\/wp\/v2\/users\/18"}],"replies":[{"embeddable":true,"href":"https:\/\/aem.hr\/en\/wp-json\/wp\/v2\/comments?post=19598"}],"version-history":[{"count":1,"href":"https:\/\/aem.hr\/en\/wp-json\/wp\/v2\/pages\/19598\/revisions"}],"predecessor-version":[{"id":19619,"href":"https:\/\/aem.hr\/en\/wp-json\/wp\/v2\/pages\/19598\/revisions\/19619"}],"wp:attachment":[{"href":"https:\/\/aem.hr\/en\/wp-json\/wp\/v2\/media?parent=19598"}],"curies":[{"name":"wp","href":"https:\/\/api.w.org\/{rel}","templated":true}]}}