{"id":19664,"date":"2025-01-30T15:03:00","date_gmt":"2025-01-30T14:03:00","guid":{"rendered":"http:\/\/aem.hr\/?page_id=19664"},"modified":"2025-01-30T15:03:01","modified_gmt":"2025-01-30T14:03:01","slug":"silvana-perica-transformacija","status":"publish","type":"page","link":"https:\/\/aem.hr\/en\/silvana-perica-transformacija\/","title":{"rendered":"Silvana Perica &#8211; Transformacija"},"content":{"rendered":"\n<div class=\"wp-block-file\"><a id=\"wp-block-file--media-cfdfdf8a-f718-4f03-b1b6-d66d7d740c8f\" href=\"https:\/\/aem.hr\/wp-content\/uploads\/2025\/01\/1.-Prostor-je-osnova-zivota-a-ne-bankomat.pdf\">1. Prostor je osnova \u017eivota, a ne bankomat<\/a><a href=\"https:\/\/aem.hr\/wp-content\/uploads\/2025\/01\/1.-Prostor-je-osnova-zivota-a-ne-bankomat.pdf\" class=\"wp-block-file__button wp-element-button\" download aria-describedby=\"wp-block-file--media-cfdfdf8a-f718-4f03-b1b6-d66d7d740c8f\">Preuzimanje<\/a><\/div>\n\n\n\n<div class=\"wp-block-file\"><a id=\"wp-block-file--media-f70d2a61-8c1c-4107-afa9-589877c472b2\" href=\"https:\/\/aem.hr\/wp-content\/uploads\/2025\/01\/2.-Smerdel_-Sabor-nije-najvise-tijelo-vlasti-nema-vrhovnistva.pdf\">2. Smerdel_ Sabor nije najvi\u0161e tijelo vlasti, nema vrhovni\u0161tva<\/a><a href=\"https:\/\/aem.hr\/wp-content\/uploads\/2025\/01\/2.-Smerdel_-Sabor-nije-najvise-tijelo-vlasti-nema-vrhovnistva.pdf\" class=\"wp-block-file__button wp-element-button\" download aria-describedby=\"wp-block-file--media-f70d2a61-8c1c-4107-afa9-589877c472b2\">Preuzimanje<\/a><\/div>\n\n\n\n<div class=\"wp-block-file\"><a id=\"wp-block-file--media-3f94e395-a3ae-42ac-aaa4-5f59748f47b2\" href=\"https:\/\/aem.hr\/wp-content\/uploads\/2025\/01\/3.-Branko-Seric_-Policija-mora-imati-ovlast.pdf\">3. Branko \u0160eri\u0107_ Policija mora imati ovlast<\/a><a href=\"https:\/\/aem.hr\/wp-content\/uploads\/2025\/01\/3.-Branko-Seric_-Policija-mora-imati-ovlast.pdf\" class=\"wp-block-file__button wp-element-button\" download aria-describedby=\"wp-block-file--media-3f94e395-a3ae-42ac-aaa4-5f59748f47b2\">Preuzimanje<\/a><\/div>\n\n\n\n<div class=\"wp-block-file\"><a id=\"wp-block-file--media-9d1fa5e0-c8ef-41c0-8de2-2ff68100bb0c\" href=\"https:\/\/aem.hr\/wp-content\/uploads\/2025\/01\/4.-Navodnjavanje-u-Hrvatskoj-kao-potraga-za-Bozjom-kapljicom.pdf\">4. Navodnjavanje u Hrvatskoj kao potraga za Bo\u017ejom kapljicom<\/a><a href=\"https:\/\/aem.hr\/wp-content\/uploads\/2025\/01\/4.-Navodnjavanje-u-Hrvatskoj-kao-potraga-za-Bozjom-kapljicom.pdf\" class=\"wp-block-file__button wp-element-button\" download aria-describedby=\"wp-block-file--media-9d1fa5e0-c8ef-41c0-8de2-2ff68100bb0c\">Preuzimanje<\/a><\/div>\n\n\n\n<div class=\"wp-block-file\"><a id=\"wp-block-file--media-a69ce56a-954a-4d7d-a301-f1d2889eac85\" href=\"https:\/\/aem.hr\/wp-content\/uploads\/2025\/01\/5.-Mogu-li-se-hrvatske-dvorane-bolje-iskoristiti.pdf\">5. Mogu li se hrvatske dvorane bolje iskoristiti<\/a><a href=\"https:\/\/aem.hr\/wp-content\/uploads\/2025\/01\/5.-Mogu-li-se-hrvatske-dvorane-bolje-iskoristiti.pdf\" class=\"wp-block-file__button wp-element-button\" download aria-describedby=\"wp-block-file--media-a69ce56a-954a-4d7d-a301-f1d2889eac85\">Preuzimanje<\/a><\/div>\n\n\n\n<div class=\"wp-block-file\"><a id=\"wp-block-file--media-6587a3f4-992a-482e-bdee-8f4054d96de8\" href=\"https:\/\/aem.hr\/wp-content\/uploads\/2025\/01\/6.-Ljubo-Jurcic_-Hrvatske-vlasti-uopce.pdf\">6. Ljubo Jur\u010di\u0107_ Hrvatske vlasti uop\u0107e<\/a><a href=\"https:\/\/aem.hr\/wp-content\/uploads\/2025\/01\/6.-Ljubo-Jurcic_-Hrvatske-vlasti-uopce.pdf\" class=\"wp-block-file__button wp-element-button\" download aria-describedby=\"wp-block-file--media-6587a3f4-992a-482e-bdee-8f4054d96de8\">Preuzimanje<\/a><\/div>\n\n\n\n<div class=\"wp-block-file\"><a id=\"wp-block-file--media-40018efc-6692-4f34-8bef-4e125a0bcfc6\" href=\"https:\/\/aem.hr\/wp-content\/uploads\/2025\/01\/7.-Ako-selo-dobije-nogostup-kanalizaciju-brzi-internet.pdf\">7. Ako selo dobije nogostup, kanalizaciju, brzi internet<\/a><a href=\"https:\/\/aem.hr\/wp-content\/uploads\/2025\/01\/7.-Ako-selo-dobije-nogostup-kanalizaciju-brzi-internet.pdf\" class=\"wp-block-file__button wp-element-button\" download aria-describedby=\"wp-block-file--media-40018efc-6692-4f34-8bef-4e125a0bcfc6\">Preuzimanje<\/a><\/div>\n\n\n\n<div class=\"wp-block-file\"><a id=\"wp-block-file--media-2593134f-8544-4e0b-8b31-5a4842cc0eb9\" href=\"https:\/\/aem.hr\/wp-content\/uploads\/2025\/01\/8.-Trebat-ce-izmedu-pet-i-deset-godina-da-bi-zeljeznica.pdf\">8. Trebat \u0107e izme\u0111u pet i deset godina da bi \u017eeljeznica<\/a><a href=\"https:\/\/aem.hr\/wp-content\/uploads\/2025\/01\/8.-Trebat-ce-izmedu-pet-i-deset-godina-da-bi-zeljeznica.pdf\" class=\"wp-block-file__button wp-element-button\" download aria-describedby=\"wp-block-file--media-2593134f-8544-4e0b-8b31-5a4842cc0eb9\">Preuzimanje<\/a><\/div>\n\n\n\n<div class=\"wp-block-file\"><a id=\"wp-block-file--media-baa7e1ee-96fd-46e4-8d94-0dde95c03541\" href=\"https:\/\/aem.hr\/wp-content\/uploads\/2025\/01\/9.-Kakve-je-promjene-hrvatskog-sustava-osmislio-Ivo-Josipovic.pdf\">9. Kakve je promjene hrvatskog sustava osmislio Ivo Josipovi\u0107<\/a><a href=\"https:\/\/aem.hr\/wp-content\/uploads\/2025\/01\/9.-Kakve-je-promjene-hrvatskog-sustava-osmislio-Ivo-Josipovic.pdf\" class=\"wp-block-file__button wp-element-button\" download aria-describedby=\"wp-block-file--media-baa7e1ee-96fd-46e4-8d94-0dde95c03541\">Preuzimanje<\/a><\/div>\n\n\n\n<p><\/p>\n","protected":false},"excerpt":{"rendered":"","protected":false},"author":18,"featured_media":0,"parent":0,"menu_order":0,"comment_status":"closed","ping_status":"closed","template":"","meta":{"_acf_changed":false,"inline_featured_image":false,"advgb_blocks_editor_width":"","advgb_blocks_columns_visual_guide":"","_links_to":"","_links_to_type":0,"footnotes":""},"class_list":["post-19664","page","type-page","status-publish","hentry"],"acf":[],"yoast_head":"<!-- This site is optimized with the Yoast SEO plugin v25.7 - https:\/\/yoast.com\/wordpress\/plugins\/seo\/ -->\n<title>Silvana Perica - Transformacija - Agencija za elektroni\u010dke medije<\/title>\n<meta name=\"robots\" content=\"index, follow, max-snippet:-1, max-image-preview:large, max-video-preview:-1\" \/>\n<link rel=\"canonical\" href=\"https:\/\/aem.hr\/silvana-perica-transformacija\/\" \/>\n<meta property=\"og:locale\" content=\"en_US\" \/>\n<meta property=\"og:type\" content=\"article\" \/>\n<meta property=\"og:title\" content=\"Silvana Perica - Transformacija - Agencija za elektroni\u010dke medije\" \/>\n<meta property=\"og:url\" content=\"https:\/\/aem.hr\/silvana-perica-transformacija\/\" \/>\n<meta property=\"og:site_name\" content=\"Agencija za elektroni\u010dke medije\" \/>\n<meta property=\"article:modified_time\" content=\"2025-01-30T14:03:01+00:00\" \/>\n<meta name=\"twitter:card\" content=\"summary_large_image\" \/>\n<meta name=\"twitter:label1\" content=\"Est. reading time\" \/>\n\t<meta name=\"twitter:data1\" content=\"1 minute\" \/>\n<script type=\"application\/ld+json\" class=\"yoast-schema-graph\">{\"@context\":\"https:\/\/schema.org\",\"@graph\":[{\"@type\":\"WebPage\",\"@id\":\"https:\/\/aem.hr\/silvana-perica-transformacija\/\",\"url\":\"https:\/\/aem.hr\/silvana-perica-transformacija\/\",\"name\":\"Silvana Perica - Transformacija - Agencija za elektroni\u010dke medije\",\"isPartOf\":{\"@id\":\"https:\/\/aem.hr\/#website\"},\"datePublished\":\"2025-01-30T14:03:00+00:00\",\"dateModified\":\"2025-01-30T14:03:01+00:00\",\"breadcrumb\":{\"@id\":\"https:\/\/aem.hr\/silvana-perica-transformacija\/#breadcrumb\"},\"inLanguage\":\"en-US\",\"potentialAction\":[{\"@type\":\"ReadAction\",\"target\":[\"https:\/\/aem.hr\/silvana-perica-transformacija\/\"]}]},{\"@type\":\"BreadcrumbList\",\"@id\":\"https:\/\/aem.hr\/silvana-perica-transformacija\/#breadcrumb\",\"itemListElement\":[{\"@type\":\"ListItem\",\"position\":1,\"name\":\"Po\u010detna stranica\",\"item\":\"https:\/\/aem.hr\/\"},{\"@type\":\"ListItem\",\"position\":2,\"name\":\"Silvana Perica &#8211; Transformacija\"}]},{\"@type\":\"WebSite\",\"@id\":\"https:\/\/aem.hr\/#website\",\"url\":\"https:\/\/aem.hr\/\",\"name\":\"Agencija za elektroni\u010dke medije\",\"description\":\"\",\"potentialAction\":[{\"@type\":\"SearchAction\",\"target\":{\"@type\":\"EntryPoint\",\"urlTemplate\":\"https:\/\/aem.hr\/?s={search_term_string}\"},\"query-input\":{\"@type\":\"PropertyValueSpecification\",\"valueRequired\":true,\"valueName\":\"search_term_string\"}}],\"inLanguage\":\"en-US\"}]}<\/script>\n<!-- \/ Yoast SEO plugin. -->","yoast_head_json":{"title":"Silvana Perica - Transformacija - Agencija za elektroni\u010dke medije","robots":{"index":"index","follow":"follow","max-snippet":"max-snippet:-1","max-image-preview":"max-image-preview:large","max-video-preview":"max-video-preview:-1"},"canonical":"https:\/\/aem.hr\/silvana-perica-transformacija\/","og_locale":"en_US","og_type":"article","og_title":"Silvana Perica - Transformacija - Agencija za elektroni\u010dke medije","og_url":"https:\/\/aem.hr\/silvana-perica-transformacija\/","og_site_name":"Agencija za elektroni\u010dke medije","article_modified_time":"2025-01-30T14:03:01+00:00","twitter_card":"summary_large_image","twitter_misc":{"Est. reading time":"1 minute"},"schema":{"@context":"https:\/\/schema.org","@graph":[{"@type":"WebPage","@id":"https:\/\/aem.hr\/silvana-perica-transformacija\/","url":"https:\/\/aem.hr\/silvana-perica-transformacija\/","name":"Silvana Perica - Transformacija - Agencija za elektroni\u010dke medije","isPartOf":{"@id":"https:\/\/aem.hr\/#website"},"datePublished":"2025-01-30T14:03:00+00:00","dateModified":"2025-01-30T14:03:01+00:00","breadcrumb":{"@id":"https:\/\/aem.hr\/silvana-perica-transformacija\/#breadcrumb"},"inLanguage":"en-US","potentialAction":[{"@type":"ReadAction","target":["https:\/\/aem.hr\/silvana-perica-transformacija\/"]}]},{"@type":"BreadcrumbList","@id":"https:\/\/aem.hr\/silvana-perica-transformacija\/#breadcrumb","itemListElement":[{"@type":"ListItem","position":1,"name":"Po\u010detna stranica","item":"https:\/\/aem.hr\/"},{"@type":"ListItem","position":2,"name":"Silvana Perica &#8211; Transformacija"}]},{"@type":"WebSite","@id":"https:\/\/aem.hr\/#website","url":"https:\/\/aem.hr\/","name":"Agencija za elektroni\u010dke medije","description":"","potentialAction":[{"@type":"SearchAction","target":{"@type":"EntryPoint","urlTemplate":"https:\/\/aem.hr\/?s={search_term_string}"},"query-input":{"@type":"PropertyValueSpecification","valueRequired":true,"valueName":"search_term_string"}}],"inLanguage":"en-US"}]}},"coauthors":[],"author_meta":{"author_link":"https:\/\/aem.hr\/en\/blog\/author\/mkirac\/","display_name":"Matko Kirac"},"relative_dates":{"created":"Posted 1 year ago","modified":"Updated 1 year ago"},"absolute_dates":{"created":"Posted on 30. January 2025.","modified":"Updated on 30. January 2025."},"absolute_dates_time":{"created":"Posted on 30. January 2025. 15:03","modified":"Updated on 30. January 2025. 15:03"},"featured_img_caption":"","featured_img":false,"series_order":"","_links":{"self":[{"href":"https:\/\/aem.hr\/en\/wp-json\/wp\/v2\/pages\/19664","targetHints":{"allow":["GET"]}}],"collection":[{"href":"https:\/\/aem.hr\/en\/wp-json\/wp\/v2\/pages"}],"about":[{"href":"https:\/\/aem.hr\/en\/wp-json\/wp\/v2\/types\/page"}],"author":[{"embeddable":true,"href":"https:\/\/aem.hr\/en\/wp-json\/wp\/v2\/users\/18"}],"replies":[{"embeddable":true,"href":"https:\/\/aem.hr\/en\/wp-json\/wp\/v2\/comments?post=19664"}],"version-history":[{"count":1,"href":"https:\/\/aem.hr\/en\/wp-json\/wp\/v2\/pages\/19664\/revisions"}],"predecessor-version":[{"id":19682,"href":"https:\/\/aem.hr\/en\/wp-json\/wp\/v2\/pages\/19664\/revisions\/19682"}],"wp:attachment":[{"href":"https:\/\/aem.hr\/en\/wp-json\/wp\/v2\/media?parent=19664"}],"curies":[{"name":"wp","href":"https:\/\/api.w.org\/{rel}","templated":true}]}}