{"id":19709,"date":"2025-01-31T13:47:45","date_gmt":"2025-01-31T12:47:45","guid":{"rendered":"http:\/\/aem.hr\/?page_id=19709"},"modified":"2025-01-31T13:47:46","modified_gmt":"2025-01-31T12:47:46","slug":"zeljko-buksa-na-vidiku-rjesenje-za-hrvatski-radioaktivni-otpad","status":"publish","type":"page","link":"https:\/\/aem.hr\/en\/zeljko-buksa-na-vidiku-rjesenje-za-hrvatski-radioaktivni-otpad\/","title":{"rendered":"\u017deljko Buk\u0161a &#8211; Na vidiku rje\u0161enje za hrvatski radioaktivni otpad"},"content":{"rendered":"\n<div class=\"wp-block-file\"><a id=\"wp-block-file--media-c73465d7-78e7-4c8b-876b-0ab46990ff45\" href=\"https:\/\/aem.hr\/wp-content\/uploads\/2025\/01\/1.-Na-vidiku-rjesenje-za.pdf\">1. Na vidiku rje\u0161enje za<\/a><a href=\"https:\/\/aem.hr\/wp-content\/uploads\/2025\/01\/1.-Na-vidiku-rjesenje-za.pdf\" class=\"wp-block-file__button wp-element-button\" download aria-describedby=\"wp-block-file--media-c73465d7-78e7-4c8b-876b-0ab46990ff45\">Preuzimanje<\/a><\/div>\n\n\n\n<div class=\"wp-block-file\"><a id=\"wp-block-file--media-1b86b02d-5e22-494a-8b8c-6a356d223164\" href=\"https:\/\/aem.hr\/wp-content\/uploads\/2025\/01\/2.-Hrvatska-je-predana-sigurnom-gospodarenju.pdf\">2. Hrvatska je predana sigurnom gospodarenju<\/a><a href=\"https:\/\/aem.hr\/wp-content\/uploads\/2025\/01\/2.-Hrvatska-je-predana-sigurnom-gospodarenju.pdf\" class=\"wp-block-file__button wp-element-button\" download aria-describedby=\"wp-block-file--media-1b86b02d-5e22-494a-8b8c-6a356d223164\">Preuzimanje<\/a><\/div>\n\n\n\n<div class=\"wp-block-file\"><a id=\"wp-block-file--media-18587dbe-418b-4139-92ec-5627f5e392a1\" href=\"https:\/\/aem.hr\/wp-content\/uploads\/2025\/01\/3.-Slovacko-iskustvo-odlagaliste-radioaktivnog.pdf\">3. Slova\u010dko iskustvo odlagali\u0161te radioaktivnog<\/a><a href=\"https:\/\/aem.hr\/wp-content\/uploads\/2025\/01\/3.-Slovacko-iskustvo-odlagaliste-radioaktivnog.pdf\" class=\"wp-block-file__button wp-element-button\" download aria-describedby=\"wp-block-file--media-18587dbe-418b-4139-92ec-5627f5e392a1\">Preuzimanje<\/a><\/div>\n\n\n\n<div class=\"wp-block-file\"><a id=\"wp-block-file--media-acd09ce1-8617-43a6-b0cc-7bbc6b6cfcf8\" href=\"https:\/\/aem.hr\/wp-content\/uploads\/2025\/01\/4.-Pojacana-komunikacija-s-predstavnicima-BiH.pdf\">4. Poja\u010dana komunikacija s predstavnicima BiH<\/a><a href=\"https:\/\/aem.hr\/wp-content\/uploads\/2025\/01\/4.-Pojacana-komunikacija-s-predstavnicima-BiH.pdf\" class=\"wp-block-file__button wp-element-button\" download aria-describedby=\"wp-block-file--media-acd09ce1-8617-43a6-b0cc-7bbc6b6cfcf8\">Preuzimanje<\/a><\/div>\n\n\n\n<div class=\"wp-block-file\"><a id=\"wp-block-file--media-93570be2-eab3-4ec1-9d5b-63f274178b59\" href=\"https:\/\/aem.hr\/wp-content\/uploads\/2025\/01\/5.-Bugarska-gradi-odlagaliste-radioaktivnog-otpada.pdf\">5. Bugarska gradi odlagali\u0161te radioaktivnog otpada<\/a><a href=\"https:\/\/aem.hr\/wp-content\/uploads\/2025\/01\/5.-Bugarska-gradi-odlagaliste-radioaktivnog-otpada.pdf\" class=\"wp-block-file__button wp-element-button\" download aria-describedby=\"wp-block-file--media-93570be2-eab3-4ec1-9d5b-63f274178b59\">Preuzimanje<\/a><\/div>\n\n\n\n<div class=\"wp-block-file\"><a id=\"wp-block-file--media-7efb433e-17fc-4963-93f4-3f2c556155c4\" href=\"https:\/\/aem.hr\/wp-content\/uploads\/2025\/01\/6.-Skladista-niskoradioaktivnog-i.pdf\">6. Skladi\u0161ta niskoradioaktivnog i<\/a><a href=\"https:\/\/aem.hr\/wp-content\/uploads\/2025\/01\/6.-Skladista-niskoradioaktivnog-i.pdf\" class=\"wp-block-file__button wp-element-button\" download aria-describedby=\"wp-block-file--media-7efb433e-17fc-4963-93f4-3f2c556155c4\">Preuzimanje<\/a><\/div>\n\n\n\n<div class=\"wp-block-file\"><a id=\"wp-block-file--media-e196053c-447d-4324-aadb-3dc6b6931c27\" href=\"https:\/\/aem.hr\/wp-content\/uploads\/2025\/01\/7.-Niskoradioaktivni-i-srednjoradioaktivni.pdf\">7. Niskoradioaktivni i srednjoradioaktivni<\/a><a href=\"https:\/\/aem.hr\/wp-content\/uploads\/2025\/01\/7.-Niskoradioaktivni-i-srednjoradioaktivni.pdf\" class=\"wp-block-file__button wp-element-button\" download aria-describedby=\"wp-block-file--media-e196053c-447d-4324-aadb-3dc6b6931c27\">Preuzimanje<\/a><\/div>\n","protected":false},"excerpt":{"rendered":"","protected":false},"author":18,"featured_media":0,"parent":0,"menu_order":0,"comment_status":"closed","ping_status":"closed","template":"","meta":{"_acf_changed":false,"inline_featured_image":false,"advgb_blocks_editor_width":"","advgb_blocks_columns_visual_guide":"","_links_to":"","_links_to_type":0,"footnotes":""},"class_list":["post-19709","page","type-page","status-publish","hentry"],"acf":[],"yoast_head":"<!-- This site is optimized with the Yoast SEO plugin v25.7 - https:\/\/yoast.com\/wordpress\/plugins\/seo\/ -->\n<title>\u017deljko Buk\u0161a - Na vidiku rje\u0161enje za hrvatski radioaktivni otpad - Agencija za elektroni\u010dke medije<\/title>\n<meta name=\"robots\" content=\"index, follow, max-snippet:-1, max-image-preview:large, max-video-preview:-1\" \/>\n<link rel=\"canonical\" href=\"https:\/\/aem.hr\/zeljko-buksa-na-vidiku-rjesenje-za-hrvatski-radioaktivni-otpad\/\" \/>\n<meta property=\"og:locale\" content=\"en_US\" \/>\n<meta property=\"og:type\" content=\"article\" \/>\n<meta property=\"og:title\" content=\"\u017deljko Buk\u0161a - Na vidiku rje\u0161enje za hrvatski radioaktivni otpad - Agencija za elektroni\u010dke medije\" \/>\n<meta property=\"og:url\" content=\"https:\/\/aem.hr\/zeljko-buksa-na-vidiku-rjesenje-za-hrvatski-radioaktivni-otpad\/\" \/>\n<meta property=\"og:site_name\" content=\"Agencija za elektroni\u010dke medije\" \/>\n<meta property=\"article:modified_time\" content=\"2025-01-31T12:47:46+00:00\" \/>\n<meta name=\"twitter:card\" content=\"summary_large_image\" \/>\n<meta name=\"twitter:label1\" content=\"Est. reading time\" \/>\n\t<meta name=\"twitter:data1\" content=\"1 minute\" \/>\n<script type=\"application\/ld+json\" class=\"yoast-schema-graph\">{\"@context\":\"https:\/\/schema.org\",\"@graph\":[{\"@type\":\"WebPage\",\"@id\":\"https:\/\/aem.hr\/zeljko-buksa-na-vidiku-rjesenje-za-hrvatski-radioaktivni-otpad\/\",\"url\":\"https:\/\/aem.hr\/zeljko-buksa-na-vidiku-rjesenje-za-hrvatski-radioaktivni-otpad\/\",\"name\":\"\u017deljko Buk\u0161a - Na vidiku rje\u0161enje za hrvatski radioaktivni otpad - Agencija za elektroni\u010dke medije\",\"isPartOf\":{\"@id\":\"https:\/\/aem.hr\/#website\"},\"datePublished\":\"2025-01-31T12:47:45+00:00\",\"dateModified\":\"2025-01-31T12:47:46+00:00\",\"breadcrumb\":{\"@id\":\"https:\/\/aem.hr\/zeljko-buksa-na-vidiku-rjesenje-za-hrvatski-radioaktivni-otpad\/#breadcrumb\"},\"inLanguage\":\"en-US\",\"potentialAction\":[{\"@type\":\"ReadAction\",\"target\":[\"https:\/\/aem.hr\/zeljko-buksa-na-vidiku-rjesenje-za-hrvatski-radioaktivni-otpad\/\"]}]},{\"@type\":\"BreadcrumbList\",\"@id\":\"https:\/\/aem.hr\/zeljko-buksa-na-vidiku-rjesenje-za-hrvatski-radioaktivni-otpad\/#breadcrumb\",\"itemListElement\":[{\"@type\":\"ListItem\",\"position\":1,\"name\":\"Po\u010detna stranica\",\"item\":\"https:\/\/aem.hr\/\"},{\"@type\":\"ListItem\",\"position\":2,\"name\":\"\u017deljko Buk\u0161a &#8211; Na vidiku rje\u0161enje za hrvatski radioaktivni otpad\"}]},{\"@type\":\"WebSite\",\"@id\":\"https:\/\/aem.hr\/#website\",\"url\":\"https:\/\/aem.hr\/\",\"name\":\"Agencija za elektroni\u010dke medije\",\"description\":\"\",\"potentialAction\":[{\"@type\":\"SearchAction\",\"target\":{\"@type\":\"EntryPoint\",\"urlTemplate\":\"https:\/\/aem.hr\/?s={search_term_string}\"},\"query-input\":{\"@type\":\"PropertyValueSpecification\",\"valueRequired\":true,\"valueName\":\"search_term_string\"}}],\"inLanguage\":\"en-US\"}]}<\/script>\n<!-- \/ Yoast SEO plugin. -->","yoast_head_json":{"title":"\u017deljko Buk\u0161a - Na vidiku rje\u0161enje za hrvatski radioaktivni otpad - Agencija za elektroni\u010dke medije","robots":{"index":"index","follow":"follow","max-snippet":"max-snippet:-1","max-image-preview":"max-image-preview:large","max-video-preview":"max-video-preview:-1"},"canonical":"https:\/\/aem.hr\/zeljko-buksa-na-vidiku-rjesenje-za-hrvatski-radioaktivni-otpad\/","og_locale":"en_US","og_type":"article","og_title":"\u017deljko Buk\u0161a - Na vidiku rje\u0161enje za hrvatski radioaktivni otpad - Agencija za elektroni\u010dke medije","og_url":"https:\/\/aem.hr\/zeljko-buksa-na-vidiku-rjesenje-za-hrvatski-radioaktivni-otpad\/","og_site_name":"Agencija za elektroni\u010dke medije","article_modified_time":"2025-01-31T12:47:46+00:00","twitter_card":"summary_large_image","twitter_misc":{"Est. reading time":"1 minute"},"schema":{"@context":"https:\/\/schema.org","@graph":[{"@type":"WebPage","@id":"https:\/\/aem.hr\/zeljko-buksa-na-vidiku-rjesenje-za-hrvatski-radioaktivni-otpad\/","url":"https:\/\/aem.hr\/zeljko-buksa-na-vidiku-rjesenje-za-hrvatski-radioaktivni-otpad\/","name":"\u017deljko Buk\u0161a - Na vidiku rje\u0161enje za hrvatski radioaktivni otpad - Agencija za elektroni\u010dke medije","isPartOf":{"@id":"https:\/\/aem.hr\/#website"},"datePublished":"2025-01-31T12:47:45+00:00","dateModified":"2025-01-31T12:47:46+00:00","breadcrumb":{"@id":"https:\/\/aem.hr\/zeljko-buksa-na-vidiku-rjesenje-za-hrvatski-radioaktivni-otpad\/#breadcrumb"},"inLanguage":"en-US","potentialAction":[{"@type":"ReadAction","target":["https:\/\/aem.hr\/zeljko-buksa-na-vidiku-rjesenje-za-hrvatski-radioaktivni-otpad\/"]}]},{"@type":"BreadcrumbList","@id":"https:\/\/aem.hr\/zeljko-buksa-na-vidiku-rjesenje-za-hrvatski-radioaktivni-otpad\/#breadcrumb","itemListElement":[{"@type":"ListItem","position":1,"name":"Po\u010detna stranica","item":"https:\/\/aem.hr\/"},{"@type":"ListItem","position":2,"name":"\u017deljko Buk\u0161a &#8211; Na vidiku rje\u0161enje za hrvatski radioaktivni otpad"}]},{"@type":"WebSite","@id":"https:\/\/aem.hr\/#website","url":"https:\/\/aem.hr\/","name":"Agencija za elektroni\u010dke medije","description":"","potentialAction":[{"@type":"SearchAction","target":{"@type":"EntryPoint","urlTemplate":"https:\/\/aem.hr\/?s={search_term_string}"},"query-input":{"@type":"PropertyValueSpecification","valueRequired":true,"valueName":"search_term_string"}}],"inLanguage":"en-US"}]}},"coauthors":[],"author_meta":{"author_link":"https:\/\/aem.hr\/en\/blog\/author\/mkirac\/","display_name":"Matko Kirac"},"relative_dates":{"created":"Posted 1 year ago","modified":"Updated 1 year ago"},"absolute_dates":{"created":"Posted on 31. January 2025.","modified":"Updated on 31. January 2025."},"absolute_dates_time":{"created":"Posted on 31. January 2025. 13:47","modified":"Updated on 31. January 2025. 13:47"},"featured_img_caption":"","featured_img":false,"series_order":"","_links":{"self":[{"href":"https:\/\/aem.hr\/en\/wp-json\/wp\/v2\/pages\/19709","targetHints":{"allow":["GET"]}}],"collection":[{"href":"https:\/\/aem.hr\/en\/wp-json\/wp\/v2\/pages"}],"about":[{"href":"https:\/\/aem.hr\/en\/wp-json\/wp\/v2\/types\/page"}],"author":[{"embeddable":true,"href":"https:\/\/aem.hr\/en\/wp-json\/wp\/v2\/users\/18"}],"replies":[{"embeddable":true,"href":"https:\/\/aem.hr\/en\/wp-json\/wp\/v2\/comments?post=19709"}],"version-history":[{"count":1,"href":"https:\/\/aem.hr\/en\/wp-json\/wp\/v2\/pages\/19709\/revisions"}],"predecessor-version":[{"id":19723,"href":"https:\/\/aem.hr\/en\/wp-json\/wp\/v2\/pages\/19709\/revisions\/19723"}],"wp:attachment":[{"href":"https:\/\/aem.hr\/en\/wp-json\/wp\/v2\/media?parent=19709"}],"curies":[{"name":"wp","href":"https:\/\/api.w.org\/{rel}","templated":true}]}}