{"id":19725,"date":"2025-01-31T13:49:04","date_gmt":"2025-01-31T12:49:04","guid":{"rendered":"http:\/\/aem.hr\/?page_id=19725"},"modified":"2025-01-31T13:49:05","modified_gmt":"2025-01-31T12:49:05","slug":"sasa-radusin-kakva-nam-cjelodnevna-skola-treba","status":"publish","type":"page","link":"https:\/\/aem.hr\/en\/sasa-radusin-kakva-nam-cjelodnevna-skola-treba\/","title":{"rendered":"Sa\u0161a Radusin &#8211; Kakva nam cjelodnevna \u0161kola treba"},"content":{"rendered":"\n<div class=\"wp-block-file\"><a id=\"wp-block-file--media-a608a90a-f73a-4fb9-afa2-b2401af514a8\" href=\"https:\/\/aem.hr\/wp-content\/uploads\/2025\/01\/1.-Cjelodnevna-skola.pdf\">1. Cjelodnevna skola<\/a><a href=\"https:\/\/aem.hr\/wp-content\/uploads\/2025\/01\/1.-Cjelodnevna-skola.pdf\" class=\"wp-block-file__button wp-element-button\" download aria-describedby=\"wp-block-file--media-a608a90a-f73a-4fb9-afa2-b2401af514a8\">Preuzimanje<\/a><\/div>\n\n\n\n<div class=\"wp-block-file\"><a id=\"wp-block-file--media-619cc80f-391d-4811-946d-2f17cd489402\" href=\"https:\/\/aem.hr\/wp-content\/uploads\/2025\/01\/2.-Hoce-li-se-hrvatska.pdf\">2. Ho\u0107e li se hrvatska<\/a><a href=\"https:\/\/aem.hr\/wp-content\/uploads\/2025\/01\/2.-Hoce-li-se-hrvatska.pdf\" class=\"wp-block-file__button wp-element-button\" download aria-describedby=\"wp-block-file--media-619cc80f-391d-4811-946d-2f17cd489402\">Preuzimanje<\/a><\/div>\n\n\n\n<div class=\"wp-block-file\"><a id=\"wp-block-file--media-8739de31-d3fb-48cc-91aa-ebe9e95eeb69\" href=\"https:\/\/aem.hr\/wp-content\/uploads\/2025\/01\/3.-Roditelji-cjelodnevnu-nastavu.pdf\">3. Roditelji cjelodnevnu nastavu<\/a><a href=\"https:\/\/aem.hr\/wp-content\/uploads\/2025\/01\/3.-Roditelji-cjelodnevnu-nastavu.pdf\" class=\"wp-block-file__button wp-element-button\" download aria-describedby=\"wp-block-file--media-8739de31-d3fb-48cc-91aa-ebe9e95eeb69\">Preuzimanje<\/a><\/div>\n\n\n\n<div class=\"wp-block-file\"><a id=\"wp-block-file--media-0930fc19-afb0-49a7-8a57-6a17b99796a2\" href=\"https:\/\/aem.hr\/wp-content\/uploads\/2025\/01\/4.-Cjelodnevna-nastava-za.pdf\">4. Cjelodnevna nastava za<\/a><a href=\"https:\/\/aem.hr\/wp-content\/uploads\/2025\/01\/4.-Cjelodnevna-nastava-za.pdf\" class=\"wp-block-file__button wp-element-button\" download aria-describedby=\"wp-block-file--media-0930fc19-afb0-49a7-8a57-6a17b99796a2\">Preuzimanje<\/a><\/div>\n\n\n\n<div class=\"wp-block-file\"><a id=\"wp-block-file--media-bf0684a7-4c26-443b-bc33-5b4f0b7dc31b\" href=\"https:\/\/aem.hr\/wp-content\/uploads\/2025\/01\/5.-Cjelodnevna-nastava-za-2.pdf\">5. Cjelodnevna nastava za 2<\/a><a href=\"https:\/\/aem.hr\/wp-content\/uploads\/2025\/01\/5.-Cjelodnevna-nastava-za-2.pdf\" class=\"wp-block-file__button wp-element-button\" download aria-describedby=\"wp-block-file--media-bf0684a7-4c26-443b-bc33-5b4f0b7dc31b\">Preuzimanje<\/a><\/div>\n\n\n\n<div class=\"wp-block-file\"><a id=\"wp-block-file--media-92fb64b1-5f54-4c98-bd42-4972218211b8\" href=\"https:\/\/aem.hr\/wp-content\/uploads\/2025\/01\/6.-Moze-li-se-vecina.pdf\">6. Mo\u017ee li se ve\u0107ina<\/a><a href=\"https:\/\/aem.hr\/wp-content\/uploads\/2025\/01\/6.-Moze-li-se-vecina.pdf\" class=\"wp-block-file__button wp-element-button\" download aria-describedby=\"wp-block-file--media-92fb64b1-5f54-4c98-bd42-4972218211b8\">Preuzimanje<\/a><\/div>\n\n\n\n<div class=\"wp-block-file\"><a id=\"wp-block-file--media-812e46ab-7842-47cc-8543-99a0b42b26eb\" href=\"https:\/\/aem.hr\/wp-content\/uploads\/2025\/01\/7.-Tko-ce-stati-iza.pdf\">7. Tko \u0107e stati iza<\/a><a href=\"https:\/\/aem.hr\/wp-content\/uploads\/2025\/01\/7.-Tko-ce-stati-iza.pdf\" class=\"wp-block-file__button wp-element-button\" download aria-describedby=\"wp-block-file--media-812e46ab-7842-47cc-8543-99a0b42b26eb\">Preuzimanje<\/a><\/div>\n\n\n\n<div class=\"wp-block-file\"><a id=\"wp-block-file--media-085b378c-4506-423e-9bc5-e976fb1c938d\" href=\"https:\/\/aem.hr\/wp-content\/uploads\/2025\/01\/8.-Od-Gulaga-do.pdf\">8. Od Gulaga do<\/a><a href=\"https:\/\/aem.hr\/wp-content\/uploads\/2025\/01\/8.-Od-Gulaga-do.pdf\" class=\"wp-block-file__button wp-element-button\" download aria-describedby=\"wp-block-file--media-085b378c-4506-423e-9bc5-e976fb1c938d\">Preuzimanje<\/a><\/div>\n","protected":false},"excerpt":{"rendered":"","protected":false},"author":18,"featured_media":0,"parent":0,"menu_order":0,"comment_status":"closed","ping_status":"closed","template":"","meta":{"_acf_changed":false,"inline_featured_image":false,"advgb_blocks_editor_width":"","advgb_blocks_columns_visual_guide":"","_links_to":"","_links_to_type":0,"footnotes":""},"class_list":["post-19725","page","type-page","status-publish","hentry"],"acf":[],"yoast_head":"<!-- This site is optimized with the Yoast SEO plugin v25.7 - https:\/\/yoast.com\/wordpress\/plugins\/seo\/ -->\n<title>Sa\u0161a Radusin - Kakva nam cjelodnevna \u0161kola treba - Agencija za elektroni\u010dke medije<\/title>\n<meta name=\"robots\" content=\"index, follow, max-snippet:-1, max-image-preview:large, max-video-preview:-1\" \/>\n<link rel=\"canonical\" href=\"https:\/\/aem.hr\/sasa-radusin-kakva-nam-cjelodnevna-skola-treba\/\" \/>\n<meta property=\"og:locale\" content=\"en_US\" \/>\n<meta property=\"og:type\" content=\"article\" \/>\n<meta property=\"og:title\" content=\"Sa\u0161a Radusin - Kakva nam cjelodnevna \u0161kola treba - Agencija za elektroni\u010dke medije\" \/>\n<meta property=\"og:url\" content=\"https:\/\/aem.hr\/sasa-radusin-kakva-nam-cjelodnevna-skola-treba\/\" \/>\n<meta property=\"og:site_name\" content=\"Agencija za elektroni\u010dke medije\" \/>\n<meta property=\"article:modified_time\" content=\"2025-01-31T12:49:05+00:00\" \/>\n<meta name=\"twitter:card\" content=\"summary_large_image\" \/>\n<meta name=\"twitter:label1\" content=\"Est. reading time\" \/>\n\t<meta name=\"twitter:data1\" content=\"1 minute\" \/>\n<script type=\"application\/ld+json\" class=\"yoast-schema-graph\">{\"@context\":\"https:\/\/schema.org\",\"@graph\":[{\"@type\":\"WebPage\",\"@id\":\"https:\/\/aem.hr\/sasa-radusin-kakva-nam-cjelodnevna-skola-treba\/\",\"url\":\"https:\/\/aem.hr\/sasa-radusin-kakva-nam-cjelodnevna-skola-treba\/\",\"name\":\"Sa\u0161a Radusin - Kakva nam cjelodnevna \u0161kola treba - Agencija za elektroni\u010dke medije\",\"isPartOf\":{\"@id\":\"https:\/\/aem.hr\/#website\"},\"datePublished\":\"2025-01-31T12:49:04+00:00\",\"dateModified\":\"2025-01-31T12:49:05+00:00\",\"breadcrumb\":{\"@id\":\"https:\/\/aem.hr\/sasa-radusin-kakva-nam-cjelodnevna-skola-treba\/#breadcrumb\"},\"inLanguage\":\"en-US\",\"potentialAction\":[{\"@type\":\"ReadAction\",\"target\":[\"https:\/\/aem.hr\/sasa-radusin-kakva-nam-cjelodnevna-skola-treba\/\"]}]},{\"@type\":\"BreadcrumbList\",\"@id\":\"https:\/\/aem.hr\/sasa-radusin-kakva-nam-cjelodnevna-skola-treba\/#breadcrumb\",\"itemListElement\":[{\"@type\":\"ListItem\",\"position\":1,\"name\":\"Po\u010detna stranica\",\"item\":\"https:\/\/aem.hr\/\"},{\"@type\":\"ListItem\",\"position\":2,\"name\":\"Sa\u0161a Radusin &#8211; Kakva nam cjelodnevna \u0161kola treba\"}]},{\"@type\":\"WebSite\",\"@id\":\"https:\/\/aem.hr\/#website\",\"url\":\"https:\/\/aem.hr\/\",\"name\":\"Agencija za elektroni\u010dke medije\",\"description\":\"\",\"potentialAction\":[{\"@type\":\"SearchAction\",\"target\":{\"@type\":\"EntryPoint\",\"urlTemplate\":\"https:\/\/aem.hr\/?s={search_term_string}\"},\"query-input\":{\"@type\":\"PropertyValueSpecification\",\"valueRequired\":true,\"valueName\":\"search_term_string\"}}],\"inLanguage\":\"en-US\"}]}<\/script>\n<!-- \/ Yoast SEO plugin. -->","yoast_head_json":{"title":"Sa\u0161a Radusin - Kakva nam cjelodnevna \u0161kola treba - Agencija za elektroni\u010dke medije","robots":{"index":"index","follow":"follow","max-snippet":"max-snippet:-1","max-image-preview":"max-image-preview:large","max-video-preview":"max-video-preview:-1"},"canonical":"https:\/\/aem.hr\/sasa-radusin-kakva-nam-cjelodnevna-skola-treba\/","og_locale":"en_US","og_type":"article","og_title":"Sa\u0161a Radusin - Kakva nam cjelodnevna \u0161kola treba - Agencija za elektroni\u010dke medije","og_url":"https:\/\/aem.hr\/sasa-radusin-kakva-nam-cjelodnevna-skola-treba\/","og_site_name":"Agencija za elektroni\u010dke medije","article_modified_time":"2025-01-31T12:49:05+00:00","twitter_card":"summary_large_image","twitter_misc":{"Est. reading time":"1 minute"},"schema":{"@context":"https:\/\/schema.org","@graph":[{"@type":"WebPage","@id":"https:\/\/aem.hr\/sasa-radusin-kakva-nam-cjelodnevna-skola-treba\/","url":"https:\/\/aem.hr\/sasa-radusin-kakva-nam-cjelodnevna-skola-treba\/","name":"Sa\u0161a Radusin - Kakva nam cjelodnevna \u0161kola treba - Agencija za elektroni\u010dke medije","isPartOf":{"@id":"https:\/\/aem.hr\/#website"},"datePublished":"2025-01-31T12:49:04+00:00","dateModified":"2025-01-31T12:49:05+00:00","breadcrumb":{"@id":"https:\/\/aem.hr\/sasa-radusin-kakva-nam-cjelodnevna-skola-treba\/#breadcrumb"},"inLanguage":"en-US","potentialAction":[{"@type":"ReadAction","target":["https:\/\/aem.hr\/sasa-radusin-kakva-nam-cjelodnevna-skola-treba\/"]}]},{"@type":"BreadcrumbList","@id":"https:\/\/aem.hr\/sasa-radusin-kakva-nam-cjelodnevna-skola-treba\/#breadcrumb","itemListElement":[{"@type":"ListItem","position":1,"name":"Po\u010detna stranica","item":"https:\/\/aem.hr\/"},{"@type":"ListItem","position":2,"name":"Sa\u0161a Radusin &#8211; Kakva nam cjelodnevna \u0161kola treba"}]},{"@type":"WebSite","@id":"https:\/\/aem.hr\/#website","url":"https:\/\/aem.hr\/","name":"Agencija za elektroni\u010dke medije","description":"","potentialAction":[{"@type":"SearchAction","target":{"@type":"EntryPoint","urlTemplate":"https:\/\/aem.hr\/?s={search_term_string}"},"query-input":{"@type":"PropertyValueSpecification","valueRequired":true,"valueName":"search_term_string"}}],"inLanguage":"en-US"}]}},"coauthors":[],"author_meta":{"author_link":"https:\/\/aem.hr\/en\/blog\/author\/mkirac\/","display_name":"Matko Kirac"},"relative_dates":{"created":"Posted 1 year ago","modified":"Updated 1 year ago"},"absolute_dates":{"created":"Posted on 31. January 2025.","modified":"Updated on 31. January 2025."},"absolute_dates_time":{"created":"Posted on 31. January 2025. 13:49","modified":"Updated on 31. January 2025. 13:49"},"featured_img_caption":"","featured_img":false,"series_order":"","_links":{"self":[{"href":"https:\/\/aem.hr\/en\/wp-json\/wp\/v2\/pages\/19725","targetHints":{"allow":["GET"]}}],"collection":[{"href":"https:\/\/aem.hr\/en\/wp-json\/wp\/v2\/pages"}],"about":[{"href":"https:\/\/aem.hr\/en\/wp-json\/wp\/v2\/types\/page"}],"author":[{"embeddable":true,"href":"https:\/\/aem.hr\/en\/wp-json\/wp\/v2\/users\/18"}],"replies":[{"embeddable":true,"href":"https:\/\/aem.hr\/en\/wp-json\/wp\/v2\/comments?post=19725"}],"version-history":[{"count":1,"href":"https:\/\/aem.hr\/en\/wp-json\/wp\/v2\/pages\/19725\/revisions"}],"predecessor-version":[{"id":19739,"href":"https:\/\/aem.hr\/en\/wp-json\/wp\/v2\/pages\/19725\/revisions\/19739"}],"wp:attachment":[{"href":"https:\/\/aem.hr\/en\/wp-json\/wp\/v2\/media?parent=19725"}],"curies":[{"name":"wp","href":"https:\/\/api.w.org\/{rel}","templated":true}]}}