{"id":19767,"date":"2025-01-31T13:54:27","date_gmt":"2025-01-31T12:54:27","guid":{"rendered":"http:\/\/aem.hr\/?page_id=19767"},"modified":"2025-01-31T13:54:28","modified_gmt":"2025-01-31T12:54:28","slug":"ana-vragolovic-iza-ekrana-osobe-s-invaliditetom-u-medijskoj-i-modnoj-industriji","status":"publish","type":"page","link":"https:\/\/aem.hr\/en\/ana-vragolovic-iza-ekrana-osobe-s-invaliditetom-u-medijskoj-i-modnoj-industriji\/","title":{"rendered":"Ana Vragolovi\u0107 &#8211; Iza ekrana: Osobe s invaliditetom u medijskoj i modnoj industriji"},"content":{"rendered":"\n<div class=\"wp-block-file\"><a id=\"wp-block-file--media-95436183-d510-4e67-b550-7ae626e27ec4\" href=\"https:\/\/aem.hr\/wp-content\/uploads\/2025\/01\/1.-Inkluzivna-odjeca-je-potreba-a-ne-luksuz.pdf\">1. Inkluzivna odje\u0107a je potreba, a ne luksuz<\/a><a href=\"https:\/\/aem.hr\/wp-content\/uploads\/2025\/01\/1.-Inkluzivna-odjeca-je-potreba-a-ne-luksuz.pdf\" class=\"wp-block-file__button wp-element-button\" download aria-describedby=\"wp-block-file--media-95436183-d510-4e67-b550-7ae626e27ec4\">Preuzimanje<\/a><\/div>\n\n\n\n<div class=\"wp-block-file\"><a id=\"wp-block-file--media-82f0f3de-ba0e-49f8-82ac-782beb8ddf04\" href=\"https:\/\/aem.hr\/wp-content\/uploads\/2025\/01\/2.-Inkluzija-na-modnim-pistama.pdf\">2. Inkluzija na modnim pistama<\/a><a href=\"https:\/\/aem.hr\/wp-content\/uploads\/2025\/01\/2.-Inkluzija-na-modnim-pistama.pdf\" class=\"wp-block-file__button wp-element-button\" download aria-describedby=\"wp-block-file--media-82f0f3de-ba0e-49f8-82ac-782beb8ddf04\">Preuzimanje<\/a><\/div>\n\n\n\n<div class=\"wp-block-file\"><a id=\"wp-block-file--media-cd0792e5-a291-483b-aba2-855fc9984257\" href=\"https:\/\/aem.hr\/wp-content\/uploads\/2025\/01\/3.-A-sto-je-s-vidljivoscu-u-medijima.pdf\">3. A \u0161to je s vidljivo\u0161\u0107u u medijima<\/a><a href=\"https:\/\/aem.hr\/wp-content\/uploads\/2025\/01\/3.-A-sto-je-s-vidljivoscu-u-medijima.pdf\" class=\"wp-block-file__button wp-element-button\" download aria-describedby=\"wp-block-file--media-cd0792e5-a291-483b-aba2-855fc9984257\">Preuzimanje<\/a><\/div>\n\n\n\n<div class=\"wp-block-file\"><a id=\"wp-block-file--media-1ebd8f3c-bbe9-45e3-bf80-e2d6a9943716\" href=\"https:\/\/aem.hr\/wp-content\/uploads\/2025\/01\/4.-Kako-ispricati-pricu-o-invaliditetu.pdf\">4. Kako ispri\u010dati pri\u010du o invaliditetu<\/a><a href=\"https:\/\/aem.hr\/wp-content\/uploads\/2025\/01\/4.-Kako-ispricati-pricu-o-invaliditetu.pdf\" class=\"wp-block-file__button wp-element-button\" download aria-describedby=\"wp-block-file--media-1ebd8f3c-bbe9-45e3-bf80-e2d6a9943716\">Preuzimanje<\/a><\/div>\n\n\n\n<div class=\"wp-block-file\"><a id=\"wp-block-file--media-37b5a75d-337a-4bed-b121-9d3dad8a586e\" href=\"https:\/\/aem.hr\/wp-content\/uploads\/2025\/01\/5.-Tko-gdje-i-kako-prica-o-invaliditetu.pdf\">5. Tko, gdje i kako pri\u010da o invaliditetu<\/a><a href=\"https:\/\/aem.hr\/wp-content\/uploads\/2025\/01\/5.-Tko-gdje-i-kako-prica-o-invaliditetu.pdf\" class=\"wp-block-file__button wp-element-button\" download aria-describedby=\"wp-block-file--media-37b5a75d-337a-4bed-b121-9d3dad8a586e\">Preuzimanje<\/a><\/div>\n","protected":false},"excerpt":{"rendered":"","protected":false},"author":18,"featured_media":0,"parent":0,"menu_order":0,"comment_status":"closed","ping_status":"closed","template":"","meta":{"_acf_changed":false,"inline_featured_image":false,"advgb_blocks_editor_width":"","advgb_blocks_columns_visual_guide":"","_links_to":"","_links_to_type":0,"footnotes":""},"class_list":["post-19767","page","type-page","status-publish","hentry"],"acf":[],"yoast_head":"<!-- This site is optimized with the Yoast SEO plugin v25.7 - https:\/\/yoast.com\/wordpress\/plugins\/seo\/ -->\n<title>Ana Vragolovi\u0107 - Iza ekrana: Osobe s invaliditetom u medijskoj i modnoj industriji - Agencija za elektroni\u010dke medije<\/title>\n<meta name=\"robots\" content=\"index, follow, max-snippet:-1, max-image-preview:large, max-video-preview:-1\" \/>\n<link rel=\"canonical\" href=\"https:\/\/aem.hr\/en\/ana-vragolovic-iza-ekrana-osobe-s-invaliditetom-u-medijskoj-i-modnoj-industriji\/\" \/>\n<meta property=\"og:locale\" content=\"en_US\" \/>\n<meta property=\"og:type\" content=\"article\" \/>\n<meta property=\"og:title\" content=\"Ana Vragolovi\u0107 - Iza ekrana: Osobe s invaliditetom u medijskoj i modnoj industriji - Agencija za elektroni\u010dke medije\" \/>\n<meta property=\"og:url\" content=\"https:\/\/aem.hr\/en\/ana-vragolovic-iza-ekrana-osobe-s-invaliditetom-u-medijskoj-i-modnoj-industriji\/\" \/>\n<meta property=\"og:site_name\" content=\"Agencija za elektroni\u010dke medije\" \/>\n<meta property=\"article:modified_time\" content=\"2025-01-31T12:54:28+00:00\" \/>\n<meta name=\"twitter:card\" content=\"summary_large_image\" \/>\n<meta name=\"twitter:label1\" content=\"Est. reading time\" \/>\n\t<meta name=\"twitter:data1\" content=\"1 minute\" \/>\n<script type=\"application\/ld+json\" class=\"yoast-schema-graph\">{\"@context\":\"https:\/\/schema.org\",\"@graph\":[{\"@type\":\"WebPage\",\"@id\":\"https:\/\/aem.hr\/en\/ana-vragolovic-iza-ekrana-osobe-s-invaliditetom-u-medijskoj-i-modnoj-industriji\/\",\"url\":\"https:\/\/aem.hr\/en\/ana-vragolovic-iza-ekrana-osobe-s-invaliditetom-u-medijskoj-i-modnoj-industriji\/\",\"name\":\"Ana Vragolovi\u0107 - Iza ekrana: Osobe s invaliditetom u medijskoj i modnoj industriji - Agencija za elektroni\u010dke medije\",\"isPartOf\":{\"@id\":\"https:\/\/aem.hr\/#website\"},\"datePublished\":\"2025-01-31T12:54:27+00:00\",\"dateModified\":\"2025-01-31T12:54:28+00:00\",\"breadcrumb\":{\"@id\":\"https:\/\/aem.hr\/en\/ana-vragolovic-iza-ekrana-osobe-s-invaliditetom-u-medijskoj-i-modnoj-industriji\/#breadcrumb\"},\"inLanguage\":\"en-US\",\"potentialAction\":[{\"@type\":\"ReadAction\",\"target\":[\"https:\/\/aem.hr\/en\/ana-vragolovic-iza-ekrana-osobe-s-invaliditetom-u-medijskoj-i-modnoj-industriji\/\"]}]},{\"@type\":\"BreadcrumbList\",\"@id\":\"https:\/\/aem.hr\/en\/ana-vragolovic-iza-ekrana-osobe-s-invaliditetom-u-medijskoj-i-modnoj-industriji\/#breadcrumb\",\"itemListElement\":[{\"@type\":\"ListItem\",\"position\":1,\"name\":\"Po\u010detna stranica\",\"item\":\"https:\/\/aem.hr\/\"},{\"@type\":\"ListItem\",\"position\":2,\"name\":\"Ana Vragolovi\u0107 &#8211; Iza ekrana: Osobe s invaliditetom u medijskoj i modnoj industriji\"}]},{\"@type\":\"WebSite\",\"@id\":\"https:\/\/aem.hr\/#website\",\"url\":\"https:\/\/aem.hr\/\",\"name\":\"Agencija za elektroni\u010dke medije\",\"description\":\"\",\"potentialAction\":[{\"@type\":\"SearchAction\",\"target\":{\"@type\":\"EntryPoint\",\"urlTemplate\":\"https:\/\/aem.hr\/?s={search_term_string}\"},\"query-input\":{\"@type\":\"PropertyValueSpecification\",\"valueRequired\":true,\"valueName\":\"search_term_string\"}}],\"inLanguage\":\"en-US\"}]}<\/script>\n<!-- \/ Yoast SEO plugin. -->","yoast_head_json":{"title":"Ana Vragolovi\u0107 - Iza ekrana: Osobe s invaliditetom u medijskoj i modnoj industriji - Agencija za elektroni\u010dke medije","robots":{"index":"index","follow":"follow","max-snippet":"max-snippet:-1","max-image-preview":"max-image-preview:large","max-video-preview":"max-video-preview:-1"},"canonical":"https:\/\/aem.hr\/en\/ana-vragolovic-iza-ekrana-osobe-s-invaliditetom-u-medijskoj-i-modnoj-industriji\/","og_locale":"en_US","og_type":"article","og_title":"Ana Vragolovi\u0107 - Iza ekrana: Osobe s invaliditetom u medijskoj i modnoj industriji - Agencija za elektroni\u010dke medije","og_url":"https:\/\/aem.hr\/en\/ana-vragolovic-iza-ekrana-osobe-s-invaliditetom-u-medijskoj-i-modnoj-industriji\/","og_site_name":"Agencija za elektroni\u010dke medije","article_modified_time":"2025-01-31T12:54:28+00:00","twitter_card":"summary_large_image","twitter_misc":{"Est. reading time":"1 minute"},"schema":{"@context":"https:\/\/schema.org","@graph":[{"@type":"WebPage","@id":"https:\/\/aem.hr\/en\/ana-vragolovic-iza-ekrana-osobe-s-invaliditetom-u-medijskoj-i-modnoj-industriji\/","url":"https:\/\/aem.hr\/en\/ana-vragolovic-iza-ekrana-osobe-s-invaliditetom-u-medijskoj-i-modnoj-industriji\/","name":"Ana Vragolovi\u0107 - Iza ekrana: Osobe s invaliditetom u medijskoj i modnoj industriji - Agencija za elektroni\u010dke medije","isPartOf":{"@id":"https:\/\/aem.hr\/#website"},"datePublished":"2025-01-31T12:54:27+00:00","dateModified":"2025-01-31T12:54:28+00:00","breadcrumb":{"@id":"https:\/\/aem.hr\/en\/ana-vragolovic-iza-ekrana-osobe-s-invaliditetom-u-medijskoj-i-modnoj-industriji\/#breadcrumb"},"inLanguage":"en-US","potentialAction":[{"@type":"ReadAction","target":["https:\/\/aem.hr\/en\/ana-vragolovic-iza-ekrana-osobe-s-invaliditetom-u-medijskoj-i-modnoj-industriji\/"]}]},{"@type":"BreadcrumbList","@id":"https:\/\/aem.hr\/en\/ana-vragolovic-iza-ekrana-osobe-s-invaliditetom-u-medijskoj-i-modnoj-industriji\/#breadcrumb","itemListElement":[{"@type":"ListItem","position":1,"name":"Po\u010detna stranica","item":"https:\/\/aem.hr\/"},{"@type":"ListItem","position":2,"name":"Ana Vragolovi\u0107 &#8211; Iza ekrana: Osobe s invaliditetom u medijskoj i modnoj industriji"}]},{"@type":"WebSite","@id":"https:\/\/aem.hr\/#website","url":"https:\/\/aem.hr\/","name":"Agencija za elektroni\u010dke medije","description":"","potentialAction":[{"@type":"SearchAction","target":{"@type":"EntryPoint","urlTemplate":"https:\/\/aem.hr\/?s={search_term_string}"},"query-input":{"@type":"PropertyValueSpecification","valueRequired":true,"valueName":"search_term_string"}}],"inLanguage":"en-US"}]}},"coauthors":[],"author_meta":{"author_link":"https:\/\/aem.hr\/en\/blog\/author\/mkirac\/","display_name":"Matko Kirac"},"relative_dates":{"created":"Posted 1 year ago","modified":"Updated 1 year ago"},"absolute_dates":{"created":"Posted on 31. January 2025.","modified":"Updated on 31. January 2025."},"absolute_dates_time":{"created":"Posted on 31. January 2025. 13:54","modified":"Updated on 31. January 2025. 13:54"},"featured_img_caption":"","featured_img":false,"series_order":"","_links":{"self":[{"href":"https:\/\/aem.hr\/en\/wp-json\/wp\/v2\/pages\/19767","targetHints":{"allow":["GET"]}}],"collection":[{"href":"https:\/\/aem.hr\/en\/wp-json\/wp\/v2\/pages"}],"about":[{"href":"https:\/\/aem.hr\/en\/wp-json\/wp\/v2\/types\/page"}],"author":[{"embeddable":true,"href":"https:\/\/aem.hr\/en\/wp-json\/wp\/v2\/users\/18"}],"replies":[{"embeddable":true,"href":"https:\/\/aem.hr\/en\/wp-json\/wp\/v2\/comments?post=19767"}],"version-history":[{"count":1,"href":"https:\/\/aem.hr\/en\/wp-json\/wp\/v2\/pages\/19767\/revisions"}],"predecessor-version":[{"id":19778,"href":"https:\/\/aem.hr\/en\/wp-json\/wp\/v2\/pages\/19767\/revisions\/19778"}],"wp:attachment":[{"href":"https:\/\/aem.hr\/en\/wp-json\/wp\/v2\/media?parent=19767"}],"curies":[{"name":"wp","href":"https:\/\/api.w.org\/{rel}","templated":true}]}}