{"id":19789,"date":"2025-01-31T13:56:11","date_gmt":"2025-01-31T12:56:11","guid":{"rendered":"http:\/\/aem.hr\/?page_id=19789"},"modified":"2025-01-31T13:56:12","modified_gmt":"2025-01-31T12:56:12","slug":"viktor-zahtila-intimni-zivoti-gej-muskaraca-u-suvremenoj-hrvatskoj","status":"publish","type":"page","link":"https:\/\/aem.hr\/en\/viktor-zahtila-intimni-zivoti-gej-muskaraca-u-suvremenoj-hrvatskoj\/","title":{"rendered":"Viktor Zahtila &#8211; Intimni \u017eivoti gej mu\u0161karaca u suvremenoj Hrvatskoj"},"content":{"rendered":"\n<div class=\"wp-block-file\"><a id=\"wp-block-file--media-64b2293b-57bd-40cb-927d-fb0e7aaf188e\" href=\"https:\/\/aem.hr\/wp-content\/uploads\/2025\/01\/1.-Chemsex-\u2013-najkontroverznija-tema.pdf\">1. Chemsex \u2013 najkontroverznija tema<\/a><a href=\"https:\/\/aem.hr\/wp-content\/uploads\/2025\/01\/1.-Chemsex-\u2013-najkontroverznija-tema.pdf\" class=\"wp-block-file__button wp-element-button\" download aria-describedby=\"wp-block-file--media-64b2293b-57bd-40cb-927d-fb0e7aaf188e\">Preuzimanje<\/a><\/div>\n\n\n\n<div class=\"wp-block-file\"><a id=\"wp-block-file--media-96cdbd8f-c046-47b4-83ca-80eeeb4908fb\" href=\"https:\/\/aem.hr\/wp-content\/uploads\/2025\/01\/2.-Siguran-seks.pdf\">2. Siguran seks<\/a><a href=\"https:\/\/aem.hr\/wp-content\/uploads\/2025\/01\/2.-Siguran-seks.pdf\" class=\"wp-block-file__button wp-element-button\" download aria-describedby=\"wp-block-file--media-96cdbd8f-c046-47b4-83ca-80eeeb4908fb\">Preuzimanje<\/a><\/div>\n\n\n\n<div class=\"wp-block-file\"><a id=\"wp-block-file--media-26103c6f-b6ba-4039-b226-60cca35e38bc\" href=\"https:\/\/aem.hr\/wp-content\/uploads\/2025\/01\/3.-Walt-Odets-Biti-gej.pdf\">3. Walt Odets Biti gej<\/a><a href=\"https:\/\/aem.hr\/wp-content\/uploads\/2025\/01\/3.-Walt-Odets-Biti-gej.pdf\" class=\"wp-block-file__button wp-element-button\" download aria-describedby=\"wp-block-file--media-26103c6f-b6ba-4039-b226-60cca35e38bc\">Preuzimanje<\/a><\/div>\n\n\n\n<div class=\"wp-block-file\"><a id=\"wp-block-file--media-21cb995e-6f5e-4f0f-8a96-25b73ca04850\" href=\"https:\/\/aem.hr\/wp-content\/uploads\/2025\/01\/4.-Sigurniji-seks-bez.pdf\">4. Sigurniji seks bez<\/a><a href=\"https:\/\/aem.hr\/wp-content\/uploads\/2025\/01\/4.-Sigurniji-seks-bez.pdf\" class=\"wp-block-file__button wp-element-button\" download aria-describedby=\"wp-block-file--media-21cb995e-6f5e-4f0f-8a96-25b73ca04850\">Preuzimanje<\/a><\/div>\n\n\n\n<div class=\"wp-block-file\"><a id=\"wp-block-file--media-5e69eb5a-2dcd-400d-b668-7eda558f0043\" href=\"https:\/\/aem.hr\/wp-content\/uploads\/2025\/01\/5.-Berlin-Obecana-Zemlja.pdf\">5. Berlin Obe\u0107ana Zemlja<\/a><a href=\"https:\/\/aem.hr\/wp-content\/uploads\/2025\/01\/5.-Berlin-Obecana-Zemlja.pdf\" class=\"wp-block-file__button wp-element-button\" download aria-describedby=\"wp-block-file--media-5e69eb5a-2dcd-400d-b668-7eda558f0043\">Preuzimanje<\/a><\/div>\n","protected":false},"excerpt":{"rendered":"","protected":false},"author":18,"featured_media":0,"parent":0,"menu_order":0,"comment_status":"closed","ping_status":"closed","template":"","meta":{"_acf_changed":false,"inline_featured_image":false,"advgb_blocks_editor_width":"","advgb_blocks_columns_visual_guide":"","_links_to":"","_links_to_type":0,"footnotes":""},"class_list":["post-19789","page","type-page","status-publish","hentry"],"acf":[],"yoast_head":"<!-- This site is optimized with the Yoast SEO plugin v25.7 - https:\/\/yoast.com\/wordpress\/plugins\/seo\/ -->\n<title>Viktor Zahtila - Intimni \u017eivoti gej mu\u0161karaca u suvremenoj Hrvatskoj - Agencija za elektroni\u010dke medije<\/title>\n<meta name=\"robots\" content=\"index, follow, max-snippet:-1, max-image-preview:large, max-video-preview:-1\" \/>\n<link rel=\"canonical\" href=\"https:\/\/aem.hr\/viktor-zahtila-intimni-zivoti-gej-muskaraca-u-suvremenoj-hrvatskoj\/\" \/>\n<meta property=\"og:locale\" content=\"en_US\" \/>\n<meta property=\"og:type\" content=\"article\" \/>\n<meta property=\"og:title\" content=\"Viktor Zahtila - Intimni \u017eivoti gej mu\u0161karaca u suvremenoj Hrvatskoj - Agencija za elektroni\u010dke medije\" \/>\n<meta property=\"og:url\" content=\"https:\/\/aem.hr\/viktor-zahtila-intimni-zivoti-gej-muskaraca-u-suvremenoj-hrvatskoj\/\" \/>\n<meta property=\"og:site_name\" content=\"Agencija za elektroni\u010dke medije\" \/>\n<meta property=\"article:modified_time\" content=\"2025-01-31T12:56:12+00:00\" \/>\n<meta name=\"twitter:card\" content=\"summary_large_image\" \/>\n<meta name=\"twitter:label1\" content=\"Est. reading time\" \/>\n\t<meta name=\"twitter:data1\" content=\"1 minute\" \/>\n<script type=\"application\/ld+json\" class=\"yoast-schema-graph\">{\"@context\":\"https:\/\/schema.org\",\"@graph\":[{\"@type\":\"WebPage\",\"@id\":\"https:\/\/aem.hr\/viktor-zahtila-intimni-zivoti-gej-muskaraca-u-suvremenoj-hrvatskoj\/\",\"url\":\"https:\/\/aem.hr\/viktor-zahtila-intimni-zivoti-gej-muskaraca-u-suvremenoj-hrvatskoj\/\",\"name\":\"Viktor Zahtila - Intimni \u017eivoti gej mu\u0161karaca u suvremenoj Hrvatskoj - Agencija za elektroni\u010dke medije\",\"isPartOf\":{\"@id\":\"https:\/\/aem.hr\/#website\"},\"datePublished\":\"2025-01-31T12:56:11+00:00\",\"dateModified\":\"2025-01-31T12:56:12+00:00\",\"breadcrumb\":{\"@id\":\"https:\/\/aem.hr\/viktor-zahtila-intimni-zivoti-gej-muskaraca-u-suvremenoj-hrvatskoj\/#breadcrumb\"},\"inLanguage\":\"en-US\",\"potentialAction\":[{\"@type\":\"ReadAction\",\"target\":[\"https:\/\/aem.hr\/viktor-zahtila-intimni-zivoti-gej-muskaraca-u-suvremenoj-hrvatskoj\/\"]}]},{\"@type\":\"BreadcrumbList\",\"@id\":\"https:\/\/aem.hr\/viktor-zahtila-intimni-zivoti-gej-muskaraca-u-suvremenoj-hrvatskoj\/#breadcrumb\",\"itemListElement\":[{\"@type\":\"ListItem\",\"position\":1,\"name\":\"Po\u010detna stranica\",\"item\":\"https:\/\/aem.hr\/\"},{\"@type\":\"ListItem\",\"position\":2,\"name\":\"Viktor Zahtila &#8211; Intimni \u017eivoti gej mu\u0161karaca u suvremenoj Hrvatskoj\"}]},{\"@type\":\"WebSite\",\"@id\":\"https:\/\/aem.hr\/#website\",\"url\":\"https:\/\/aem.hr\/\",\"name\":\"Agencija za elektroni\u010dke medije\",\"description\":\"\",\"potentialAction\":[{\"@type\":\"SearchAction\",\"target\":{\"@type\":\"EntryPoint\",\"urlTemplate\":\"https:\/\/aem.hr\/?s={search_term_string}\"},\"query-input\":{\"@type\":\"PropertyValueSpecification\",\"valueRequired\":true,\"valueName\":\"search_term_string\"}}],\"inLanguage\":\"en-US\"}]}<\/script>\n<!-- \/ Yoast SEO plugin. -->","yoast_head_json":{"title":"Viktor Zahtila - Intimni \u017eivoti gej mu\u0161karaca u suvremenoj Hrvatskoj - Agencija za elektroni\u010dke medije","robots":{"index":"index","follow":"follow","max-snippet":"max-snippet:-1","max-image-preview":"max-image-preview:large","max-video-preview":"max-video-preview:-1"},"canonical":"https:\/\/aem.hr\/viktor-zahtila-intimni-zivoti-gej-muskaraca-u-suvremenoj-hrvatskoj\/","og_locale":"en_US","og_type":"article","og_title":"Viktor Zahtila - Intimni \u017eivoti gej mu\u0161karaca u suvremenoj Hrvatskoj - Agencija za elektroni\u010dke medije","og_url":"https:\/\/aem.hr\/viktor-zahtila-intimni-zivoti-gej-muskaraca-u-suvremenoj-hrvatskoj\/","og_site_name":"Agencija za elektroni\u010dke medije","article_modified_time":"2025-01-31T12:56:12+00:00","twitter_card":"summary_large_image","twitter_misc":{"Est. reading time":"1 minute"},"schema":{"@context":"https:\/\/schema.org","@graph":[{"@type":"WebPage","@id":"https:\/\/aem.hr\/viktor-zahtila-intimni-zivoti-gej-muskaraca-u-suvremenoj-hrvatskoj\/","url":"https:\/\/aem.hr\/viktor-zahtila-intimni-zivoti-gej-muskaraca-u-suvremenoj-hrvatskoj\/","name":"Viktor Zahtila - Intimni \u017eivoti gej mu\u0161karaca u suvremenoj Hrvatskoj - Agencija za elektroni\u010dke medije","isPartOf":{"@id":"https:\/\/aem.hr\/#website"},"datePublished":"2025-01-31T12:56:11+00:00","dateModified":"2025-01-31T12:56:12+00:00","breadcrumb":{"@id":"https:\/\/aem.hr\/viktor-zahtila-intimni-zivoti-gej-muskaraca-u-suvremenoj-hrvatskoj\/#breadcrumb"},"inLanguage":"en-US","potentialAction":[{"@type":"ReadAction","target":["https:\/\/aem.hr\/viktor-zahtila-intimni-zivoti-gej-muskaraca-u-suvremenoj-hrvatskoj\/"]}]},{"@type":"BreadcrumbList","@id":"https:\/\/aem.hr\/viktor-zahtila-intimni-zivoti-gej-muskaraca-u-suvremenoj-hrvatskoj\/#breadcrumb","itemListElement":[{"@type":"ListItem","position":1,"name":"Po\u010detna stranica","item":"https:\/\/aem.hr\/"},{"@type":"ListItem","position":2,"name":"Viktor Zahtila &#8211; Intimni \u017eivoti gej mu\u0161karaca u suvremenoj Hrvatskoj"}]},{"@type":"WebSite","@id":"https:\/\/aem.hr\/#website","url":"https:\/\/aem.hr\/","name":"Agencija za elektroni\u010dke medije","description":"","potentialAction":[{"@type":"SearchAction","target":{"@type":"EntryPoint","urlTemplate":"https:\/\/aem.hr\/?s={search_term_string}"},"query-input":{"@type":"PropertyValueSpecification","valueRequired":true,"valueName":"search_term_string"}}],"inLanguage":"en-US"}]}},"coauthors":[],"author_meta":{"author_link":"https:\/\/aem.hr\/en\/blog\/author\/mkirac\/","display_name":"Matko Kirac"},"relative_dates":{"created":"Posted 1 year ago","modified":"Updated 1 year ago"},"absolute_dates":{"created":"Posted on 31. January 2025.","modified":"Updated on 31. January 2025."},"absolute_dates_time":{"created":"Posted on 31. January 2025. 13:56","modified":"Updated on 31. January 2025. 13:56"},"featured_img_caption":"","featured_img":false,"series_order":"","_links":{"self":[{"href":"https:\/\/aem.hr\/en\/wp-json\/wp\/v2\/pages\/19789","targetHints":{"allow":["GET"]}}],"collection":[{"href":"https:\/\/aem.hr\/en\/wp-json\/wp\/v2\/pages"}],"about":[{"href":"https:\/\/aem.hr\/en\/wp-json\/wp\/v2\/types\/page"}],"author":[{"embeddable":true,"href":"https:\/\/aem.hr\/en\/wp-json\/wp\/v2\/users\/18"}],"replies":[{"embeddable":true,"href":"https:\/\/aem.hr\/en\/wp-json\/wp\/v2\/comments?post=19789"}],"version-history":[{"count":1,"href":"https:\/\/aem.hr\/en\/wp-json\/wp\/v2\/pages\/19789\/revisions"}],"predecessor-version":[{"id":19800,"href":"https:\/\/aem.hr\/en\/wp-json\/wp\/v2\/pages\/19789\/revisions\/19800"}],"wp:attachment":[{"href":"https:\/\/aem.hr\/en\/wp-json\/wp\/v2\/media?parent=19789"}],"curies":[{"name":"wp","href":"https:\/\/api.w.org\/{rel}","templated":true}]}}