{"id":19802,"date":"2025-01-31T13:57:25","date_gmt":"2025-01-31T12:57:25","guid":{"rendered":"http:\/\/aem.hr\/?page_id=19802"},"modified":"2025-01-31T13:57:26","modified_gmt":"2025-01-31T12:57:26","slug":"zlatko-vidackovic-hrt-majka-ili-maceha-suvremene-hrvatske-kinematografije","status":"publish","type":"page","link":"https:\/\/aem.hr\/en\/zlatko-vidackovic-hrt-majka-ili-maceha-suvremene-hrvatske-kinematografije\/","title":{"rendered":"Zlatko Vida\u010dkovi\u0107 &#8211; HRT &#8211; majka ili ma\u0107eha suvremene hrvatske kinematografije?"},"content":{"rendered":"\n<div class=\"wp-block-file\"><a id=\"wp-block-file--media-4a0ce118-88d3-4bfa-a7f5-197dbb858ceb\" href=\"https:\/\/aem.hr\/wp-content\/uploads\/2025\/01\/1.-Je-li-HRT-majka-ili-maceha.pdf\">1. Je li HRT majka ili ma\u0107eha<\/a><a href=\"https:\/\/aem.hr\/wp-content\/uploads\/2025\/01\/1.-Je-li-HRT-majka-ili-maceha.pdf\" class=\"wp-block-file__button wp-element-button\" download aria-describedby=\"wp-block-file--media-4a0ce118-88d3-4bfa-a7f5-197dbb858ceb\">Preuzimanje<\/a><\/div>\n\n\n\n<div class=\"wp-block-file\"><a id=\"wp-block-file--media-73eca7c9-b6d6-48db-9e11-35ff0799b654\" href=\"https:\/\/aem.hr\/wp-content\/uploads\/2025\/01\/2.-Televizijska-predanost.pdf\">2. Televizijska predanost<\/a><a href=\"https:\/\/aem.hr\/wp-content\/uploads\/2025\/01\/2.-Televizijska-predanost.pdf\" class=\"wp-block-file__button wp-element-button\" download aria-describedby=\"wp-block-file--media-73eca7c9-b6d6-48db-9e11-35ff0799b654\">Preuzimanje<\/a><\/div>\n\n\n\n<div class=\"wp-block-file\"><a id=\"wp-block-file--media-9a1cadc1-08d4-4741-b90e-6204264a559f\" href=\"https:\/\/aem.hr\/wp-content\/uploads\/2025\/01\/3.-Ambiciozan-Krlezin.pdf\">3. Ambiciozan Krle\u017ein<\/a><a href=\"https:\/\/aem.hr\/wp-content\/uploads\/2025\/01\/3.-Ambiciozan-Krlezin.pdf\" class=\"wp-block-file__button wp-element-button\" download aria-describedby=\"wp-block-file--media-9a1cadc1-08d4-4741-b90e-6204264a559f\">Preuzimanje<\/a><\/div>\n\n\n\n<div class=\"wp-block-file\"><a id=\"wp-block-file--media-0dcfc0a2-f02b-4292-94eb-f32c326495e9\" href=\"https:\/\/aem.hr\/wp-content\/uploads\/2025\/01\/4.-Zanrovski-redatelj.pdf\">4. \u017danrovski redatelj<\/a><a href=\"https:\/\/aem.hr\/wp-content\/uploads\/2025\/01\/4.-Zanrovski-redatelj.pdf\" class=\"wp-block-file__button wp-element-button\" download aria-describedby=\"wp-block-file--media-0dcfc0a2-f02b-4292-94eb-f32c326495e9\">Preuzimanje<\/a><\/div>\n\n\n\n<div class=\"wp-block-file\"><a id=\"wp-block-file--media-6bfb223e-9a50-438c-8346-16e2ef12f9be\" href=\"https:\/\/aem.hr\/wp-content\/uploads\/2025\/01\/5.-Adaptiranje-knjige.pdf\">5. Adaptiranje knjige<\/a><a href=\"https:\/\/aem.hr\/wp-content\/uploads\/2025\/01\/5.-Adaptiranje-knjige.pdf\" class=\"wp-block-file__button wp-element-button\" download aria-describedby=\"wp-block-file--media-6bfb223e-9a50-438c-8346-16e2ef12f9be\">Preuzimanje<\/a><\/div>\n\n\n\n<div class=\"wp-block-file\"><a id=\"wp-block-file--media-f1f829f3-2df9-4e79-a776-550cb0ebb74f\" href=\"https:\/\/aem.hr\/wp-content\/uploads\/2025\/01\/6.-Cijepanje-filmova.pdf\">6. Cijepanje filmova<\/a><a href=\"https:\/\/aem.hr\/wp-content\/uploads\/2025\/01\/6.-Cijepanje-filmova.pdf\" class=\"wp-block-file__button wp-element-button\" download aria-describedby=\"wp-block-file--media-f1f829f3-2df9-4e79-a776-550cb0ebb74f\">Preuzimanje<\/a><\/div>\n\n\n\n<div class=\"wp-block-file\"><a id=\"wp-block-file--media-a81ed9a9-530c-4a10-aed5-80d6f06953f9\" href=\"https:\/\/aem.hr\/wp-content\/uploads\/2025\/01\/7.-Borba-kina-i-televizije.pdf\">7. Borba kina i televizije<\/a><a href=\"https:\/\/aem.hr\/wp-content\/uploads\/2025\/01\/7.-Borba-kina-i-televizije.pdf\" class=\"wp-block-file__button wp-element-button\" download aria-describedby=\"wp-block-file--media-a81ed9a9-530c-4a10-aed5-80d6f06953f9\">Preuzimanje<\/a><\/div>\n\n\n\n<div class=\"wp-block-file\"><a id=\"wp-block-file--media-1d4a204d-0134-4387-bd2a-516d8739a9fb\" href=\"https:\/\/aem.hr\/wp-content\/uploads\/2025\/01\/8.-Televizijski-filmovi.pdf\">8. Televizijski filmovi<\/a><a href=\"https:\/\/aem.hr\/wp-content\/uploads\/2025\/01\/8.-Televizijski-filmovi.pdf\" class=\"wp-block-file__button wp-element-button\" download aria-describedby=\"wp-block-file--media-1d4a204d-0134-4387-bd2a-516d8739a9fb\">Preuzimanje<\/a><\/div>\n\n\n\n<div class=\"wp-block-file\"><a id=\"wp-block-file--media-bd69466c-f316-49a0-bb77-10a5dc900d02\" href=\"https:\/\/aem.hr\/wp-content\/uploads\/2025\/01\/9.-Feministicki-zaokret.pdf\">9. Feministi\u010dki zaokret<\/a><a href=\"https:\/\/aem.hr\/wp-content\/uploads\/2025\/01\/9.-Feministicki-zaokret.pdf\" class=\"wp-block-file__button wp-element-button\" download aria-describedby=\"wp-block-file--media-bd69466c-f316-49a0-bb77-10a5dc900d02\">Preuzimanje<\/a><\/div>\n\n\n\n<div class=\"wp-block-file\"><a id=\"wp-block-file--media-781cf75a-4438-4974-979a-82cab760d678\" href=\"https:\/\/aem.hr\/wp-content\/uploads\/2025\/01\/10.-Desetljece-iznimnih.pdf\">10. Desetlje\u0107e iznimnih<\/a><a href=\"https:\/\/aem.hr\/wp-content\/uploads\/2025\/01\/10.-Desetljece-iznimnih.pdf\" class=\"wp-block-file__button wp-element-button\" download aria-describedby=\"wp-block-file--media-781cf75a-4438-4974-979a-82cab760d678\">Preuzimanje<\/a><\/div>\n","protected":false},"excerpt":{"rendered":"","protected":false},"author":18,"featured_media":0,"parent":0,"menu_order":0,"comment_status":"closed","ping_status":"closed","template":"","meta":{"_acf_changed":false,"inline_featured_image":false,"advgb_blocks_editor_width":"","advgb_blocks_columns_visual_guide":"","_links_to":"","_links_to_type":0,"footnotes":""},"class_list":["post-19802","page","type-page","status-publish","hentry"],"acf":[],"yoast_head":"<!-- This site is optimized with the Yoast SEO plugin v25.7 - https:\/\/yoast.com\/wordpress\/plugins\/seo\/ -->\n<title>Zlatko Vida\u010dkovi\u0107 - HRT - majka ili ma\u0107eha suvremene hrvatske kinematografije? - Agencija za elektroni\u010dke medije<\/title>\n<meta name=\"robots\" content=\"index, follow, max-snippet:-1, max-image-preview:large, max-video-preview:-1\" \/>\n<link rel=\"canonical\" href=\"https:\/\/aem.hr\/zlatko-vidackovic-hrt-majka-ili-maceha-suvremene-hrvatske-kinematografije\/\" \/>\n<meta property=\"og:locale\" content=\"en_US\" \/>\n<meta property=\"og:type\" content=\"article\" \/>\n<meta property=\"og:title\" content=\"Zlatko Vida\u010dkovi\u0107 - HRT - majka ili ma\u0107eha suvremene hrvatske kinematografije? - Agencija za elektroni\u010dke medije\" \/>\n<meta property=\"og:url\" content=\"https:\/\/aem.hr\/zlatko-vidackovic-hrt-majka-ili-maceha-suvremene-hrvatske-kinematografije\/\" \/>\n<meta property=\"og:site_name\" content=\"Agencija za elektroni\u010dke medije\" \/>\n<meta property=\"article:modified_time\" content=\"2025-01-31T12:57:26+00:00\" \/>\n<meta name=\"twitter:card\" content=\"summary_large_image\" \/>\n<meta name=\"twitter:label1\" content=\"Est. reading time\" \/>\n\t<meta name=\"twitter:data1\" content=\"1 minute\" \/>\n<script type=\"application\/ld+json\" class=\"yoast-schema-graph\">{\"@context\":\"https:\/\/schema.org\",\"@graph\":[{\"@type\":\"WebPage\",\"@id\":\"https:\/\/aem.hr\/zlatko-vidackovic-hrt-majka-ili-maceha-suvremene-hrvatske-kinematografije\/\",\"url\":\"https:\/\/aem.hr\/zlatko-vidackovic-hrt-majka-ili-maceha-suvremene-hrvatske-kinematografije\/\",\"name\":\"Zlatko Vida\u010dkovi\u0107 - HRT - majka ili ma\u0107eha suvremene hrvatske kinematografije? - Agencija za elektroni\u010dke medije\",\"isPartOf\":{\"@id\":\"https:\/\/aem.hr\/#website\"},\"datePublished\":\"2025-01-31T12:57:25+00:00\",\"dateModified\":\"2025-01-31T12:57:26+00:00\",\"breadcrumb\":{\"@id\":\"https:\/\/aem.hr\/zlatko-vidackovic-hrt-majka-ili-maceha-suvremene-hrvatske-kinematografije\/#breadcrumb\"},\"inLanguage\":\"en-US\",\"potentialAction\":[{\"@type\":\"ReadAction\",\"target\":[\"https:\/\/aem.hr\/zlatko-vidackovic-hrt-majka-ili-maceha-suvremene-hrvatske-kinematografije\/\"]}]},{\"@type\":\"BreadcrumbList\",\"@id\":\"https:\/\/aem.hr\/zlatko-vidackovic-hrt-majka-ili-maceha-suvremene-hrvatske-kinematografije\/#breadcrumb\",\"itemListElement\":[{\"@type\":\"ListItem\",\"position\":1,\"name\":\"Po\u010detna stranica\",\"item\":\"https:\/\/aem.hr\/\"},{\"@type\":\"ListItem\",\"position\":2,\"name\":\"Zlatko Vida\u010dkovi\u0107 &#8211; HRT &#8211; majka ili ma\u0107eha suvremene hrvatske kinematografije?\"}]},{\"@type\":\"WebSite\",\"@id\":\"https:\/\/aem.hr\/#website\",\"url\":\"https:\/\/aem.hr\/\",\"name\":\"Agencija za elektroni\u010dke medije\",\"description\":\"\",\"potentialAction\":[{\"@type\":\"SearchAction\",\"target\":{\"@type\":\"EntryPoint\",\"urlTemplate\":\"https:\/\/aem.hr\/?s={search_term_string}\"},\"query-input\":{\"@type\":\"PropertyValueSpecification\",\"valueRequired\":true,\"valueName\":\"search_term_string\"}}],\"inLanguage\":\"en-US\"}]}<\/script>\n<!-- \/ Yoast SEO plugin. -->","yoast_head_json":{"title":"Zlatko Vida\u010dkovi\u0107 - HRT - majka ili ma\u0107eha suvremene hrvatske kinematografije? - Agencija za elektroni\u010dke medije","robots":{"index":"index","follow":"follow","max-snippet":"max-snippet:-1","max-image-preview":"max-image-preview:large","max-video-preview":"max-video-preview:-1"},"canonical":"https:\/\/aem.hr\/zlatko-vidackovic-hrt-majka-ili-maceha-suvremene-hrvatske-kinematografije\/","og_locale":"en_US","og_type":"article","og_title":"Zlatko Vida\u010dkovi\u0107 - HRT - majka ili ma\u0107eha suvremene hrvatske kinematografije? - Agencija za elektroni\u010dke medije","og_url":"https:\/\/aem.hr\/zlatko-vidackovic-hrt-majka-ili-maceha-suvremene-hrvatske-kinematografije\/","og_site_name":"Agencija za elektroni\u010dke medije","article_modified_time":"2025-01-31T12:57:26+00:00","twitter_card":"summary_large_image","twitter_misc":{"Est. reading time":"1 minute"},"schema":{"@context":"https:\/\/schema.org","@graph":[{"@type":"WebPage","@id":"https:\/\/aem.hr\/zlatko-vidackovic-hrt-majka-ili-maceha-suvremene-hrvatske-kinematografije\/","url":"https:\/\/aem.hr\/zlatko-vidackovic-hrt-majka-ili-maceha-suvremene-hrvatske-kinematografije\/","name":"Zlatko Vida\u010dkovi\u0107 - HRT - majka ili ma\u0107eha suvremene hrvatske kinematografije? - Agencija za elektroni\u010dke medije","isPartOf":{"@id":"https:\/\/aem.hr\/#website"},"datePublished":"2025-01-31T12:57:25+00:00","dateModified":"2025-01-31T12:57:26+00:00","breadcrumb":{"@id":"https:\/\/aem.hr\/zlatko-vidackovic-hrt-majka-ili-maceha-suvremene-hrvatske-kinematografije\/#breadcrumb"},"inLanguage":"en-US","potentialAction":[{"@type":"ReadAction","target":["https:\/\/aem.hr\/zlatko-vidackovic-hrt-majka-ili-maceha-suvremene-hrvatske-kinematografije\/"]}]},{"@type":"BreadcrumbList","@id":"https:\/\/aem.hr\/zlatko-vidackovic-hrt-majka-ili-maceha-suvremene-hrvatske-kinematografije\/#breadcrumb","itemListElement":[{"@type":"ListItem","position":1,"name":"Po\u010detna stranica","item":"https:\/\/aem.hr\/"},{"@type":"ListItem","position":2,"name":"Zlatko Vida\u010dkovi\u0107 &#8211; HRT &#8211; majka ili ma\u0107eha suvremene hrvatske kinematografije?"}]},{"@type":"WebSite","@id":"https:\/\/aem.hr\/#website","url":"https:\/\/aem.hr\/","name":"Agencija za elektroni\u010dke medije","description":"","potentialAction":[{"@type":"SearchAction","target":{"@type":"EntryPoint","urlTemplate":"https:\/\/aem.hr\/?s={search_term_string}"},"query-input":{"@type":"PropertyValueSpecification","valueRequired":true,"valueName":"search_term_string"}}],"inLanguage":"en-US"}]}},"coauthors":[],"author_meta":{"author_link":"https:\/\/aem.hr\/en\/blog\/author\/mkirac\/","display_name":"Matko Kirac"},"relative_dates":{"created":"Posted 1 year ago","modified":"Updated 1 year ago"},"absolute_dates":{"created":"Posted on 31. January 2025.","modified":"Updated on 31. January 2025."},"absolute_dates_time":{"created":"Posted on 31. January 2025. 13:57","modified":"Updated on 31. January 2025. 13:57"},"featured_img_caption":"","featured_img":false,"series_order":"","_links":{"self":[{"href":"https:\/\/aem.hr\/en\/wp-json\/wp\/v2\/pages\/19802","targetHints":{"allow":["GET"]}}],"collection":[{"href":"https:\/\/aem.hr\/en\/wp-json\/wp\/v2\/pages"}],"about":[{"href":"https:\/\/aem.hr\/en\/wp-json\/wp\/v2\/types\/page"}],"author":[{"embeddable":true,"href":"https:\/\/aem.hr\/en\/wp-json\/wp\/v2\/users\/18"}],"replies":[{"embeddable":true,"href":"https:\/\/aem.hr\/en\/wp-json\/wp\/v2\/comments?post=19802"}],"version-history":[{"count":1,"href":"https:\/\/aem.hr\/en\/wp-json\/wp\/v2\/pages\/19802\/revisions"}],"predecessor-version":[{"id":19824,"href":"https:\/\/aem.hr\/en\/wp-json\/wp\/v2\/pages\/19802\/revisions\/19824"}],"wp:attachment":[{"href":"https:\/\/aem.hr\/en\/wp-json\/wp\/v2\/media?parent=19802"}],"curies":[{"name":"wp","href":"https:\/\/api.w.org\/{rel}","templated":true}]}}