{"id":19825,"date":"2025-01-31T13:59:53","date_gmt":"2025-01-31T12:59:53","guid":{"rendered":"http:\/\/aem.hr\/?page_id=19825"},"modified":"2025-01-31T13:59:54","modified_gmt":"2025-01-31T12:59:54","slug":"ivan-kovacic-zagywood","status":"publish","type":"page","link":"https:\/\/aem.hr\/en\/ivan-kovacic-zagywood\/","title":{"rendered":"Ivan Kova\u010di\u0107 &#8211; ZAGYWOOD"},"content":{"rendered":"\n<div class=\"wp-block-file\"><a id=\"wp-block-file--media-0d3dd231-9202-4d05-8109-34b7912fe1ba\" href=\"https:\/\/aem.hr\/wp-content\/uploads\/2025\/01\/1.-ZAGYWOOD-Fenomen.pdf\">1. ZAGYWOOD Fenomen<\/a><a href=\"https:\/\/aem.hr\/wp-content\/uploads\/2025\/01\/1.-ZAGYWOOD-Fenomen.pdf\" class=\"wp-block-file__button wp-element-button\" download aria-describedby=\"wp-block-file--media-0d3dd231-9202-4d05-8109-34b7912fe1ba\">Preuzimanje<\/a><\/div>\n\n\n\n<div class=\"wp-block-file\"><a id=\"wp-block-file--media-2516bbec-1b85-4603-9e7a-e652e405b586\" href=\"https:\/\/aem.hr\/wp-content\/uploads\/2025\/01\/2.-Zagorske-glumice.pdf\">2. Zagorske glumice<\/a><a href=\"https:\/\/aem.hr\/wp-content\/uploads\/2025\/01\/2.-Zagorske-glumice.pdf\" class=\"wp-block-file__button wp-element-button\" download aria-describedby=\"wp-block-file--media-2516bbec-1b85-4603-9e7a-e652e405b586\">Preuzimanje<\/a><\/div>\n\n\n\n<div class=\"wp-block-file\"><a id=\"wp-block-file--media-c8082f04-1884-49c4-bdc6-49fcd314d22c\" href=\"https:\/\/aem.hr\/wp-content\/uploads\/2025\/01\/3.-Na-daskama-koje.pdf\">3. Na daskama koje<\/a><a href=\"https:\/\/aem.hr\/wp-content\/uploads\/2025\/01\/3.-Na-daskama-koje.pdf\" class=\"wp-block-file__button wp-element-button\" download aria-describedby=\"wp-block-file--media-c8082f04-1884-49c4-bdc6-49fcd314d22c\">Preuzimanje<\/a><\/div>\n\n\n\n<div class=\"wp-block-file\"><a id=\"wp-block-file--media-d7d29f3e-80b9-42e4-96f1-08da0fdcbb11\" href=\"https:\/\/aem.hr\/wp-content\/uploads\/2025\/01\/4.-Za-povijest-Zagorja.pdf\">4. Za povijest Zagorja<\/a><a href=\"https:\/\/aem.hr\/wp-content\/uploads\/2025\/01\/4.-Za-povijest-Zagorja.pdf\" class=\"wp-block-file__button wp-element-button\" download aria-describedby=\"wp-block-file--media-d7d29f3e-80b9-42e4-96f1-08da0fdcbb11\">Preuzimanje<\/a><\/div>\n\n\n\n<div class=\"wp-block-file\"><a id=\"wp-block-file--media-1acec2b2-ad37-4d2a-9296-13baae4a6e74\" href=\"https:\/\/aem.hr\/wp-content\/uploads\/2025\/01\/5.-Od-amaterskih-dramskih.pdf\">5. Od amaterskih dramskih<\/a><a href=\"https:\/\/aem.hr\/wp-content\/uploads\/2025\/01\/5.-Od-amaterskih-dramskih.pdf\" class=\"wp-block-file__button wp-element-button\" download aria-describedby=\"wp-block-file--media-1acec2b2-ad37-4d2a-9296-13baae4a6e74\">Preuzimanje<\/a><\/div>\n\n\n\n<div class=\"wp-block-file\"><a id=\"wp-block-file--media-26969f7a-1b94-4029-a140-6b27e09833b0\" href=\"https:\/\/aem.hr\/wp-content\/uploads\/2025\/01\/6.-Zabok-je-postao.pdf\">6. Zabok je postao<\/a><a href=\"https:\/\/aem.hr\/wp-content\/uploads\/2025\/01\/6.-Zabok-je-postao.pdf\" class=\"wp-block-file__button wp-element-button\" download aria-describedby=\"wp-block-file--media-26969f7a-1b94-4029-a140-6b27e09833b0\">Preuzimanje<\/a><\/div>\n\n\n\n<div class=\"wp-block-file\"><a id=\"wp-block-file--media-00d24ab6-6bdc-4795-915f-c042ec7e75c1\" href=\"https:\/\/aem.hr\/wp-content\/uploads\/2025\/01\/7.-Od-reklama-za.pdf\">7. Od reklama za<\/a><a href=\"https:\/\/aem.hr\/wp-content\/uploads\/2025\/01\/7.-Od-reklama-za.pdf\" class=\"wp-block-file__button wp-element-button\" download aria-describedby=\"wp-block-file--media-00d24ab6-6bdc-4795-915f-c042ec7e75c1\">Preuzimanje<\/a><\/div>\n\n\n\n<div class=\"wp-block-file\"><a id=\"wp-block-file--media-651ca570-885b-4bfc-8490-c3f38e36ffed\" href=\"https:\/\/aem.hr\/wp-content\/uploads\/2025\/01\/8.-Od-amaterskih.pdf\">8. Od amaterskih<\/a><a href=\"https:\/\/aem.hr\/wp-content\/uploads\/2025\/01\/8.-Od-amaterskih.pdf\" class=\"wp-block-file__button wp-element-button\" download aria-describedby=\"wp-block-file--media-651ca570-885b-4bfc-8490-c3f38e36ffed\">Preuzimanje<\/a><\/div>\n\n\n\n<div class=\"wp-block-file\"><a id=\"wp-block-file--media-ef3f4747-bd90-419a-9496-cab88a6cb408\" href=\"https:\/\/aem.hr\/wp-content\/uploads\/2025\/01\/9.-Novac-ili-kvaliteta.pdf\">9. Novac ili kvaliteta<\/a><a href=\"https:\/\/aem.hr\/wp-content\/uploads\/2025\/01\/9.-Novac-ili-kvaliteta.pdf\" class=\"wp-block-file__button wp-element-button\" download aria-describedby=\"wp-block-file--media-ef3f4747-bd90-419a-9496-cab88a6cb408\">Preuzimanje<\/a><\/div>\n\n\n\n<div class=\"wp-block-file\"><a id=\"wp-block-file--media-5e2d3b08-b272-4544-892c-184591f606a9\" href=\"https:\/\/aem.hr\/wp-content\/uploads\/2025\/01\/10.-Fenomen-koji.pdf\">10. Fenomen koji<\/a><a href=\"https:\/\/aem.hr\/wp-content\/uploads\/2025\/01\/10.-Fenomen-koji.pdf\" class=\"wp-block-file__button wp-element-button\" download aria-describedby=\"wp-block-file--media-5e2d3b08-b272-4544-892c-184591f606a9\">Preuzimanje<\/a><\/div>\n","protected":false},"excerpt":{"rendered":"","protected":false},"author":18,"featured_media":0,"parent":0,"menu_order":0,"comment_status":"closed","ping_status":"closed","template":"","meta":{"_acf_changed":false,"inline_featured_image":false,"advgb_blocks_editor_width":"","advgb_blocks_columns_visual_guide":"","_links_to":"","_links_to_type":0,"footnotes":""},"class_list":["post-19825","page","type-page","status-publish","hentry"],"acf":[],"yoast_head":"<!-- This site is optimized with the Yoast SEO plugin v25.7 - https:\/\/yoast.com\/wordpress\/plugins\/seo\/ -->\n<title>Ivan Kova\u010di\u0107 - ZAGYWOOD - Agencija za elektroni\u010dke medije<\/title>\n<meta name=\"robots\" content=\"index, follow, max-snippet:-1, max-image-preview:large, max-video-preview:-1\" \/>\n<link rel=\"canonical\" href=\"https:\/\/aem.hr\/ivan-kovacic-zagywood\/\" \/>\n<meta property=\"og:locale\" content=\"en_US\" \/>\n<meta property=\"og:type\" content=\"article\" \/>\n<meta property=\"og:title\" content=\"Ivan Kova\u010di\u0107 - ZAGYWOOD - Agencija za elektroni\u010dke medije\" \/>\n<meta property=\"og:url\" content=\"https:\/\/aem.hr\/ivan-kovacic-zagywood\/\" \/>\n<meta property=\"og:site_name\" content=\"Agencija za elektroni\u010dke medije\" \/>\n<meta property=\"article:modified_time\" content=\"2025-01-31T12:59:54+00:00\" \/>\n<meta name=\"twitter:card\" content=\"summary_large_image\" \/>\n<meta name=\"twitter:label1\" content=\"Est. reading time\" \/>\n\t<meta name=\"twitter:data1\" content=\"1 minute\" \/>\n<script type=\"application\/ld+json\" class=\"yoast-schema-graph\">{\"@context\":\"https:\/\/schema.org\",\"@graph\":[{\"@type\":\"WebPage\",\"@id\":\"https:\/\/aem.hr\/ivan-kovacic-zagywood\/\",\"url\":\"https:\/\/aem.hr\/ivan-kovacic-zagywood\/\",\"name\":\"Ivan Kova\u010di\u0107 - ZAGYWOOD - Agencija za elektroni\u010dke medije\",\"isPartOf\":{\"@id\":\"https:\/\/aem.hr\/#website\"},\"datePublished\":\"2025-01-31T12:59:53+00:00\",\"dateModified\":\"2025-01-31T12:59:54+00:00\",\"breadcrumb\":{\"@id\":\"https:\/\/aem.hr\/ivan-kovacic-zagywood\/#breadcrumb\"},\"inLanguage\":\"en-US\",\"potentialAction\":[{\"@type\":\"ReadAction\",\"target\":[\"https:\/\/aem.hr\/ivan-kovacic-zagywood\/\"]}]},{\"@type\":\"BreadcrumbList\",\"@id\":\"https:\/\/aem.hr\/ivan-kovacic-zagywood\/#breadcrumb\",\"itemListElement\":[{\"@type\":\"ListItem\",\"position\":1,\"name\":\"Po\u010detna stranica\",\"item\":\"https:\/\/aem.hr\/\"},{\"@type\":\"ListItem\",\"position\":2,\"name\":\"Ivan Kova\u010di\u0107 &#8211; ZAGYWOOD\"}]},{\"@type\":\"WebSite\",\"@id\":\"https:\/\/aem.hr\/#website\",\"url\":\"https:\/\/aem.hr\/\",\"name\":\"Agencija za elektroni\u010dke medije\",\"description\":\"\",\"potentialAction\":[{\"@type\":\"SearchAction\",\"target\":{\"@type\":\"EntryPoint\",\"urlTemplate\":\"https:\/\/aem.hr\/?s={search_term_string}\"},\"query-input\":{\"@type\":\"PropertyValueSpecification\",\"valueRequired\":true,\"valueName\":\"search_term_string\"}}],\"inLanguage\":\"en-US\"}]}<\/script>\n<!-- \/ Yoast SEO plugin. -->","yoast_head_json":{"title":"Ivan Kova\u010di\u0107 - ZAGYWOOD - Agencija za elektroni\u010dke medije","robots":{"index":"index","follow":"follow","max-snippet":"max-snippet:-1","max-image-preview":"max-image-preview:large","max-video-preview":"max-video-preview:-1"},"canonical":"https:\/\/aem.hr\/ivan-kovacic-zagywood\/","og_locale":"en_US","og_type":"article","og_title":"Ivan Kova\u010di\u0107 - ZAGYWOOD - Agencija za elektroni\u010dke medije","og_url":"https:\/\/aem.hr\/ivan-kovacic-zagywood\/","og_site_name":"Agencija za elektroni\u010dke medije","article_modified_time":"2025-01-31T12:59:54+00:00","twitter_card":"summary_large_image","twitter_misc":{"Est. reading time":"1 minute"},"schema":{"@context":"https:\/\/schema.org","@graph":[{"@type":"WebPage","@id":"https:\/\/aem.hr\/ivan-kovacic-zagywood\/","url":"https:\/\/aem.hr\/ivan-kovacic-zagywood\/","name":"Ivan Kova\u010di\u0107 - ZAGYWOOD - Agencija za elektroni\u010dke medije","isPartOf":{"@id":"https:\/\/aem.hr\/#website"},"datePublished":"2025-01-31T12:59:53+00:00","dateModified":"2025-01-31T12:59:54+00:00","breadcrumb":{"@id":"https:\/\/aem.hr\/ivan-kovacic-zagywood\/#breadcrumb"},"inLanguage":"en-US","potentialAction":[{"@type":"ReadAction","target":["https:\/\/aem.hr\/ivan-kovacic-zagywood\/"]}]},{"@type":"BreadcrumbList","@id":"https:\/\/aem.hr\/ivan-kovacic-zagywood\/#breadcrumb","itemListElement":[{"@type":"ListItem","position":1,"name":"Po\u010detna stranica","item":"https:\/\/aem.hr\/"},{"@type":"ListItem","position":2,"name":"Ivan Kova\u010di\u0107 &#8211; ZAGYWOOD"}]},{"@type":"WebSite","@id":"https:\/\/aem.hr\/#website","url":"https:\/\/aem.hr\/","name":"Agencija za elektroni\u010dke medije","description":"","potentialAction":[{"@type":"SearchAction","target":{"@type":"EntryPoint","urlTemplate":"https:\/\/aem.hr\/?s={search_term_string}"},"query-input":{"@type":"PropertyValueSpecification","valueRequired":true,"valueName":"search_term_string"}}],"inLanguage":"en-US"}]}},"coauthors":[],"author_meta":{"author_link":"https:\/\/aem.hr\/en\/blog\/author\/mkirac\/","display_name":"Matko Kirac"},"relative_dates":{"created":"Posted 1 year ago","modified":"Updated 1 year ago"},"absolute_dates":{"created":"Posted on 31. January 2025.","modified":"Updated on 31. January 2025."},"absolute_dates_time":{"created":"Posted on 31. January 2025. 13:59","modified":"Updated on 31. January 2025. 13:59"},"featured_img_caption":"","featured_img":false,"series_order":"","_links":{"self":[{"href":"https:\/\/aem.hr\/en\/wp-json\/wp\/v2\/pages\/19825","targetHints":{"allow":["GET"]}}],"collection":[{"href":"https:\/\/aem.hr\/en\/wp-json\/wp\/v2\/pages"}],"about":[{"href":"https:\/\/aem.hr\/en\/wp-json\/wp\/v2\/types\/page"}],"author":[{"embeddable":true,"href":"https:\/\/aem.hr\/en\/wp-json\/wp\/v2\/users\/18"}],"replies":[{"embeddable":true,"href":"https:\/\/aem.hr\/en\/wp-json\/wp\/v2\/comments?post=19825"}],"version-history":[{"count":1,"href":"https:\/\/aem.hr\/en\/wp-json\/wp\/v2\/pages\/19825\/revisions"}],"predecessor-version":[{"id":19844,"href":"https:\/\/aem.hr\/en\/wp-json\/wp\/v2\/pages\/19825\/revisions\/19844"}],"wp:attachment":[{"href":"https:\/\/aem.hr\/en\/wp-json\/wp\/v2\/media?parent=19825"}],"curies":[{"name":"wp","href":"https:\/\/api.w.org\/{rel}","templated":true}]}}