{"id":19862,"date":"2025-02-06T13:17:58","date_gmt":"2025-02-06T12:17:58","guid":{"rendered":"http:\/\/aem.hr\/?page_id=19862"},"modified":"2025-02-06T13:17:59","modified_gmt":"2025-02-06T12:17:59","slug":"tomislav-sovagovic-samostalni-umjetnici-i-njihova-egzistencija-teret-ili-korist-drustvu","status":"publish","type":"page","link":"https:\/\/aem.hr\/en\/tomislav-sovagovic-samostalni-umjetnici-i-njihova-egzistencija-teret-ili-korist-drustvu\/","title":{"rendered":"Tomislav \u0160ovagovi\u0107 &#8211; Samostalni umjetnici i njihova egzistencija &#8211; teret ili korist dru\u0161tvu?"},"content":{"rendered":"\n<div class=\"wp-block-file\"><a id=\"wp-block-file--media-36b38b00-6aca-4d2d-af76-c4333c1c5bcb\" href=\"https:\/\/aem.hr\/wp-content\/uploads\/2025\/02\/1.-Izabrani-profesionalni-zivot.pdf\">1. Izabrani profesionalni \u017eivot<\/a><a href=\"https:\/\/aem.hr\/wp-content\/uploads\/2025\/02\/1.-Izabrani-profesionalni-zivot.pdf\" class=\"wp-block-file__button wp-element-button\" download aria-describedby=\"wp-block-file--media-36b38b00-6aca-4d2d-af76-c4333c1c5bcb\">Preuzimanje<\/a><\/div>\n\n\n\n<div class=\"wp-block-file\"><a id=\"wp-block-file--media-056bfcff-cd47-4b18-ae00-71d9058b64e8\" href=\"https:\/\/aem.hr\/wp-content\/uploads\/2025\/02\/2.-Razgovor-s-predsjednikom-Hrvatske-zajednice.pdf\">2. Razgovor s predsjednikom Hrvatske zajednice<\/a><a href=\"https:\/\/aem.hr\/wp-content\/uploads\/2025\/02\/2.-Razgovor-s-predsjednikom-Hrvatske-zajednice.pdf\" class=\"wp-block-file__button wp-element-button\" download aria-describedby=\"wp-block-file--media-056bfcff-cd47-4b18-ae00-71d9058b64e8\">Preuzimanje<\/a><\/div>\n\n\n\n<div class=\"wp-block-file\"><a id=\"wp-block-file--media-97c27f88-85eb-4fe2-ba3b-4dae9a206ff7\" href=\"https:\/\/aem.hr\/wp-content\/uploads\/2025\/02\/3.-Razgovor-s-predsjednikom-Hrvatske-zajednice-II.pdf\">3. Razgovor s predsjednikom Hrvatske zajednice II<\/a><a href=\"https:\/\/aem.hr\/wp-content\/uploads\/2025\/02\/3.-Razgovor-s-predsjednikom-Hrvatske-zajednice-II.pdf\" class=\"wp-block-file__button wp-element-button\" download aria-describedby=\"wp-block-file--media-97c27f88-85eb-4fe2-ba3b-4dae9a206ff7\">Preuzimanje<\/a><\/div>\n\n\n\n<div class=\"wp-block-file\"><a id=\"wp-block-file--media-01987299-62c3-460b-be91-59a7ac319852\" href=\"https:\/\/aem.hr\/wp-content\/uploads\/2025\/02\/4.-Pogled-filmskog-redatelja-Nevena-Hitreca.pdf\">4. Pogled filmskog redatelja Nevena Hitreca<\/a><a href=\"https:\/\/aem.hr\/wp-content\/uploads\/2025\/02\/4.-Pogled-filmskog-redatelja-Nevena-Hitreca.pdf\" class=\"wp-block-file__button wp-element-button\" download aria-describedby=\"wp-block-file--media-01987299-62c3-460b-be91-59a7ac319852\">Preuzimanje<\/a><\/div>\n\n\n\n<div class=\"wp-block-file\"><a id=\"wp-block-file--media-31a84646-54e5-474c-b11c-1c11c6550c77\" href=\"https:\/\/aem.hr\/wp-content\/uploads\/2025\/02\/5.-Pogled-dramaturginje-Ane-Prolic.pdf\">5. Pogled dramaturginje Ane Proli\u0107<\/a><a href=\"https:\/\/aem.hr\/wp-content\/uploads\/2025\/02\/5.-Pogled-dramaturginje-Ane-Prolic.pdf\" class=\"wp-block-file__button wp-element-button\" download aria-describedby=\"wp-block-file--media-31a84646-54e5-474c-b11c-1c11c6550c77\">Preuzimanje<\/a><\/div>\n\n\n\n<div class=\"wp-block-file\"><a id=\"wp-block-file--media-857daa55-e646-449c-8faa-5c331bde7dbf\" href=\"https:\/\/aem.hr\/wp-content\/uploads\/2025\/02\/6.-Pogled-profesionalnih-knjizevnika-Lade-Zigo.pdf\">6. Pogled profesionalnih knji\u017eevnika Lade \u017digo<\/a><a href=\"https:\/\/aem.hr\/wp-content\/uploads\/2025\/02\/6.-Pogled-profesionalnih-knjizevnika-Lade-Zigo.pdf\" class=\"wp-block-file__button wp-element-button\" download aria-describedby=\"wp-block-file--media-857daa55-e646-449c-8faa-5c331bde7dbf\">Preuzimanje<\/a><\/div>\n\n\n\n<div class=\"wp-block-file\"><a id=\"wp-block-file--media-26e44515-a1f0-4564-864c-05903c31bac0\" href=\"https:\/\/aem.hr\/wp-content\/uploads\/2025\/02\/7.-Pogledi-iz-likovnoga-diskursa-Kresimire-gojanovic.pdf\">7. Pogledi iz likovnoga diskursa Kre\u0161imire gojanovi\u0107<\/a><a href=\"https:\/\/aem.hr\/wp-content\/uploads\/2025\/02\/7.-Pogledi-iz-likovnoga-diskursa-Kresimire-gojanovic.pdf\" class=\"wp-block-file__button wp-element-button\" download aria-describedby=\"wp-block-file--media-26e44515-a1f0-4564-864c-05903c31bac0\">Preuzimanje<\/a><\/div>\n\n\n\n<div class=\"wp-block-file\"><a id=\"wp-block-file--media-0f9ee3ae-97b5-41fb-a093-20bdcb07279e\" href=\"https:\/\/aem.hr\/wp-content\/uploads\/2025\/02\/8.-Pogledi-likovne-kriticarke-Ive-Korbler.pdf\">8. Pogledi likovne kriti\u010darke Ive Korbler<\/a><a href=\"https:\/\/aem.hr\/wp-content\/uploads\/2025\/02\/8.-Pogledi-likovne-kriticarke-Ive-Korbler.pdf\" class=\"wp-block-file__button wp-element-button\" download aria-describedby=\"wp-block-file--media-0f9ee3ae-97b5-41fb-a093-20bdcb07279e\">Preuzimanje<\/a><\/div>\n","protected":false},"excerpt":{"rendered":"","protected":false},"author":18,"featured_media":0,"parent":0,"menu_order":0,"comment_status":"closed","ping_status":"closed","template":"","meta":{"_acf_changed":false,"inline_featured_image":false,"advgb_blocks_editor_width":"","advgb_blocks_columns_visual_guide":"","_links_to":"","_links_to_type":0,"footnotes":""},"class_list":["post-19862","page","type-page","status-publish","hentry"],"acf":[],"yoast_head":"<!-- This site is optimized with the Yoast SEO plugin v25.7 - https:\/\/yoast.com\/wordpress\/plugins\/seo\/ -->\n<title>Tomislav \u0160ovagovi\u0107 - Samostalni umjetnici i njihova egzistencija - teret ili korist dru\u0161tvu? - Agencija za elektroni\u010dke medije<\/title>\n<meta name=\"robots\" content=\"index, follow, max-snippet:-1, max-image-preview:large, max-video-preview:-1\" \/>\n<link rel=\"canonical\" href=\"https:\/\/aem.hr\/tomislav-sovagovic-samostalni-umjetnici-i-njihova-egzistencija-teret-ili-korist-drustvu\/\" \/>\n<meta property=\"og:locale\" content=\"en_US\" \/>\n<meta property=\"og:type\" content=\"article\" \/>\n<meta property=\"og:title\" content=\"Tomislav \u0160ovagovi\u0107 - Samostalni umjetnici i njihova egzistencija - teret ili korist dru\u0161tvu? - Agencija za elektroni\u010dke medije\" \/>\n<meta property=\"og:url\" content=\"https:\/\/aem.hr\/tomislav-sovagovic-samostalni-umjetnici-i-njihova-egzistencija-teret-ili-korist-drustvu\/\" \/>\n<meta property=\"og:site_name\" content=\"Agencija za elektroni\u010dke medije\" \/>\n<meta property=\"article:modified_time\" content=\"2025-02-06T12:17:59+00:00\" \/>\n<meta name=\"twitter:card\" content=\"summary_large_image\" \/>\n<meta name=\"twitter:label1\" content=\"Est. reading time\" \/>\n\t<meta name=\"twitter:data1\" content=\"1 minute\" \/>\n<script type=\"application\/ld+json\" class=\"yoast-schema-graph\">{\"@context\":\"https:\/\/schema.org\",\"@graph\":[{\"@type\":\"WebPage\",\"@id\":\"https:\/\/aem.hr\/tomislav-sovagovic-samostalni-umjetnici-i-njihova-egzistencija-teret-ili-korist-drustvu\/\",\"url\":\"https:\/\/aem.hr\/tomislav-sovagovic-samostalni-umjetnici-i-njihova-egzistencija-teret-ili-korist-drustvu\/\",\"name\":\"Tomislav \u0160ovagovi\u0107 - Samostalni umjetnici i njihova egzistencija - teret ili korist dru\u0161tvu? - Agencija za elektroni\u010dke medije\",\"isPartOf\":{\"@id\":\"https:\/\/aem.hr\/#website\"},\"datePublished\":\"2025-02-06T12:17:58+00:00\",\"dateModified\":\"2025-02-06T12:17:59+00:00\",\"breadcrumb\":{\"@id\":\"https:\/\/aem.hr\/tomislav-sovagovic-samostalni-umjetnici-i-njihova-egzistencija-teret-ili-korist-drustvu\/#breadcrumb\"},\"inLanguage\":\"en-US\",\"potentialAction\":[{\"@type\":\"ReadAction\",\"target\":[\"https:\/\/aem.hr\/tomislav-sovagovic-samostalni-umjetnici-i-njihova-egzistencija-teret-ili-korist-drustvu\/\"]}]},{\"@type\":\"BreadcrumbList\",\"@id\":\"https:\/\/aem.hr\/tomislav-sovagovic-samostalni-umjetnici-i-njihova-egzistencija-teret-ili-korist-drustvu\/#breadcrumb\",\"itemListElement\":[{\"@type\":\"ListItem\",\"position\":1,\"name\":\"Po\u010detna stranica\",\"item\":\"https:\/\/aem.hr\/\"},{\"@type\":\"ListItem\",\"position\":2,\"name\":\"Tomislav \u0160ovagovi\u0107 &#8211; Samostalni umjetnici i njihova egzistencija &#8211; teret ili korist dru\u0161tvu?\"}]},{\"@type\":\"WebSite\",\"@id\":\"https:\/\/aem.hr\/#website\",\"url\":\"https:\/\/aem.hr\/\",\"name\":\"Agencija za elektroni\u010dke medije\",\"description\":\"\",\"potentialAction\":[{\"@type\":\"SearchAction\",\"target\":{\"@type\":\"EntryPoint\",\"urlTemplate\":\"https:\/\/aem.hr\/?s={search_term_string}\"},\"query-input\":{\"@type\":\"PropertyValueSpecification\",\"valueRequired\":true,\"valueName\":\"search_term_string\"}}],\"inLanguage\":\"en-US\"}]}<\/script>\n<!-- \/ Yoast SEO plugin. -->","yoast_head_json":{"title":"Tomislav \u0160ovagovi\u0107 - Samostalni umjetnici i njihova egzistencija - teret ili korist dru\u0161tvu? - Agencija za elektroni\u010dke medije","robots":{"index":"index","follow":"follow","max-snippet":"max-snippet:-1","max-image-preview":"max-image-preview:large","max-video-preview":"max-video-preview:-1"},"canonical":"https:\/\/aem.hr\/tomislav-sovagovic-samostalni-umjetnici-i-njihova-egzistencija-teret-ili-korist-drustvu\/","og_locale":"en_US","og_type":"article","og_title":"Tomislav \u0160ovagovi\u0107 - Samostalni umjetnici i njihova egzistencija - teret ili korist dru\u0161tvu? - Agencija za elektroni\u010dke medije","og_url":"https:\/\/aem.hr\/tomislav-sovagovic-samostalni-umjetnici-i-njihova-egzistencija-teret-ili-korist-drustvu\/","og_site_name":"Agencija za elektroni\u010dke medije","article_modified_time":"2025-02-06T12:17:59+00:00","twitter_card":"summary_large_image","twitter_misc":{"Est. reading time":"1 minute"},"schema":{"@context":"https:\/\/schema.org","@graph":[{"@type":"WebPage","@id":"https:\/\/aem.hr\/tomislav-sovagovic-samostalni-umjetnici-i-njihova-egzistencija-teret-ili-korist-drustvu\/","url":"https:\/\/aem.hr\/tomislav-sovagovic-samostalni-umjetnici-i-njihova-egzistencija-teret-ili-korist-drustvu\/","name":"Tomislav \u0160ovagovi\u0107 - Samostalni umjetnici i njihova egzistencija - teret ili korist dru\u0161tvu? - Agencija za elektroni\u010dke medije","isPartOf":{"@id":"https:\/\/aem.hr\/#website"},"datePublished":"2025-02-06T12:17:58+00:00","dateModified":"2025-02-06T12:17:59+00:00","breadcrumb":{"@id":"https:\/\/aem.hr\/tomislav-sovagovic-samostalni-umjetnici-i-njihova-egzistencija-teret-ili-korist-drustvu\/#breadcrumb"},"inLanguage":"en-US","potentialAction":[{"@type":"ReadAction","target":["https:\/\/aem.hr\/tomislav-sovagovic-samostalni-umjetnici-i-njihova-egzistencija-teret-ili-korist-drustvu\/"]}]},{"@type":"BreadcrumbList","@id":"https:\/\/aem.hr\/tomislav-sovagovic-samostalni-umjetnici-i-njihova-egzistencija-teret-ili-korist-drustvu\/#breadcrumb","itemListElement":[{"@type":"ListItem","position":1,"name":"Po\u010detna stranica","item":"https:\/\/aem.hr\/"},{"@type":"ListItem","position":2,"name":"Tomislav \u0160ovagovi\u0107 &#8211; Samostalni umjetnici i njihova egzistencija &#8211; teret ili korist dru\u0161tvu?"}]},{"@type":"WebSite","@id":"https:\/\/aem.hr\/#website","url":"https:\/\/aem.hr\/","name":"Agencija za elektroni\u010dke medije","description":"","potentialAction":[{"@type":"SearchAction","target":{"@type":"EntryPoint","urlTemplate":"https:\/\/aem.hr\/?s={search_term_string}"},"query-input":{"@type":"PropertyValueSpecification","valueRequired":true,"valueName":"search_term_string"}}],"inLanguage":"en-US"}]}},"coauthors":[],"author_meta":{"author_link":"https:\/\/aem.hr\/en\/blog\/author\/mkirac\/","display_name":"Matko Kirac"},"relative_dates":{"created":"Posted 1 year ago","modified":"Updated 1 year ago"},"absolute_dates":{"created":"Posted on 6. February 2025.","modified":"Updated on 6. February 2025."},"absolute_dates_time":{"created":"Posted on 6. February 2025. 13:17","modified":"Updated on 6. February 2025. 13:17"},"featured_img_caption":"","featured_img":false,"series_order":"","_links":{"self":[{"href":"https:\/\/aem.hr\/en\/wp-json\/wp\/v2\/pages\/19862","targetHints":{"allow":["GET"]}}],"collection":[{"href":"https:\/\/aem.hr\/en\/wp-json\/wp\/v2\/pages"}],"about":[{"href":"https:\/\/aem.hr\/en\/wp-json\/wp\/v2\/types\/page"}],"author":[{"embeddable":true,"href":"https:\/\/aem.hr\/en\/wp-json\/wp\/v2\/users\/18"}],"replies":[{"embeddable":true,"href":"https:\/\/aem.hr\/en\/wp-json\/wp\/v2\/comments?post=19862"}],"version-history":[{"count":1,"href":"https:\/\/aem.hr\/en\/wp-json\/wp\/v2\/pages\/19862\/revisions"}],"predecessor-version":[{"id":19879,"href":"https:\/\/aem.hr\/en\/wp-json\/wp\/v2\/pages\/19862\/revisions\/19879"}],"wp:attachment":[{"href":"https:\/\/aem.hr\/en\/wp-json\/wp\/v2\/media?parent=19862"}],"curies":[{"name":"wp","href":"https:\/\/api.w.org\/{rel}","templated":true}]}}