{"id":19886,"date":"2025-02-06T13:22:36","date_gmt":"2025-02-06T12:22:36","guid":{"rendered":"http:\/\/aem.hr\/?page_id=19886"},"modified":"2025-02-06T13:22:36","modified_gmt":"2025-02-06T12:22:36","slug":"sara-strinavic-i-have-a-dream-ucini-nesto-za-svoja-prava","status":"publish","type":"page","link":"https:\/\/aem.hr\/en\/sara-strinavic-i-have-a-dream-ucini-nesto-za-svoja-prava\/","title":{"rendered":"Sara Strinavi\u0107 &#8211; &#8220;I Have a Dream&#8221; &#8211; U\u010dini ne\u0161to za svoja prava"},"content":{"rendered":"\n<div class=\"wp-block-file\"><a id=\"wp-block-file--media-d9bdb5dd-31a2-4911-a59e-70a56e97afe2\" href=\"https:\/\/aem.hr\/wp-content\/uploads\/2025\/02\/1.-Povijesni-presjek-i-zakonski-okviri-ostvarenja.pdf\">1. Povijesni presjek i zakonski okviri ostvarenja<\/a><a href=\"https:\/\/aem.hr\/wp-content\/uploads\/2025\/02\/1.-Povijesni-presjek-i-zakonski-okviri-ostvarenja.pdf\" class=\"wp-block-file__button wp-element-button\" download aria-describedby=\"wp-block-file--media-d9bdb5dd-31a2-4911-a59e-70a56e97afe2\">Preuzimanje<\/a><\/div>\n\n\n\n<div class=\"wp-block-file\"><a id=\"wp-block-file--media-daab45c6-5d80-4b21-b686-e367201793dc\" href=\"https:\/\/aem.hr\/wp-content\/uploads\/2025\/02\/2.-\u201eSvakog-covjeka-diljem-svijeta-pozivam-da-ne.pdf\">2. \u201eSvakog \u010dovjeka diljem svijeta pozivam da ne<\/a><a href=\"https:\/\/aem.hr\/wp-content\/uploads\/2025\/02\/2.-\u201eSvakog-covjeka-diljem-svijeta-pozivam-da-ne.pdf\" class=\"wp-block-file__button wp-element-button\" download aria-describedby=\"wp-block-file--media-daab45c6-5d80-4b21-b686-e367201793dc\">Preuzimanje<\/a><\/div>\n\n\n\n<div class=\"wp-block-file\"><a id=\"wp-block-file--media-db0a562e-a67b-4423-8993-9cc29ed80dcd\" href=\"https:\/\/aem.hr\/wp-content\/uploads\/2025\/02\/3.-Kakav-je-polozaj-nacionalnih-manjina-u-Hrvatskoj.pdf\">3. Kakav je polo\u017eaj nacionalnih manjina u Hrvatskoj<\/a><a href=\"https:\/\/aem.hr\/wp-content\/uploads\/2025\/02\/3.-Kakav-je-polozaj-nacionalnih-manjina-u-Hrvatskoj.pdf\" class=\"wp-block-file__button wp-element-button\" download aria-describedby=\"wp-block-file--media-db0a562e-a67b-4423-8993-9cc29ed80dcd\">Preuzimanje<\/a><\/div>\n\n\n\n<div class=\"wp-block-file\"><a id=\"wp-block-file--media-f6aadb51-6f23-43aa-94e3-52c81f2144aa\" href=\"https:\/\/aem.hr\/wp-content\/uploads\/2025\/02\/4.-Polozaj-Hrvata-kao-nacionalne-manjine-u-Republici-Srbiji.pdf\">4. Polo\u017eaj Hrvata kao nacionalne manjine u Republici Srbiji<\/a><a href=\"https:\/\/aem.hr\/wp-content\/uploads\/2025\/02\/4.-Polozaj-Hrvata-kao-nacionalne-manjine-u-Republici-Srbiji.pdf\" class=\"wp-block-file__button wp-element-button\" download aria-describedby=\"wp-block-file--media-f6aadb51-6f23-43aa-94e3-52c81f2144aa\">Preuzimanje<\/a><\/div>\n\n\n\n<div class=\"wp-block-file\"><a id=\"wp-block-file--media-cf30ef6f-ba6d-4035-a65f-bf3ce0e8daab\" href=\"https:\/\/aem.hr\/wp-content\/uploads\/2025\/02\/5.-Razumijevanje-promjena-pomaze-da-shvatimo-svijet-u-kojem-zivimo.pdf\">5. Razumijevanje promjena poma\u017ee da shvatimo svijet u kojem \u017eivimo<\/a><a href=\"https:\/\/aem.hr\/wp-content\/uploads\/2025\/02\/5.-Razumijevanje-promjena-pomaze-da-shvatimo-svijet-u-kojem-zivimo.pdf\" class=\"wp-block-file__button wp-element-button\" download aria-describedby=\"wp-block-file--media-cf30ef6f-ba6d-4035-a65f-bf3ce0e8daab\">Preuzimanje<\/a><\/div>\n\n\n\n<div class=\"wp-block-file\"><a id=\"wp-block-file--media-7625633d-50e4-4287-a0f6-17e734b3ceaf\" href=\"https:\/\/aem.hr\/wp-content\/uploads\/2025\/02\/6.-Imamo-pravo-reci-sto-mislimo-i-zahtijevati.pdf\">6. Imamo pravo re\u0107i \u0161to mislimo i zahtijevati<\/a><a href=\"https:\/\/aem.hr\/wp-content\/uploads\/2025\/02\/6.-Imamo-pravo-reci-sto-mislimo-i-zahtijevati.pdf\" class=\"wp-block-file__button wp-element-button\" download aria-describedby=\"wp-block-file--media-7625633d-50e4-4287-a0f6-17e734b3ceaf\">Preuzimanje<\/a><\/div>\n\n\n\n<div class=\"wp-block-file\"><a id=\"wp-block-file--media-e2880862-2632-41ad-9f16-9a3f5c1737f8\" href=\"https:\/\/aem.hr\/wp-content\/uploads\/2025\/02\/7.-Bez-promjene-drustvenih-odnosa-nema-ni-uspostave.pdf\">7. Bez promjene dru\u0161tvenih odnosa nema ni uspostave<\/a><a href=\"https:\/\/aem.hr\/wp-content\/uploads\/2025\/02\/7.-Bez-promjene-drustvenih-odnosa-nema-ni-uspostave.pdf\" class=\"wp-block-file__button wp-element-button\" download aria-describedby=\"wp-block-file--media-e2880862-2632-41ad-9f16-9a3f5c1737f8\">Preuzimanje<\/a><\/div>\n\n\n\n<div class=\"wp-block-file\"><a id=\"wp-block-file--media-673813e6-bbdd-41fe-b755-d14c153e8877\" href=\"https:\/\/aem.hr\/wp-content\/uploads\/2025\/02\/8.-Trebaju-li-teologija-i-ljudska-prava-ici-ruku.pdf\">8. Trebaju li teologija i ljudska prava i\u0107i ruku<\/a><a href=\"https:\/\/aem.hr\/wp-content\/uploads\/2025\/02\/8.-Trebaju-li-teologija-i-ljudska-prava-ici-ruku.pdf\" class=\"wp-block-file__button wp-element-button\" download aria-describedby=\"wp-block-file--media-673813e6-bbdd-41fe-b755-d14c153e8877\">Preuzimanje<\/a><\/div>\n","protected":false},"excerpt":{"rendered":"","protected":false},"author":18,"featured_media":0,"parent":0,"menu_order":0,"comment_status":"closed","ping_status":"closed","template":"","meta":{"_acf_changed":false,"inline_featured_image":false,"advgb_blocks_editor_width":"","advgb_blocks_columns_visual_guide":"","_links_to":"","_links_to_type":0,"footnotes":""},"class_list":["post-19886","page","type-page","status-publish","hentry"],"acf":[],"yoast_head":"<!-- This site is optimized with the Yoast SEO plugin v25.7 - https:\/\/yoast.com\/wordpress\/plugins\/seo\/ -->\n<title>Sara Strinavi\u0107 - &quot;I Have a Dream&quot; - U\u010dini ne\u0161to za svoja prava - Agencija za elektroni\u010dke medije<\/title>\n<meta name=\"robots\" content=\"index, follow, max-snippet:-1, max-image-preview:large, max-video-preview:-1\" \/>\n<link rel=\"canonical\" href=\"https:\/\/aem.hr\/sara-strinavic-i-have-a-dream-ucini-nesto-za-svoja-prava\/\" \/>\n<meta property=\"og:locale\" content=\"en_US\" \/>\n<meta property=\"og:type\" content=\"article\" \/>\n<meta property=\"og:title\" content=\"Sara Strinavi\u0107 - &quot;I Have a Dream&quot; - U\u010dini ne\u0161to za svoja prava - Agencija za elektroni\u010dke medije\" \/>\n<meta property=\"og:url\" content=\"https:\/\/aem.hr\/sara-strinavic-i-have-a-dream-ucini-nesto-za-svoja-prava\/\" \/>\n<meta property=\"og:site_name\" content=\"Agencija za elektroni\u010dke medije\" \/>\n<meta name=\"twitter:card\" content=\"summary_large_image\" \/>\n<meta name=\"twitter:label1\" content=\"Est. reading time\" \/>\n\t<meta name=\"twitter:data1\" content=\"1 minute\" \/>\n<script type=\"application\/ld+json\" class=\"yoast-schema-graph\">{\"@context\":\"https:\/\/schema.org\",\"@graph\":[{\"@type\":\"WebPage\",\"@id\":\"https:\/\/aem.hr\/sara-strinavic-i-have-a-dream-ucini-nesto-za-svoja-prava\/\",\"url\":\"https:\/\/aem.hr\/sara-strinavic-i-have-a-dream-ucini-nesto-za-svoja-prava\/\",\"name\":\"Sara Strinavi\u0107 - \\\"I Have a Dream\\\" - U\u010dini ne\u0161to za svoja prava - Agencija za elektroni\u010dke medije\",\"isPartOf\":{\"@id\":\"https:\/\/aem.hr\/#website\"},\"datePublished\":\"2025-02-06T12:22:36+00:00\",\"breadcrumb\":{\"@id\":\"https:\/\/aem.hr\/sara-strinavic-i-have-a-dream-ucini-nesto-za-svoja-prava\/#breadcrumb\"},\"inLanguage\":\"en-US\",\"potentialAction\":[{\"@type\":\"ReadAction\",\"target\":[\"https:\/\/aem.hr\/sara-strinavic-i-have-a-dream-ucini-nesto-za-svoja-prava\/\"]}]},{\"@type\":\"BreadcrumbList\",\"@id\":\"https:\/\/aem.hr\/sara-strinavic-i-have-a-dream-ucini-nesto-za-svoja-prava\/#breadcrumb\",\"itemListElement\":[{\"@type\":\"ListItem\",\"position\":1,\"name\":\"Po\u010detna stranica\",\"item\":\"https:\/\/aem.hr\/\"},{\"@type\":\"ListItem\",\"position\":2,\"name\":\"Sara Strinavi\u0107 &#8211; &#8220;I Have a Dream&#8221; &#8211; U\u010dini ne\u0161to za svoja prava\"}]},{\"@type\":\"WebSite\",\"@id\":\"https:\/\/aem.hr\/#website\",\"url\":\"https:\/\/aem.hr\/\",\"name\":\"Agencija za elektroni\u010dke medije\",\"description\":\"\",\"potentialAction\":[{\"@type\":\"SearchAction\",\"target\":{\"@type\":\"EntryPoint\",\"urlTemplate\":\"https:\/\/aem.hr\/?s={search_term_string}\"},\"query-input\":{\"@type\":\"PropertyValueSpecification\",\"valueRequired\":true,\"valueName\":\"search_term_string\"}}],\"inLanguage\":\"en-US\"}]}<\/script>\n<!-- \/ Yoast SEO plugin. -->","yoast_head_json":{"title":"Sara Strinavi\u0107 - \"I Have a Dream\" - U\u010dini ne\u0161to za svoja prava - Agencija za elektroni\u010dke medije","robots":{"index":"index","follow":"follow","max-snippet":"max-snippet:-1","max-image-preview":"max-image-preview:large","max-video-preview":"max-video-preview:-1"},"canonical":"https:\/\/aem.hr\/sara-strinavic-i-have-a-dream-ucini-nesto-za-svoja-prava\/","og_locale":"en_US","og_type":"article","og_title":"Sara Strinavi\u0107 - \"I Have a Dream\" - U\u010dini ne\u0161to za svoja prava - Agencija za elektroni\u010dke medije","og_url":"https:\/\/aem.hr\/sara-strinavic-i-have-a-dream-ucini-nesto-za-svoja-prava\/","og_site_name":"Agencija za elektroni\u010dke medije","twitter_card":"summary_large_image","twitter_misc":{"Est. reading time":"1 minute"},"schema":{"@context":"https:\/\/schema.org","@graph":[{"@type":"WebPage","@id":"https:\/\/aem.hr\/sara-strinavic-i-have-a-dream-ucini-nesto-za-svoja-prava\/","url":"https:\/\/aem.hr\/sara-strinavic-i-have-a-dream-ucini-nesto-za-svoja-prava\/","name":"Sara Strinavi\u0107 - \"I Have a Dream\" - U\u010dini ne\u0161to za svoja prava - Agencija za elektroni\u010dke medije","isPartOf":{"@id":"https:\/\/aem.hr\/#website"},"datePublished":"2025-02-06T12:22:36+00:00","breadcrumb":{"@id":"https:\/\/aem.hr\/sara-strinavic-i-have-a-dream-ucini-nesto-za-svoja-prava\/#breadcrumb"},"inLanguage":"en-US","potentialAction":[{"@type":"ReadAction","target":["https:\/\/aem.hr\/sara-strinavic-i-have-a-dream-ucini-nesto-za-svoja-prava\/"]}]},{"@type":"BreadcrumbList","@id":"https:\/\/aem.hr\/sara-strinavic-i-have-a-dream-ucini-nesto-za-svoja-prava\/#breadcrumb","itemListElement":[{"@type":"ListItem","position":1,"name":"Po\u010detna stranica","item":"https:\/\/aem.hr\/"},{"@type":"ListItem","position":2,"name":"Sara Strinavi\u0107 &#8211; &#8220;I Have a Dream&#8221; &#8211; U\u010dini ne\u0161to za svoja prava"}]},{"@type":"WebSite","@id":"https:\/\/aem.hr\/#website","url":"https:\/\/aem.hr\/","name":"Agencija za elektroni\u010dke medije","description":"","potentialAction":[{"@type":"SearchAction","target":{"@type":"EntryPoint","urlTemplate":"https:\/\/aem.hr\/?s={search_term_string}"},"query-input":{"@type":"PropertyValueSpecification","valueRequired":true,"valueName":"search_term_string"}}],"inLanguage":"en-US"}]}},"coauthors":[],"author_meta":{"author_link":"https:\/\/aem.hr\/en\/blog\/author\/mkirac\/","display_name":"Matko Kirac"},"relative_dates":{"created":"Posted 1 year ago","modified":"Updated 1 year ago"},"absolute_dates":{"created":"Posted on 6. February 2025.","modified":"Updated on 6. February 2025."},"absolute_dates_time":{"created":"Posted on 6. February 2025. 13:22","modified":"Updated on 6. February 2025. 13:22"},"featured_img_caption":"","featured_img":false,"series_order":"","_links":{"self":[{"href":"https:\/\/aem.hr\/en\/wp-json\/wp\/v2\/pages\/19886","targetHints":{"allow":["GET"]}}],"collection":[{"href":"https:\/\/aem.hr\/en\/wp-json\/wp\/v2\/pages"}],"about":[{"href":"https:\/\/aem.hr\/en\/wp-json\/wp\/v2\/types\/page"}],"author":[{"embeddable":true,"href":"https:\/\/aem.hr\/en\/wp-json\/wp\/v2\/users\/18"}],"replies":[{"embeddable":true,"href":"https:\/\/aem.hr\/en\/wp-json\/wp\/v2\/comments?post=19886"}],"version-history":[{"count":1,"href":"https:\/\/aem.hr\/en\/wp-json\/wp\/v2\/pages\/19886\/revisions"}],"predecessor-version":[{"id":19902,"href":"https:\/\/aem.hr\/en\/wp-json\/wp\/v2\/pages\/19886\/revisions\/19902"}],"wp:attachment":[{"href":"https:\/\/aem.hr\/en\/wp-json\/wp\/v2\/media?parent=19886"}],"curies":[{"name":"wp","href":"https:\/\/api.w.org\/{rel}","templated":true}]}}