{"id":19904,"date":"2025-02-06T13:24:45","date_gmt":"2025-02-06T12:24:45","guid":{"rendered":"http:\/\/aem.hr\/?page_id=19904"},"modified":"2025-02-06T13:24:46","modified_gmt":"2025-02-06T12:24:46","slug":"andrea-latinovic-klimatske-promjene-je-li-buducnost-covjecanstva-sumorna-ili-je-mozemo-promijeniti","status":"publish","type":"page","link":"https:\/\/aem.hr\/en\/andrea-latinovic-klimatske-promjene-je-li-buducnost-covjecanstva-sumorna-ili-je-mozemo-promijeniti\/","title":{"rendered":"Andrea Latinovi\u0107 &#8211; Klimatske promjene &#8211; je li budu\u0107nost \u010dovje\u010danstva sumorna, ili je mo\u017eemo promijeniti?"},"content":{"rendered":"\n<div class=\"wp-block-file\"><a id=\"wp-block-file--media-1c8173ae-3c0b-4a13-baca-aaf5e56047cd\" href=\"https:\/\/aem.hr\/wp-content\/uploads\/2025\/02\/1.-Imamo-sest-godina-da-globalno-zagrijavanje.pdf\">1. Imamo \u0161est godina da globalno zagrijavanje<\/a><a href=\"https:\/\/aem.hr\/wp-content\/uploads\/2025\/02\/1.-Imamo-sest-godina-da-globalno-zagrijavanje.pdf\" class=\"wp-block-file__button wp-element-button\" download aria-describedby=\"wp-block-file--media-1c8173ae-3c0b-4a13-baca-aaf5e56047cd\">Preuzimanje<\/a><\/div>\n\n\n\n<div class=\"wp-block-file\"><a id=\"wp-block-file--media-97467212-c1bf-4c87-b69a-44738f3379d7\" href=\"https:\/\/aem.hr\/wp-content\/uploads\/2025\/02\/2.-Polimeropolis-plutajuci-grad-od-plasticnog.pdf\">2. Polimeropolis &#8211; plutaju\u0107i grad od plasti\u010dnog<\/a><a href=\"https:\/\/aem.hr\/wp-content\/uploads\/2025\/02\/2.-Polimeropolis-plutajuci-grad-od-plasticnog.pdf\" class=\"wp-block-file__button wp-element-button\" download aria-describedby=\"wp-block-file--media-97467212-c1bf-4c87-b69a-44738f3379d7\">Preuzimanje<\/a><\/div>\n\n\n\n<div class=\"wp-block-file\"><a id=\"wp-block-file--media-e50376dd-c487-43c7-bb8b-b4127d38dd28\" href=\"https:\/\/aem.hr\/wp-content\/uploads\/2025\/02\/3.-Tri-staklenicka-plina-na-najvisim-razinama.pdf\">3. Tri stakleni\u010dka plina na najvi\u0161im razinama<\/a><a href=\"https:\/\/aem.hr\/wp-content\/uploads\/2025\/02\/3.-Tri-staklenicka-plina-na-najvisim-razinama.pdf\" class=\"wp-block-file__button wp-element-button\" download aria-describedby=\"wp-block-file--media-e50376dd-c487-43c7-bb8b-b4127d38dd28\">Preuzimanje<\/a><\/div>\n\n\n\n<div class=\"wp-block-file\"><a id=\"wp-block-file--media-b3b0a272-cc21-4558-b7c2-88df7b0ef3a1\" href=\"https:\/\/aem.hr\/wp-content\/uploads\/2025\/02\/4.-Klimatske-promjene-bez-milosti.pdf\">4. Klimatske promjene bez milosti<\/a><a href=\"https:\/\/aem.hr\/wp-content\/uploads\/2025\/02\/4.-Klimatske-promjene-bez-milosti.pdf\" class=\"wp-block-file__button wp-element-button\" download aria-describedby=\"wp-block-file--media-b3b0a272-cc21-4558-b7c2-88df7b0ef3a1\">Preuzimanje<\/a><\/div>\n\n\n\n<div class=\"wp-block-file\"><a id=\"wp-block-file--media-9fe5dc7d-375c-469d-ac35-9e38b0778574\" href=\"https:\/\/aem.hr\/wp-content\/uploads\/2025\/02\/5.-Zelena-ideja-koju-su-voljeli-hipiji-a-siri-se-i-Hrvatskom.pdf\">5. &#8221;Zelena&#8221; ideja koju su voljeli hipiji, a \u0161iri se i Hrvatskom<\/a><a href=\"https:\/\/aem.hr\/wp-content\/uploads\/2025\/02\/5.-Zelena-ideja-koju-su-voljeli-hipiji-a-siri-se-i-Hrvatskom.pdf\" class=\"wp-block-file__button wp-element-button\" download aria-describedby=\"wp-block-file--media-9fe5dc7d-375c-469d-ac35-9e38b0778574\">Preuzimanje<\/a><\/div>\n\n\n\n<div class=\"wp-block-file\"><a id=\"wp-block-file--media-41327218-451a-4ce5-b4aa-631b03e52596\" href=\"https:\/\/aem.hr\/wp-content\/uploads\/2025\/02\/6.-Koje-drustvene-prijetnje-donose.pdf\">6. Koje dru\u0161tvene prijetnje donose<\/a><a href=\"https:\/\/aem.hr\/wp-content\/uploads\/2025\/02\/6.-Koje-drustvene-prijetnje-donose.pdf\" class=\"wp-block-file__button wp-element-button\" download aria-describedby=\"wp-block-file--media-41327218-451a-4ce5-b4aa-631b03e52596\">Preuzimanje<\/a><\/div>\n","protected":false},"excerpt":{"rendered":"","protected":false},"author":18,"featured_media":0,"parent":0,"menu_order":0,"comment_status":"closed","ping_status":"closed","template":"","meta":{"_acf_changed":false,"inline_featured_image":false,"advgb_blocks_editor_width":"","advgb_blocks_columns_visual_guide":"","_links_to":"","_links_to_type":0,"footnotes":""},"class_list":["post-19904","page","type-page","status-publish","hentry"],"acf":[],"yoast_head":"<!-- This site is optimized with the Yoast SEO plugin v25.7 - https:\/\/yoast.com\/wordpress\/plugins\/seo\/ -->\n<title>Andrea Latinovi\u0107 - Klimatske promjene - je li budu\u0107nost \u010dovje\u010danstva sumorna, ili je mo\u017eemo promijeniti? - Agencija za elektroni\u010dke medije<\/title>\n<meta name=\"robots\" content=\"index, follow, max-snippet:-1, max-image-preview:large, max-video-preview:-1\" \/>\n<link rel=\"canonical\" href=\"https:\/\/aem.hr\/andrea-latinovic-klimatske-promjene-je-li-buducnost-covjecanstva-sumorna-ili-je-mozemo-promijeniti\/\" \/>\n<meta property=\"og:locale\" content=\"en_US\" \/>\n<meta property=\"og:type\" content=\"article\" \/>\n<meta property=\"og:title\" content=\"Andrea Latinovi\u0107 - Klimatske promjene - je li budu\u0107nost \u010dovje\u010danstva sumorna, ili je mo\u017eemo promijeniti? - Agencija za elektroni\u010dke medije\" \/>\n<meta property=\"og:url\" content=\"https:\/\/aem.hr\/andrea-latinovic-klimatske-promjene-je-li-buducnost-covjecanstva-sumorna-ili-je-mozemo-promijeniti\/\" \/>\n<meta property=\"og:site_name\" content=\"Agencija za elektroni\u010dke medije\" \/>\n<meta property=\"article:modified_time\" content=\"2025-02-06T12:24:46+00:00\" \/>\n<meta name=\"twitter:card\" content=\"summary_large_image\" \/>\n<meta name=\"twitter:label1\" content=\"Est. reading time\" \/>\n\t<meta name=\"twitter:data1\" content=\"1 minute\" \/>\n<script type=\"application\/ld+json\" class=\"yoast-schema-graph\">{\"@context\":\"https:\/\/schema.org\",\"@graph\":[{\"@type\":\"WebPage\",\"@id\":\"https:\/\/aem.hr\/andrea-latinovic-klimatske-promjene-je-li-buducnost-covjecanstva-sumorna-ili-je-mozemo-promijeniti\/\",\"url\":\"https:\/\/aem.hr\/andrea-latinovic-klimatske-promjene-je-li-buducnost-covjecanstva-sumorna-ili-je-mozemo-promijeniti\/\",\"name\":\"Andrea Latinovi\u0107 - Klimatske promjene - je li budu\u0107nost \u010dovje\u010danstva sumorna, ili je mo\u017eemo promijeniti? - Agencija za elektroni\u010dke medije\",\"isPartOf\":{\"@id\":\"https:\/\/aem.hr\/#website\"},\"datePublished\":\"2025-02-06T12:24:45+00:00\",\"dateModified\":\"2025-02-06T12:24:46+00:00\",\"breadcrumb\":{\"@id\":\"https:\/\/aem.hr\/andrea-latinovic-klimatske-promjene-je-li-buducnost-covjecanstva-sumorna-ili-je-mozemo-promijeniti\/#breadcrumb\"},\"inLanguage\":\"en-US\",\"potentialAction\":[{\"@type\":\"ReadAction\",\"target\":[\"https:\/\/aem.hr\/andrea-latinovic-klimatske-promjene-je-li-buducnost-covjecanstva-sumorna-ili-je-mozemo-promijeniti\/\"]}]},{\"@type\":\"BreadcrumbList\",\"@id\":\"https:\/\/aem.hr\/andrea-latinovic-klimatske-promjene-je-li-buducnost-covjecanstva-sumorna-ili-je-mozemo-promijeniti\/#breadcrumb\",\"itemListElement\":[{\"@type\":\"ListItem\",\"position\":1,\"name\":\"Po\u010detna stranica\",\"item\":\"https:\/\/aem.hr\/\"},{\"@type\":\"ListItem\",\"position\":2,\"name\":\"Andrea Latinovi\u0107 &#8211; Klimatske promjene &#8211; je li budu\u0107nost \u010dovje\u010danstva sumorna, ili je mo\u017eemo promijeniti?\"}]},{\"@type\":\"WebSite\",\"@id\":\"https:\/\/aem.hr\/#website\",\"url\":\"https:\/\/aem.hr\/\",\"name\":\"Agencija za elektroni\u010dke medije\",\"description\":\"\",\"potentialAction\":[{\"@type\":\"SearchAction\",\"target\":{\"@type\":\"EntryPoint\",\"urlTemplate\":\"https:\/\/aem.hr\/?s={search_term_string}\"},\"query-input\":{\"@type\":\"PropertyValueSpecification\",\"valueRequired\":true,\"valueName\":\"search_term_string\"}}],\"inLanguage\":\"en-US\"}]}<\/script>\n<!-- \/ Yoast SEO plugin. -->","yoast_head_json":{"title":"Andrea Latinovi\u0107 - Klimatske promjene - je li budu\u0107nost \u010dovje\u010danstva sumorna, ili je mo\u017eemo promijeniti? - Agencija za elektroni\u010dke medije","robots":{"index":"index","follow":"follow","max-snippet":"max-snippet:-1","max-image-preview":"max-image-preview:large","max-video-preview":"max-video-preview:-1"},"canonical":"https:\/\/aem.hr\/andrea-latinovic-klimatske-promjene-je-li-buducnost-covjecanstva-sumorna-ili-je-mozemo-promijeniti\/","og_locale":"en_US","og_type":"article","og_title":"Andrea Latinovi\u0107 - Klimatske promjene - je li budu\u0107nost \u010dovje\u010danstva sumorna, ili je mo\u017eemo promijeniti? - Agencija za elektroni\u010dke medije","og_url":"https:\/\/aem.hr\/andrea-latinovic-klimatske-promjene-je-li-buducnost-covjecanstva-sumorna-ili-je-mozemo-promijeniti\/","og_site_name":"Agencija za elektroni\u010dke medije","article_modified_time":"2025-02-06T12:24:46+00:00","twitter_card":"summary_large_image","twitter_misc":{"Est. reading time":"1 minute"},"schema":{"@context":"https:\/\/schema.org","@graph":[{"@type":"WebPage","@id":"https:\/\/aem.hr\/andrea-latinovic-klimatske-promjene-je-li-buducnost-covjecanstva-sumorna-ili-je-mozemo-promijeniti\/","url":"https:\/\/aem.hr\/andrea-latinovic-klimatske-promjene-je-li-buducnost-covjecanstva-sumorna-ili-je-mozemo-promijeniti\/","name":"Andrea Latinovi\u0107 - Klimatske promjene - je li budu\u0107nost \u010dovje\u010danstva sumorna, ili je mo\u017eemo promijeniti? - Agencija za elektroni\u010dke medije","isPartOf":{"@id":"https:\/\/aem.hr\/#website"},"datePublished":"2025-02-06T12:24:45+00:00","dateModified":"2025-02-06T12:24:46+00:00","breadcrumb":{"@id":"https:\/\/aem.hr\/andrea-latinovic-klimatske-promjene-je-li-buducnost-covjecanstva-sumorna-ili-je-mozemo-promijeniti\/#breadcrumb"},"inLanguage":"en-US","potentialAction":[{"@type":"ReadAction","target":["https:\/\/aem.hr\/andrea-latinovic-klimatske-promjene-je-li-buducnost-covjecanstva-sumorna-ili-je-mozemo-promijeniti\/"]}]},{"@type":"BreadcrumbList","@id":"https:\/\/aem.hr\/andrea-latinovic-klimatske-promjene-je-li-buducnost-covjecanstva-sumorna-ili-je-mozemo-promijeniti\/#breadcrumb","itemListElement":[{"@type":"ListItem","position":1,"name":"Po\u010detna stranica","item":"https:\/\/aem.hr\/"},{"@type":"ListItem","position":2,"name":"Andrea Latinovi\u0107 &#8211; Klimatske promjene &#8211; je li budu\u0107nost \u010dovje\u010danstva sumorna, ili je mo\u017eemo promijeniti?"}]},{"@type":"WebSite","@id":"https:\/\/aem.hr\/#website","url":"https:\/\/aem.hr\/","name":"Agencija za elektroni\u010dke medije","description":"","potentialAction":[{"@type":"SearchAction","target":{"@type":"EntryPoint","urlTemplate":"https:\/\/aem.hr\/?s={search_term_string}"},"query-input":{"@type":"PropertyValueSpecification","valueRequired":true,"valueName":"search_term_string"}}],"inLanguage":"en-US"}]}},"coauthors":[],"author_meta":{"author_link":"https:\/\/aem.hr\/en\/blog\/author\/mkirac\/","display_name":"Matko Kirac"},"relative_dates":{"created":"Posted 1 year ago","modified":"Updated 1 year ago"},"absolute_dates":{"created":"Posted on 6. February 2025.","modified":"Updated on 6. February 2025."},"absolute_dates_time":{"created":"Posted on 6. February 2025. 13:24","modified":"Updated on 6. February 2025. 13:24"},"featured_img_caption":"","featured_img":false,"series_order":"","_links":{"self":[{"href":"https:\/\/aem.hr\/en\/wp-json\/wp\/v2\/pages\/19904","targetHints":{"allow":["GET"]}}],"collection":[{"href":"https:\/\/aem.hr\/en\/wp-json\/wp\/v2\/pages"}],"about":[{"href":"https:\/\/aem.hr\/en\/wp-json\/wp\/v2\/types\/page"}],"author":[{"embeddable":true,"href":"https:\/\/aem.hr\/en\/wp-json\/wp\/v2\/users\/18"}],"replies":[{"embeddable":true,"href":"https:\/\/aem.hr\/en\/wp-json\/wp\/v2\/comments?post=19904"}],"version-history":[{"count":1,"href":"https:\/\/aem.hr\/en\/wp-json\/wp\/v2\/pages\/19904\/revisions"}],"predecessor-version":[{"id":19915,"href":"https:\/\/aem.hr\/en\/wp-json\/wp\/v2\/pages\/19904\/revisions\/19915"}],"wp:attachment":[{"href":"https:\/\/aem.hr\/en\/wp-json\/wp\/v2\/media?parent=19904"}],"curies":[{"name":"wp","href":"https:\/\/api.w.org\/{rel}","templated":true}]}}