{"id":19918,"date":"2025-02-06T13:26:55","date_gmt":"2025-02-06T12:26:55","guid":{"rendered":"http:\/\/aem.hr\/?page_id=19918"},"modified":"2025-02-06T13:26:56","modified_gmt":"2025-02-06T12:26:56","slug":"drazen-semovcan-kome-zvono-zvoni-stranci-u-domovinskom-ratu","status":"publish","type":"page","link":"https:\/\/aem.hr\/en\/drazen-semovcan-kome-zvono-zvoni-stranci-u-domovinskom-ratu\/","title":{"rendered":"Dra\u017een \u0160emov\u010dan &#8211; &#8220;Kome zvono zvoni- stranci u domovinskom ratu&#8221;"},"content":{"rendered":"\n<div class=\"wp-block-file\"><a id=\"wp-block-file--media-c93e4b5a-e18a-46fb-89b8-f8f2877a5bc5\" href=\"https:\/\/aem.hr\/wp-content\/uploads\/2025\/02\/1.-STRANI-DRAGOVOLJCI_-STEVE-GAUNT.pdf\">1. STRANI DRAGOVOLJCI_ STEVE GAUNT<\/a><a href=\"https:\/\/aem.hr\/wp-content\/uploads\/2025\/02\/1.-STRANI-DRAGOVOLJCI_-STEVE-GAUNT.pdf\" class=\"wp-block-file__button wp-element-button\" download aria-describedby=\"wp-block-file--media-c93e4b5a-e18a-46fb-89b8-f8f2877a5bc5\">Preuzimanje<\/a><\/div>\n\n\n\n<div class=\"wp-block-file\"><a id=\"wp-block-file--media-a8184d6a-1881-48ee-b7c0-75521d317d0d\" href=\"https:\/\/aem.hr\/wp-content\/uploads\/2025\/02\/2.-Intervju-s-Michaelom-Misch-stranim-dragovoljcem.pdf\">2. Intervju s Michaelom Misch, stranim dragovoljcem<\/a><a href=\"https:\/\/aem.hr\/wp-content\/uploads\/2025\/02\/2.-Intervju-s-Michaelom-Misch-stranim-dragovoljcem.pdf\" class=\"wp-block-file__button wp-element-button\" download aria-describedby=\"wp-block-file--media-a8184d6a-1881-48ee-b7c0-75521d317d0d\">Preuzimanje<\/a><\/div>\n\n\n\n<div class=\"wp-block-file\"><a id=\"wp-block-file--media-775c0636-7510-4e14-bc1c-d71d68ed1a75\" href=\"https:\/\/aem.hr\/wp-content\/uploads\/2025\/02\/3.-Hrvatski-san_-Put-Hrvatice-Iz-tudine-do-Domovine.pdf\">3. Hrvatski san_ Put Hrvatice Iz tu\u0111ine do Domovine<\/a><a href=\"https:\/\/aem.hr\/wp-content\/uploads\/2025\/02\/3.-Hrvatski-san_-Put-Hrvatice-Iz-tudine-do-Domovine.pdf\" class=\"wp-block-file__button wp-element-button\" download aria-describedby=\"wp-block-file--media-775c0636-7510-4e14-bc1c-d71d68ed1a75\">Preuzimanje<\/a><\/div>\n\n\n\n<div class=\"wp-block-file\"><a id=\"wp-block-file--media-dd8e6f7a-8d30-4e6e-a0bb-f917828211b9\" href=\"https:\/\/aem.hr\/wp-content\/uploads\/2025\/02\/4.-Raymond-van-der-Linden.pdf\">4. Raymond van der Linden<\/a><a href=\"https:\/\/aem.hr\/wp-content\/uploads\/2025\/02\/4.-Raymond-van-der-Linden.pdf\" class=\"wp-block-file__button wp-element-button\" download aria-describedby=\"wp-block-file--media-dd8e6f7a-8d30-4e6e-a0bb-f917828211b9\">Preuzimanje<\/a><\/div>\n\n\n\n<div class=\"wp-block-file\"><a id=\"wp-block-file--media-54b157c1-d2a9-4bec-b05c-eafec9333228\" href=\"https:\/\/aem.hr\/wp-content\/uploads\/2025\/02\/5.-Strani-dragovoljci-u-Domovinskom-ratu.pdf\">5. Strani dragovoljci u Domovinskom ratu<\/a><a href=\"https:\/\/aem.hr\/wp-content\/uploads\/2025\/02\/5.-Strani-dragovoljci-u-Domovinskom-ratu.pdf\" class=\"wp-block-file__button wp-element-button\" download aria-describedby=\"wp-block-file--media-54b157c1-d2a9-4bec-b05c-eafec9333228\">Preuzimanje<\/a><\/div>\n\n\n\n<div class=\"wp-block-file\"><a id=\"wp-block-file--media-9e838fd4-239f-4043-97c1-8ad27933cf15\" href=\"https:\/\/aem.hr\/wp-content\/uploads\/2025\/02\/6.-Povratak-korijenima_-Zivot-i-ratni-put-hrvatskog.pdf\">6. Povratak korijenima_ \u017divot i ratni put hrvatskog<\/a><a href=\"https:\/\/aem.hr\/wp-content\/uploads\/2025\/02\/6.-Povratak-korijenima_-Zivot-i-ratni-put-hrvatskog.pdf\" class=\"wp-block-file__button wp-element-button\" download aria-describedby=\"wp-block-file--media-9e838fd4-239f-4043-97c1-8ad27933cf15\">Preuzimanje<\/a><\/div>\n","protected":false},"excerpt":{"rendered":"","protected":false},"author":18,"featured_media":0,"parent":0,"menu_order":0,"comment_status":"closed","ping_status":"closed","template":"","meta":{"_acf_changed":false,"inline_featured_image":false,"advgb_blocks_editor_width":"","advgb_blocks_columns_visual_guide":"","_links_to":"","_links_to_type":0,"footnotes":""},"class_list":["post-19918","page","type-page","status-publish","hentry"],"acf":[],"yoast_head":"<!-- This site is optimized with the Yoast SEO plugin v25.7 - https:\/\/yoast.com\/wordpress\/plugins\/seo\/ -->\n<title>Dra\u017een \u0160emov\u010dan - &quot;Kome zvono zvoni- stranci u domovinskom ratu&quot; - Agencija za elektroni\u010dke medije<\/title>\n<meta name=\"robots\" content=\"index, follow, max-snippet:-1, max-image-preview:large, max-video-preview:-1\" \/>\n<link rel=\"canonical\" href=\"https:\/\/aem.hr\/drazen-semovcan-kome-zvono-zvoni-stranci-u-domovinskom-ratu\/\" \/>\n<meta property=\"og:locale\" content=\"en_US\" \/>\n<meta property=\"og:type\" content=\"article\" \/>\n<meta property=\"og:title\" content=\"Dra\u017een \u0160emov\u010dan - &quot;Kome zvono zvoni- stranci u domovinskom ratu&quot; - Agencija za elektroni\u010dke medije\" \/>\n<meta property=\"og:url\" content=\"https:\/\/aem.hr\/drazen-semovcan-kome-zvono-zvoni-stranci-u-domovinskom-ratu\/\" \/>\n<meta property=\"og:site_name\" content=\"Agencija za elektroni\u010dke medije\" \/>\n<meta property=\"article:modified_time\" content=\"2025-02-06T12:26:56+00:00\" \/>\n<meta name=\"twitter:card\" content=\"summary_large_image\" \/>\n<meta name=\"twitter:label1\" content=\"Est. reading time\" \/>\n\t<meta name=\"twitter:data1\" content=\"1 minute\" \/>\n<script type=\"application\/ld+json\" class=\"yoast-schema-graph\">{\"@context\":\"https:\/\/schema.org\",\"@graph\":[{\"@type\":\"WebPage\",\"@id\":\"https:\/\/aem.hr\/drazen-semovcan-kome-zvono-zvoni-stranci-u-domovinskom-ratu\/\",\"url\":\"https:\/\/aem.hr\/drazen-semovcan-kome-zvono-zvoni-stranci-u-domovinskom-ratu\/\",\"name\":\"Dra\u017een \u0160emov\u010dan - \\\"Kome zvono zvoni- stranci u domovinskom ratu\\\" - Agencija za elektroni\u010dke medije\",\"isPartOf\":{\"@id\":\"https:\/\/aem.hr\/#website\"},\"datePublished\":\"2025-02-06T12:26:55+00:00\",\"dateModified\":\"2025-02-06T12:26:56+00:00\",\"breadcrumb\":{\"@id\":\"https:\/\/aem.hr\/drazen-semovcan-kome-zvono-zvoni-stranci-u-domovinskom-ratu\/#breadcrumb\"},\"inLanguage\":\"en-US\",\"potentialAction\":[{\"@type\":\"ReadAction\",\"target\":[\"https:\/\/aem.hr\/drazen-semovcan-kome-zvono-zvoni-stranci-u-domovinskom-ratu\/\"]}]},{\"@type\":\"BreadcrumbList\",\"@id\":\"https:\/\/aem.hr\/drazen-semovcan-kome-zvono-zvoni-stranci-u-domovinskom-ratu\/#breadcrumb\",\"itemListElement\":[{\"@type\":\"ListItem\",\"position\":1,\"name\":\"Po\u010detna stranica\",\"item\":\"https:\/\/aem.hr\/\"},{\"@type\":\"ListItem\",\"position\":2,\"name\":\"Dra\u017een \u0160emov\u010dan &#8211; &#8220;Kome zvono zvoni- stranci u domovinskom ratu&#8221;\"}]},{\"@type\":\"WebSite\",\"@id\":\"https:\/\/aem.hr\/#website\",\"url\":\"https:\/\/aem.hr\/\",\"name\":\"Agencija za elektroni\u010dke medije\",\"description\":\"\",\"potentialAction\":[{\"@type\":\"SearchAction\",\"target\":{\"@type\":\"EntryPoint\",\"urlTemplate\":\"https:\/\/aem.hr\/?s={search_term_string}\"},\"query-input\":{\"@type\":\"PropertyValueSpecification\",\"valueRequired\":true,\"valueName\":\"search_term_string\"}}],\"inLanguage\":\"en-US\"}]}<\/script>\n<!-- \/ Yoast SEO plugin. -->","yoast_head_json":{"title":"Dra\u017een \u0160emov\u010dan - \"Kome zvono zvoni- stranci u domovinskom ratu\" - Agencija za elektroni\u010dke medije","robots":{"index":"index","follow":"follow","max-snippet":"max-snippet:-1","max-image-preview":"max-image-preview:large","max-video-preview":"max-video-preview:-1"},"canonical":"https:\/\/aem.hr\/drazen-semovcan-kome-zvono-zvoni-stranci-u-domovinskom-ratu\/","og_locale":"en_US","og_type":"article","og_title":"Dra\u017een \u0160emov\u010dan - \"Kome zvono zvoni- stranci u domovinskom ratu\" - Agencija za elektroni\u010dke medije","og_url":"https:\/\/aem.hr\/drazen-semovcan-kome-zvono-zvoni-stranci-u-domovinskom-ratu\/","og_site_name":"Agencija za elektroni\u010dke medije","article_modified_time":"2025-02-06T12:26:56+00:00","twitter_card":"summary_large_image","twitter_misc":{"Est. reading time":"1 minute"},"schema":{"@context":"https:\/\/schema.org","@graph":[{"@type":"WebPage","@id":"https:\/\/aem.hr\/drazen-semovcan-kome-zvono-zvoni-stranci-u-domovinskom-ratu\/","url":"https:\/\/aem.hr\/drazen-semovcan-kome-zvono-zvoni-stranci-u-domovinskom-ratu\/","name":"Dra\u017een \u0160emov\u010dan - \"Kome zvono zvoni- stranci u domovinskom ratu\" - Agencija za elektroni\u010dke medije","isPartOf":{"@id":"https:\/\/aem.hr\/#website"},"datePublished":"2025-02-06T12:26:55+00:00","dateModified":"2025-02-06T12:26:56+00:00","breadcrumb":{"@id":"https:\/\/aem.hr\/drazen-semovcan-kome-zvono-zvoni-stranci-u-domovinskom-ratu\/#breadcrumb"},"inLanguage":"en-US","potentialAction":[{"@type":"ReadAction","target":["https:\/\/aem.hr\/drazen-semovcan-kome-zvono-zvoni-stranci-u-domovinskom-ratu\/"]}]},{"@type":"BreadcrumbList","@id":"https:\/\/aem.hr\/drazen-semovcan-kome-zvono-zvoni-stranci-u-domovinskom-ratu\/#breadcrumb","itemListElement":[{"@type":"ListItem","position":1,"name":"Po\u010detna stranica","item":"https:\/\/aem.hr\/"},{"@type":"ListItem","position":2,"name":"Dra\u017een \u0160emov\u010dan &#8211; &#8220;Kome zvono zvoni- stranci u domovinskom ratu&#8221;"}]},{"@type":"WebSite","@id":"https:\/\/aem.hr\/#website","url":"https:\/\/aem.hr\/","name":"Agencija za elektroni\u010dke medije","description":"","potentialAction":[{"@type":"SearchAction","target":{"@type":"EntryPoint","urlTemplate":"https:\/\/aem.hr\/?s={search_term_string}"},"query-input":{"@type":"PropertyValueSpecification","valueRequired":true,"valueName":"search_term_string"}}],"inLanguage":"en-US"}]}},"coauthors":[],"author_meta":{"author_link":"https:\/\/aem.hr\/en\/blog\/author\/mkirac\/","display_name":"Matko Kirac"},"relative_dates":{"created":"Posted 1 year ago","modified":"Updated 1 year ago"},"absolute_dates":{"created":"Posted on 6. February 2025.","modified":"Updated on 6. February 2025."},"absolute_dates_time":{"created":"Posted on 6. February 2025. 13:26","modified":"Updated on 6. February 2025. 13:26"},"featured_img_caption":"","featured_img":false,"series_order":"","_links":{"self":[{"href":"https:\/\/aem.hr\/en\/wp-json\/wp\/v2\/pages\/19918","targetHints":{"allow":["GET"]}}],"collection":[{"href":"https:\/\/aem.hr\/en\/wp-json\/wp\/v2\/pages"}],"about":[{"href":"https:\/\/aem.hr\/en\/wp-json\/wp\/v2\/types\/page"}],"author":[{"embeddable":true,"href":"https:\/\/aem.hr\/en\/wp-json\/wp\/v2\/users\/18"}],"replies":[{"embeddable":true,"href":"https:\/\/aem.hr\/en\/wp-json\/wp\/v2\/comments?post=19918"}],"version-history":[{"count":1,"href":"https:\/\/aem.hr\/en\/wp-json\/wp\/v2\/pages\/19918\/revisions"}],"predecessor-version":[{"id":19931,"href":"https:\/\/aem.hr\/en\/wp-json\/wp\/v2\/pages\/19918\/revisions\/19931"}],"wp:attachment":[{"href":"https:\/\/aem.hr\/en\/wp-json\/wp\/v2\/media?parent=19918"}],"curies":[{"name":"wp","href":"https:\/\/api.w.org\/{rel}","templated":true}]}}