{"id":19933,"date":"2025-02-06T13:29:21","date_gmt":"2025-02-06T12:29:21","guid":{"rendered":"http:\/\/aem.hr\/?page_id=19933"},"modified":"2025-02-06T13:29:22","modified_gmt":"2025-02-06T12:29:22","slug":"vedran-marjanovic-konacni-saldo-pretvorbe-i-privatizacije-hrvatskih-poduzeca","status":"publish","type":"page","link":"https:\/\/aem.hr\/en\/vedran-marjanovic-konacni-saldo-pretvorbe-i-privatizacije-hrvatskih-poduzeca\/","title":{"rendered":"Vedran Marjanovi\u0107 &#8211; Kona\u010dni saldo pretvorbe i privatizacije hrvatskih poduze\u0107a"},"content":{"rendered":"\n<div class=\"wp-block-file\"><a id=\"wp-block-file--media-d1f03be6-ef9c-4a44-a0af-d1fdd64307e9\" href=\"https:\/\/aem.hr\/wp-content\/uploads\/2025\/02\/1.-Proslo-je-20-godina.pdf\">1. Pro\u0161lo je 20 godina<\/a><a href=\"https:\/\/aem.hr\/wp-content\/uploads\/2025\/02\/1.-Proslo-je-20-godina.pdf\" class=\"wp-block-file__button wp-element-button\" download aria-describedby=\"wp-block-file--media-d1f03be6-ef9c-4a44-a0af-d1fdd64307e9\">Preuzimanje<\/a><\/div>\n\n\n\n<div class=\"wp-block-file\"><a id=\"wp-block-file--media-d80dc1b0-b0d9-45db-858c-0b64f98c85eb\" href=\"https:\/\/aem.hr\/wp-content\/uploads\/2025\/02\/2.-Samo-12-perjanica-industrije.pdf\">2. Samo 12 perjanica industrije<\/a><a href=\"https:\/\/aem.hr\/wp-content\/uploads\/2025\/02\/2.-Samo-12-perjanica-industrije.pdf\" class=\"wp-block-file__button wp-element-button\" download aria-describedby=\"wp-block-file--media-d80dc1b0-b0d9-45db-858c-0b64f98c85eb\">Preuzimanje<\/a><\/div>\n\n\n\n<div class=\"wp-block-file\"><a id=\"wp-block-file--media-c949f207-90de-4c49-84f4-5653d2f2dfde\" href=\"https:\/\/aem.hr\/wp-content\/uploads\/2025\/02\/3.-Samo-je-19-tvrtki.pdf\">3. Samo je 19 tvrtki<\/a><a href=\"https:\/\/aem.hr\/wp-content\/uploads\/2025\/02\/3.-Samo-je-19-tvrtki.pdf\" class=\"wp-block-file__button wp-element-button\" download aria-describedby=\"wp-block-file--media-c949f207-90de-4c49-84f4-5653d2f2dfde\">Preuzimanje<\/a><\/div>\n\n\n\n<div class=\"wp-block-file\"><a id=\"wp-block-file--media-d01f43a5-c731-43f7-8bd1-23bceb7b1a5b\" href=\"https:\/\/aem.hr\/wp-content\/uploads\/2025\/02\/4.-Svaka-sesta-tvrtka-likvidirana.pdf\">4. Svaka \u0161esta tvrtka likvidirana<\/a><a href=\"https:\/\/aem.hr\/wp-content\/uploads\/2025\/02\/4.-Svaka-sesta-tvrtka-likvidirana.pdf\" class=\"wp-block-file__button wp-element-button\" download aria-describedby=\"wp-block-file--media-d01f43a5-c731-43f7-8bd1-23bceb7b1a5b\">Preuzimanje<\/a><\/div>\n\n\n\n<div class=\"wp-block-file\"><a id=\"wp-block-file--media-0669d2c5-7f21-4cad-ae74-0efde4235089\" href=\"https:\/\/aem.hr\/wp-content\/uploads\/2025\/02\/5.-Konacni-saldo-privatizacije.pdf\">5. Kona\u010dni saldo privatizacije<\/a><a href=\"https:\/\/aem.hr\/wp-content\/uploads\/2025\/02\/5.-Konacni-saldo-privatizacije.pdf\" class=\"wp-block-file__button wp-element-button\" download aria-describedby=\"wp-block-file--media-0669d2c5-7f21-4cad-ae74-0efde4235089\">Preuzimanje<\/a><\/div>\n\n\n\n<div class=\"wp-block-file\"><a id=\"wp-block-file--media-763cd7b4-c135-43b8-adbd-2b53fab1fe32\" href=\"https:\/\/aem.hr\/wp-content\/uploads\/2025\/02\/6.-Pola-milijuna-malih-dionicara.pdf\">6. Pola milijuna malih dioni\u010dara<\/a><a href=\"https:\/\/aem.hr\/wp-content\/uploads\/2025\/02\/6.-Pola-milijuna-malih-dionicara.pdf\" class=\"wp-block-file__button wp-element-button\" download aria-describedby=\"wp-block-file--media-763cd7b4-c135-43b8-adbd-2b53fab1fe32\">Preuzimanje<\/a><\/div>\n\n\n\n<div class=\"wp-block-file\"><a id=\"wp-block-file--media-e4e7ec8a-7b28-4c8c-88a7-a2f630639068\" href=\"https:\/\/aem.hr\/wp-content\/uploads\/2025\/02\/7.-Drzava-od-pretvorbe-i-privatizacije.pdf\">7. Dr\u017eava od pretvorbe i privatizacije<\/a><a href=\"https:\/\/aem.hr\/wp-content\/uploads\/2025\/02\/7.-Drzava-od-pretvorbe-i-privatizacije.pdf\" class=\"wp-block-file__button wp-element-button\" download aria-describedby=\"wp-block-file--media-e4e7ec8a-7b28-4c8c-88a7-a2f630639068\">Preuzimanje<\/a><\/div>\n\n\n\n<div class=\"wp-block-file\"><a id=\"wp-block-file--media-1e1e0a55-7658-47ea-a446-c6e4f65b3881\" href=\"https:\/\/aem.hr\/wp-content\/uploads\/2025\/02\/8.-Pravosudni-saldo-kriminala.pdf\">8. Pravosudni saldo kriminala<\/a><a href=\"https:\/\/aem.hr\/wp-content\/uploads\/2025\/02\/8.-Pravosudni-saldo-kriminala.pdf\" class=\"wp-block-file__button wp-element-button\" download aria-describedby=\"wp-block-file--media-1e1e0a55-7658-47ea-a446-c6e4f65b3881\">Preuzimanje<\/a><\/div>\n","protected":false},"excerpt":{"rendered":"","protected":false},"author":18,"featured_media":0,"parent":0,"menu_order":0,"comment_status":"closed","ping_status":"closed","template":"","meta":{"_acf_changed":false,"inline_featured_image":false,"advgb_blocks_editor_width":"","advgb_blocks_columns_visual_guide":"","_links_to":"","_links_to_type":0,"footnotes":""},"class_list":["post-19933","page","type-page","status-publish","hentry"],"acf":[],"yoast_head":"<!-- This site is optimized with the Yoast SEO plugin v25.7 - https:\/\/yoast.com\/wordpress\/plugins\/seo\/ -->\n<title>Vedran Marjanovi\u0107 - Kona\u010dni saldo pretvorbe i privatizacije hrvatskih poduze\u0107a - Agencija za elektroni\u010dke medije<\/title>\n<meta name=\"robots\" content=\"index, follow, max-snippet:-1, max-image-preview:large, max-video-preview:-1\" \/>\n<link rel=\"canonical\" href=\"https:\/\/aem.hr\/vedran-marjanovic-konacni-saldo-pretvorbe-i-privatizacije-hrvatskih-poduzeca\/\" \/>\n<meta property=\"og:locale\" content=\"en_US\" \/>\n<meta property=\"og:type\" content=\"article\" \/>\n<meta property=\"og:title\" content=\"Vedran Marjanovi\u0107 - Kona\u010dni saldo pretvorbe i privatizacije hrvatskih poduze\u0107a - Agencija za elektroni\u010dke medije\" \/>\n<meta property=\"og:url\" content=\"https:\/\/aem.hr\/vedran-marjanovic-konacni-saldo-pretvorbe-i-privatizacije-hrvatskih-poduzeca\/\" \/>\n<meta property=\"og:site_name\" content=\"Agencija za elektroni\u010dke medije\" \/>\n<meta property=\"article:modified_time\" content=\"2025-02-06T12:29:22+00:00\" \/>\n<meta name=\"twitter:card\" content=\"summary_large_image\" \/>\n<meta name=\"twitter:label1\" content=\"Est. reading time\" \/>\n\t<meta name=\"twitter:data1\" content=\"1 minute\" \/>\n<script type=\"application\/ld+json\" class=\"yoast-schema-graph\">{\"@context\":\"https:\/\/schema.org\",\"@graph\":[{\"@type\":\"WebPage\",\"@id\":\"https:\/\/aem.hr\/vedran-marjanovic-konacni-saldo-pretvorbe-i-privatizacije-hrvatskih-poduzeca\/\",\"url\":\"https:\/\/aem.hr\/vedran-marjanovic-konacni-saldo-pretvorbe-i-privatizacije-hrvatskih-poduzeca\/\",\"name\":\"Vedran Marjanovi\u0107 - Kona\u010dni saldo pretvorbe i privatizacije hrvatskih poduze\u0107a - Agencija za elektroni\u010dke medije\",\"isPartOf\":{\"@id\":\"https:\/\/aem.hr\/#website\"},\"datePublished\":\"2025-02-06T12:29:21+00:00\",\"dateModified\":\"2025-02-06T12:29:22+00:00\",\"breadcrumb\":{\"@id\":\"https:\/\/aem.hr\/vedran-marjanovic-konacni-saldo-pretvorbe-i-privatizacije-hrvatskih-poduzeca\/#breadcrumb\"},\"inLanguage\":\"en-US\",\"potentialAction\":[{\"@type\":\"ReadAction\",\"target\":[\"https:\/\/aem.hr\/vedran-marjanovic-konacni-saldo-pretvorbe-i-privatizacije-hrvatskih-poduzeca\/\"]}]},{\"@type\":\"BreadcrumbList\",\"@id\":\"https:\/\/aem.hr\/vedran-marjanovic-konacni-saldo-pretvorbe-i-privatizacije-hrvatskih-poduzeca\/#breadcrumb\",\"itemListElement\":[{\"@type\":\"ListItem\",\"position\":1,\"name\":\"Po\u010detna stranica\",\"item\":\"https:\/\/aem.hr\/\"},{\"@type\":\"ListItem\",\"position\":2,\"name\":\"Vedran Marjanovi\u0107 &#8211; Kona\u010dni saldo pretvorbe i privatizacije hrvatskih poduze\u0107a\"}]},{\"@type\":\"WebSite\",\"@id\":\"https:\/\/aem.hr\/#website\",\"url\":\"https:\/\/aem.hr\/\",\"name\":\"Agencija za elektroni\u010dke medije\",\"description\":\"\",\"potentialAction\":[{\"@type\":\"SearchAction\",\"target\":{\"@type\":\"EntryPoint\",\"urlTemplate\":\"https:\/\/aem.hr\/?s={search_term_string}\"},\"query-input\":{\"@type\":\"PropertyValueSpecification\",\"valueRequired\":true,\"valueName\":\"search_term_string\"}}],\"inLanguage\":\"en-US\"}]}<\/script>\n<!-- \/ Yoast SEO plugin. -->","yoast_head_json":{"title":"Vedran Marjanovi\u0107 - Kona\u010dni saldo pretvorbe i privatizacije hrvatskih poduze\u0107a - Agencija za elektroni\u010dke medije","robots":{"index":"index","follow":"follow","max-snippet":"max-snippet:-1","max-image-preview":"max-image-preview:large","max-video-preview":"max-video-preview:-1"},"canonical":"https:\/\/aem.hr\/vedran-marjanovic-konacni-saldo-pretvorbe-i-privatizacije-hrvatskih-poduzeca\/","og_locale":"en_US","og_type":"article","og_title":"Vedran Marjanovi\u0107 - Kona\u010dni saldo pretvorbe i privatizacije hrvatskih poduze\u0107a - Agencija za elektroni\u010dke medije","og_url":"https:\/\/aem.hr\/vedran-marjanovic-konacni-saldo-pretvorbe-i-privatizacije-hrvatskih-poduzeca\/","og_site_name":"Agencija za elektroni\u010dke medije","article_modified_time":"2025-02-06T12:29:22+00:00","twitter_card":"summary_large_image","twitter_misc":{"Est. reading time":"1 minute"},"schema":{"@context":"https:\/\/schema.org","@graph":[{"@type":"WebPage","@id":"https:\/\/aem.hr\/vedran-marjanovic-konacni-saldo-pretvorbe-i-privatizacije-hrvatskih-poduzeca\/","url":"https:\/\/aem.hr\/vedran-marjanovic-konacni-saldo-pretvorbe-i-privatizacije-hrvatskih-poduzeca\/","name":"Vedran Marjanovi\u0107 - Kona\u010dni saldo pretvorbe i privatizacije hrvatskih poduze\u0107a - Agencija za elektroni\u010dke medije","isPartOf":{"@id":"https:\/\/aem.hr\/#website"},"datePublished":"2025-02-06T12:29:21+00:00","dateModified":"2025-02-06T12:29:22+00:00","breadcrumb":{"@id":"https:\/\/aem.hr\/vedran-marjanovic-konacni-saldo-pretvorbe-i-privatizacije-hrvatskih-poduzeca\/#breadcrumb"},"inLanguage":"en-US","potentialAction":[{"@type":"ReadAction","target":["https:\/\/aem.hr\/vedran-marjanovic-konacni-saldo-pretvorbe-i-privatizacije-hrvatskih-poduzeca\/"]}]},{"@type":"BreadcrumbList","@id":"https:\/\/aem.hr\/vedran-marjanovic-konacni-saldo-pretvorbe-i-privatizacije-hrvatskih-poduzeca\/#breadcrumb","itemListElement":[{"@type":"ListItem","position":1,"name":"Po\u010detna stranica","item":"https:\/\/aem.hr\/"},{"@type":"ListItem","position":2,"name":"Vedran Marjanovi\u0107 &#8211; Kona\u010dni saldo pretvorbe i privatizacije hrvatskih poduze\u0107a"}]},{"@type":"WebSite","@id":"https:\/\/aem.hr\/#website","url":"https:\/\/aem.hr\/","name":"Agencija za elektroni\u010dke medije","description":"","potentialAction":[{"@type":"SearchAction","target":{"@type":"EntryPoint","urlTemplate":"https:\/\/aem.hr\/?s={search_term_string}"},"query-input":{"@type":"PropertyValueSpecification","valueRequired":true,"valueName":"search_term_string"}}],"inLanguage":"en-US"}]}},"coauthors":[],"author_meta":{"author_link":"https:\/\/aem.hr\/en\/blog\/author\/mkirac\/","display_name":"Matko Kirac"},"relative_dates":{"created":"Posted 1 year ago","modified":"Updated 1 year ago"},"absolute_dates":{"created":"Posted on 6. February 2025.","modified":"Updated on 6. February 2025."},"absolute_dates_time":{"created":"Posted on 6. February 2025. 13:29","modified":"Updated on 6. February 2025. 13:29"},"featured_img_caption":"","featured_img":false,"series_order":"","_links":{"self":[{"href":"https:\/\/aem.hr\/en\/wp-json\/wp\/v2\/pages\/19933","targetHints":{"allow":["GET"]}}],"collection":[{"href":"https:\/\/aem.hr\/en\/wp-json\/wp\/v2\/pages"}],"about":[{"href":"https:\/\/aem.hr\/en\/wp-json\/wp\/v2\/types\/page"}],"author":[{"embeddable":true,"href":"https:\/\/aem.hr\/en\/wp-json\/wp\/v2\/users\/18"}],"replies":[{"embeddable":true,"href":"https:\/\/aem.hr\/en\/wp-json\/wp\/v2\/comments?post=19933"}],"version-history":[{"count":1,"href":"https:\/\/aem.hr\/en\/wp-json\/wp\/v2\/pages\/19933\/revisions"}],"predecessor-version":[{"id":19949,"href":"https:\/\/aem.hr\/en\/wp-json\/wp\/v2\/pages\/19933\/revisions\/19949"}],"wp:attachment":[{"href":"https:\/\/aem.hr\/en\/wp-json\/wp\/v2\/media?parent=19933"}],"curies":[{"name":"wp","href":"https:\/\/api.w.org\/{rel}","templated":true}]}}