{"id":19951,"date":"2025-02-06T13:31:19","date_gmt":"2025-02-06T12:31:19","guid":{"rendered":"http:\/\/aem.hr\/?page_id=19951"},"modified":"2025-02-06T13:31:20","modified_gmt":"2025-02-06T12:31:20","slug":"lidija-knezevic-u-sluzbi-naroda","status":"publish","type":"page","link":"https:\/\/aem.hr\/en\/lidija-knezevic-u-sluzbi-naroda\/","title":{"rendered":"Lidija Kne\u017eevi\u0107 &#8211; U slu\u017ebi naroda"},"content":{"rendered":"\n<div class=\"wp-block-file\"><a id=\"wp-block-file--media-ac05e146-ea5a-4f07-a98b-38c9d7015592\" href=\"https:\/\/aem.hr\/wp-content\/uploads\/2025\/02\/1.-Voditeljica-pulskog-prenocista.pdf\">1. Voditeljica pulskog preno\u0107i\u0161ta<\/a><a href=\"https:\/\/aem.hr\/wp-content\/uploads\/2025\/02\/1.-Voditeljica-pulskog-prenocista.pdf\" class=\"wp-block-file__button wp-element-button\" download aria-describedby=\"wp-block-file--media-ac05e146-ea5a-4f07-a98b-38c9d7015592\">Preuzimanje<\/a><\/div>\n\n\n\n<div class=\"wp-block-file\"><a id=\"wp-block-file--media-5b75ac3d-a314-4ffa-b1b4-b0434fb66ba2\" href=\"https:\/\/aem.hr\/wp-content\/uploads\/2025\/02\/2.-Intervju-s-bisim-beskucnikom.pdf\">2. Intervju s bi\u0161im besku\u0107nikom<\/a><a href=\"https:\/\/aem.hr\/wp-content\/uploads\/2025\/02\/2.-Intervju-s-bisim-beskucnikom.pdf\" class=\"wp-block-file__button wp-element-button\" download aria-describedby=\"wp-block-file--media-5b75ac3d-a314-4ffa-b1b4-b0434fb66ba2\">Preuzimanje<\/a><\/div>\n\n\n\n<div class=\"wp-block-file\"><a id=\"wp-block-file--media-bad3ee99-27c6-4d4a-a252-eec86416665f\" href=\"https:\/\/aem.hr\/wp-content\/uploads\/2025\/02\/3.-Ministartsvo-rada-i-socijalne-politike.pdf\">3. Ministartsvo rada i socijalne politike<\/a><a href=\"https:\/\/aem.hr\/wp-content\/uploads\/2025\/02\/3.-Ministartsvo-rada-i-socijalne-politike.pdf\" class=\"wp-block-file__button wp-element-button\" download aria-describedby=\"wp-block-file--media-bad3ee99-27c6-4d4a-a252-eec86416665f\">Preuzimanje<\/a><\/div>\n\n\n\n<div class=\"wp-block-file\"><a id=\"wp-block-file--media-fee6094a-7e37-44af-8802-14de8298f3d3\" href=\"https:\/\/aem.hr\/wp-content\/uploads\/2025\/02\/4.-Humanitarka-Ribaric-pomaze.pdf\">4. Humanitarka Ribari\u0107 poma\u017ee<\/a><a href=\"https:\/\/aem.hr\/wp-content\/uploads\/2025\/02\/4.-Humanitarka-Ribaric-pomaze.pdf\" class=\"wp-block-file__button wp-element-button\" download aria-describedby=\"wp-block-file--media-fee6094a-7e37-44af-8802-14de8298f3d3\">Preuzimanje<\/a><\/div>\n\n\n\n<div class=\"wp-block-file\"><a id=\"wp-block-file--media-e7fe6a01-b50d-4cc9-8c45-1afa998443b7\" href=\"https:\/\/aem.hr\/wp-content\/uploads\/2025\/02\/5.-Mlinar-oko-80-posto.pdf\">5. Mlinar oko 80 posto<\/a><a href=\"https:\/\/aem.hr\/wp-content\/uploads\/2025\/02\/5.-Mlinar-oko-80-posto.pdf\" class=\"wp-block-file__button wp-element-button\" download aria-describedby=\"wp-block-file--media-e7fe6a01-b50d-4cc9-8c45-1afa998443b7\">Preuzimanje<\/a><\/div>\n","protected":false},"excerpt":{"rendered":"","protected":false},"author":18,"featured_media":0,"parent":0,"menu_order":0,"comment_status":"closed","ping_status":"closed","template":"","meta":{"_acf_changed":false,"inline_featured_image":false,"advgb_blocks_editor_width":"","advgb_blocks_columns_visual_guide":"","_links_to":"","_links_to_type":0,"footnotes":""},"class_list":["post-19951","page","type-page","status-publish","hentry"],"acf":[],"yoast_head":"<!-- This site is optimized with the Yoast SEO plugin v25.7 - https:\/\/yoast.com\/wordpress\/plugins\/seo\/ -->\n<title>Lidija Kne\u017eevi\u0107 - U slu\u017ebi naroda - Agencija za elektroni\u010dke medije<\/title>\n<meta name=\"robots\" content=\"index, follow, max-snippet:-1, max-image-preview:large, max-video-preview:-1\" \/>\n<link rel=\"canonical\" href=\"https:\/\/aem.hr\/lidija-knezevic-u-sluzbi-naroda\/\" \/>\n<meta property=\"og:locale\" content=\"en_US\" \/>\n<meta property=\"og:type\" content=\"article\" \/>\n<meta property=\"og:title\" content=\"Lidija Kne\u017eevi\u0107 - U slu\u017ebi naroda - Agencija za elektroni\u010dke medije\" \/>\n<meta property=\"og:url\" content=\"https:\/\/aem.hr\/lidija-knezevic-u-sluzbi-naroda\/\" \/>\n<meta property=\"og:site_name\" content=\"Agencija za elektroni\u010dke medije\" \/>\n<meta property=\"article:modified_time\" content=\"2025-02-06T12:31:20+00:00\" \/>\n<meta name=\"twitter:card\" content=\"summary_large_image\" \/>\n<meta name=\"twitter:label1\" content=\"Est. reading time\" \/>\n\t<meta name=\"twitter:data1\" content=\"1 minute\" \/>\n<script type=\"application\/ld+json\" class=\"yoast-schema-graph\">{\"@context\":\"https:\/\/schema.org\",\"@graph\":[{\"@type\":\"WebPage\",\"@id\":\"https:\/\/aem.hr\/lidija-knezevic-u-sluzbi-naroda\/\",\"url\":\"https:\/\/aem.hr\/lidija-knezevic-u-sluzbi-naroda\/\",\"name\":\"Lidija Kne\u017eevi\u0107 - U slu\u017ebi naroda - Agencija za elektroni\u010dke medije\",\"isPartOf\":{\"@id\":\"https:\/\/aem.hr\/#website\"},\"datePublished\":\"2025-02-06T12:31:19+00:00\",\"dateModified\":\"2025-02-06T12:31:20+00:00\",\"breadcrumb\":{\"@id\":\"https:\/\/aem.hr\/lidija-knezevic-u-sluzbi-naroda\/#breadcrumb\"},\"inLanguage\":\"en-US\",\"potentialAction\":[{\"@type\":\"ReadAction\",\"target\":[\"https:\/\/aem.hr\/lidija-knezevic-u-sluzbi-naroda\/\"]}]},{\"@type\":\"BreadcrumbList\",\"@id\":\"https:\/\/aem.hr\/lidija-knezevic-u-sluzbi-naroda\/#breadcrumb\",\"itemListElement\":[{\"@type\":\"ListItem\",\"position\":1,\"name\":\"Po\u010detna stranica\",\"item\":\"https:\/\/aem.hr\/\"},{\"@type\":\"ListItem\",\"position\":2,\"name\":\"Lidija Kne\u017eevi\u0107 &#8211; U slu\u017ebi naroda\"}]},{\"@type\":\"WebSite\",\"@id\":\"https:\/\/aem.hr\/#website\",\"url\":\"https:\/\/aem.hr\/\",\"name\":\"Agencija za elektroni\u010dke medije\",\"description\":\"\",\"potentialAction\":[{\"@type\":\"SearchAction\",\"target\":{\"@type\":\"EntryPoint\",\"urlTemplate\":\"https:\/\/aem.hr\/?s={search_term_string}\"},\"query-input\":{\"@type\":\"PropertyValueSpecification\",\"valueRequired\":true,\"valueName\":\"search_term_string\"}}],\"inLanguage\":\"en-US\"}]}<\/script>\n<!-- \/ Yoast SEO plugin. -->","yoast_head_json":{"title":"Lidija Kne\u017eevi\u0107 - U slu\u017ebi naroda - Agencija za elektroni\u010dke medije","robots":{"index":"index","follow":"follow","max-snippet":"max-snippet:-1","max-image-preview":"max-image-preview:large","max-video-preview":"max-video-preview:-1"},"canonical":"https:\/\/aem.hr\/lidija-knezevic-u-sluzbi-naroda\/","og_locale":"en_US","og_type":"article","og_title":"Lidija Kne\u017eevi\u0107 - U slu\u017ebi naroda - Agencija za elektroni\u010dke medije","og_url":"https:\/\/aem.hr\/lidija-knezevic-u-sluzbi-naroda\/","og_site_name":"Agencija za elektroni\u010dke medije","article_modified_time":"2025-02-06T12:31:20+00:00","twitter_card":"summary_large_image","twitter_misc":{"Est. reading time":"1 minute"},"schema":{"@context":"https:\/\/schema.org","@graph":[{"@type":"WebPage","@id":"https:\/\/aem.hr\/lidija-knezevic-u-sluzbi-naroda\/","url":"https:\/\/aem.hr\/lidija-knezevic-u-sluzbi-naroda\/","name":"Lidija Kne\u017eevi\u0107 - U slu\u017ebi naroda - Agencija za elektroni\u010dke medije","isPartOf":{"@id":"https:\/\/aem.hr\/#website"},"datePublished":"2025-02-06T12:31:19+00:00","dateModified":"2025-02-06T12:31:20+00:00","breadcrumb":{"@id":"https:\/\/aem.hr\/lidija-knezevic-u-sluzbi-naroda\/#breadcrumb"},"inLanguage":"en-US","potentialAction":[{"@type":"ReadAction","target":["https:\/\/aem.hr\/lidija-knezevic-u-sluzbi-naroda\/"]}]},{"@type":"BreadcrumbList","@id":"https:\/\/aem.hr\/lidija-knezevic-u-sluzbi-naroda\/#breadcrumb","itemListElement":[{"@type":"ListItem","position":1,"name":"Po\u010detna stranica","item":"https:\/\/aem.hr\/"},{"@type":"ListItem","position":2,"name":"Lidija Kne\u017eevi\u0107 &#8211; U slu\u017ebi naroda"}]},{"@type":"WebSite","@id":"https:\/\/aem.hr\/#website","url":"https:\/\/aem.hr\/","name":"Agencija za elektroni\u010dke medije","description":"","potentialAction":[{"@type":"SearchAction","target":{"@type":"EntryPoint","urlTemplate":"https:\/\/aem.hr\/?s={search_term_string}"},"query-input":{"@type":"PropertyValueSpecification","valueRequired":true,"valueName":"search_term_string"}}],"inLanguage":"en-US"}]}},"coauthors":[],"author_meta":{"author_link":"https:\/\/aem.hr\/en\/blog\/author\/mkirac\/","display_name":"Matko Kirac"},"relative_dates":{"created":"Posted 1 year ago","modified":"Updated 1 year ago"},"absolute_dates":{"created":"Posted on 6. February 2025.","modified":"Updated on 6. February 2025."},"absolute_dates_time":{"created":"Posted on 6. February 2025. 13:31","modified":"Updated on 6. February 2025. 13:31"},"featured_img_caption":"","featured_img":false,"series_order":"","_links":{"self":[{"href":"https:\/\/aem.hr\/en\/wp-json\/wp\/v2\/pages\/19951","targetHints":{"allow":["GET"]}}],"collection":[{"href":"https:\/\/aem.hr\/en\/wp-json\/wp\/v2\/pages"}],"about":[{"href":"https:\/\/aem.hr\/en\/wp-json\/wp\/v2\/types\/page"}],"author":[{"embeddable":true,"href":"https:\/\/aem.hr\/en\/wp-json\/wp\/v2\/users\/18"}],"replies":[{"embeddable":true,"href":"https:\/\/aem.hr\/en\/wp-json\/wp\/v2\/comments?post=19951"}],"version-history":[{"count":1,"href":"https:\/\/aem.hr\/en\/wp-json\/wp\/v2\/pages\/19951\/revisions"}],"predecessor-version":[{"id":19962,"href":"https:\/\/aem.hr\/en\/wp-json\/wp\/v2\/pages\/19951\/revisions\/19962"}],"wp:attachment":[{"href":"https:\/\/aem.hr\/en\/wp-json\/wp\/v2\/media?parent=19951"}],"curies":[{"name":"wp","href":"https:\/\/api.w.org\/{rel}","templated":true}]}}