{"id":19963,"date":"2025-02-06T13:32:34","date_gmt":"2025-02-06T12:32:34","guid":{"rendered":"http:\/\/aem.hr\/?page_id=19963"},"modified":"2025-02-06T13:32:36","modified_gmt":"2025-02-06T12:32:36","slug":"tomislav-hacko-tihi-cuvari-hrvatskih-autocesta","status":"publish","type":"page","link":"https:\/\/aem.hr\/en\/tomislav-hacko-tihi-cuvari-hrvatskih-autocesta\/","title":{"rendered":"Tomislav Ha\u010dko &#8211; Tihi \u010duvari hrvatskih autocesta"},"content":{"rendered":"\n<div class=\"wp-block-file\"><a id=\"wp-block-file--media-f299005c-b5aa-4425-91c7-5cb4394c25a4\" href=\"https:\/\/aem.hr\/wp-content\/uploads\/2025\/02\/1.-Tihi-cuvari-hrvatskih-autocesta.pdf\">1. Tihi \u010duvari hrvatskih autocesta<\/a><a href=\"https:\/\/aem.hr\/wp-content\/uploads\/2025\/02\/1.-Tihi-cuvari-hrvatskih-autocesta.pdf\" class=\"wp-block-file__button wp-element-button\" download aria-describedby=\"wp-block-file--media-f299005c-b5aa-4425-91c7-5cb4394c25a4\">Preuzimanje<\/a><\/div>\n\n\n\n<div class=\"wp-block-file\"><a id=\"wp-block-file--media-b7e6abc7-fd81-46c4-b9c1-8312b9e334c1\" href=\"https:\/\/aem.hr\/wp-content\/uploads\/2025\/02\/2.-Sv.-Benedikt-opat-tihi-cuvar-autoceste-A5.pdf\">2. Sv. Benedikt opat  tihi \u010duvar autoceste A5<\/a><a href=\"https:\/\/aem.hr\/wp-content\/uploads\/2025\/02\/2.-Sv.-Benedikt-opat-tihi-cuvar-autoceste-A5.pdf\" class=\"wp-block-file__button wp-element-button\" download aria-describedby=\"wp-block-file--media-b7e6abc7-fd81-46c4-b9c1-8312b9e334c1\">Preuzimanje<\/a><\/div>\n\n\n\n<div class=\"wp-block-file\"><a id=\"wp-block-file--media-fd5e0d8e-9460-41f2-ad43-a863aad53803\" href=\"https:\/\/aem.hr\/wp-content\/uploads\/2025\/02\/3.-Sv.-Martin-biskup-tihi-cuvar-autoceste-A4.pdf\">3. Sv. Martin biskup  tihi \u010duvar autoceste A4<\/a><a href=\"https:\/\/aem.hr\/wp-content\/uploads\/2025\/02\/3.-Sv.-Martin-biskup-tihi-cuvar-autoceste-A4.pdf\" class=\"wp-block-file__button wp-element-button\" download aria-describedby=\"wp-block-file--media-fd5e0d8e-9460-41f2-ad43-a863aad53803\">Preuzimanje<\/a><\/div>\n\n\n\n<div class=\"wp-block-file\"><a id=\"wp-block-file--media-9fda6450-9e1a-4dce-bd42-4d32314d6766\" href=\"https:\/\/aem.hr\/wp-content\/uploads\/2025\/02\/4.-Sv.-Kristofor-sv.-Antun-Padovanski-sv.-Barbara-BDM-Bezgresna-tihi-cuvari-autoceste-A6.pdf\">4. Sv. Kristofor sv. Antun Padovanski sv. Barbara BDM Bezgre\u0161na  tihi \u010duvari autoceste A6<\/a><a href=\"https:\/\/aem.hr\/wp-content\/uploads\/2025\/02\/4.-Sv.-Kristofor-sv.-Antun-Padovanski-sv.-Barbara-BDM-Bezgresna-tihi-cuvari-autoceste-A6.pdf\" class=\"wp-block-file__button wp-element-button\" download aria-describedby=\"wp-block-file--media-9fda6450-9e1a-4dce-bd42-4d32314d6766\">Preuzimanje<\/a><\/div>\n\n\n\n<div class=\"wp-block-file\"><a id=\"wp-block-file--media-d693b5a3-379e-451c-9816-e52fcc35f174\" href=\"https:\/\/aem.hr\/wp-content\/uploads\/2025\/02\/5.-Sv.-Antun-Padovanski-sv.-Barbara-i-Blazena-Djevica-Marija-tihi-cuvari-autoceste-A6.pdf\">5. Sv. Antun Padovanski sv. Barbara i Bla\u017eena Djevica Marija &#8211; tihi \u010duvari autoceste A6<\/a><a href=\"https:\/\/aem.hr\/wp-content\/uploads\/2025\/02\/5.-Sv.-Antun-Padovanski-sv.-Barbara-i-Blazena-Djevica-Marija-tihi-cuvari-autoceste-A6.pdf\" class=\"wp-block-file__button wp-element-button\" download aria-describedby=\"wp-block-file--media-d693b5a3-379e-451c-9816-e52fcc35f174\">Preuzimanje<\/a><\/div>\n\n\n\n<div class=\"wp-block-file\"><a id=\"wp-block-file--media-b541b368-92ba-407a-8992-b472f78b394d\" href=\"https:\/\/aem.hr\/wp-content\/uploads\/2025\/02\/6.-Sveti-Ivan-Krstitelj-i-sveta-Barbara-tihi-cuvari-autoceste-A7.pdf\">6. Sveti Ivan Krstitelj i sveta Barbara  tihi \u010duvari autoceste A7<\/a><a href=\"https:\/\/aem.hr\/wp-content\/uploads\/2025\/02\/6.-Sveti-Ivan-Krstitelj-i-sveta-Barbara-tihi-cuvari-autoceste-A7.pdf\" class=\"wp-block-file__button wp-element-button\" download aria-describedby=\"wp-block-file--media-b541b368-92ba-407a-8992-b472f78b394d\">Preuzimanje<\/a><\/div>\n\n\n\n<div class=\"wp-block-file\"><a id=\"wp-block-file--media-2f086f11-7dd7-44ca-8635-9646688130a3\" href=\"https:\/\/aem.hr\/wp-content\/uploads\/2025\/02\/7.-Blazena-Djevica-Marija-sveta-Barbara-sveti-Rok-i-sv.-Nikola-tihi-cuvari-autoceste-A1.pdf\">7. Bla\u017eena Djevica Marija sveta Barbara sveti Rok i sv. Nikola  tihi \u010duvari autoceste A1<\/a><a href=\"https:\/\/aem.hr\/wp-content\/uploads\/2025\/02\/7.-Blazena-Djevica-Marija-sveta-Barbara-sveti-Rok-i-sv.-Nikola-tihi-cuvari-autoceste-A1.pdf\" class=\"wp-block-file__button wp-element-button\" download aria-describedby=\"wp-block-file--media-2f086f11-7dd7-44ca-8635-9646688130a3\">Preuzimanje<\/a><\/div>\n\n\n\n<div class=\"wp-block-file\"><a id=\"wp-block-file--media-24d27b01-e5f1-4015-889b-73bc5b0e3ce9\" href=\"https:\/\/aem.hr\/wp-content\/uploads\/2025\/02\/8.-Tuneli-Sveti-Rok-i-Dubrave-odmoriste-Krka.pdf\">8. Tuneli Sveti Rok i Dubrave odmori\u0161te Krka<\/a><a href=\"https:\/\/aem.hr\/wp-content\/uploads\/2025\/02\/8.-Tuneli-Sveti-Rok-i-Dubrave-odmoriste-Krka.pdf\" class=\"wp-block-file__button wp-element-button\" download aria-describedby=\"wp-block-file--media-24d27b01-e5f1-4015-889b-73bc5b0e3ce9\">Preuzimanje<\/a><\/div>\n","protected":false},"excerpt":{"rendered":"","protected":false},"author":18,"featured_media":0,"parent":0,"menu_order":0,"comment_status":"closed","ping_status":"closed","template":"","meta":{"_acf_changed":false,"inline_featured_image":false,"advgb_blocks_editor_width":"","advgb_blocks_columns_visual_guide":"","_links_to":"","_links_to_type":0,"footnotes":""},"class_list":["post-19963","page","type-page","status-publish","hentry"],"acf":[],"yoast_head":"<!-- This site is optimized with the Yoast SEO plugin v25.7 - https:\/\/yoast.com\/wordpress\/plugins\/seo\/ -->\n<title>Tomislav Ha\u010dko - Tihi \u010duvari hrvatskih autocesta - Agencija za elektroni\u010dke medije<\/title>\n<meta name=\"robots\" content=\"index, follow, max-snippet:-1, max-image-preview:large, max-video-preview:-1\" \/>\n<link rel=\"canonical\" href=\"https:\/\/aem.hr\/tomislav-hacko-tihi-cuvari-hrvatskih-autocesta\/\" \/>\n<meta property=\"og:locale\" content=\"en_US\" \/>\n<meta property=\"og:type\" content=\"article\" \/>\n<meta property=\"og:title\" content=\"Tomislav Ha\u010dko - Tihi \u010duvari hrvatskih autocesta - Agencija za elektroni\u010dke medije\" \/>\n<meta property=\"og:url\" content=\"https:\/\/aem.hr\/tomislav-hacko-tihi-cuvari-hrvatskih-autocesta\/\" \/>\n<meta property=\"og:site_name\" content=\"Agencija za elektroni\u010dke medije\" \/>\n<meta property=\"article:modified_time\" content=\"2025-02-06T12:32:36+00:00\" \/>\n<meta name=\"twitter:card\" content=\"summary_large_image\" \/>\n<meta name=\"twitter:label1\" content=\"Est. reading time\" \/>\n\t<meta name=\"twitter:data1\" content=\"1 minute\" \/>\n<script type=\"application\/ld+json\" class=\"yoast-schema-graph\">{\"@context\":\"https:\/\/schema.org\",\"@graph\":[{\"@type\":\"WebPage\",\"@id\":\"https:\/\/aem.hr\/tomislav-hacko-tihi-cuvari-hrvatskih-autocesta\/\",\"url\":\"https:\/\/aem.hr\/tomislav-hacko-tihi-cuvari-hrvatskih-autocesta\/\",\"name\":\"Tomislav Ha\u010dko - Tihi \u010duvari hrvatskih autocesta - Agencija za elektroni\u010dke medije\",\"isPartOf\":{\"@id\":\"https:\/\/aem.hr\/#website\"},\"datePublished\":\"2025-02-06T12:32:34+00:00\",\"dateModified\":\"2025-02-06T12:32:36+00:00\",\"breadcrumb\":{\"@id\":\"https:\/\/aem.hr\/tomislav-hacko-tihi-cuvari-hrvatskih-autocesta\/#breadcrumb\"},\"inLanguage\":\"en-US\",\"potentialAction\":[{\"@type\":\"ReadAction\",\"target\":[\"https:\/\/aem.hr\/tomislav-hacko-tihi-cuvari-hrvatskih-autocesta\/\"]}]},{\"@type\":\"BreadcrumbList\",\"@id\":\"https:\/\/aem.hr\/tomislav-hacko-tihi-cuvari-hrvatskih-autocesta\/#breadcrumb\",\"itemListElement\":[{\"@type\":\"ListItem\",\"position\":1,\"name\":\"Po\u010detna stranica\",\"item\":\"https:\/\/aem.hr\/\"},{\"@type\":\"ListItem\",\"position\":2,\"name\":\"Tomislav Ha\u010dko &#8211; Tihi \u010duvari hrvatskih autocesta\"}]},{\"@type\":\"WebSite\",\"@id\":\"https:\/\/aem.hr\/#website\",\"url\":\"https:\/\/aem.hr\/\",\"name\":\"Agencija za elektroni\u010dke medije\",\"description\":\"\",\"potentialAction\":[{\"@type\":\"SearchAction\",\"target\":{\"@type\":\"EntryPoint\",\"urlTemplate\":\"https:\/\/aem.hr\/?s={search_term_string}\"},\"query-input\":{\"@type\":\"PropertyValueSpecification\",\"valueRequired\":true,\"valueName\":\"search_term_string\"}}],\"inLanguage\":\"en-US\"}]}<\/script>\n<!-- \/ Yoast SEO plugin. -->","yoast_head_json":{"title":"Tomislav Ha\u010dko - Tihi \u010duvari hrvatskih autocesta - Agencija za elektroni\u010dke medije","robots":{"index":"index","follow":"follow","max-snippet":"max-snippet:-1","max-image-preview":"max-image-preview:large","max-video-preview":"max-video-preview:-1"},"canonical":"https:\/\/aem.hr\/tomislav-hacko-tihi-cuvari-hrvatskih-autocesta\/","og_locale":"en_US","og_type":"article","og_title":"Tomislav Ha\u010dko - Tihi \u010duvari hrvatskih autocesta - Agencija za elektroni\u010dke medije","og_url":"https:\/\/aem.hr\/tomislav-hacko-tihi-cuvari-hrvatskih-autocesta\/","og_site_name":"Agencija za elektroni\u010dke medije","article_modified_time":"2025-02-06T12:32:36+00:00","twitter_card":"summary_large_image","twitter_misc":{"Est. reading time":"1 minute"},"schema":{"@context":"https:\/\/schema.org","@graph":[{"@type":"WebPage","@id":"https:\/\/aem.hr\/tomislav-hacko-tihi-cuvari-hrvatskih-autocesta\/","url":"https:\/\/aem.hr\/tomislav-hacko-tihi-cuvari-hrvatskih-autocesta\/","name":"Tomislav Ha\u010dko - Tihi \u010duvari hrvatskih autocesta - Agencija za elektroni\u010dke medije","isPartOf":{"@id":"https:\/\/aem.hr\/#website"},"datePublished":"2025-02-06T12:32:34+00:00","dateModified":"2025-02-06T12:32:36+00:00","breadcrumb":{"@id":"https:\/\/aem.hr\/tomislav-hacko-tihi-cuvari-hrvatskih-autocesta\/#breadcrumb"},"inLanguage":"en-US","potentialAction":[{"@type":"ReadAction","target":["https:\/\/aem.hr\/tomislav-hacko-tihi-cuvari-hrvatskih-autocesta\/"]}]},{"@type":"BreadcrumbList","@id":"https:\/\/aem.hr\/tomislav-hacko-tihi-cuvari-hrvatskih-autocesta\/#breadcrumb","itemListElement":[{"@type":"ListItem","position":1,"name":"Po\u010detna stranica","item":"https:\/\/aem.hr\/"},{"@type":"ListItem","position":2,"name":"Tomislav Ha\u010dko &#8211; Tihi \u010duvari hrvatskih autocesta"}]},{"@type":"WebSite","@id":"https:\/\/aem.hr\/#website","url":"https:\/\/aem.hr\/","name":"Agencija za elektroni\u010dke medije","description":"","potentialAction":[{"@type":"SearchAction","target":{"@type":"EntryPoint","urlTemplate":"https:\/\/aem.hr\/?s={search_term_string}"},"query-input":{"@type":"PropertyValueSpecification","valueRequired":true,"valueName":"search_term_string"}}],"inLanguage":"en-US"}]}},"coauthors":[],"author_meta":{"author_link":"https:\/\/aem.hr\/en\/blog\/author\/mkirac\/","display_name":"Matko Kirac"},"relative_dates":{"created":"Posted 1 year ago","modified":"Updated 1 year ago"},"absolute_dates":{"created":"Posted on 6. February 2025.","modified":"Updated on 6. February 2025."},"absolute_dates_time":{"created":"Posted on 6. February 2025. 13:32","modified":"Updated on 6. February 2025. 13:32"},"featured_img_caption":"","featured_img":false,"series_order":"","_links":{"self":[{"href":"https:\/\/aem.hr\/en\/wp-json\/wp\/v2\/pages\/19963","targetHints":{"allow":["GET"]}}],"collection":[{"href":"https:\/\/aem.hr\/en\/wp-json\/wp\/v2\/pages"}],"about":[{"href":"https:\/\/aem.hr\/en\/wp-json\/wp\/v2\/types\/page"}],"author":[{"embeddable":true,"href":"https:\/\/aem.hr\/en\/wp-json\/wp\/v2\/users\/18"}],"replies":[{"embeddable":true,"href":"https:\/\/aem.hr\/en\/wp-json\/wp\/v2\/comments?post=19963"}],"version-history":[{"count":1,"href":"https:\/\/aem.hr\/en\/wp-json\/wp\/v2\/pages\/19963\/revisions"}],"predecessor-version":[{"id":19979,"href":"https:\/\/aem.hr\/en\/wp-json\/wp\/v2\/pages\/19963\/revisions\/19979"}],"wp:attachment":[{"href":"https:\/\/aem.hr\/en\/wp-json\/wp\/v2\/media?parent=19963"}],"curies":[{"name":"wp","href":"https:\/\/api.w.org\/{rel}","templated":true}]}}