{"id":19981,"date":"2025-02-06T13:34:12","date_gmt":"2025-02-06T12:34:12","guid":{"rendered":"http:\/\/aem.hr\/?page_id=19981"},"modified":"2025-02-06T13:34:13","modified_gmt":"2025-02-06T12:34:13","slug":"natasa-skaricic-pandemija-i-demokracija-postoji-li-pravni-lijek-protiv-tajnosti-ugovora-s-proizvodacima-cjepiva","status":"publish","type":"page","link":"https:\/\/aem.hr\/en\/natasa-skaricic-pandemija-i-demokracija-postoji-li-pravni-lijek-protiv-tajnosti-ugovora-s-proizvodacima-cjepiva\/","title":{"rendered":"Nata\u0161a \u0160kari\u010di\u0107 &#8211; Pandemija i demokracija &#8211; postoji li pravni lijek protiv tajnosti ugovora s proizvo\u0111a\u010dima cjepiva?"},"content":{"rendered":"\n<div class=\"wp-block-file\"><a id=\"wp-block-file--media-37d6bcf4-17f3-4333-8b8d-df34a1ee9315\" href=\"https:\/\/aem.hr\/wp-content\/uploads\/2025\/02\/1.-Sud-EU_-Tajnost-ugovora-za-COVID.pdf\">1. Sud EU_ Tajnost ugovora za COVID<\/a><a href=\"https:\/\/aem.hr\/wp-content\/uploads\/2025\/02\/1.-Sud-EU_-Tajnost-ugovora-za-COVID.pdf\" class=\"wp-block-file__button wp-element-button\" download aria-describedby=\"wp-block-file--media-37d6bcf4-17f3-4333-8b8d-df34a1ee9315\">Preuzimanje<\/a><\/div>\n\n\n\n<div class=\"wp-block-file\"><a id=\"wp-block-file--media-8a22cbec-9af5-4073-b807-2bccc2d4f527\" href=\"https:\/\/aem.hr\/wp-content\/uploads\/2025\/02\/2.-Oportunizam-Opc\u0301eg-suda-EU.pdf\">2. Oportunizam Opc\u0301eg suda EU<\/a><a href=\"https:\/\/aem.hr\/wp-content\/uploads\/2025\/02\/2.-Oportunizam-Opc\u0301eg-suda-EU.pdf\" class=\"wp-block-file__button wp-element-button\" download aria-describedby=\"wp-block-file--media-8a22cbec-9af5-4073-b807-2bccc2d4f527\">Preuzimanje<\/a><\/div>\n\n\n\n<div class=\"wp-block-file\"><a id=\"wp-block-file--media-0b753008-960e-44a3-a6c8-2002b855e438\" href=\"https:\/\/aem.hr\/wp-content\/uploads\/2025\/02\/3.-Cijepljenje-demokracije.pdf\">3. Cijepljenje demokracije<\/a><a href=\"https:\/\/aem.hr\/wp-content\/uploads\/2025\/02\/3.-Cijepljenje-demokracije.pdf\" class=\"wp-block-file__button wp-element-button\" download aria-describedby=\"wp-block-file--media-0b753008-960e-44a3-a6c8-2002b855e438\">Preuzimanje<\/a><\/div>\n\n\n\n<div class=\"wp-block-file\"><a id=\"wp-block-file--media-e95736ee-31e4-42c2-ac31-bec73915dfac\" href=\"https:\/\/aem.hr\/wp-content\/uploads\/2025\/02\/4.-Do-2026.-godine-kupit-c\u0301emo-jos\u030c-770-hiljada.pdf\">4. Do 2026. godine kupit c\u0301emo jos\u030c 770 hiljada<\/a><a href=\"https:\/\/aem.hr\/wp-content\/uploads\/2025\/02\/4.-Do-2026.-godine-kupit-c\u0301emo-jos\u030c-770-hiljada.pdf\" class=\"wp-block-file__button wp-element-button\" download aria-describedby=\"wp-block-file--media-e95736ee-31e4-42c2-ac31-bec73915dfac\">Preuzimanje<\/a><\/div>\n\n\n\n<div class=\"wp-block-file\"><a id=\"wp-block-file--media-8975e449-256b-4048-8b2f-5038fc300243\" href=\"https:\/\/aem.hr\/wp-content\/uploads\/2025\/02\/5.-Cjepiva-u-mraku.pdf\">5. Cjepiva u mraku<\/a><a href=\"https:\/\/aem.hr\/wp-content\/uploads\/2025\/02\/5.-Cjepiva-u-mraku.pdf\" class=\"wp-block-file__button wp-element-button\" download aria-describedby=\"wp-block-file--media-8975e449-256b-4048-8b2f-5038fc300243\">Preuzimanje<\/a><\/div>\n","protected":false},"excerpt":{"rendered":"","protected":false},"author":18,"featured_media":0,"parent":0,"menu_order":0,"comment_status":"closed","ping_status":"closed","template":"","meta":{"_acf_changed":false,"inline_featured_image":false,"advgb_blocks_editor_width":"","advgb_blocks_columns_visual_guide":"","_links_to":"","_links_to_type":0,"footnotes":""},"class_list":["post-19981","page","type-page","status-publish","hentry"],"acf":[],"yoast_head":"<!-- This site is optimized with the Yoast SEO plugin v25.7 - https:\/\/yoast.com\/wordpress\/plugins\/seo\/ -->\n<title>Nata\u0161a \u0160kari\u010di\u0107 - Pandemija i demokracija - postoji li pravni lijek protiv tajnosti ugovora s proizvo\u0111a\u010dima cjepiva? - Agencija za elektroni\u010dke medije<\/title>\n<meta name=\"robots\" content=\"index, follow, max-snippet:-1, max-image-preview:large, max-video-preview:-1\" \/>\n<link rel=\"canonical\" href=\"https:\/\/aem.hr\/natasa-skaricic-pandemija-i-demokracija-postoji-li-pravni-lijek-protiv-tajnosti-ugovora-s-proizvodacima-cjepiva\/\" \/>\n<meta property=\"og:locale\" content=\"en_US\" \/>\n<meta property=\"og:type\" content=\"article\" \/>\n<meta property=\"og:title\" content=\"Nata\u0161a \u0160kari\u010di\u0107 - Pandemija i demokracija - postoji li pravni lijek protiv tajnosti ugovora s proizvo\u0111a\u010dima cjepiva? - Agencija za elektroni\u010dke medije\" \/>\n<meta property=\"og:url\" content=\"https:\/\/aem.hr\/natasa-skaricic-pandemija-i-demokracija-postoji-li-pravni-lijek-protiv-tajnosti-ugovora-s-proizvodacima-cjepiva\/\" \/>\n<meta property=\"og:site_name\" content=\"Agencija za elektroni\u010dke medije\" \/>\n<meta property=\"article:modified_time\" content=\"2025-02-06T12:34:13+00:00\" \/>\n<meta name=\"twitter:card\" content=\"summary_large_image\" \/>\n<meta name=\"twitter:label1\" content=\"Est. reading time\" \/>\n\t<meta name=\"twitter:data1\" content=\"1 minute\" \/>\n<script type=\"application\/ld+json\" class=\"yoast-schema-graph\">{\"@context\":\"https:\/\/schema.org\",\"@graph\":[{\"@type\":\"WebPage\",\"@id\":\"https:\/\/aem.hr\/natasa-skaricic-pandemija-i-demokracija-postoji-li-pravni-lijek-protiv-tajnosti-ugovora-s-proizvodacima-cjepiva\/\",\"url\":\"https:\/\/aem.hr\/natasa-skaricic-pandemija-i-demokracija-postoji-li-pravni-lijek-protiv-tajnosti-ugovora-s-proizvodacima-cjepiva\/\",\"name\":\"Nata\u0161a \u0160kari\u010di\u0107 - Pandemija i demokracija - postoji li pravni lijek protiv tajnosti ugovora s proizvo\u0111a\u010dima cjepiva? - Agencija za elektroni\u010dke medije\",\"isPartOf\":{\"@id\":\"https:\/\/aem.hr\/#website\"},\"datePublished\":\"2025-02-06T12:34:12+00:00\",\"dateModified\":\"2025-02-06T12:34:13+00:00\",\"breadcrumb\":{\"@id\":\"https:\/\/aem.hr\/natasa-skaricic-pandemija-i-demokracija-postoji-li-pravni-lijek-protiv-tajnosti-ugovora-s-proizvodacima-cjepiva\/#breadcrumb\"},\"inLanguage\":\"en-US\",\"potentialAction\":[{\"@type\":\"ReadAction\",\"target\":[\"https:\/\/aem.hr\/natasa-skaricic-pandemija-i-demokracija-postoji-li-pravni-lijek-protiv-tajnosti-ugovora-s-proizvodacima-cjepiva\/\"]}]},{\"@type\":\"BreadcrumbList\",\"@id\":\"https:\/\/aem.hr\/natasa-skaricic-pandemija-i-demokracija-postoji-li-pravni-lijek-protiv-tajnosti-ugovora-s-proizvodacima-cjepiva\/#breadcrumb\",\"itemListElement\":[{\"@type\":\"ListItem\",\"position\":1,\"name\":\"Po\u010detna stranica\",\"item\":\"https:\/\/aem.hr\/\"},{\"@type\":\"ListItem\",\"position\":2,\"name\":\"Nata\u0161a \u0160kari\u010di\u0107 &#8211; Pandemija i demokracija &#8211; postoji li pravni lijek protiv tajnosti ugovora s proizvo\u0111a\u010dima cjepiva?\"}]},{\"@type\":\"WebSite\",\"@id\":\"https:\/\/aem.hr\/#website\",\"url\":\"https:\/\/aem.hr\/\",\"name\":\"Agencija za elektroni\u010dke medije\",\"description\":\"\",\"potentialAction\":[{\"@type\":\"SearchAction\",\"target\":{\"@type\":\"EntryPoint\",\"urlTemplate\":\"https:\/\/aem.hr\/?s={search_term_string}\"},\"query-input\":{\"@type\":\"PropertyValueSpecification\",\"valueRequired\":true,\"valueName\":\"search_term_string\"}}],\"inLanguage\":\"en-US\"}]}<\/script>\n<!-- \/ Yoast SEO plugin. -->","yoast_head_json":{"title":"Nata\u0161a \u0160kari\u010di\u0107 - Pandemija i demokracija - postoji li pravni lijek protiv tajnosti ugovora s proizvo\u0111a\u010dima cjepiva? - Agencija za elektroni\u010dke medije","robots":{"index":"index","follow":"follow","max-snippet":"max-snippet:-1","max-image-preview":"max-image-preview:large","max-video-preview":"max-video-preview:-1"},"canonical":"https:\/\/aem.hr\/natasa-skaricic-pandemija-i-demokracija-postoji-li-pravni-lijek-protiv-tajnosti-ugovora-s-proizvodacima-cjepiva\/","og_locale":"en_US","og_type":"article","og_title":"Nata\u0161a \u0160kari\u010di\u0107 - Pandemija i demokracija - postoji li pravni lijek protiv tajnosti ugovora s proizvo\u0111a\u010dima cjepiva? - Agencija za elektroni\u010dke medije","og_url":"https:\/\/aem.hr\/natasa-skaricic-pandemija-i-demokracija-postoji-li-pravni-lijek-protiv-tajnosti-ugovora-s-proizvodacima-cjepiva\/","og_site_name":"Agencija za elektroni\u010dke medije","article_modified_time":"2025-02-06T12:34:13+00:00","twitter_card":"summary_large_image","twitter_misc":{"Est. reading time":"1 minute"},"schema":{"@context":"https:\/\/schema.org","@graph":[{"@type":"WebPage","@id":"https:\/\/aem.hr\/natasa-skaricic-pandemija-i-demokracija-postoji-li-pravni-lijek-protiv-tajnosti-ugovora-s-proizvodacima-cjepiva\/","url":"https:\/\/aem.hr\/natasa-skaricic-pandemija-i-demokracija-postoji-li-pravni-lijek-protiv-tajnosti-ugovora-s-proizvodacima-cjepiva\/","name":"Nata\u0161a \u0160kari\u010di\u0107 - Pandemija i demokracija - postoji li pravni lijek protiv tajnosti ugovora s proizvo\u0111a\u010dima cjepiva? - Agencija za elektroni\u010dke medije","isPartOf":{"@id":"https:\/\/aem.hr\/#website"},"datePublished":"2025-02-06T12:34:12+00:00","dateModified":"2025-02-06T12:34:13+00:00","breadcrumb":{"@id":"https:\/\/aem.hr\/natasa-skaricic-pandemija-i-demokracija-postoji-li-pravni-lijek-protiv-tajnosti-ugovora-s-proizvodacima-cjepiva\/#breadcrumb"},"inLanguage":"en-US","potentialAction":[{"@type":"ReadAction","target":["https:\/\/aem.hr\/natasa-skaricic-pandemija-i-demokracija-postoji-li-pravni-lijek-protiv-tajnosti-ugovora-s-proizvodacima-cjepiva\/"]}]},{"@type":"BreadcrumbList","@id":"https:\/\/aem.hr\/natasa-skaricic-pandemija-i-demokracija-postoji-li-pravni-lijek-protiv-tajnosti-ugovora-s-proizvodacima-cjepiva\/#breadcrumb","itemListElement":[{"@type":"ListItem","position":1,"name":"Po\u010detna stranica","item":"https:\/\/aem.hr\/"},{"@type":"ListItem","position":2,"name":"Nata\u0161a \u0160kari\u010di\u0107 &#8211; Pandemija i demokracija &#8211; postoji li pravni lijek protiv tajnosti ugovora s proizvo\u0111a\u010dima cjepiva?"}]},{"@type":"WebSite","@id":"https:\/\/aem.hr\/#website","url":"https:\/\/aem.hr\/","name":"Agencija za elektroni\u010dke medije","description":"","potentialAction":[{"@type":"SearchAction","target":{"@type":"EntryPoint","urlTemplate":"https:\/\/aem.hr\/?s={search_term_string}"},"query-input":{"@type":"PropertyValueSpecification","valueRequired":true,"valueName":"search_term_string"}}],"inLanguage":"en-US"}]}},"coauthors":[],"author_meta":{"author_link":"https:\/\/aem.hr\/en\/blog\/author\/mkirac\/","display_name":"Matko Kirac"},"relative_dates":{"created":"Posted 1 year ago","modified":"Updated 1 year ago"},"absolute_dates":{"created":"Posted on 6. February 2025.","modified":"Updated on 6. February 2025."},"absolute_dates_time":{"created":"Posted on 6. February 2025. 13:34","modified":"Updated on 6. February 2025. 13:34"},"featured_img_caption":"","featured_img":false,"series_order":"","_links":{"self":[{"href":"https:\/\/aem.hr\/en\/wp-json\/wp\/v2\/pages\/19981","targetHints":{"allow":["GET"]}}],"collection":[{"href":"https:\/\/aem.hr\/en\/wp-json\/wp\/v2\/pages"}],"about":[{"href":"https:\/\/aem.hr\/en\/wp-json\/wp\/v2\/types\/page"}],"author":[{"embeddable":true,"href":"https:\/\/aem.hr\/en\/wp-json\/wp\/v2\/users\/18"}],"replies":[{"embeddable":true,"href":"https:\/\/aem.hr\/en\/wp-json\/wp\/v2\/comments?post=19981"}],"version-history":[{"count":1,"href":"https:\/\/aem.hr\/en\/wp-json\/wp\/v2\/pages\/19981\/revisions"}],"predecessor-version":[{"id":19990,"href":"https:\/\/aem.hr\/en\/wp-json\/wp\/v2\/pages\/19981\/revisions\/19990"}],"wp:attachment":[{"href":"https:\/\/aem.hr\/en\/wp-json\/wp\/v2\/media?parent=19981"}],"curies":[{"name":"wp","href":"https:\/\/api.w.org\/{rel}","templated":true}]}}