{"id":20006,"date":"2025-02-06T13:36:30","date_gmt":"2025-02-06T12:36:30","guid":{"rendered":"http:\/\/aem.hr\/?page_id=20006"},"modified":"2025-02-06T13:36:31","modified_gmt":"2025-02-06T12:36:31","slug":"goranka-jelincic-stigmatizacija-ranjivih-skupina","status":"publish","type":"page","link":"https:\/\/aem.hr\/en\/goranka-jelincic-stigmatizacija-ranjivih-skupina\/","title":{"rendered":"Goranka Jelin\u010di\u0107 &#8211; Stigmatizacija ranjivih skupina"},"content":{"rendered":"\n<div class=\"wp-block-file\"><a id=\"wp-block-file--media-8fad7deb-f924-4a54-a4f6-5e34dcdfdf25\" href=\"https:\/\/aem.hr\/wp-content\/uploads\/2025\/02\/1.-Stigma-cak-i-nenamjerna.pdf\">1. Stigma &#8211; \u010dak i nenamjerna<\/a><a href=\"https:\/\/aem.hr\/wp-content\/uploads\/2025\/02\/1.-Stigma-cak-i-nenamjerna.pdf\" class=\"wp-block-file__button wp-element-button\" download aria-describedby=\"wp-block-file--media-8fad7deb-f924-4a54-a4f6-5e34dcdfdf25\">Preuzimanje<\/a><\/div>\n\n\n\n<div class=\"wp-block-file\"><a id=\"wp-block-file--media-e26b291f-4ad1-43bf-8628-f4c55df2ba33\" href=\"https:\/\/aem.hr\/wp-content\/uploads\/2025\/02\/2.-Pretilost-patnja-u-tisini.pdf\">2. Pretilost &#8211; patnja u ti\u0161ini<\/a><a href=\"https:\/\/aem.hr\/wp-content\/uploads\/2025\/02\/2.-Pretilost-patnja-u-tisini.pdf\" class=\"wp-block-file__button wp-element-button\" download aria-describedby=\"wp-block-file--media-e26b291f-4ad1-43bf-8628-f4c55df2ba33\">Preuzimanje<\/a><\/div>\n\n\n\n<div class=\"wp-block-file\"><a id=\"wp-block-file--media-0725c6a8-997e-43a4-8c77-5fbdb145dd35\" href=\"https:\/\/aem.hr\/wp-content\/uploads\/2025\/02\/3.-Uskracivanje-prava-na.pdf\">3. Uskra\u0107ivanje prava na<\/a><a href=\"https:\/\/aem.hr\/wp-content\/uploads\/2025\/02\/3.-Uskracivanje-prava-na.pdf\" class=\"wp-block-file__button wp-element-button\" download aria-describedby=\"wp-block-file--media-0725c6a8-997e-43a4-8c77-5fbdb145dd35\">Preuzimanje<\/a><\/div>\n\n\n\n<div class=\"wp-block-file\"><a id=\"wp-block-file--media-515b9d90-9c72-4885-898c-95af5bc44697\" href=\"https:\/\/aem.hr\/wp-content\/uploads\/2025\/02\/4.-HIV-nije-smrtna-kazna.pdf\">4. HIV nije smrtna kazna<\/a><a href=\"https:\/\/aem.hr\/wp-content\/uploads\/2025\/02\/4.-HIV-nije-smrtna-kazna.pdf\" class=\"wp-block-file__button wp-element-button\" download aria-describedby=\"wp-block-file--media-515b9d90-9c72-4885-898c-95af5bc44697\">Preuzimanje<\/a><\/div>\n\n\n\n<div class=\"wp-block-file\"><a id=\"wp-block-file--media-9fc6e02b-328d-49da-b321-ee5ab0f7bf6b\" href=\"https:\/\/aem.hr\/wp-content\/uploads\/2025\/02\/5.-I-ja-sam-jednako-covjek.pdf\">5. I ja sam jednako \u010dovjek<\/a><a href=\"https:\/\/aem.hr\/wp-content\/uploads\/2025\/02\/5.-I-ja-sam-jednako-covjek.pdf\" class=\"wp-block-file__button wp-element-button\" download aria-describedby=\"wp-block-file--media-9fc6e02b-328d-49da-b321-ee5ab0f7bf6b\">Preuzimanje<\/a><\/div>\n","protected":false},"excerpt":{"rendered":"","protected":false},"author":18,"featured_media":0,"parent":0,"menu_order":0,"comment_status":"closed","ping_status":"closed","template":"","meta":{"_acf_changed":false,"inline_featured_image":false,"advgb_blocks_editor_width":"","advgb_blocks_columns_visual_guide":"","_links_to":"","_links_to_type":0,"footnotes":""},"class_list":["post-20006","page","type-page","status-publish","hentry"],"acf":[],"yoast_head":"<!-- This site is optimized with the Yoast SEO plugin v25.7 - https:\/\/yoast.com\/wordpress\/plugins\/seo\/ -->\n<title>Goranka Jelin\u010di\u0107 - Stigmatizacija ranjivih skupina - Agencija za elektroni\u010dke medije<\/title>\n<meta name=\"robots\" content=\"index, follow, max-snippet:-1, max-image-preview:large, max-video-preview:-1\" \/>\n<link rel=\"canonical\" href=\"https:\/\/aem.hr\/goranka-jelincic-stigmatizacija-ranjivih-skupina\/\" \/>\n<meta property=\"og:locale\" content=\"en_US\" \/>\n<meta property=\"og:type\" content=\"article\" \/>\n<meta property=\"og:title\" content=\"Goranka Jelin\u010di\u0107 - Stigmatizacija ranjivih skupina - Agencija za elektroni\u010dke medije\" \/>\n<meta property=\"og:url\" content=\"https:\/\/aem.hr\/goranka-jelincic-stigmatizacija-ranjivih-skupina\/\" \/>\n<meta property=\"og:site_name\" content=\"Agencija za elektroni\u010dke medije\" \/>\n<meta property=\"article:modified_time\" content=\"2025-02-06T12:36:31+00:00\" \/>\n<meta name=\"twitter:card\" content=\"summary_large_image\" \/>\n<meta name=\"twitter:label1\" content=\"Est. reading time\" \/>\n\t<meta name=\"twitter:data1\" content=\"1 minute\" \/>\n<script type=\"application\/ld+json\" class=\"yoast-schema-graph\">{\"@context\":\"https:\/\/schema.org\",\"@graph\":[{\"@type\":\"WebPage\",\"@id\":\"https:\/\/aem.hr\/goranka-jelincic-stigmatizacija-ranjivih-skupina\/\",\"url\":\"https:\/\/aem.hr\/goranka-jelincic-stigmatizacija-ranjivih-skupina\/\",\"name\":\"Goranka Jelin\u010di\u0107 - Stigmatizacija ranjivih skupina - Agencija za elektroni\u010dke medije\",\"isPartOf\":{\"@id\":\"https:\/\/aem.hr\/#website\"},\"datePublished\":\"2025-02-06T12:36:30+00:00\",\"dateModified\":\"2025-02-06T12:36:31+00:00\",\"breadcrumb\":{\"@id\":\"https:\/\/aem.hr\/goranka-jelincic-stigmatizacija-ranjivih-skupina\/#breadcrumb\"},\"inLanguage\":\"en-US\",\"potentialAction\":[{\"@type\":\"ReadAction\",\"target\":[\"https:\/\/aem.hr\/goranka-jelincic-stigmatizacija-ranjivih-skupina\/\"]}]},{\"@type\":\"BreadcrumbList\",\"@id\":\"https:\/\/aem.hr\/goranka-jelincic-stigmatizacija-ranjivih-skupina\/#breadcrumb\",\"itemListElement\":[{\"@type\":\"ListItem\",\"position\":1,\"name\":\"Po\u010detna stranica\",\"item\":\"https:\/\/aem.hr\/\"},{\"@type\":\"ListItem\",\"position\":2,\"name\":\"Goranka Jelin\u010di\u0107 &#8211; Stigmatizacija ranjivih skupina\"}]},{\"@type\":\"WebSite\",\"@id\":\"https:\/\/aem.hr\/#website\",\"url\":\"https:\/\/aem.hr\/\",\"name\":\"Agencija za elektroni\u010dke medije\",\"description\":\"\",\"potentialAction\":[{\"@type\":\"SearchAction\",\"target\":{\"@type\":\"EntryPoint\",\"urlTemplate\":\"https:\/\/aem.hr\/?s={search_term_string}\"},\"query-input\":{\"@type\":\"PropertyValueSpecification\",\"valueRequired\":true,\"valueName\":\"search_term_string\"}}],\"inLanguage\":\"en-US\"}]}<\/script>\n<!-- \/ Yoast SEO plugin. -->","yoast_head_json":{"title":"Goranka Jelin\u010di\u0107 - Stigmatizacija ranjivih skupina - Agencija za elektroni\u010dke medije","robots":{"index":"index","follow":"follow","max-snippet":"max-snippet:-1","max-image-preview":"max-image-preview:large","max-video-preview":"max-video-preview:-1"},"canonical":"https:\/\/aem.hr\/goranka-jelincic-stigmatizacija-ranjivih-skupina\/","og_locale":"en_US","og_type":"article","og_title":"Goranka Jelin\u010di\u0107 - Stigmatizacija ranjivih skupina - Agencija za elektroni\u010dke medije","og_url":"https:\/\/aem.hr\/goranka-jelincic-stigmatizacija-ranjivih-skupina\/","og_site_name":"Agencija za elektroni\u010dke medije","article_modified_time":"2025-02-06T12:36:31+00:00","twitter_card":"summary_large_image","twitter_misc":{"Est. reading time":"1 minute"},"schema":{"@context":"https:\/\/schema.org","@graph":[{"@type":"WebPage","@id":"https:\/\/aem.hr\/goranka-jelincic-stigmatizacija-ranjivih-skupina\/","url":"https:\/\/aem.hr\/goranka-jelincic-stigmatizacija-ranjivih-skupina\/","name":"Goranka Jelin\u010di\u0107 - Stigmatizacija ranjivih skupina - Agencija za elektroni\u010dke medije","isPartOf":{"@id":"https:\/\/aem.hr\/#website"},"datePublished":"2025-02-06T12:36:30+00:00","dateModified":"2025-02-06T12:36:31+00:00","breadcrumb":{"@id":"https:\/\/aem.hr\/goranka-jelincic-stigmatizacija-ranjivih-skupina\/#breadcrumb"},"inLanguage":"en-US","potentialAction":[{"@type":"ReadAction","target":["https:\/\/aem.hr\/goranka-jelincic-stigmatizacija-ranjivih-skupina\/"]}]},{"@type":"BreadcrumbList","@id":"https:\/\/aem.hr\/goranka-jelincic-stigmatizacija-ranjivih-skupina\/#breadcrumb","itemListElement":[{"@type":"ListItem","position":1,"name":"Po\u010detna stranica","item":"https:\/\/aem.hr\/"},{"@type":"ListItem","position":2,"name":"Goranka Jelin\u010di\u0107 &#8211; Stigmatizacija ranjivih skupina"}]},{"@type":"WebSite","@id":"https:\/\/aem.hr\/#website","url":"https:\/\/aem.hr\/","name":"Agencija za elektroni\u010dke medije","description":"","potentialAction":[{"@type":"SearchAction","target":{"@type":"EntryPoint","urlTemplate":"https:\/\/aem.hr\/?s={search_term_string}"},"query-input":{"@type":"PropertyValueSpecification","valueRequired":true,"valueName":"search_term_string"}}],"inLanguage":"en-US"}]}},"coauthors":[],"author_meta":{"author_link":"https:\/\/aem.hr\/en\/blog\/author\/mkirac\/","display_name":"Matko Kirac"},"relative_dates":{"created":"Posted 1 year ago","modified":"Updated 1 year ago"},"absolute_dates":{"created":"Posted on 6. February 2025.","modified":"Updated on 6. February 2025."},"absolute_dates_time":{"created":"Posted on 6. February 2025. 13:36","modified":"Updated on 6. February 2025. 13:36"},"featured_img_caption":"","featured_img":false,"series_order":"","_links":{"self":[{"href":"https:\/\/aem.hr\/en\/wp-json\/wp\/v2\/pages\/20006","targetHints":{"allow":["GET"]}}],"collection":[{"href":"https:\/\/aem.hr\/en\/wp-json\/wp\/v2\/pages"}],"about":[{"href":"https:\/\/aem.hr\/en\/wp-json\/wp\/v2\/types\/page"}],"author":[{"embeddable":true,"href":"https:\/\/aem.hr\/en\/wp-json\/wp\/v2\/users\/18"}],"replies":[{"embeddable":true,"href":"https:\/\/aem.hr\/en\/wp-json\/wp\/v2\/comments?post=20006"}],"version-history":[{"count":1,"href":"https:\/\/aem.hr\/en\/wp-json\/wp\/v2\/pages\/20006\/revisions"}],"predecessor-version":[{"id":20017,"href":"https:\/\/aem.hr\/en\/wp-json\/wp\/v2\/pages\/20006\/revisions\/20017"}],"wp:attachment":[{"href":"https:\/\/aem.hr\/en\/wp-json\/wp\/v2\/media?parent=20006"}],"curies":[{"name":"wp","href":"https:\/\/api.w.org\/{rel}","templated":true}]}}