{"id":20019,"date":"2025-02-06T13:52:26","date_gmt":"2025-02-06T12:52:26","guid":{"rendered":"http:\/\/aem.hr\/?page_id=20019"},"modified":"2025-02-06T13:52:27","modified_gmt":"2025-02-06T12:52:27","slug":"zvonko-pavic-radnicka-prava-u-doba-primjene-tehnologija-za-upravljanje-zaposlenicima-pogled-iz-hrvatske","status":"publish","type":"page","link":"https:\/\/aem.hr\/en\/zvonko-pavic-radnicka-prava-u-doba-primjene-tehnologija-za-upravljanje-zaposlenicima-pogled-iz-hrvatske\/","title":{"rendered":"Zvonko Pavi\u0107 &#8211; radni\u010dka prava u doba primjene tehnologija za upravljanje zaposlenicima &#8211; pogled iz Hrvatske"},"content":{"rendered":"\n<div class=\"wp-block-file\"><a id=\"wp-block-file--media-938be5f1-ea4c-410a-87d0-75a45b1bef67\" href=\"https:\/\/aem.hr\/wp-content\/uploads\/2025\/02\/1.-Povijest-i-utjecaj-algoritama-na-ljudsku-kulturu.pdf\">1. Povijest i utjecaj algoritama na ljudsku kulturu<\/a><a href=\"https:\/\/aem.hr\/wp-content\/uploads\/2025\/02\/1.-Povijest-i-utjecaj-algoritama-na-ljudsku-kulturu.pdf\" class=\"wp-block-file__button wp-element-button\" download aria-describedby=\"wp-block-file--media-938be5f1-ea4c-410a-87d0-75a45b1bef67\">Preuzimanje<\/a><\/div>\n\n\n\n<div class=\"wp-block-file\"><a id=\"wp-block-file--media-9399a389-c483-4747-8272-3a5be9289bc9\" href=\"https:\/\/aem.hr\/wp-content\/uploads\/2025\/02\/2.-Sve-je-sirovina-Kako-je-tehnologija.pdf\">2. Sve je sirovina Kako je tehnologija<\/a><a href=\"https:\/\/aem.hr\/wp-content\/uploads\/2025\/02\/2.-Sve-je-sirovina-Kako-je-tehnologija.pdf\" class=\"wp-block-file__button wp-element-button\" download aria-describedby=\"wp-block-file--media-9399a389-c483-4747-8272-3a5be9289bc9\">Preuzimanje<\/a><\/div>\n\n\n\n<div class=\"wp-block-file\"><a id=\"wp-block-file--media-36498f1a-fc7b-4311-bc03-930f4b92755e\" href=\"https:\/\/aem.hr\/wp-content\/uploads\/2025\/02\/3.-Sto-je-radnik-nakon-sto-ga-softveriziramo.pdf\">3. \u0160to je radnik nakon \u0161to ga softveriziramo<\/a><a href=\"https:\/\/aem.hr\/wp-content\/uploads\/2025\/02\/3.-Sto-je-radnik-nakon-sto-ga-softveriziramo.pdf\" class=\"wp-block-file__button wp-element-button\" download aria-describedby=\"wp-block-file--media-36498f1a-fc7b-4311-bc03-930f4b92755e\">Preuzimanje<\/a><\/div>\n\n\n\n<div class=\"wp-block-file\"><a id=\"wp-block-file--media-399b6807-1de5-4489-895c-943ce0e1b7b5\" href=\"https:\/\/aem.hr\/wp-content\/uploads\/2025\/02\/4.-Ustajte-vi-algoritamsko-roblje.pdf\">4. Ustajte vi algoritamsko roblje<\/a><a href=\"https:\/\/aem.hr\/wp-content\/uploads\/2025\/02\/4.-Ustajte-vi-algoritamsko-roblje.pdf\" class=\"wp-block-file__button wp-element-button\" download aria-describedby=\"wp-block-file--media-399b6807-1de5-4489-895c-943ce0e1b7b5\">Preuzimanje<\/a><\/div>\n\n\n\n<div class=\"wp-block-file\"><a id=\"wp-block-file--media-9b910771-8aac-4325-8ee1-3320cc6ae4d4\" href=\"https:\/\/aem.hr\/wp-content\/uploads\/2025\/02\/5.-Kakva-je-buducnost.pdf\">5. Kakva je budu\u0107nost<\/a><a href=\"https:\/\/aem.hr\/wp-content\/uploads\/2025\/02\/5.-Kakva-je-buducnost.pdf\" class=\"wp-block-file__button wp-element-button\" download aria-describedby=\"wp-block-file--media-9b910771-8aac-4325-8ee1-3320cc6ae4d4\">Preuzimanje<\/a><\/div>\n","protected":false},"excerpt":{"rendered":"","protected":false},"author":18,"featured_media":0,"parent":0,"menu_order":0,"comment_status":"closed","ping_status":"closed","template":"","meta":{"_acf_changed":false,"inline_featured_image":false,"advgb_blocks_editor_width":"","advgb_blocks_columns_visual_guide":"","_links_to":"","_links_to_type":0,"footnotes":""},"class_list":["post-20019","page","type-page","status-publish","hentry"],"acf":[],"yoast_head":"<!-- This site is optimized with the Yoast SEO plugin v25.7 - https:\/\/yoast.com\/wordpress\/plugins\/seo\/ -->\n<title>Zvonko Pavi\u0107 - radni\u010dka prava u doba primjene tehnologija za upravljanje zaposlenicima - pogled iz Hrvatske - Agencija za elektroni\u010dke medije<\/title>\n<meta name=\"robots\" content=\"index, follow, max-snippet:-1, max-image-preview:large, max-video-preview:-1\" \/>\n<link rel=\"canonical\" href=\"https:\/\/aem.hr\/zvonko-pavic-radnicka-prava-u-doba-primjene-tehnologija-za-upravljanje-zaposlenicima-pogled-iz-hrvatske\/\" \/>\n<meta property=\"og:locale\" content=\"en_US\" \/>\n<meta property=\"og:type\" content=\"article\" \/>\n<meta property=\"og:title\" content=\"Zvonko Pavi\u0107 - radni\u010dka prava u doba primjene tehnologija za upravljanje zaposlenicima - pogled iz Hrvatske - Agencija za elektroni\u010dke medije\" \/>\n<meta property=\"og:url\" content=\"https:\/\/aem.hr\/zvonko-pavic-radnicka-prava-u-doba-primjene-tehnologija-za-upravljanje-zaposlenicima-pogled-iz-hrvatske\/\" \/>\n<meta property=\"og:site_name\" content=\"Agencija za elektroni\u010dke medije\" \/>\n<meta property=\"article:modified_time\" content=\"2025-02-06T12:52:27+00:00\" \/>\n<meta name=\"twitter:card\" content=\"summary_large_image\" \/>\n<meta name=\"twitter:label1\" content=\"Est. reading time\" \/>\n\t<meta name=\"twitter:data1\" content=\"1 minute\" \/>\n<script type=\"application\/ld+json\" class=\"yoast-schema-graph\">{\"@context\":\"https:\/\/schema.org\",\"@graph\":[{\"@type\":\"WebPage\",\"@id\":\"https:\/\/aem.hr\/zvonko-pavic-radnicka-prava-u-doba-primjene-tehnologija-za-upravljanje-zaposlenicima-pogled-iz-hrvatske\/\",\"url\":\"https:\/\/aem.hr\/zvonko-pavic-radnicka-prava-u-doba-primjene-tehnologija-za-upravljanje-zaposlenicima-pogled-iz-hrvatske\/\",\"name\":\"Zvonko Pavi\u0107 - radni\u010dka prava u doba primjene tehnologija za upravljanje zaposlenicima - pogled iz Hrvatske - Agencija za elektroni\u010dke medije\",\"isPartOf\":{\"@id\":\"https:\/\/aem.hr\/#website\"},\"datePublished\":\"2025-02-06T12:52:26+00:00\",\"dateModified\":\"2025-02-06T12:52:27+00:00\",\"breadcrumb\":{\"@id\":\"https:\/\/aem.hr\/zvonko-pavic-radnicka-prava-u-doba-primjene-tehnologija-za-upravljanje-zaposlenicima-pogled-iz-hrvatske\/#breadcrumb\"},\"inLanguage\":\"en-US\",\"potentialAction\":[{\"@type\":\"ReadAction\",\"target\":[\"https:\/\/aem.hr\/zvonko-pavic-radnicka-prava-u-doba-primjene-tehnologija-za-upravljanje-zaposlenicima-pogled-iz-hrvatske\/\"]}]},{\"@type\":\"BreadcrumbList\",\"@id\":\"https:\/\/aem.hr\/zvonko-pavic-radnicka-prava-u-doba-primjene-tehnologija-za-upravljanje-zaposlenicima-pogled-iz-hrvatske\/#breadcrumb\",\"itemListElement\":[{\"@type\":\"ListItem\",\"position\":1,\"name\":\"Po\u010detna stranica\",\"item\":\"https:\/\/aem.hr\/\"},{\"@type\":\"ListItem\",\"position\":2,\"name\":\"Zvonko Pavi\u0107 &#8211; radni\u010dka prava u doba primjene tehnologija za upravljanje zaposlenicima &#8211; pogled iz Hrvatske\"}]},{\"@type\":\"WebSite\",\"@id\":\"https:\/\/aem.hr\/#website\",\"url\":\"https:\/\/aem.hr\/\",\"name\":\"Agencija za elektroni\u010dke medije\",\"description\":\"\",\"potentialAction\":[{\"@type\":\"SearchAction\",\"target\":{\"@type\":\"EntryPoint\",\"urlTemplate\":\"https:\/\/aem.hr\/?s={search_term_string}\"},\"query-input\":{\"@type\":\"PropertyValueSpecification\",\"valueRequired\":true,\"valueName\":\"search_term_string\"}}],\"inLanguage\":\"en-US\"}]}<\/script>\n<!-- \/ Yoast SEO plugin. -->","yoast_head_json":{"title":"Zvonko Pavi\u0107 - radni\u010dka prava u doba primjene tehnologija za upravljanje zaposlenicima - pogled iz Hrvatske - Agencija za elektroni\u010dke medije","robots":{"index":"index","follow":"follow","max-snippet":"max-snippet:-1","max-image-preview":"max-image-preview:large","max-video-preview":"max-video-preview:-1"},"canonical":"https:\/\/aem.hr\/zvonko-pavic-radnicka-prava-u-doba-primjene-tehnologija-za-upravljanje-zaposlenicima-pogled-iz-hrvatske\/","og_locale":"en_US","og_type":"article","og_title":"Zvonko Pavi\u0107 - radni\u010dka prava u doba primjene tehnologija za upravljanje zaposlenicima - pogled iz Hrvatske - Agencija za elektroni\u010dke medije","og_url":"https:\/\/aem.hr\/zvonko-pavic-radnicka-prava-u-doba-primjene-tehnologija-za-upravljanje-zaposlenicima-pogled-iz-hrvatske\/","og_site_name":"Agencija za elektroni\u010dke medije","article_modified_time":"2025-02-06T12:52:27+00:00","twitter_card":"summary_large_image","twitter_misc":{"Est. reading time":"1 minute"},"schema":{"@context":"https:\/\/schema.org","@graph":[{"@type":"WebPage","@id":"https:\/\/aem.hr\/zvonko-pavic-radnicka-prava-u-doba-primjene-tehnologija-za-upravljanje-zaposlenicima-pogled-iz-hrvatske\/","url":"https:\/\/aem.hr\/zvonko-pavic-radnicka-prava-u-doba-primjene-tehnologija-za-upravljanje-zaposlenicima-pogled-iz-hrvatske\/","name":"Zvonko Pavi\u0107 - radni\u010dka prava u doba primjene tehnologija za upravljanje zaposlenicima - pogled iz Hrvatske - Agencija za elektroni\u010dke medije","isPartOf":{"@id":"https:\/\/aem.hr\/#website"},"datePublished":"2025-02-06T12:52:26+00:00","dateModified":"2025-02-06T12:52:27+00:00","breadcrumb":{"@id":"https:\/\/aem.hr\/zvonko-pavic-radnicka-prava-u-doba-primjene-tehnologija-za-upravljanje-zaposlenicima-pogled-iz-hrvatske\/#breadcrumb"},"inLanguage":"en-US","potentialAction":[{"@type":"ReadAction","target":["https:\/\/aem.hr\/zvonko-pavic-radnicka-prava-u-doba-primjene-tehnologija-za-upravljanje-zaposlenicima-pogled-iz-hrvatske\/"]}]},{"@type":"BreadcrumbList","@id":"https:\/\/aem.hr\/zvonko-pavic-radnicka-prava-u-doba-primjene-tehnologija-za-upravljanje-zaposlenicima-pogled-iz-hrvatske\/#breadcrumb","itemListElement":[{"@type":"ListItem","position":1,"name":"Po\u010detna stranica","item":"https:\/\/aem.hr\/"},{"@type":"ListItem","position":2,"name":"Zvonko Pavi\u0107 &#8211; radni\u010dka prava u doba primjene tehnologija za upravljanje zaposlenicima &#8211; pogled iz Hrvatske"}]},{"@type":"WebSite","@id":"https:\/\/aem.hr\/#website","url":"https:\/\/aem.hr\/","name":"Agencija za elektroni\u010dke medije","description":"","potentialAction":[{"@type":"SearchAction","target":{"@type":"EntryPoint","urlTemplate":"https:\/\/aem.hr\/?s={search_term_string}"},"query-input":{"@type":"PropertyValueSpecification","valueRequired":true,"valueName":"search_term_string"}}],"inLanguage":"en-US"}]}},"coauthors":[],"author_meta":{"author_link":"https:\/\/aem.hr\/en\/blog\/author\/mkirac\/","display_name":"Matko Kirac"},"relative_dates":{"created":"Posted 1 year ago","modified":"Updated 1 year ago"},"absolute_dates":{"created":"Posted on 6. February 2025.","modified":"Updated on 6. February 2025."},"absolute_dates_time":{"created":"Posted on 6. February 2025. 13:52","modified":"Updated on 6. February 2025. 13:52"},"featured_img_caption":"","featured_img":false,"series_order":"","_links":{"self":[{"href":"https:\/\/aem.hr\/en\/wp-json\/wp\/v2\/pages\/20019","targetHints":{"allow":["GET"]}}],"collection":[{"href":"https:\/\/aem.hr\/en\/wp-json\/wp\/v2\/pages"}],"about":[{"href":"https:\/\/aem.hr\/en\/wp-json\/wp\/v2\/types\/page"}],"author":[{"embeddable":true,"href":"https:\/\/aem.hr\/en\/wp-json\/wp\/v2\/users\/18"}],"replies":[{"embeddable":true,"href":"https:\/\/aem.hr\/en\/wp-json\/wp\/v2\/comments?post=20019"}],"version-history":[{"count":1,"href":"https:\/\/aem.hr\/en\/wp-json\/wp\/v2\/pages\/20019\/revisions"}],"predecessor-version":[{"id":20029,"href":"https:\/\/aem.hr\/en\/wp-json\/wp\/v2\/pages\/20019\/revisions\/20029"}],"wp:attachment":[{"href":"https:\/\/aem.hr\/en\/wp-json\/wp\/v2\/media?parent=20019"}],"curies":[{"name":"wp","href":"https:\/\/api.w.org\/{rel}","templated":true}]}}