{"id":20054,"date":"2025-02-20T15:30:48","date_gmt":"2025-02-20T14:30:48","guid":{"rendered":"http:\/\/aem.hr\/?page_id=20054"},"modified":"2025-02-20T15:30:49","modified_gmt":"2025-02-20T14:30:49","slug":"ilko-culic-kako-smo-dobili-cajke-i-zasto-ih-se-nikad-necemo-rijesiti","status":"publish","type":"page","link":"https:\/\/aem.hr\/en\/ilko-culic-kako-smo-dobili-cajke-i-zasto-ih-se-nikad-necemo-rijesiti\/","title":{"rendered":"Ilko \u010culi\u0107 &#8211; Kako smo dobili cajke i za\u0161to ih se nikad ne\u0107emo rije\u0161iti"},"content":{"rendered":"\n<div class=\"wp-block-file\"><a id=\"wp-block-file--media-7da7dcd0-f553-416f-968b-da5be678ecda\" href=\"https:\/\/aem.hr\/wp-content\/uploads\/2025\/02\/1.-Kako-smo-dobili-cajke.pdf\">1. Kako smo dobili cajke<\/a><a href=\"https:\/\/aem.hr\/wp-content\/uploads\/2025\/02\/1.-Kako-smo-dobili-cajke.pdf\" class=\"wp-block-file__button wp-element-button\" download aria-describedby=\"wp-block-file--media-7da7dcd0-f553-416f-968b-da5be678ecda\">Preuzimanje<\/a><\/div>\n\n\n\n<div class=\"wp-block-file\"><a id=\"wp-block-file--media-40b41a9d-b781-49ac-9981-7377d0895d6b\" href=\"https:\/\/aem.hr\/wp-content\/uploads\/2025\/02\/2.-Sejo-voli-Hanku-i-Sabana.pdf\">2. Sejo voli Hanku i \u0160abana<\/a><a href=\"https:\/\/aem.hr\/wp-content\/uploads\/2025\/02\/2.-Sejo-voli-Hanku-i-Sabana.pdf\" class=\"wp-block-file__button wp-element-button\" download aria-describedby=\"wp-block-file--media-40b41a9d-b781-49ac-9981-7377d0895d6b\">Preuzimanje<\/a><\/div>\n\n\n\n<div class=\"wp-block-file\"><a id=\"wp-block-file--media-5e7c3836-5773-4cb8-b64a-c0ea06b36014\" href=\"https:\/\/aem.hr\/wp-content\/uploads\/2025\/02\/3.-Nek-puknu-dusmani.pdf\">3. Nek\u2019 puknu du\u0161mani<\/a><a href=\"https:\/\/aem.hr\/wp-content\/uploads\/2025\/02\/3.-Nek-puknu-dusmani.pdf\" class=\"wp-block-file__button wp-element-button\" download aria-describedby=\"wp-block-file--media-5e7c3836-5773-4cb8-b64a-c0ea06b36014\">Preuzimanje<\/a><\/div>\n\n\n\n<div class=\"wp-block-file\"><a id=\"wp-block-file--media-2385ba05-2ff3-48f3-986c-8ef5cc382036\" href=\"https:\/\/aem.hr\/wp-content\/uploads\/2025\/02\/4.-Napravi-mi-sina-pod-svetlima.pdf\">4. Napravi mi sina pod svetlima<\/a><a href=\"https:\/\/aem.hr\/wp-content\/uploads\/2025\/02\/4.-Napravi-mi-sina-pod-svetlima.pdf\" class=\"wp-block-file__button wp-element-button\" download aria-describedby=\"wp-block-file--media-2385ba05-2ff3-48f3-986c-8ef5cc382036\">Preuzimanje<\/a><\/div>\n\n\n\n<div class=\"wp-block-file\"><a id=\"wp-block-file--media-76f62d7c-b28c-45e5-96ae-da51e1cfab80\" href=\"https:\/\/aem.hr\/wp-content\/uploads\/2025\/02\/5.-Hrvatsko-narodno-cajkaliste.pdf\">5. Hrvatsko narodno cajkali\u0161te<\/a><a href=\"https:\/\/aem.hr\/wp-content\/uploads\/2025\/02\/5.-Hrvatsko-narodno-cajkaliste.pdf\" class=\"wp-block-file__button wp-element-button\" download aria-describedby=\"wp-block-file--media-76f62d7c-b28c-45e5-96ae-da51e1cfab80\">Preuzimanje<\/a><\/div>\n\n\n\n<div class=\"wp-block-file\"><a id=\"wp-block-file--media-19af5666-1989-4eda-af2e-b74992c581ca\" href=\"https:\/\/aem.hr\/wp-content\/uploads\/2025\/02\/6.-Neka-gori-Balkan.pdf\">6. Neka gori Balkan<\/a><a href=\"https:\/\/aem.hr\/wp-content\/uploads\/2025\/02\/6.-Neka-gori-Balkan.pdf\" class=\"wp-block-file__button wp-element-button\" download aria-describedby=\"wp-block-file--media-19af5666-1989-4eda-af2e-b74992c581ca\">Preuzimanje<\/a><\/div>\n\n\n\n<p><\/p>\n","protected":false},"excerpt":{"rendered":"","protected":false},"author":18,"featured_media":0,"parent":0,"menu_order":0,"comment_status":"closed","ping_status":"closed","template":"","meta":{"_acf_changed":false,"inline_featured_image":false,"advgb_blocks_editor_width":"","advgb_blocks_columns_visual_guide":"","_links_to":"","_links_to_type":0,"footnotes":""},"class_list":["post-20054","page","type-page","status-publish","hentry"],"acf":[],"yoast_head":"<!-- This site is optimized with the Yoast SEO plugin v25.7 - https:\/\/yoast.com\/wordpress\/plugins\/seo\/ -->\n<title>Ilko \u010culi\u0107 - Kako smo dobili cajke i za\u0161to ih se nikad ne\u0107emo rije\u0161iti - Agencija za elektroni\u010dke medije<\/title>\n<meta name=\"robots\" content=\"index, follow, max-snippet:-1, max-image-preview:large, max-video-preview:-1\" \/>\n<link rel=\"canonical\" href=\"https:\/\/aem.hr\/ilko-culic-kako-smo-dobili-cajke-i-zasto-ih-se-nikad-necemo-rijesiti\/\" \/>\n<meta property=\"og:locale\" content=\"en_US\" \/>\n<meta property=\"og:type\" content=\"article\" \/>\n<meta property=\"og:title\" content=\"Ilko \u010culi\u0107 - Kako smo dobili cajke i za\u0161to ih se nikad ne\u0107emo rije\u0161iti - Agencija za elektroni\u010dke medije\" \/>\n<meta property=\"og:url\" content=\"https:\/\/aem.hr\/ilko-culic-kako-smo-dobili-cajke-i-zasto-ih-se-nikad-necemo-rijesiti\/\" \/>\n<meta property=\"og:site_name\" content=\"Agencija za elektroni\u010dke medije\" \/>\n<meta property=\"article:modified_time\" content=\"2025-02-20T14:30:49+00:00\" \/>\n<meta name=\"twitter:card\" content=\"summary_large_image\" \/>\n<meta name=\"twitter:label1\" content=\"Est. reading time\" \/>\n\t<meta name=\"twitter:data1\" content=\"1 minute\" \/>\n<script type=\"application\/ld+json\" class=\"yoast-schema-graph\">{\"@context\":\"https:\/\/schema.org\",\"@graph\":[{\"@type\":\"WebPage\",\"@id\":\"https:\/\/aem.hr\/ilko-culic-kako-smo-dobili-cajke-i-zasto-ih-se-nikad-necemo-rijesiti\/\",\"url\":\"https:\/\/aem.hr\/ilko-culic-kako-smo-dobili-cajke-i-zasto-ih-se-nikad-necemo-rijesiti\/\",\"name\":\"Ilko \u010culi\u0107 - Kako smo dobili cajke i za\u0161to ih se nikad ne\u0107emo rije\u0161iti - Agencija za elektroni\u010dke medije\",\"isPartOf\":{\"@id\":\"https:\/\/aem.hr\/#website\"},\"datePublished\":\"2025-02-20T14:30:48+00:00\",\"dateModified\":\"2025-02-20T14:30:49+00:00\",\"breadcrumb\":{\"@id\":\"https:\/\/aem.hr\/ilko-culic-kako-smo-dobili-cajke-i-zasto-ih-se-nikad-necemo-rijesiti\/#breadcrumb\"},\"inLanguage\":\"en-US\",\"potentialAction\":[{\"@type\":\"ReadAction\",\"target\":[\"https:\/\/aem.hr\/ilko-culic-kako-smo-dobili-cajke-i-zasto-ih-se-nikad-necemo-rijesiti\/\"]}]},{\"@type\":\"BreadcrumbList\",\"@id\":\"https:\/\/aem.hr\/ilko-culic-kako-smo-dobili-cajke-i-zasto-ih-se-nikad-necemo-rijesiti\/#breadcrumb\",\"itemListElement\":[{\"@type\":\"ListItem\",\"position\":1,\"name\":\"Po\u010detna stranica\",\"item\":\"https:\/\/aem.hr\/\"},{\"@type\":\"ListItem\",\"position\":2,\"name\":\"Ilko \u010culi\u0107 &#8211; Kako smo dobili cajke i za\u0161to ih se nikad ne\u0107emo rije\u0161iti\"}]},{\"@type\":\"WebSite\",\"@id\":\"https:\/\/aem.hr\/#website\",\"url\":\"https:\/\/aem.hr\/\",\"name\":\"Agencija za elektroni\u010dke medije\",\"description\":\"\",\"potentialAction\":[{\"@type\":\"SearchAction\",\"target\":{\"@type\":\"EntryPoint\",\"urlTemplate\":\"https:\/\/aem.hr\/?s={search_term_string}\"},\"query-input\":{\"@type\":\"PropertyValueSpecification\",\"valueRequired\":true,\"valueName\":\"search_term_string\"}}],\"inLanguage\":\"en-US\"}]}<\/script>\n<!-- \/ Yoast SEO plugin. -->","yoast_head_json":{"title":"Ilko \u010culi\u0107 - Kako smo dobili cajke i za\u0161to ih se nikad ne\u0107emo rije\u0161iti - Agencija za elektroni\u010dke medije","robots":{"index":"index","follow":"follow","max-snippet":"max-snippet:-1","max-image-preview":"max-image-preview:large","max-video-preview":"max-video-preview:-1"},"canonical":"https:\/\/aem.hr\/ilko-culic-kako-smo-dobili-cajke-i-zasto-ih-se-nikad-necemo-rijesiti\/","og_locale":"en_US","og_type":"article","og_title":"Ilko \u010culi\u0107 - Kako smo dobili cajke i za\u0161to ih se nikad ne\u0107emo rije\u0161iti - Agencija za elektroni\u010dke medije","og_url":"https:\/\/aem.hr\/ilko-culic-kako-smo-dobili-cajke-i-zasto-ih-se-nikad-necemo-rijesiti\/","og_site_name":"Agencija za elektroni\u010dke medije","article_modified_time":"2025-02-20T14:30:49+00:00","twitter_card":"summary_large_image","twitter_misc":{"Est. reading time":"1 minute"},"schema":{"@context":"https:\/\/schema.org","@graph":[{"@type":"WebPage","@id":"https:\/\/aem.hr\/ilko-culic-kako-smo-dobili-cajke-i-zasto-ih-se-nikad-necemo-rijesiti\/","url":"https:\/\/aem.hr\/ilko-culic-kako-smo-dobili-cajke-i-zasto-ih-se-nikad-necemo-rijesiti\/","name":"Ilko \u010culi\u0107 - Kako smo dobili cajke i za\u0161to ih se nikad ne\u0107emo rije\u0161iti - Agencija za elektroni\u010dke medije","isPartOf":{"@id":"https:\/\/aem.hr\/#website"},"datePublished":"2025-02-20T14:30:48+00:00","dateModified":"2025-02-20T14:30:49+00:00","breadcrumb":{"@id":"https:\/\/aem.hr\/ilko-culic-kako-smo-dobili-cajke-i-zasto-ih-se-nikad-necemo-rijesiti\/#breadcrumb"},"inLanguage":"en-US","potentialAction":[{"@type":"ReadAction","target":["https:\/\/aem.hr\/ilko-culic-kako-smo-dobili-cajke-i-zasto-ih-se-nikad-necemo-rijesiti\/"]}]},{"@type":"BreadcrumbList","@id":"https:\/\/aem.hr\/ilko-culic-kako-smo-dobili-cajke-i-zasto-ih-se-nikad-necemo-rijesiti\/#breadcrumb","itemListElement":[{"@type":"ListItem","position":1,"name":"Po\u010detna stranica","item":"https:\/\/aem.hr\/"},{"@type":"ListItem","position":2,"name":"Ilko \u010culi\u0107 &#8211; Kako smo dobili cajke i za\u0161to ih se nikad ne\u0107emo rije\u0161iti"}]},{"@type":"WebSite","@id":"https:\/\/aem.hr\/#website","url":"https:\/\/aem.hr\/","name":"Agencija za elektroni\u010dke medije","description":"","potentialAction":[{"@type":"SearchAction","target":{"@type":"EntryPoint","urlTemplate":"https:\/\/aem.hr\/?s={search_term_string}"},"query-input":{"@type":"PropertyValueSpecification","valueRequired":true,"valueName":"search_term_string"}}],"inLanguage":"en-US"}]}},"coauthors":[],"author_meta":{"author_link":"https:\/\/aem.hr\/en\/blog\/author\/mkirac\/","display_name":"Matko Kirac"},"relative_dates":{"created":"Posted 1 year ago","modified":"Updated 1 year ago"},"absolute_dates":{"created":"Posted on 20. February 2025.","modified":"Updated on 20. February 2025."},"absolute_dates_time":{"created":"Posted on 20. February 2025. 15:30","modified":"Updated on 20. February 2025. 15:30"},"featured_img_caption":"","featured_img":false,"series_order":"","_links":{"self":[{"href":"https:\/\/aem.hr\/en\/wp-json\/wp\/v2\/pages\/20054","targetHints":{"allow":["GET"]}}],"collection":[{"href":"https:\/\/aem.hr\/en\/wp-json\/wp\/v2\/pages"}],"about":[{"href":"https:\/\/aem.hr\/en\/wp-json\/wp\/v2\/types\/page"}],"author":[{"embeddable":true,"href":"https:\/\/aem.hr\/en\/wp-json\/wp\/v2\/users\/18"}],"replies":[{"embeddable":true,"href":"https:\/\/aem.hr\/en\/wp-json\/wp\/v2\/comments?post=20054"}],"version-history":[{"count":1,"href":"https:\/\/aem.hr\/en\/wp-json\/wp\/v2\/pages\/20054\/revisions"}],"predecessor-version":[{"id":20066,"href":"https:\/\/aem.hr\/en\/wp-json\/wp\/v2\/pages\/20054\/revisions\/20066"}],"wp:attachment":[{"href":"https:\/\/aem.hr\/en\/wp-json\/wp\/v2\/media?parent=20054"}],"curies":[{"name":"wp","href":"https:\/\/api.w.org\/{rel}","templated":true}]}}