{"id":20102,"date":"2025-02-20T15:37:19","date_gmt":"2025-02-20T14:37:19","guid":{"rendered":"http:\/\/aem.hr\/?page_id=20102"},"modified":"2025-02-20T15:37:20","modified_gmt":"2025-02-20T14:37:20","slug":"josip-portada-relikvije-dio-zivota-na-otoku-i-poveznica-srednjeg-vijeka-21-stoljeca","status":"publish","type":"page","link":"https:\/\/aem.hr\/en\/josip-portada-relikvije-dio-zivota-na-otoku-i-poveznica-srednjeg-vijeka-21-stoljeca\/","title":{"rendered":"Josip Portada &#8211; Relikvije &#8211; dio \u017eivota na otoku i poveznica Srednjeg vijeka 21. stolje\u0107a"},"content":{"rendered":"\n<div class=\"wp-block-file\"><a id=\"wp-block-file--media-e1cf771a-82c0-4a24-8f72-a82c7854ba60\" href=\"https:\/\/aem.hr\/wp-content\/uploads\/2025\/02\/1.-Krv-iz-Rane-obilata.pdf\">1. Krv iz Rane obilata<\/a><a href=\"https:\/\/aem.hr\/wp-content\/uploads\/2025\/02\/1.-Krv-iz-Rane-obilata.pdf\" class=\"wp-block-file__button wp-element-button\" download aria-describedby=\"wp-block-file--media-e1cf771a-82c0-4a24-8f72-a82c7854ba60\">Preuzimanje<\/a><\/div>\n\n\n\n<div class=\"wp-block-file\"><a id=\"wp-block-file--media-55781634-3bd0-4f61-b5f2-2d25343797fa\" href=\"https:\/\/aem.hr\/wp-content\/uploads\/2025\/02\/2.-Presvete-moci-Svetog-Valentina-Djecaka-Mucenika.pdf\">2. Presvete mo\u0107i Svetog Valentina Dje\u010daka Mu\u010denika<\/a><a href=\"https:\/\/aem.hr\/wp-content\/uploads\/2025\/02\/2.-Presvete-moci-Svetog-Valentina-Djecaka-Mucenika.pdf\" class=\"wp-block-file__button wp-element-button\" download aria-describedby=\"wp-block-file--media-55781634-3bd0-4f61-b5f2-2d25343797fa\">Preuzimanje<\/a><\/div>\n\n\n\n<div class=\"wp-block-file\"><a id=\"wp-block-file--media-fe892628-7474-47ac-a113-273906f49dde\" href=\"https:\/\/aem.hr\/wp-content\/uploads\/2025\/02\/3.-Majko-Bozja-od-Staroga-grada-moli-za-nas.pdf\">3. Majko Bo\u017eja od Staroga grada, moli za nas<\/a><a href=\"https:\/\/aem.hr\/wp-content\/uploads\/2025\/02\/3.-Majko-Bozja-od-Staroga-grada-moli-za-nas.pdf\" class=\"wp-block-file__button wp-element-button\" download aria-describedby=\"wp-block-file--media-fe892628-7474-47ac-a113-273906f49dde\">Preuzimanje<\/a><\/div>\n\n\n\n<div class=\"wp-block-file\"><a id=\"wp-block-file--media-a733846e-20e2-4f32-a790-a3e35027af5f\" href=\"https:\/\/aem.hr\/wp-content\/uploads\/2025\/02\/4.-Sveti-Trn-iz-Krune-Kristove.pdf\">4. Sveti Trn iz Krune Kristove<\/a><a href=\"https:\/\/aem.hr\/wp-content\/uploads\/2025\/02\/4.-Sveti-Trn-iz-Krune-Kristove.pdf\" class=\"wp-block-file__button wp-element-button\" download aria-describedby=\"wp-block-file--media-a733846e-20e2-4f32-a790-a3e35027af5f\">Preuzimanje<\/a><\/div>\n\n\n\n<div class=\"wp-block-file\"><a id=\"wp-block-file--media-1a5f5fca-ae0c-417f-9891-3a8c58a06ac0\" href=\"https:\/\/aem.hr\/wp-content\/uploads\/2025\/02\/5.-Sveti-Juraj-nas-grad-cuvaj.pdf\">5. Sveti Juraj, na\u0161 grad \u010duvaj<\/a><a href=\"https:\/\/aem.hr\/wp-content\/uploads\/2025\/02\/5.-Sveti-Juraj-nas-grad-cuvaj.pdf\" class=\"wp-block-file__button wp-element-button\" download aria-describedby=\"wp-block-file--media-1a5f5fca-ae0c-417f-9891-3a8c58a06ac0\">Preuzimanje<\/a><\/div>\n","protected":false},"excerpt":{"rendered":"","protected":false},"author":18,"featured_media":0,"parent":0,"menu_order":0,"comment_status":"closed","ping_status":"closed","template":"","meta":{"_acf_changed":false,"inline_featured_image":false,"advgb_blocks_editor_width":"","advgb_blocks_columns_visual_guide":"","_links_to":"","_links_to_type":0,"footnotes":""},"class_list":["post-20102","page","type-page","status-publish","hentry"],"acf":[],"yoast_head":"<!-- This site is optimized with the Yoast SEO plugin v25.7 - https:\/\/yoast.com\/wordpress\/plugins\/seo\/ -->\n<title>Josip Portada - Relikvije - dio \u017eivota na otoku i poveznica Srednjeg vijeka 21. stolje\u0107a - Agencija za elektroni\u010dke medije<\/title>\n<meta name=\"robots\" content=\"index, follow, max-snippet:-1, max-image-preview:large, max-video-preview:-1\" \/>\n<link rel=\"canonical\" href=\"https:\/\/aem.hr\/josip-portada-relikvije-dio-zivota-na-otoku-i-poveznica-srednjeg-vijeka-21-stoljeca\/\" \/>\n<meta property=\"og:locale\" content=\"en_US\" \/>\n<meta property=\"og:type\" content=\"article\" \/>\n<meta property=\"og:title\" content=\"Josip Portada - Relikvije - dio \u017eivota na otoku i poveznica Srednjeg vijeka 21. stolje\u0107a - Agencija za elektroni\u010dke medije\" \/>\n<meta property=\"og:url\" content=\"https:\/\/aem.hr\/josip-portada-relikvije-dio-zivota-na-otoku-i-poveznica-srednjeg-vijeka-21-stoljeca\/\" \/>\n<meta property=\"og:site_name\" content=\"Agencija za elektroni\u010dke medije\" \/>\n<meta property=\"article:modified_time\" content=\"2025-02-20T14:37:20+00:00\" \/>\n<meta name=\"twitter:card\" content=\"summary_large_image\" \/>\n<meta name=\"twitter:label1\" content=\"Est. reading time\" \/>\n\t<meta name=\"twitter:data1\" content=\"1 minute\" \/>\n<script type=\"application\/ld+json\" class=\"yoast-schema-graph\">{\"@context\":\"https:\/\/schema.org\",\"@graph\":[{\"@type\":\"WebPage\",\"@id\":\"https:\/\/aem.hr\/josip-portada-relikvije-dio-zivota-na-otoku-i-poveznica-srednjeg-vijeka-21-stoljeca\/\",\"url\":\"https:\/\/aem.hr\/josip-portada-relikvije-dio-zivota-na-otoku-i-poveznica-srednjeg-vijeka-21-stoljeca\/\",\"name\":\"Josip Portada - Relikvije - dio \u017eivota na otoku i poveznica Srednjeg vijeka 21. stolje\u0107a - Agencija za elektroni\u010dke medije\",\"isPartOf\":{\"@id\":\"https:\/\/aem.hr\/#website\"},\"datePublished\":\"2025-02-20T14:37:19+00:00\",\"dateModified\":\"2025-02-20T14:37:20+00:00\",\"breadcrumb\":{\"@id\":\"https:\/\/aem.hr\/josip-portada-relikvije-dio-zivota-na-otoku-i-poveznica-srednjeg-vijeka-21-stoljeca\/#breadcrumb\"},\"inLanguage\":\"en-US\",\"potentialAction\":[{\"@type\":\"ReadAction\",\"target\":[\"https:\/\/aem.hr\/josip-portada-relikvije-dio-zivota-na-otoku-i-poveznica-srednjeg-vijeka-21-stoljeca\/\"]}]},{\"@type\":\"BreadcrumbList\",\"@id\":\"https:\/\/aem.hr\/josip-portada-relikvije-dio-zivota-na-otoku-i-poveznica-srednjeg-vijeka-21-stoljeca\/#breadcrumb\",\"itemListElement\":[{\"@type\":\"ListItem\",\"position\":1,\"name\":\"Po\u010detna stranica\",\"item\":\"https:\/\/aem.hr\/\"},{\"@type\":\"ListItem\",\"position\":2,\"name\":\"Josip Portada &#8211; Relikvije &#8211; dio \u017eivota na otoku i poveznica Srednjeg vijeka 21. stolje\u0107a\"}]},{\"@type\":\"WebSite\",\"@id\":\"https:\/\/aem.hr\/#website\",\"url\":\"https:\/\/aem.hr\/\",\"name\":\"Agencija za elektroni\u010dke medije\",\"description\":\"\",\"potentialAction\":[{\"@type\":\"SearchAction\",\"target\":{\"@type\":\"EntryPoint\",\"urlTemplate\":\"https:\/\/aem.hr\/?s={search_term_string}\"},\"query-input\":{\"@type\":\"PropertyValueSpecification\",\"valueRequired\":true,\"valueName\":\"search_term_string\"}}],\"inLanguage\":\"en-US\"}]}<\/script>\n<!-- \/ Yoast SEO plugin. -->","yoast_head_json":{"title":"Josip Portada - Relikvije - dio \u017eivota na otoku i poveznica Srednjeg vijeka 21. stolje\u0107a - Agencija za elektroni\u010dke medije","robots":{"index":"index","follow":"follow","max-snippet":"max-snippet:-1","max-image-preview":"max-image-preview:large","max-video-preview":"max-video-preview:-1"},"canonical":"https:\/\/aem.hr\/josip-portada-relikvije-dio-zivota-na-otoku-i-poveznica-srednjeg-vijeka-21-stoljeca\/","og_locale":"en_US","og_type":"article","og_title":"Josip Portada - Relikvije - dio \u017eivota na otoku i poveznica Srednjeg vijeka 21. stolje\u0107a - Agencija za elektroni\u010dke medije","og_url":"https:\/\/aem.hr\/josip-portada-relikvije-dio-zivota-na-otoku-i-poveznica-srednjeg-vijeka-21-stoljeca\/","og_site_name":"Agencija za elektroni\u010dke medije","article_modified_time":"2025-02-20T14:37:20+00:00","twitter_card":"summary_large_image","twitter_misc":{"Est. reading time":"1 minute"},"schema":{"@context":"https:\/\/schema.org","@graph":[{"@type":"WebPage","@id":"https:\/\/aem.hr\/josip-portada-relikvije-dio-zivota-na-otoku-i-poveznica-srednjeg-vijeka-21-stoljeca\/","url":"https:\/\/aem.hr\/josip-portada-relikvije-dio-zivota-na-otoku-i-poveznica-srednjeg-vijeka-21-stoljeca\/","name":"Josip Portada - Relikvije - dio \u017eivota na otoku i poveznica Srednjeg vijeka 21. stolje\u0107a - Agencija za elektroni\u010dke medije","isPartOf":{"@id":"https:\/\/aem.hr\/#website"},"datePublished":"2025-02-20T14:37:19+00:00","dateModified":"2025-02-20T14:37:20+00:00","breadcrumb":{"@id":"https:\/\/aem.hr\/josip-portada-relikvije-dio-zivota-na-otoku-i-poveznica-srednjeg-vijeka-21-stoljeca\/#breadcrumb"},"inLanguage":"en-US","potentialAction":[{"@type":"ReadAction","target":["https:\/\/aem.hr\/josip-portada-relikvije-dio-zivota-na-otoku-i-poveznica-srednjeg-vijeka-21-stoljeca\/"]}]},{"@type":"BreadcrumbList","@id":"https:\/\/aem.hr\/josip-portada-relikvije-dio-zivota-na-otoku-i-poveznica-srednjeg-vijeka-21-stoljeca\/#breadcrumb","itemListElement":[{"@type":"ListItem","position":1,"name":"Po\u010detna stranica","item":"https:\/\/aem.hr\/"},{"@type":"ListItem","position":2,"name":"Josip Portada &#8211; Relikvije &#8211; dio \u017eivota na otoku i poveznica Srednjeg vijeka 21. stolje\u0107a"}]},{"@type":"WebSite","@id":"https:\/\/aem.hr\/#website","url":"https:\/\/aem.hr\/","name":"Agencija za elektroni\u010dke medije","description":"","potentialAction":[{"@type":"SearchAction","target":{"@type":"EntryPoint","urlTemplate":"https:\/\/aem.hr\/?s={search_term_string}"},"query-input":{"@type":"PropertyValueSpecification","valueRequired":true,"valueName":"search_term_string"}}],"inLanguage":"en-US"}]}},"coauthors":[],"author_meta":{"author_link":"https:\/\/aem.hr\/en\/blog\/author\/mkirac\/","display_name":"Matko Kirac"},"relative_dates":{"created":"Posted 1 year ago","modified":"Updated 1 year ago"},"absolute_dates":{"created":"Posted on 20. February 2025.","modified":"Updated on 20. February 2025."},"absolute_dates_time":{"created":"Posted on 20. February 2025. 15:37","modified":"Updated on 20. February 2025. 15:37"},"featured_img_caption":"","featured_img":false,"series_order":"","_links":{"self":[{"href":"https:\/\/aem.hr\/en\/wp-json\/wp\/v2\/pages\/20102","targetHints":{"allow":["GET"]}}],"collection":[{"href":"https:\/\/aem.hr\/en\/wp-json\/wp\/v2\/pages"}],"about":[{"href":"https:\/\/aem.hr\/en\/wp-json\/wp\/v2\/types\/page"}],"author":[{"embeddable":true,"href":"https:\/\/aem.hr\/en\/wp-json\/wp\/v2\/users\/18"}],"replies":[{"embeddable":true,"href":"https:\/\/aem.hr\/en\/wp-json\/wp\/v2\/comments?post=20102"}],"version-history":[{"count":1,"href":"https:\/\/aem.hr\/en\/wp-json\/wp\/v2\/pages\/20102\/revisions"}],"predecessor-version":[{"id":20113,"href":"https:\/\/aem.hr\/en\/wp-json\/wp\/v2\/pages\/20102\/revisions\/20113"}],"wp:attachment":[{"href":"https:\/\/aem.hr\/en\/wp-json\/wp\/v2\/media?parent=20102"}],"curies":[{"name":"wp","href":"https:\/\/api.w.org\/{rel}","templated":true}]}}