{"id":20115,"date":"2025-02-20T15:43:53","date_gmt":"2025-02-20T14:43:53","guid":{"rendered":"http:\/\/aem.hr\/?page_id=20115"},"modified":"2025-02-20T15:43:54","modified_gmt":"2025-02-20T14:43:54","slug":"visnja-staresina-od-bernardina-frankapana-do-franje-tudmana","status":"publish","type":"page","link":"https:\/\/aem.hr\/en\/visnja-staresina-od-bernardina-frankapana-do-franje-tudmana\/","title":{"rendered":"Vi\u0161nja Stare\u0161ina &#8211; Od Bernardina Frankapana do Franje Tu\u0111mana"},"content":{"rendered":"\n<div class=\"wp-block-file\"><a id=\"wp-block-file--media-2921e51d-8030-442d-8b2d-3728c29ec8e1\" href=\"https:\/\/aem.hr\/wp-content\/uploads\/2025\/02\/1.-Hrvatski-knez-moli-europske-vladare-vojnu-pomoc-u-obrani-krscanstva.pdf\">1. Hrvatski knez moli europske vladare vojnu pomo\u0107 u obrani kr\u0161\u0107anstva<\/a><a href=\"https:\/\/aem.hr\/wp-content\/uploads\/2025\/02\/1.-Hrvatski-knez-moli-europske-vladare-vojnu-pomoc-u-obrani-krscanstva.pdf\" class=\"wp-block-file__button wp-element-button\" download aria-describedby=\"wp-block-file--media-2921e51d-8030-442d-8b2d-3728c29ec8e1\">Preuzimanje<\/a><\/div>\n\n\n\n<div class=\"wp-block-file\"><a id=\"wp-block-file--media-a816ea05-6007-43dc-8c15-c214e0e22474\" href=\"https:\/\/aem.hr\/wp-content\/uploads\/2025\/02\/2.-Nikola-Subic-Zrinski_-Podimo-i-pobijmo-se-s-neprijateljem-licem-u-lice.pdf\">2. Nikola \u0160ubi\u0107 Zrinski_ Po\u0111imo i pobijmo se s neprijateljem licem u lice<\/a><a href=\"https:\/\/aem.hr\/wp-content\/uploads\/2025\/02\/2.-Nikola-Subic-Zrinski_-Podimo-i-pobijmo-se-s-neprijateljem-licem-u-lice.pdf\" class=\"wp-block-file__button wp-element-button\" download aria-describedby=\"wp-block-file--media-a816ea05-6007-43dc-8c15-c214e0e22474\">Preuzimanje<\/a><\/div>\n\n\n\n<div class=\"wp-block-file\"><a id=\"wp-block-file--media-b820f23f-e956-4052-bac5-2621f704477d\" href=\"https:\/\/aem.hr\/wp-content\/uploads\/2025\/02\/3.-Petar-Zrinski_-Moje-drago-serce-sutra-budu-mene-glavu-sekli.pdf\">3. Petar Zrinski_ Moje drago serce, sutra budu mene glavu sekli<\/a><a href=\"https:\/\/aem.hr\/wp-content\/uploads\/2025\/02\/3.-Petar-Zrinski_-Moje-drago-serce-sutra-budu-mene-glavu-sekli.pdf\" class=\"wp-block-file__button wp-element-button\" download aria-describedby=\"wp-block-file--media-b820f23f-e956-4052-bac5-2621f704477d\">Preuzimanje<\/a><\/div>\n\n\n\n<div class=\"wp-block-file\"><a id=\"wp-block-file--media-391a3e94-a5d2-4c9e-960b-0aff9c4b11b6\" href=\"https:\/\/aem.hr\/wp-content\/uploads\/2025\/02\/4.-Josip-Juraj-Strossmayer-Zaman-Nam-Najznamenitiji-Polozaj.pdf\">4. Josip Juraj Strossmayer &#8211; Zaman Nam Najznamenitiji Polo\u017eaj<\/a><a href=\"https:\/\/aem.hr\/wp-content\/uploads\/2025\/02\/4.-Josip-Juraj-Strossmayer-Zaman-Nam-Najznamenitiji-Polozaj.pdf\" class=\"wp-block-file__button wp-element-button\" download aria-describedby=\"wp-block-file--media-391a3e94-a5d2-4c9e-960b-0aff9c4b11b6\">Preuzimanje<\/a><\/div>\n\n\n\n<div class=\"wp-block-file\"><a id=\"wp-block-file--media-0e1ff7d8-41b2-4a2c-ae43-7baeef8bc572\" href=\"https:\/\/aem.hr\/wp-content\/uploads\/2025\/02\/5.-Neka-je-Hrvatska-makar-bila-samo-uru-dugacka-i-uru-siroka.pdf\">5. Neka je Hrvatska, makar bila samo uru duga\u010dka i uru \u0161iroka<\/a><a href=\"https:\/\/aem.hr\/wp-content\/uploads\/2025\/02\/5.-Neka-je-Hrvatska-makar-bila-samo-uru-dugacka-i-uru-siroka.pdf\" class=\"wp-block-file__button wp-element-button\" download aria-describedby=\"wp-block-file--media-0e1ff7d8-41b2-4a2c-ae43-7baeef8bc572\">Preuzimanje<\/a><\/div>\n\n\n\n<div class=\"wp-block-file\"><a id=\"wp-block-file--media-560b2093-0efc-4e57-a96a-5fc99b797643\" href=\"https:\/\/aem.hr\/wp-content\/uploads\/2025\/02\/6.-Stjepan-Radic_-Ne-srljajte-kao-guske-u-maglu.pdf\">6. Stjepan Radi\u0107_ Ne srljajte kao guske u maglu<\/a><a href=\"https:\/\/aem.hr\/wp-content\/uploads\/2025\/02\/6.-Stjepan-Radic_-Ne-srljajte-kao-guske-u-maglu.pdf\" class=\"wp-block-file__button wp-element-button\" download aria-describedby=\"wp-block-file--media-560b2093-0efc-4e57-a96a-5fc99b797643\">Preuzimanje<\/a><\/div>\n\n\n\n<div class=\"wp-block-file\"><a id=\"wp-block-file--media-dd797c86-c464-462d-a84e-1818ac572164\" href=\"https:\/\/aem.hr\/wp-content\/uploads\/2025\/02\/7.-Franjo-Tudman-Deset-Zadaca.pdf\">7. Franjo Tu\u0111man &#8211; Deset Zada\u0107a<\/a><a href=\"https:\/\/aem.hr\/wp-content\/uploads\/2025\/02\/7.-Franjo-Tudman-Deset-Zadaca.pdf\" class=\"wp-block-file__button wp-element-button\" download aria-describedby=\"wp-block-file--media-dd797c86-c464-462d-a84e-1818ac572164\">Preuzimanje<\/a><\/div>\n\n\n\n<div class=\"wp-block-file\"><a id=\"wp-block-file--media-d8bd72f4-1827-4679-8e57-8a26e56b20a3\" href=\"https:\/\/aem.hr\/wp-content\/uploads\/2025\/02\/8.-Sedam-znamenitih-govora.pdf\">8. Sedam znamenitih govora<\/a><a href=\"https:\/\/aem.hr\/wp-content\/uploads\/2025\/02\/8.-Sedam-znamenitih-govora.pdf\" class=\"wp-block-file__button wp-element-button\" download aria-describedby=\"wp-block-file--media-d8bd72f4-1827-4679-8e57-8a26e56b20a3\">Preuzimanje<\/a><\/div>\n","protected":false},"excerpt":{"rendered":"","protected":false},"author":18,"featured_media":0,"parent":0,"menu_order":0,"comment_status":"closed","ping_status":"closed","template":"","meta":{"_acf_changed":false,"inline_featured_image":false,"advgb_blocks_editor_width":"","advgb_blocks_columns_visual_guide":"","_links_to":"","_links_to_type":0,"footnotes":""},"class_list":["post-20115","page","type-page","status-publish","hentry"],"acf":[],"yoast_head":"<!-- This site is optimized with the Yoast SEO plugin v25.7 - https:\/\/yoast.com\/wordpress\/plugins\/seo\/ -->\n<title>Vi\u0161nja Stare\u0161ina - Od Bernardina Frankapana do Franje Tu\u0111mana - Agencija za elektroni\u010dke medije<\/title>\n<meta name=\"robots\" content=\"index, follow, max-snippet:-1, max-image-preview:large, max-video-preview:-1\" \/>\n<link rel=\"canonical\" href=\"https:\/\/aem.hr\/visnja-staresina-od-bernardina-frankapana-do-franje-tudmana\/\" \/>\n<meta property=\"og:locale\" content=\"en_US\" \/>\n<meta property=\"og:type\" content=\"article\" \/>\n<meta property=\"og:title\" content=\"Vi\u0161nja Stare\u0161ina - Od Bernardina Frankapana do Franje Tu\u0111mana - Agencija za elektroni\u010dke medije\" \/>\n<meta property=\"og:url\" content=\"https:\/\/aem.hr\/visnja-staresina-od-bernardina-frankapana-do-franje-tudmana\/\" \/>\n<meta property=\"og:site_name\" content=\"Agencija za elektroni\u010dke medije\" \/>\n<meta property=\"article:modified_time\" content=\"2025-02-20T14:43:54+00:00\" \/>\n<meta name=\"twitter:card\" content=\"summary_large_image\" \/>\n<meta name=\"twitter:label1\" content=\"Est. reading time\" \/>\n\t<meta name=\"twitter:data1\" content=\"1 minute\" \/>\n<script type=\"application\/ld+json\" class=\"yoast-schema-graph\">{\"@context\":\"https:\/\/schema.org\",\"@graph\":[{\"@type\":\"WebPage\",\"@id\":\"https:\/\/aem.hr\/visnja-staresina-od-bernardina-frankapana-do-franje-tudmana\/\",\"url\":\"https:\/\/aem.hr\/visnja-staresina-od-bernardina-frankapana-do-franje-tudmana\/\",\"name\":\"Vi\u0161nja Stare\u0161ina - Od Bernardina Frankapana do Franje Tu\u0111mana - Agencija za elektroni\u010dke medije\",\"isPartOf\":{\"@id\":\"https:\/\/aem.hr\/#website\"},\"datePublished\":\"2025-02-20T14:43:53+00:00\",\"dateModified\":\"2025-02-20T14:43:54+00:00\",\"breadcrumb\":{\"@id\":\"https:\/\/aem.hr\/visnja-staresina-od-bernardina-frankapana-do-franje-tudmana\/#breadcrumb\"},\"inLanguage\":\"en-US\",\"potentialAction\":[{\"@type\":\"ReadAction\",\"target\":[\"https:\/\/aem.hr\/visnja-staresina-od-bernardina-frankapana-do-franje-tudmana\/\"]}]},{\"@type\":\"BreadcrumbList\",\"@id\":\"https:\/\/aem.hr\/visnja-staresina-od-bernardina-frankapana-do-franje-tudmana\/#breadcrumb\",\"itemListElement\":[{\"@type\":\"ListItem\",\"position\":1,\"name\":\"Po\u010detna stranica\",\"item\":\"https:\/\/aem.hr\/\"},{\"@type\":\"ListItem\",\"position\":2,\"name\":\"Vi\u0161nja Stare\u0161ina &#8211; Od Bernardina Frankapana do Franje Tu\u0111mana\"}]},{\"@type\":\"WebSite\",\"@id\":\"https:\/\/aem.hr\/#website\",\"url\":\"https:\/\/aem.hr\/\",\"name\":\"Agencija za elektroni\u010dke medije\",\"description\":\"\",\"potentialAction\":[{\"@type\":\"SearchAction\",\"target\":{\"@type\":\"EntryPoint\",\"urlTemplate\":\"https:\/\/aem.hr\/?s={search_term_string}\"},\"query-input\":{\"@type\":\"PropertyValueSpecification\",\"valueRequired\":true,\"valueName\":\"search_term_string\"}}],\"inLanguage\":\"en-US\"}]}<\/script>\n<!-- \/ Yoast SEO plugin. -->","yoast_head_json":{"title":"Vi\u0161nja Stare\u0161ina - Od Bernardina Frankapana do Franje Tu\u0111mana - Agencija za elektroni\u010dke medije","robots":{"index":"index","follow":"follow","max-snippet":"max-snippet:-1","max-image-preview":"max-image-preview:large","max-video-preview":"max-video-preview:-1"},"canonical":"https:\/\/aem.hr\/visnja-staresina-od-bernardina-frankapana-do-franje-tudmana\/","og_locale":"en_US","og_type":"article","og_title":"Vi\u0161nja Stare\u0161ina - Od Bernardina Frankapana do Franje Tu\u0111mana - Agencija za elektroni\u010dke medije","og_url":"https:\/\/aem.hr\/visnja-staresina-od-bernardina-frankapana-do-franje-tudmana\/","og_site_name":"Agencija za elektroni\u010dke medije","article_modified_time":"2025-02-20T14:43:54+00:00","twitter_card":"summary_large_image","twitter_misc":{"Est. reading time":"1 minute"},"schema":{"@context":"https:\/\/schema.org","@graph":[{"@type":"WebPage","@id":"https:\/\/aem.hr\/visnja-staresina-od-bernardina-frankapana-do-franje-tudmana\/","url":"https:\/\/aem.hr\/visnja-staresina-od-bernardina-frankapana-do-franje-tudmana\/","name":"Vi\u0161nja Stare\u0161ina - Od Bernardina Frankapana do Franje Tu\u0111mana - Agencija za elektroni\u010dke medije","isPartOf":{"@id":"https:\/\/aem.hr\/#website"},"datePublished":"2025-02-20T14:43:53+00:00","dateModified":"2025-02-20T14:43:54+00:00","breadcrumb":{"@id":"https:\/\/aem.hr\/visnja-staresina-od-bernardina-frankapana-do-franje-tudmana\/#breadcrumb"},"inLanguage":"en-US","potentialAction":[{"@type":"ReadAction","target":["https:\/\/aem.hr\/visnja-staresina-od-bernardina-frankapana-do-franje-tudmana\/"]}]},{"@type":"BreadcrumbList","@id":"https:\/\/aem.hr\/visnja-staresina-od-bernardina-frankapana-do-franje-tudmana\/#breadcrumb","itemListElement":[{"@type":"ListItem","position":1,"name":"Po\u010detna stranica","item":"https:\/\/aem.hr\/"},{"@type":"ListItem","position":2,"name":"Vi\u0161nja Stare\u0161ina &#8211; Od Bernardina Frankapana do Franje Tu\u0111mana"}]},{"@type":"WebSite","@id":"https:\/\/aem.hr\/#website","url":"https:\/\/aem.hr\/","name":"Agencija za elektroni\u010dke medije","description":"","potentialAction":[{"@type":"SearchAction","target":{"@type":"EntryPoint","urlTemplate":"https:\/\/aem.hr\/?s={search_term_string}"},"query-input":{"@type":"PropertyValueSpecification","valueRequired":true,"valueName":"search_term_string"}}],"inLanguage":"en-US"}]}},"coauthors":[],"author_meta":{"author_link":"https:\/\/aem.hr\/en\/blog\/author\/mkirac\/","display_name":"Matko Kirac"},"relative_dates":{"created":"Posted 1 year ago","modified":"Updated 1 year ago"},"absolute_dates":{"created":"Posted on 20. February 2025.","modified":"Updated on 20. February 2025."},"absolute_dates_time":{"created":"Posted on 20. February 2025. 15:43","modified":"Updated on 20. February 2025. 15:43"},"featured_img_caption":"","featured_img":false,"series_order":"","_links":{"self":[{"href":"https:\/\/aem.hr\/en\/wp-json\/wp\/v2\/pages\/20115","targetHints":{"allow":["GET"]}}],"collection":[{"href":"https:\/\/aem.hr\/en\/wp-json\/wp\/v2\/pages"}],"about":[{"href":"https:\/\/aem.hr\/en\/wp-json\/wp\/v2\/types\/page"}],"author":[{"embeddable":true,"href":"https:\/\/aem.hr\/en\/wp-json\/wp\/v2\/users\/18"}],"replies":[{"embeddable":true,"href":"https:\/\/aem.hr\/en\/wp-json\/wp\/v2\/comments?post=20115"}],"version-history":[{"count":1,"href":"https:\/\/aem.hr\/en\/wp-json\/wp\/v2\/pages\/20115\/revisions"}],"predecessor-version":[{"id":20132,"href":"https:\/\/aem.hr\/en\/wp-json\/wp\/v2\/pages\/20115\/revisions\/20132"}],"wp:attachment":[{"href":"https:\/\/aem.hr\/en\/wp-json\/wp\/v2\/media?parent=20115"}],"curies":[{"name":"wp","href":"https:\/\/api.w.org\/{rel}","templated":true}]}}