{"id":20153,"date":"2025-02-20T15:47:01","date_gmt":"2025-02-20T14:47:01","guid":{"rendered":"http:\/\/aem.hr\/?page_id=20153"},"modified":"2025-02-20T15:47:03","modified_gmt":"2025-02-20T14:47:03","slug":"snjezana-dukic-veteranski-centri-podizanje-kvalitete-zivota","status":"publish","type":"page","link":"https:\/\/aem.hr\/en\/snjezana-dukic-veteranski-centri-podizanje-kvalitete-zivota\/","title":{"rendered":"Snje\u017eana Duki\u0107 &#8211; Veteranski centri-podizanje kvalitete \u017eivota"},"content":{"rendered":"\n<div class=\"wp-block-file\"><a id=\"wp-block-file--media-93567c6c-eccb-4e75-bde1-4119c73fe84f\" href=\"https:\/\/aem.hr\/wp-content\/uploads\/2025\/02\/1.-Veteranski-centri.pdf\">1. Veteranski centri<\/a><a href=\"https:\/\/aem.hr\/wp-content\/uploads\/2025\/02\/1.-Veteranski-centri.pdf\" class=\"wp-block-file__button wp-element-button\" download aria-describedby=\"wp-block-file--media-93567c6c-eccb-4e75-bde1-4119c73fe84f\">Preuzimanje<\/a><\/div>\n\n\n\n<div class=\"wp-block-file\"><a id=\"wp-block-file--media-06f2998a-1212-41cf-9b0c-366faa4b62a1\" href=\"https:\/\/aem.hr\/wp-content\/uploads\/2025\/02\/2.-VC-Lipik-i-Daruvar.pdf\">2. VC Lipik i Daruvar<\/a><a href=\"https:\/\/aem.hr\/wp-content\/uploads\/2025\/02\/2.-VC-Lipik-i-Daruvar.pdf\" class=\"wp-block-file__button wp-element-button\" download aria-describedby=\"wp-block-file--media-06f2998a-1212-41cf-9b0c-366faa4b62a1\">Preuzimanje<\/a><\/div>\n\n\n\n<div class=\"wp-block-file\"><a id=\"wp-block-file--media-be4985be-ded3-4ee2-a547-fbb31212b63f\" href=\"https:\/\/aem.hr\/wp-content\/uploads\/2025\/02\/3.-VC-Sibenik-i-Sinj.pdf\">3. VC \u0160ibenik i Sinj<\/a><a href=\"https:\/\/aem.hr\/wp-content\/uploads\/2025\/02\/3.-VC-Sibenik-i-Sinj.pdf\" class=\"wp-block-file__button wp-element-button\" download aria-describedby=\"wp-block-file--media-be4985be-ded3-4ee2-a547-fbb31212b63f\">Preuzimanje<\/a><\/div>\n\n\n\n<div class=\"wp-block-file\"><a id=\"wp-block-file--media-ef4ffe06-1531-4cec-8737-e4540ffa7e7a\" href=\"https:\/\/aem.hr\/wp-content\/uploads\/2025\/02\/4.-VC-Petrinja.pdf\">4. VC Petrinja<\/a><a href=\"https:\/\/aem.hr\/wp-content\/uploads\/2025\/02\/4.-VC-Petrinja.pdf\" class=\"wp-block-file__button wp-element-button\" download aria-describedby=\"wp-block-file--media-ef4ffe06-1531-4cec-8737-e4540ffa7e7a\">Preuzimanje<\/a><\/div>\n\n\n\n<div class=\"wp-block-file\"><a id=\"wp-block-file--media-238ac494-4f1a-41ad-8a90-1f5cede2c79a\" href=\"https:\/\/aem.hr\/wp-content\/uploads\/2025\/02\/5.-VC-buducnost.pdf\">5. VC &#8211; budu\u0107nost<\/a><a href=\"https:\/\/aem.hr\/wp-content\/uploads\/2025\/02\/5.-VC-buducnost.pdf\" class=\"wp-block-file__button wp-element-button\" download aria-describedby=\"wp-block-file--media-238ac494-4f1a-41ad-8a90-1f5cede2c79a\">Preuzimanje<\/a><\/div>\n","protected":false},"excerpt":{"rendered":"","protected":false},"author":18,"featured_media":0,"parent":0,"menu_order":0,"comment_status":"closed","ping_status":"closed","template":"","meta":{"_acf_changed":false,"inline_featured_image":false,"advgb_blocks_editor_width":"","advgb_blocks_columns_visual_guide":"","_links_to":"","_links_to_type":0,"footnotes":""},"class_list":["post-20153","page","type-page","status-publish","hentry"],"acf":[],"yoast_head":"<!-- This site is optimized with the Yoast SEO plugin v25.7 - https:\/\/yoast.com\/wordpress\/plugins\/seo\/ -->\n<title>Snje\u017eana Duki\u0107 - Veteranski centri-podizanje kvalitete \u017eivota - Agencija za elektroni\u010dke medije<\/title>\n<meta name=\"robots\" content=\"index, follow, max-snippet:-1, max-image-preview:large, max-video-preview:-1\" \/>\n<link rel=\"canonical\" href=\"https:\/\/aem.hr\/snjezana-dukic-veteranski-centri-podizanje-kvalitete-zivota\/\" \/>\n<meta property=\"og:locale\" content=\"en_US\" \/>\n<meta property=\"og:type\" content=\"article\" \/>\n<meta property=\"og:title\" content=\"Snje\u017eana Duki\u0107 - Veteranski centri-podizanje kvalitete \u017eivota - Agencija za elektroni\u010dke medije\" \/>\n<meta property=\"og:url\" content=\"https:\/\/aem.hr\/snjezana-dukic-veteranski-centri-podizanje-kvalitete-zivota\/\" \/>\n<meta property=\"og:site_name\" content=\"Agencija za elektroni\u010dke medije\" \/>\n<meta property=\"article:modified_time\" content=\"2025-02-20T14:47:03+00:00\" \/>\n<meta name=\"twitter:card\" content=\"summary_large_image\" \/>\n<meta name=\"twitter:label1\" content=\"Est. reading time\" \/>\n\t<meta name=\"twitter:data1\" content=\"1 minute\" \/>\n<script type=\"application\/ld+json\" class=\"yoast-schema-graph\">{\"@context\":\"https:\/\/schema.org\",\"@graph\":[{\"@type\":\"WebPage\",\"@id\":\"https:\/\/aem.hr\/snjezana-dukic-veteranski-centri-podizanje-kvalitete-zivota\/\",\"url\":\"https:\/\/aem.hr\/snjezana-dukic-veteranski-centri-podizanje-kvalitete-zivota\/\",\"name\":\"Snje\u017eana Duki\u0107 - Veteranski centri-podizanje kvalitete \u017eivota - Agencija za elektroni\u010dke medije\",\"isPartOf\":{\"@id\":\"https:\/\/aem.hr\/#website\"},\"datePublished\":\"2025-02-20T14:47:01+00:00\",\"dateModified\":\"2025-02-20T14:47:03+00:00\",\"breadcrumb\":{\"@id\":\"https:\/\/aem.hr\/snjezana-dukic-veteranski-centri-podizanje-kvalitete-zivota\/#breadcrumb\"},\"inLanguage\":\"en-US\",\"potentialAction\":[{\"@type\":\"ReadAction\",\"target\":[\"https:\/\/aem.hr\/snjezana-dukic-veteranski-centri-podizanje-kvalitete-zivota\/\"]}]},{\"@type\":\"BreadcrumbList\",\"@id\":\"https:\/\/aem.hr\/snjezana-dukic-veteranski-centri-podizanje-kvalitete-zivota\/#breadcrumb\",\"itemListElement\":[{\"@type\":\"ListItem\",\"position\":1,\"name\":\"Po\u010detna stranica\",\"item\":\"https:\/\/aem.hr\/\"},{\"@type\":\"ListItem\",\"position\":2,\"name\":\"Snje\u017eana Duki\u0107 &#8211; Veteranski centri-podizanje kvalitete \u017eivota\"}]},{\"@type\":\"WebSite\",\"@id\":\"https:\/\/aem.hr\/#website\",\"url\":\"https:\/\/aem.hr\/\",\"name\":\"Agencija za elektroni\u010dke medije\",\"description\":\"\",\"potentialAction\":[{\"@type\":\"SearchAction\",\"target\":{\"@type\":\"EntryPoint\",\"urlTemplate\":\"https:\/\/aem.hr\/?s={search_term_string}\"},\"query-input\":{\"@type\":\"PropertyValueSpecification\",\"valueRequired\":true,\"valueName\":\"search_term_string\"}}],\"inLanguage\":\"en-US\"}]}<\/script>\n<!-- \/ Yoast SEO plugin. -->","yoast_head_json":{"title":"Snje\u017eana Duki\u0107 - Veteranski centri-podizanje kvalitete \u017eivota - Agencija za elektroni\u010dke medije","robots":{"index":"index","follow":"follow","max-snippet":"max-snippet:-1","max-image-preview":"max-image-preview:large","max-video-preview":"max-video-preview:-1"},"canonical":"https:\/\/aem.hr\/snjezana-dukic-veteranski-centri-podizanje-kvalitete-zivota\/","og_locale":"en_US","og_type":"article","og_title":"Snje\u017eana Duki\u0107 - Veteranski centri-podizanje kvalitete \u017eivota - Agencija za elektroni\u010dke medije","og_url":"https:\/\/aem.hr\/snjezana-dukic-veteranski-centri-podizanje-kvalitete-zivota\/","og_site_name":"Agencija za elektroni\u010dke medije","article_modified_time":"2025-02-20T14:47:03+00:00","twitter_card":"summary_large_image","twitter_misc":{"Est. reading time":"1 minute"},"schema":{"@context":"https:\/\/schema.org","@graph":[{"@type":"WebPage","@id":"https:\/\/aem.hr\/snjezana-dukic-veteranski-centri-podizanje-kvalitete-zivota\/","url":"https:\/\/aem.hr\/snjezana-dukic-veteranski-centri-podizanje-kvalitete-zivota\/","name":"Snje\u017eana Duki\u0107 - Veteranski centri-podizanje kvalitete \u017eivota - Agencija za elektroni\u010dke medije","isPartOf":{"@id":"https:\/\/aem.hr\/#website"},"datePublished":"2025-02-20T14:47:01+00:00","dateModified":"2025-02-20T14:47:03+00:00","breadcrumb":{"@id":"https:\/\/aem.hr\/snjezana-dukic-veteranski-centri-podizanje-kvalitete-zivota\/#breadcrumb"},"inLanguage":"en-US","potentialAction":[{"@type":"ReadAction","target":["https:\/\/aem.hr\/snjezana-dukic-veteranski-centri-podizanje-kvalitete-zivota\/"]}]},{"@type":"BreadcrumbList","@id":"https:\/\/aem.hr\/snjezana-dukic-veteranski-centri-podizanje-kvalitete-zivota\/#breadcrumb","itemListElement":[{"@type":"ListItem","position":1,"name":"Po\u010detna stranica","item":"https:\/\/aem.hr\/"},{"@type":"ListItem","position":2,"name":"Snje\u017eana Duki\u0107 &#8211; Veteranski centri-podizanje kvalitete \u017eivota"}]},{"@type":"WebSite","@id":"https:\/\/aem.hr\/#website","url":"https:\/\/aem.hr\/","name":"Agencija za elektroni\u010dke medije","description":"","potentialAction":[{"@type":"SearchAction","target":{"@type":"EntryPoint","urlTemplate":"https:\/\/aem.hr\/?s={search_term_string}"},"query-input":{"@type":"PropertyValueSpecification","valueRequired":true,"valueName":"search_term_string"}}],"inLanguage":"en-US"}]}},"coauthors":[],"author_meta":{"author_link":"https:\/\/aem.hr\/en\/blog\/author\/mkirac\/","display_name":"Matko Kirac"},"relative_dates":{"created":"Posted 1 year ago","modified":"Updated 1 year ago"},"absolute_dates":{"created":"Posted on 20. February 2025.","modified":"Updated on 20. February 2025."},"absolute_dates_time":{"created":"Posted on 20. February 2025. 15:47","modified":"Updated on 20. February 2025. 15:47"},"featured_img_caption":"","featured_img":false,"series_order":"","_links":{"self":[{"href":"https:\/\/aem.hr\/en\/wp-json\/wp\/v2\/pages\/20153","targetHints":{"allow":["GET"]}}],"collection":[{"href":"https:\/\/aem.hr\/en\/wp-json\/wp\/v2\/pages"}],"about":[{"href":"https:\/\/aem.hr\/en\/wp-json\/wp\/v2\/types\/page"}],"author":[{"embeddable":true,"href":"https:\/\/aem.hr\/en\/wp-json\/wp\/v2\/users\/18"}],"replies":[{"embeddable":true,"href":"https:\/\/aem.hr\/en\/wp-json\/wp\/v2\/comments?post=20153"}],"version-history":[{"count":1,"href":"https:\/\/aem.hr\/en\/wp-json\/wp\/v2\/pages\/20153\/revisions"}],"predecessor-version":[{"id":20162,"href":"https:\/\/aem.hr\/en\/wp-json\/wp\/v2\/pages\/20153\/revisions\/20162"}],"wp:attachment":[{"href":"https:\/\/aem.hr\/en\/wp-json\/wp\/v2\/media?parent=20153"}],"curies":[{"name":"wp","href":"https:\/\/api.w.org\/{rel}","templated":true}]}}