{"id":20164,"date":"2025-02-20T15:49:06","date_gmt":"2025-02-20T14:49:06","guid":{"rendered":"http:\/\/aem.hr\/?page_id=20164"},"modified":"2025-02-20T15:49:48","modified_gmt":"2025-02-20T14:49:48","slug":"slavica-trgovac-martan-neiskoristeni-potencijal-ima-li-nade-za-povijesni-turizam-u-bjelovarsko-bilogorskoj-zupaniji","status":"publish","type":"page","link":"https:\/\/aem.hr\/en\/slavica-trgovac-martan-neiskoristeni-potencijal-ima-li-nade-za-povijesni-turizam-u-bjelovarsko-bilogorskoj-zupaniji\/","title":{"rendered":"Slavica Trgovac Martan &#8211; Neiskori\u0161teni potencijal &#8211; Ima li nade za povijesni turizam u Bjelovarsko-bilogorskoj \u017eupaniji?"},"content":{"rendered":"\n<div class=\"wp-block-file\"><a id=\"wp-block-file--media-cbcd98db-7720-4067-9f36-8de720223e67\" href=\"https:\/\/aem.hr\/wp-content\/uploads\/2025\/02\/1.-Prikazi-poput-Race-na-racvanju.pdf\">1. Prikazi poput Ra\u010de na ra\u010dvanju<\/a><a href=\"https:\/\/aem.hr\/wp-content\/uploads\/2025\/02\/1.-Prikazi-poput-Race-na-racvanju.pdf\" class=\"wp-block-file__button wp-element-button\" download aria-describedby=\"wp-block-file--media-cbcd98db-7720-4067-9f36-8de720223e67\">Preuzimanje<\/a><\/div>\n\n\n\n<div class=\"wp-block-file\"><a id=\"wp-block-file--media-e6a5110c-bd32-445d-9dfe-a34566aa5f46\" href=\"https:\/\/aem.hr\/wp-content\/uploads\/2025\/02\/2.-Prikaz-starih-obicaja-ima-svoju-publiku.pdf\">2. Prikaz starih obi\u010daja ima svoju publiku<\/a><a href=\"https:\/\/aem.hr\/wp-content\/uploads\/2025\/02\/2.-Prikaz-starih-obicaja-ima-svoju-publiku.pdf\" class=\"wp-block-file__button wp-element-button\" download aria-describedby=\"wp-block-file--media-e6a5110c-bd32-445d-9dfe-a34566aa5f46\">Preuzimanje<\/a><\/div>\n\n\n\n<div class=\"wp-block-file\"><a id=\"wp-block-file--media-bc918c67-9118-4855-8fc1-394011b0ea46\" href=\"https:\/\/aem.hr\/wp-content\/uploads\/2025\/02\/3.-Veliki-potencijal-Ratne-muzejske.pdf\">3. Veliki potencijal &#8211; Ratne muzejske<\/a><a href=\"https:\/\/aem.hr\/wp-content\/uploads\/2025\/02\/3.-Veliki-potencijal-Ratne-muzejske.pdf\" class=\"wp-block-file__button wp-element-button\" download aria-describedby=\"wp-block-file--media-bc918c67-9118-4855-8fc1-394011b0ea46\">Preuzimanje<\/a><\/div>\n\n\n\n<div class=\"wp-block-file\"><a id=\"wp-block-file--media-84439fc1-7936-4185-a63c-1e7f72f517c0\" href=\"https:\/\/aem.hr\/wp-content\/uploads\/2025\/02\/4.-Garesnica-ima-Robica-Cinobera.pdf\">4. Gare\u0161nica ima Robi\u0107a, Cinobera<\/a><a href=\"https:\/\/aem.hr\/wp-content\/uploads\/2025\/02\/4.-Garesnica-ima-Robica-Cinobera.pdf\" class=\"wp-block-file__button wp-element-button\" download aria-describedby=\"wp-block-file--media-84439fc1-7936-4185-a63c-1e7f72f517c0\">Preuzimanje<\/a><\/div>\n\n\n\n<div class=\"wp-block-file\"><a id=\"wp-block-file--media-967d4ced-2da7-4c32-9a4a-3dd9d94587a1\" href=\"https:\/\/aem.hr\/wp-content\/uploads\/2025\/02\/5.-Gudovacke-zene.pdf\">5. Gudova\u010dke \u017eene<\/a><a href=\"https:\/\/aem.hr\/wp-content\/uploads\/2025\/02\/5.-Gudovacke-zene.pdf\" class=\"wp-block-file__button wp-element-button\" download aria-describedby=\"wp-block-file--media-967d4ced-2da7-4c32-9a4a-3dd9d94587a1\">Preuzimanje<\/a><\/div>\n\n\n\n<div class=\"wp-block-file\"><a id=\"wp-block-file--media-7ecbccbd-5b39-48c4-a545-cf0d43110450\" href=\"https:\/\/aem.hr\/wp-content\/uploads\/2025\/02\/6.-Biser-Moslavine.pdf\">6. Biser Moslavine<\/a><a href=\"https:\/\/aem.hr\/wp-content\/uploads\/2025\/02\/6.-Biser-Moslavine.pdf\" class=\"wp-block-file__button wp-element-button\" download aria-describedby=\"wp-block-file--media-7ecbccbd-5b39-48c4-a545-cf0d43110450\">Preuzimanje<\/a><\/div>\n\n\n\n<div class=\"wp-block-file\"><a id=\"wp-block-file--media-65f85432-fc30-4ac0-96ac-2019fa0242f0\" href=\"https:\/\/aem.hr\/wp-content\/uploads\/2025\/02\/7.-Na-Stazu-zacudnih-bica.pdf\">7. Na Stazu za\u010dudnih bi\u0107a<\/a><a href=\"https:\/\/aem.hr\/wp-content\/uploads\/2025\/02\/7.-Na-Stazu-zacudnih-bica.pdf\" class=\"wp-block-file__button wp-element-button\" download aria-describedby=\"wp-block-file--media-65f85432-fc30-4ac0-96ac-2019fa0242f0\">Preuzimanje<\/a><\/div>\n\n\n\n<div class=\"wp-block-file\"><a id=\"wp-block-file--media-aef4c764-f872-4253-a01b-425c4b472e60\" href=\"https:\/\/aem.hr\/wp-content\/uploads\/2025\/02\/8.-Atrakcija-u-Velikom-Trojstvu.pdf\">8. Atrakcija u Velikom Trojstvu<\/a><a href=\"https:\/\/aem.hr\/wp-content\/uploads\/2025\/02\/8.-Atrakcija-u-Velikom-Trojstvu.pdf\" class=\"wp-block-file__button wp-element-button\" download aria-describedby=\"wp-block-file--media-aef4c764-f872-4253-a01b-425c4b472e60\">Preuzimanje<\/a><\/div>\n\n\n\n<p><\/p>\n","protected":false},"excerpt":{"rendered":"","protected":false},"author":18,"featured_media":0,"parent":0,"menu_order":0,"comment_status":"closed","ping_status":"closed","template":"","meta":{"_acf_changed":false,"inline_featured_image":false,"advgb_blocks_editor_width":"","advgb_blocks_columns_visual_guide":"","_links_to":"","_links_to_type":0,"footnotes":""},"class_list":["post-20164","page","type-page","status-publish","hentry"],"acf":[],"yoast_head":"<!-- This site is optimized with the Yoast SEO plugin v25.7 - https:\/\/yoast.com\/wordpress\/plugins\/seo\/ -->\n<title>Slavica Trgovac Martan - Neiskori\u0161teni potencijal - Ima li nade za povijesni turizam u Bjelovarsko-bilogorskoj \u017eupaniji? - Agencija za elektroni\u010dke medije<\/title>\n<meta name=\"robots\" content=\"index, follow, max-snippet:-1, max-image-preview:large, max-video-preview:-1\" \/>\n<link rel=\"canonical\" href=\"https:\/\/aem.hr\/slavica-trgovac-martan-neiskoristeni-potencijal-ima-li-nade-za-povijesni-turizam-u-bjelovarsko-bilogorskoj-zupaniji\/\" \/>\n<meta property=\"og:locale\" content=\"en_US\" \/>\n<meta property=\"og:type\" content=\"article\" \/>\n<meta property=\"og:title\" content=\"Slavica Trgovac Martan - Neiskori\u0161teni potencijal - Ima li nade za povijesni turizam u Bjelovarsko-bilogorskoj \u017eupaniji? - Agencija za elektroni\u010dke medije\" \/>\n<meta property=\"og:url\" content=\"https:\/\/aem.hr\/slavica-trgovac-martan-neiskoristeni-potencijal-ima-li-nade-za-povijesni-turizam-u-bjelovarsko-bilogorskoj-zupaniji\/\" \/>\n<meta property=\"og:site_name\" content=\"Agencija za elektroni\u010dke medije\" \/>\n<meta property=\"article:modified_time\" content=\"2025-02-20T14:49:48+00:00\" \/>\n<meta name=\"twitter:card\" content=\"summary_large_image\" \/>\n<meta name=\"twitter:label1\" content=\"Est. reading time\" \/>\n\t<meta name=\"twitter:data1\" content=\"1 minute\" \/>\n<script type=\"application\/ld+json\" class=\"yoast-schema-graph\">{\"@context\":\"https:\/\/schema.org\",\"@graph\":[{\"@type\":\"WebPage\",\"@id\":\"https:\/\/aem.hr\/slavica-trgovac-martan-neiskoristeni-potencijal-ima-li-nade-za-povijesni-turizam-u-bjelovarsko-bilogorskoj-zupaniji\/\",\"url\":\"https:\/\/aem.hr\/slavica-trgovac-martan-neiskoristeni-potencijal-ima-li-nade-za-povijesni-turizam-u-bjelovarsko-bilogorskoj-zupaniji\/\",\"name\":\"Slavica Trgovac Martan - Neiskori\u0161teni potencijal - Ima li nade za povijesni turizam u Bjelovarsko-bilogorskoj \u017eupaniji? - Agencija za elektroni\u010dke medije\",\"isPartOf\":{\"@id\":\"https:\/\/aem.hr\/#website\"},\"datePublished\":\"2025-02-20T14:49:06+00:00\",\"dateModified\":\"2025-02-20T14:49:48+00:00\",\"breadcrumb\":{\"@id\":\"https:\/\/aem.hr\/slavica-trgovac-martan-neiskoristeni-potencijal-ima-li-nade-za-povijesni-turizam-u-bjelovarsko-bilogorskoj-zupaniji\/#breadcrumb\"},\"inLanguage\":\"en-US\",\"potentialAction\":[{\"@type\":\"ReadAction\",\"target\":[\"https:\/\/aem.hr\/slavica-trgovac-martan-neiskoristeni-potencijal-ima-li-nade-za-povijesni-turizam-u-bjelovarsko-bilogorskoj-zupaniji\/\"]}]},{\"@type\":\"BreadcrumbList\",\"@id\":\"https:\/\/aem.hr\/slavica-trgovac-martan-neiskoristeni-potencijal-ima-li-nade-za-povijesni-turizam-u-bjelovarsko-bilogorskoj-zupaniji\/#breadcrumb\",\"itemListElement\":[{\"@type\":\"ListItem\",\"position\":1,\"name\":\"Po\u010detna stranica\",\"item\":\"https:\/\/aem.hr\/\"},{\"@type\":\"ListItem\",\"position\":2,\"name\":\"Slavica Trgovac Martan &#8211; Neiskori\u0161teni potencijal &#8211; Ima li nade za povijesni turizam u Bjelovarsko-bilogorskoj \u017eupaniji?\"}]},{\"@type\":\"WebSite\",\"@id\":\"https:\/\/aem.hr\/#website\",\"url\":\"https:\/\/aem.hr\/\",\"name\":\"Agencija za elektroni\u010dke medije\",\"description\":\"\",\"potentialAction\":[{\"@type\":\"SearchAction\",\"target\":{\"@type\":\"EntryPoint\",\"urlTemplate\":\"https:\/\/aem.hr\/?s={search_term_string}\"},\"query-input\":{\"@type\":\"PropertyValueSpecification\",\"valueRequired\":true,\"valueName\":\"search_term_string\"}}],\"inLanguage\":\"en-US\"}]}<\/script>\n<!-- \/ Yoast SEO plugin. -->","yoast_head_json":{"title":"Slavica Trgovac Martan - Neiskori\u0161teni potencijal - Ima li nade za povijesni turizam u Bjelovarsko-bilogorskoj \u017eupaniji? - Agencija za elektroni\u010dke medije","robots":{"index":"index","follow":"follow","max-snippet":"max-snippet:-1","max-image-preview":"max-image-preview:large","max-video-preview":"max-video-preview:-1"},"canonical":"https:\/\/aem.hr\/slavica-trgovac-martan-neiskoristeni-potencijal-ima-li-nade-za-povijesni-turizam-u-bjelovarsko-bilogorskoj-zupaniji\/","og_locale":"en_US","og_type":"article","og_title":"Slavica Trgovac Martan - Neiskori\u0161teni potencijal - Ima li nade za povijesni turizam u Bjelovarsko-bilogorskoj \u017eupaniji? - Agencija za elektroni\u010dke medije","og_url":"https:\/\/aem.hr\/slavica-trgovac-martan-neiskoristeni-potencijal-ima-li-nade-za-povijesni-turizam-u-bjelovarsko-bilogorskoj-zupaniji\/","og_site_name":"Agencija za elektroni\u010dke medije","article_modified_time":"2025-02-20T14:49:48+00:00","twitter_card":"summary_large_image","twitter_misc":{"Est. reading time":"1 minute"},"schema":{"@context":"https:\/\/schema.org","@graph":[{"@type":"WebPage","@id":"https:\/\/aem.hr\/slavica-trgovac-martan-neiskoristeni-potencijal-ima-li-nade-za-povijesni-turizam-u-bjelovarsko-bilogorskoj-zupaniji\/","url":"https:\/\/aem.hr\/slavica-trgovac-martan-neiskoristeni-potencijal-ima-li-nade-za-povijesni-turizam-u-bjelovarsko-bilogorskoj-zupaniji\/","name":"Slavica Trgovac Martan - Neiskori\u0161teni potencijal - Ima li nade za povijesni turizam u Bjelovarsko-bilogorskoj \u017eupaniji? - Agencija za elektroni\u010dke medije","isPartOf":{"@id":"https:\/\/aem.hr\/#website"},"datePublished":"2025-02-20T14:49:06+00:00","dateModified":"2025-02-20T14:49:48+00:00","breadcrumb":{"@id":"https:\/\/aem.hr\/slavica-trgovac-martan-neiskoristeni-potencijal-ima-li-nade-za-povijesni-turizam-u-bjelovarsko-bilogorskoj-zupaniji\/#breadcrumb"},"inLanguage":"en-US","potentialAction":[{"@type":"ReadAction","target":["https:\/\/aem.hr\/slavica-trgovac-martan-neiskoristeni-potencijal-ima-li-nade-za-povijesni-turizam-u-bjelovarsko-bilogorskoj-zupaniji\/"]}]},{"@type":"BreadcrumbList","@id":"https:\/\/aem.hr\/slavica-trgovac-martan-neiskoristeni-potencijal-ima-li-nade-za-povijesni-turizam-u-bjelovarsko-bilogorskoj-zupaniji\/#breadcrumb","itemListElement":[{"@type":"ListItem","position":1,"name":"Po\u010detna stranica","item":"https:\/\/aem.hr\/"},{"@type":"ListItem","position":2,"name":"Slavica Trgovac Martan &#8211; Neiskori\u0161teni potencijal &#8211; Ima li nade za povijesni turizam u Bjelovarsko-bilogorskoj \u017eupaniji?"}]},{"@type":"WebSite","@id":"https:\/\/aem.hr\/#website","url":"https:\/\/aem.hr\/","name":"Agencija za elektroni\u010dke medije","description":"","potentialAction":[{"@type":"SearchAction","target":{"@type":"EntryPoint","urlTemplate":"https:\/\/aem.hr\/?s={search_term_string}"},"query-input":{"@type":"PropertyValueSpecification","valueRequired":true,"valueName":"search_term_string"}}],"inLanguage":"en-US"}]}},"coauthors":[],"author_meta":{"author_link":"https:\/\/aem.hr\/en\/blog\/author\/mkirac\/","display_name":"Matko Kirac"},"relative_dates":{"created":"Posted 1 year ago","modified":"Updated 1 year ago"},"absolute_dates":{"created":"Posted on 20. February 2025.","modified":"Updated on 20. February 2025."},"absolute_dates_time":{"created":"Posted on 20. February 2025. 15:49","modified":"Updated on 20. February 2025. 15:49"},"featured_img_caption":"","featured_img":false,"series_order":"","_links":{"self":[{"href":"https:\/\/aem.hr\/en\/wp-json\/wp\/v2\/pages\/20164","targetHints":{"allow":["GET"]}}],"collection":[{"href":"https:\/\/aem.hr\/en\/wp-json\/wp\/v2\/pages"}],"about":[{"href":"https:\/\/aem.hr\/en\/wp-json\/wp\/v2\/types\/page"}],"author":[{"embeddable":true,"href":"https:\/\/aem.hr\/en\/wp-json\/wp\/v2\/users\/18"}],"replies":[{"embeddable":true,"href":"https:\/\/aem.hr\/en\/wp-json\/wp\/v2\/comments?post=20164"}],"version-history":[{"count":2,"href":"https:\/\/aem.hr\/en\/wp-json\/wp\/v2\/pages\/20164\/revisions"}],"predecessor-version":[{"id":20185,"href":"https:\/\/aem.hr\/en\/wp-json\/wp\/v2\/pages\/20164\/revisions\/20185"}],"wp:attachment":[{"href":"https:\/\/aem.hr\/en\/wp-json\/wp\/v2\/media?parent=20164"}],"curies":[{"name":"wp","href":"https:\/\/api.w.org\/{rel}","templated":true}]}}