{"id":20186,"date":"2025-02-20T15:50:58","date_gmt":"2025-02-20T14:50:58","guid":{"rendered":"http:\/\/aem.hr\/?page_id=20186"},"modified":"2025-02-20T15:50:59","modified_gmt":"2025-02-20T14:50:59","slug":"leon-tiska-zene-kao-nositeljice-suvremenih-trendova-u-hrvatskom-pcelarstvu","status":"publish","type":"page","link":"https:\/\/aem.hr\/en\/leon-tiska-zene-kao-nositeljice-suvremenih-trendova-u-hrvatskom-pcelarstvu\/","title":{"rendered":"Leon Tiska &#8211; \u017dene kao nositeljice suvremenih trendova u hrvatskom p\u010delarstvu"},"content":{"rendered":"\n<div class=\"wp-block-file\"><a id=\"wp-block-file--media-68ac249a-3afd-4bec-a630-eee24cf508b2\" href=\"https:\/\/aem.hr\/wp-content\/uploads\/2025\/02\/1.-Kako-to-da-pcelinjakom-.pdf\">1. Kako to da p\u010delinjakom<\/a><a href=\"https:\/\/aem.hr\/wp-content\/uploads\/2025\/02\/1.-Kako-to-da-pcelinjakom-.pdf\" class=\"wp-block-file__button wp-element-button\" download aria-describedby=\"wp-block-file--media-68ac249a-3afd-4bec-a630-eee24cf508b2\">Preuzimanje<\/a><\/div>\n\n\n\n<div class=\"wp-block-file\"><a id=\"wp-block-file--media-5b1a73b5-05cc-47a9-853e-449d68fcc2fb\" href=\"https:\/\/aem.hr\/wp-content\/uploads\/2025\/02\/2.-Suvremeni-trendovi-.pdf\">2. Suvremeni trendovi<\/a><a href=\"https:\/\/aem.hr\/wp-content\/uploads\/2025\/02\/2.-Suvremeni-trendovi-.pdf\" class=\"wp-block-file__button wp-element-button\" download aria-describedby=\"wp-block-file--media-5b1a73b5-05cc-47a9-853e-449d68fcc2fb\">Preuzimanje<\/a><\/div>\n\n\n\n<div class=\"wp-block-file\"><a id=\"wp-block-file--media-d9bd0160-0d7a-418c-a3d5-ce047ed288c2\" href=\"https:\/\/aem.hr\/wp-content\/uploads\/2025\/02\/3.-Gordana-Hegic-.pdf\">3. Gordana Hegi\u0107<\/a><a href=\"https:\/\/aem.hr\/wp-content\/uploads\/2025\/02\/3.-Gordana-Hegic-.pdf\" class=\"wp-block-file__button wp-element-button\" download aria-describedby=\"wp-block-file--media-d9bd0160-0d7a-418c-a3d5-ce047ed288c2\">Preuzimanje<\/a><\/div>\n\n\n\n<div class=\"wp-block-file\"><a id=\"wp-block-file--media-05648bb0-a679-4a87-a580-1605f64980fe\" href=\"https:\/\/aem.hr\/wp-content\/uploads\/2025\/02\/4.-Lidija-Svecnjak.pdf\">4. Lidija Sve\u010dnjak<\/a><a href=\"https:\/\/aem.hr\/wp-content\/uploads\/2025\/02\/4.-Lidija-Svecnjak.pdf\" class=\"wp-block-file__button wp-element-button\" download aria-describedby=\"wp-block-file--media-05648bb0-a679-4a87-a580-1605f64980fe\">Preuzimanje<\/a><\/div>\n\n\n\n<div class=\"wp-block-file\"><a id=\"wp-block-file--media-43668508-de14-4cd8-8a94-7cdd1c0664f5\" href=\"https:\/\/aem.hr\/wp-content\/uploads\/2025\/02\/5.-Josipa-Kujundzic.pdf\">5. Josipa Kujund\u017ei\u0107<\/a><a href=\"https:\/\/aem.hr\/wp-content\/uploads\/2025\/02\/5.-Josipa-Kujundzic.pdf\" class=\"wp-block-file__button wp-element-button\" download aria-describedby=\"wp-block-file--media-43668508-de14-4cd8-8a94-7cdd1c0664f5\">Preuzimanje<\/a><\/div>\n\n\n\n<div class=\"wp-block-file\"><a id=\"wp-block-file--media-a5ed0efd-f808-4ba5-94a2-43f225a7fd3b\" href=\"https:\/\/aem.hr\/wp-content\/uploads\/2025\/02\/6.-Luketa-Markovic.pdf\">6. Luketa Markovi\u0107<\/a><a href=\"https:\/\/aem.hr\/wp-content\/uploads\/2025\/02\/6.-Luketa-Markovic.pdf\" class=\"wp-block-file__button wp-element-button\" download aria-describedby=\"wp-block-file--media-a5ed0efd-f808-4ba5-94a2-43f225a7fd3b\">Preuzimanje<\/a><\/div>\n\n\n\n<div class=\"wp-block-file\"><a id=\"wp-block-file--media-29ccf1e4-add7-4905-a962-f82009175784\" href=\"https:\/\/aem.hr\/wp-content\/uploads\/2025\/02\/7.-Tanja-Schleis.pdf\">7. Tanja Schleis<\/a><a href=\"https:\/\/aem.hr\/wp-content\/uploads\/2025\/02\/7.-Tanja-Schleis.pdf\" class=\"wp-block-file__button wp-element-button\" download aria-describedby=\"wp-block-file--media-29ccf1e4-add7-4905-a962-f82009175784\">Preuzimanje<\/a><\/div>\n","protected":false},"excerpt":{"rendered":"","protected":false},"author":18,"featured_media":0,"parent":0,"menu_order":0,"comment_status":"closed","ping_status":"closed","template":"","meta":{"_acf_changed":false,"inline_featured_image":false,"advgb_blocks_editor_width":"","advgb_blocks_columns_visual_guide":"","_links_to":"","_links_to_type":0,"footnotes":""},"class_list":["post-20186","page","type-page","status-publish","hentry"],"acf":[],"yoast_head":"<!-- This site is optimized with the Yoast SEO plugin v25.7 - https:\/\/yoast.com\/wordpress\/plugins\/seo\/ -->\n<title>Leon Tiska - \u017dene kao nositeljice suvremenih trendova u hrvatskom p\u010delarstvu - Agencija za elektroni\u010dke medije<\/title>\n<meta name=\"robots\" content=\"index, follow, max-snippet:-1, max-image-preview:large, max-video-preview:-1\" \/>\n<link rel=\"canonical\" href=\"https:\/\/aem.hr\/leon-tiska-zene-kao-nositeljice-suvremenih-trendova-u-hrvatskom-pcelarstvu\/\" \/>\n<meta property=\"og:locale\" content=\"en_US\" \/>\n<meta property=\"og:type\" content=\"article\" \/>\n<meta property=\"og:title\" content=\"Leon Tiska - \u017dene kao nositeljice suvremenih trendova u hrvatskom p\u010delarstvu - Agencija za elektroni\u010dke medije\" \/>\n<meta property=\"og:url\" content=\"https:\/\/aem.hr\/leon-tiska-zene-kao-nositeljice-suvremenih-trendova-u-hrvatskom-pcelarstvu\/\" \/>\n<meta property=\"og:site_name\" content=\"Agencija za elektroni\u010dke medije\" \/>\n<meta property=\"article:modified_time\" content=\"2025-02-20T14:50:59+00:00\" \/>\n<meta name=\"twitter:card\" content=\"summary_large_image\" \/>\n<meta name=\"twitter:label1\" content=\"Est. reading time\" \/>\n\t<meta name=\"twitter:data1\" content=\"1 minute\" \/>\n<script type=\"application\/ld+json\" class=\"yoast-schema-graph\">{\"@context\":\"https:\/\/schema.org\",\"@graph\":[{\"@type\":\"WebPage\",\"@id\":\"https:\/\/aem.hr\/leon-tiska-zene-kao-nositeljice-suvremenih-trendova-u-hrvatskom-pcelarstvu\/\",\"url\":\"https:\/\/aem.hr\/leon-tiska-zene-kao-nositeljice-suvremenih-trendova-u-hrvatskom-pcelarstvu\/\",\"name\":\"Leon Tiska - \u017dene kao nositeljice suvremenih trendova u hrvatskom p\u010delarstvu - Agencija za elektroni\u010dke medije\",\"isPartOf\":{\"@id\":\"https:\/\/aem.hr\/#website\"},\"datePublished\":\"2025-02-20T14:50:58+00:00\",\"dateModified\":\"2025-02-20T14:50:59+00:00\",\"breadcrumb\":{\"@id\":\"https:\/\/aem.hr\/leon-tiska-zene-kao-nositeljice-suvremenih-trendova-u-hrvatskom-pcelarstvu\/#breadcrumb\"},\"inLanguage\":\"en-US\",\"potentialAction\":[{\"@type\":\"ReadAction\",\"target\":[\"https:\/\/aem.hr\/leon-tiska-zene-kao-nositeljice-suvremenih-trendova-u-hrvatskom-pcelarstvu\/\"]}]},{\"@type\":\"BreadcrumbList\",\"@id\":\"https:\/\/aem.hr\/leon-tiska-zene-kao-nositeljice-suvremenih-trendova-u-hrvatskom-pcelarstvu\/#breadcrumb\",\"itemListElement\":[{\"@type\":\"ListItem\",\"position\":1,\"name\":\"Po\u010detna stranica\",\"item\":\"https:\/\/aem.hr\/\"},{\"@type\":\"ListItem\",\"position\":2,\"name\":\"Leon Tiska &#8211; \u017dene kao nositeljice suvremenih trendova u hrvatskom p\u010delarstvu\"}]},{\"@type\":\"WebSite\",\"@id\":\"https:\/\/aem.hr\/#website\",\"url\":\"https:\/\/aem.hr\/\",\"name\":\"Agencija za elektroni\u010dke medije\",\"description\":\"\",\"potentialAction\":[{\"@type\":\"SearchAction\",\"target\":{\"@type\":\"EntryPoint\",\"urlTemplate\":\"https:\/\/aem.hr\/?s={search_term_string}\"},\"query-input\":{\"@type\":\"PropertyValueSpecification\",\"valueRequired\":true,\"valueName\":\"search_term_string\"}}],\"inLanguage\":\"en-US\"}]}<\/script>\n<!-- \/ Yoast SEO plugin. -->","yoast_head_json":{"title":"Leon Tiska - \u017dene kao nositeljice suvremenih trendova u hrvatskom p\u010delarstvu - Agencija za elektroni\u010dke medije","robots":{"index":"index","follow":"follow","max-snippet":"max-snippet:-1","max-image-preview":"max-image-preview:large","max-video-preview":"max-video-preview:-1"},"canonical":"https:\/\/aem.hr\/leon-tiska-zene-kao-nositeljice-suvremenih-trendova-u-hrvatskom-pcelarstvu\/","og_locale":"en_US","og_type":"article","og_title":"Leon Tiska - \u017dene kao nositeljice suvremenih trendova u hrvatskom p\u010delarstvu - Agencija za elektroni\u010dke medije","og_url":"https:\/\/aem.hr\/leon-tiska-zene-kao-nositeljice-suvremenih-trendova-u-hrvatskom-pcelarstvu\/","og_site_name":"Agencija za elektroni\u010dke medije","article_modified_time":"2025-02-20T14:50:59+00:00","twitter_card":"summary_large_image","twitter_misc":{"Est. reading time":"1 minute"},"schema":{"@context":"https:\/\/schema.org","@graph":[{"@type":"WebPage","@id":"https:\/\/aem.hr\/leon-tiska-zene-kao-nositeljice-suvremenih-trendova-u-hrvatskom-pcelarstvu\/","url":"https:\/\/aem.hr\/leon-tiska-zene-kao-nositeljice-suvremenih-trendova-u-hrvatskom-pcelarstvu\/","name":"Leon Tiska - \u017dene kao nositeljice suvremenih trendova u hrvatskom p\u010delarstvu - Agencija za elektroni\u010dke medije","isPartOf":{"@id":"https:\/\/aem.hr\/#website"},"datePublished":"2025-02-20T14:50:58+00:00","dateModified":"2025-02-20T14:50:59+00:00","breadcrumb":{"@id":"https:\/\/aem.hr\/leon-tiska-zene-kao-nositeljice-suvremenih-trendova-u-hrvatskom-pcelarstvu\/#breadcrumb"},"inLanguage":"en-US","potentialAction":[{"@type":"ReadAction","target":["https:\/\/aem.hr\/leon-tiska-zene-kao-nositeljice-suvremenih-trendova-u-hrvatskom-pcelarstvu\/"]}]},{"@type":"BreadcrumbList","@id":"https:\/\/aem.hr\/leon-tiska-zene-kao-nositeljice-suvremenih-trendova-u-hrvatskom-pcelarstvu\/#breadcrumb","itemListElement":[{"@type":"ListItem","position":1,"name":"Po\u010detna stranica","item":"https:\/\/aem.hr\/"},{"@type":"ListItem","position":2,"name":"Leon Tiska &#8211; \u017dene kao nositeljice suvremenih trendova u hrvatskom p\u010delarstvu"}]},{"@type":"WebSite","@id":"https:\/\/aem.hr\/#website","url":"https:\/\/aem.hr\/","name":"Agencija za elektroni\u010dke medije","description":"","potentialAction":[{"@type":"SearchAction","target":{"@type":"EntryPoint","urlTemplate":"https:\/\/aem.hr\/?s={search_term_string}"},"query-input":{"@type":"PropertyValueSpecification","valueRequired":true,"valueName":"search_term_string"}}],"inLanguage":"en-US"}]}},"coauthors":[],"author_meta":{"author_link":"https:\/\/aem.hr\/en\/blog\/author\/mkirac\/","display_name":"Matko Kirac"},"relative_dates":{"created":"Posted 1 year ago","modified":"Updated 1 year ago"},"absolute_dates":{"created":"Posted on 20. February 2025.","modified":"Updated on 20. February 2025."},"absolute_dates_time":{"created":"Posted on 20. February 2025. 15:50","modified":"Updated on 20. February 2025. 15:50"},"featured_img_caption":"","featured_img":false,"series_order":"","_links":{"self":[{"href":"https:\/\/aem.hr\/en\/wp-json\/wp\/v2\/pages\/20186","targetHints":{"allow":["GET"]}}],"collection":[{"href":"https:\/\/aem.hr\/en\/wp-json\/wp\/v2\/pages"}],"about":[{"href":"https:\/\/aem.hr\/en\/wp-json\/wp\/v2\/types\/page"}],"author":[{"embeddable":true,"href":"https:\/\/aem.hr\/en\/wp-json\/wp\/v2\/users\/18"}],"replies":[{"embeddable":true,"href":"https:\/\/aem.hr\/en\/wp-json\/wp\/v2\/comments?post=20186"}],"version-history":[{"count":1,"href":"https:\/\/aem.hr\/en\/wp-json\/wp\/v2\/pages\/20186\/revisions"}],"predecessor-version":[{"id":20199,"href":"https:\/\/aem.hr\/en\/wp-json\/wp\/v2\/pages\/20186\/revisions\/20199"}],"wp:attachment":[{"href":"https:\/\/aem.hr\/en\/wp-json\/wp\/v2\/media?parent=20186"}],"curies":[{"name":"wp","href":"https:\/\/api.w.org\/{rel}","templated":true}]}}