{"id":20210,"date":"2025-02-25T15:35:37","date_gmt":"2025-02-25T14:35:37","guid":{"rendered":"http:\/\/aem.hr\/?page_id=20210"},"modified":"2025-02-25T15:35:39","modified_gmt":"2025-02-25T14:35:39","slug":"ana-tenzera-kako-popraviti-sustav-za-popravljanje-maloljetni-delinkventi-izmedu-hormona-i-resetaka","status":"publish","type":"page","link":"https:\/\/aem.hr\/en\/ana-tenzera-kako-popraviti-sustav-za-popravljanje-maloljetni-delinkventi-izmedu-hormona-i-resetaka\/","title":{"rendered":"Ana Ten\u017eera &#8211; Kako popraviti sustav za popravljanje &#8211; maloljetni delinkventi izme\u0111u hormona i re\u0161etaka"},"content":{"rendered":"\n<div class=\"wp-block-file\"><a id=\"wp-block-file--media-3dc1dc79-2b34-4362-863a-0e0d3f68e966\" href=\"https:\/\/aem.hr\/wp-content\/uploads\/2025\/02\/1.-Lana-Peto-Kujundzic_-Djeci-nije-mjesto-u-zatvorskom-sustavu.pdf\">1. Lana Pet\u00f6 Kujund\u017ei\u0107_ Djeci nije mjesto u zatvorskom sustavu<\/a><a href=\"https:\/\/aem.hr\/wp-content\/uploads\/2025\/02\/1.-Lana-Peto-Kujundzic_-Djeci-nije-mjesto-u-zatvorskom-sustavu.pdf\" class=\"wp-block-file__button wp-element-button\" download aria-describedby=\"wp-block-file--media-3dc1dc79-2b34-4362-863a-0e0d3f68e966\">Preuzimanje<\/a><\/div>\n\n\n\n<div class=\"wp-block-file\"><a id=\"wp-block-file--media-432af8fe-515b-4a8b-8445-378f9c805ee1\" href=\"https:\/\/aem.hr\/wp-content\/uploads\/2025\/02\/2.-Pravobraniteljica-za-djecu_-Izostaju-europski-standardi.pdf\">2. Pravobraniteljica za djecu_ Izostaju europski standardi<\/a><a href=\"https:\/\/aem.hr\/wp-content\/uploads\/2025\/02\/2.-Pravobraniteljica-za-djecu_-Izostaju-europski-standardi.pdf\" class=\"wp-block-file__button wp-element-button\" download aria-describedby=\"wp-block-file--media-432af8fe-515b-4a8b-8445-378f9c805ee1\">Preuzimanje<\/a><\/div>\n\n\n\n<div class=\"wp-block-file\"><a id=\"wp-block-file--media-5fdc0b2e-8759-4378-9267-c1f95c69d618\" href=\"https:\/\/aem.hr\/wp-content\/uploads\/2025\/02\/3.-UZSP_-Da-se-slusa-zakon-o-zatvorskim-zavodima.pdf\">3. UZSP_ Da se slu\u0161a zakon o zatvorskim zavodima<\/a><a href=\"https:\/\/aem.hr\/wp-content\/uploads\/2025\/02\/3.-UZSP_-Da-se-slusa-zakon-o-zatvorskim-zavodima.pdf\" class=\"wp-block-file__button wp-element-button\" download aria-describedby=\"wp-block-file--media-5fdc0b2e-8759-4378-9267-c1f95c69d618\">Preuzimanje<\/a><\/div>\n\n\n\n<div class=\"wp-block-file\"><a id=\"wp-block-file--media-dfea0f13-8e03-47a9-800d-26c735188fbb\" href=\"https:\/\/aem.hr\/wp-content\/uploads\/2025\/02\/4.-Koja-je-razlika-pri-_lovu_-na-maloljetnog-pocinitelja-u-odnosu-na-odraslu-osobu.pdf\">4. Koja je razlika pri _lovu_ na maloljetnog po\u010dinitelja u odnosu na odraslu osobu<\/a><a href=\"https:\/\/aem.hr\/wp-content\/uploads\/2025\/02\/4.-Koja-je-razlika-pri-_lovu_-na-maloljetnog-pocinitelja-u-odnosu-na-odraslu-osobu.pdf\" class=\"wp-block-file__button wp-element-button\" download aria-describedby=\"wp-block-file--media-dfea0f13-8e03-47a9-800d-26c735188fbb\">Preuzimanje<\/a><\/div>\n\n\n\n<div class=\"wp-block-file\"><a id=\"wp-block-file--media-ccecea8c-b235-4396-81fa-6c7cc96076c7\" href=\"https:\/\/aem.hr\/wp-content\/uploads\/2025\/02\/5.-Vedrana-Simundza_-Ministarstvo-zdravstva-mora-osigurati.pdf\">5. Vedrana \u0160imund\u017ea_ Ministarstvo zdravstva mora osigurati<\/a><a href=\"https:\/\/aem.hr\/wp-content\/uploads\/2025\/02\/5.-Vedrana-Simundza_-Ministarstvo-zdravstva-mora-osigurati.pdf\" class=\"wp-block-file__button wp-element-button\" download aria-describedby=\"wp-block-file--media-ccecea8c-b235-4396-81fa-6c7cc96076c7\">Preuzimanje<\/a><\/div>\n\n\n\n<div class=\"wp-block-file\"><a id=\"wp-block-file--media-dbc5910f-d4b1-4943-8b3b-b57bd5fd2ff8\" href=\"https:\/\/aem.hr\/wp-content\/uploads\/2025\/02\/6.-Smjesteni-u-nehumanim-uvjetima_-Zasto-struka-uglavnom-suti.pdf\">6. Smje\u0161teni u nehumanim uvjetima_ Za\u0161to struka (uglavnom) \u0161uti<\/a><a href=\"https:\/\/aem.hr\/wp-content\/uploads\/2025\/02\/6.-Smjesteni-u-nehumanim-uvjetima_-Zasto-struka-uglavnom-suti.pdf\" class=\"wp-block-file__button wp-element-button\" download aria-describedby=\"wp-block-file--media-dbc5910f-d4b1-4943-8b3b-b57bd5fd2ff8\">Preuzimanje<\/a><\/div>\n\n\n\n<div class=\"wp-block-file\"><a id=\"wp-block-file--media-7b2b4c7b-6d9e-43e8-a56a-b2f695dbba1d\" href=\"https:\/\/aem.hr\/wp-content\/uploads\/2025\/02\/7.-Sto-je-ubrojivost-a-sto-neubrojivost_-Splitski-psihijatar-detaljno-pojasnjava.pdf\">7. \u0160to je ubrojivost, a \u0161to neubrojivost_ Splitski psihijatar detaljno poja\u0161njava<\/a><a href=\"https:\/\/aem.hr\/wp-content\/uploads\/2025\/02\/7.-Sto-je-ubrojivost-a-sto-neubrojivost_-Splitski-psihijatar-detaljno-pojasnjava.pdf\" class=\"wp-block-file__button wp-element-button\" download aria-describedby=\"wp-block-file--media-7b2b4c7b-6d9e-43e8-a56a-b2f695dbba1d\">Preuzimanje<\/a><\/div>\n\n\n\n<div class=\"wp-block-file\"><a id=\"wp-block-file--media-ff8ed661-392f-4e40-adea-1b1033795356\" href=\"https:\/\/aem.hr\/wp-content\/uploads\/2025\/02\/8.-Upravitelj-Odgojnog-zavoda-u-Turopolju-otkrio-nam-je-zapanjujuce-detalje.pdf\">8. Upravitelj Odgojnog zavoda u Turopolju otkrio nam je zapanjuju\u0107e detalje<\/a><a href=\"https:\/\/aem.hr\/wp-content\/uploads\/2025\/02\/8.-Upravitelj-Odgojnog-zavoda-u-Turopolju-otkrio-nam-je-zapanjujuce-detalje.pdf\" class=\"wp-block-file__button wp-element-button\" download aria-describedby=\"wp-block-file--media-ff8ed661-392f-4e40-adea-1b1033795356\">Preuzimanje<\/a><\/div>\n\n\n\n<div class=\"wp-block-file\"><a id=\"wp-block-file--media-71c70241-5ff2-4668-8516-9eedfab4c7d6\" href=\"https:\/\/aem.hr\/wp-content\/uploads\/2025\/02\/9.-Nije-uvijek-_ugodno-radno-okruzenje_-s-maloljetnim-pociniteljima.pdf\">9. Nije uvijek _ugodno radno okru\u017eenje_ s maloljetnim po\u010diniteljima<\/a><a href=\"https:\/\/aem.hr\/wp-content\/uploads\/2025\/02\/9.-Nije-uvijek-_ugodno-radno-okruzenje_-s-maloljetnim-pociniteljima.pdf\" class=\"wp-block-file__button wp-element-button\" download aria-describedby=\"wp-block-file--media-71c70241-5ff2-4668-8516-9eedfab4c7d6\">Preuzimanje<\/a><\/div>\n\n\n\n<div class=\"wp-block-file\"><a id=\"wp-block-file--media-e674e4e5-28f7-4767-a5eb-bf12ca370027\" href=\"https:\/\/aem.hr\/wp-content\/uploads\/2025\/02\/10.-Psihologinja-Odgojnog-zavoda-u-Turopolju.pdf\">10. Psihologinja Odgojnog zavoda u Turopolju<\/a><a href=\"https:\/\/aem.hr\/wp-content\/uploads\/2025\/02\/10.-Psihologinja-Odgojnog-zavoda-u-Turopolju.pdf\" class=\"wp-block-file__button wp-element-button\" download aria-describedby=\"wp-block-file--media-e674e4e5-28f7-4767-a5eb-bf12ca370027\">Preuzimanje<\/a><\/div>\n\n\n\n<div class=\"wp-block-file\"><a id=\"wp-block-file--media-032ac2e3-0c04-46a7-9c7d-6558f29bc3b6\" href=\"https:\/\/aem.hr\/wp-content\/uploads\/2025\/02\/11.-Zena-koja-ima-jako-tezak-specifican-i-vrlo-delikatan-posao.-Tamara-Martincevic.pdf\">11. \u017dena koja ima jako te\u017eak, specifi\u010dan i vrlo delikatan posao. Tamara Martin\u010devi\u0107<\/a><a href=\"https:\/\/aem.hr\/wp-content\/uploads\/2025\/02\/11.-Zena-koja-ima-jako-tezak-specifican-i-vrlo-delikatan-posao.-Tamara-Martincevic.pdf\" class=\"wp-block-file__button wp-element-button\" download aria-describedby=\"wp-block-file--media-032ac2e3-0c04-46a7-9c7d-6558f29bc3b6\">Preuzimanje<\/a><\/div>\n\n\n\n<div class=\"wp-block-file\"><a id=\"wp-block-file--media-90deb12b-996d-4c99-a0e1-27e3bf0dadd4\" href=\"https:\/\/aem.hr\/wp-content\/uploads\/2025\/02\/12.-Koliko-je-Hrvatska-spremna-pomoci-mladima-nakon-kazne.pdf\">12. Koliko je Hrvatska spremna pomo\u0107i mladima nakon kazne<\/a><a href=\"https:\/\/aem.hr\/wp-content\/uploads\/2025\/02\/12.-Koliko-je-Hrvatska-spremna-pomoci-mladima-nakon-kazne.pdf\" class=\"wp-block-file__button wp-element-button\" download aria-describedby=\"wp-block-file--media-90deb12b-996d-4c99-a0e1-27e3bf0dadd4\">Preuzimanje<\/a><\/div>\n\n\n\n<div class=\"wp-block-file\"><a id=\"wp-block-file--media-68a0462f-5e28-4fed-90d9-727cd14ee6e8\" href=\"https:\/\/aem.hr\/wp-content\/uploads\/2025\/02\/13.-OTVORIO-NAM-JE-DUSU-Ovo-je-skrivena-proslost-odvjetnika-Zvonimira-Hodaka.pdf\">13. OTVORIO NAM JE DU\u0160U Ovo je skrivena pro\u0161lost odvjetnika Zvonimira Hodaka<\/a><a href=\"https:\/\/aem.hr\/wp-content\/uploads\/2025\/02\/13.-OTVORIO-NAM-JE-DUSU-Ovo-je-skrivena-proslost-odvjetnika-Zvonimira-Hodaka.pdf\" class=\"wp-block-file__button wp-element-button\" download aria-describedby=\"wp-block-file--media-68a0462f-5e28-4fed-90d9-727cd14ee6e8\">Preuzimanje<\/a><\/div>\n\n\n\n<div class=\"wp-block-file\"><a id=\"wp-block-file--media-0291a609-720e-41f3-b0e2-5517c512b252\" href=\"https:\/\/aem.hr\/wp-content\/uploads\/2025\/02\/14.-Gospodin_-bez-dlake-na-jeziku_-_Vec-s-21-sam-napravio.pdf\">14. Gospodin_ bez dlake na jeziku_ _Ve\u0107 s 21 sam napravio<\/a><a href=\"https:\/\/aem.hr\/wp-content\/uploads\/2025\/02\/14.-Gospodin_-bez-dlake-na-jeziku_-_Vec-s-21-sam-napravio.pdf\" class=\"wp-block-file__button wp-element-button\" download aria-describedby=\"wp-block-file--media-0291a609-720e-41f3-b0e2-5517c512b252\">Preuzimanje<\/a><\/div>\n\n\n\n<div class=\"wp-block-file\"><a id=\"wp-block-file--media-60b58e04-94f7-4ee8-bad7-2842287bf632\" href=\"https:\/\/aem.hr\/wp-content\/uploads\/2025\/02\/15.-Gospoda-Ivana-otkrila-nam-je-potresne-i-uznemirujuce-detalje.pdf\">15. Gospo\u0111a Ivana otkrila nam je potresne i uznemiruju\u0107e detalje<\/a><a href=\"https:\/\/aem.hr\/wp-content\/uploads\/2025\/02\/15.-Gospoda-Ivana-otkrila-nam-je-potresne-i-uznemirujuce-detalje.pdf\" class=\"wp-block-file__button wp-element-button\" download aria-describedby=\"wp-block-file--media-60b58e04-94f7-4ee8-bad7-2842287bf632\">Preuzimanje<\/a><\/div>\n\n\n\n<div class=\"wp-block-file\"><a id=\"wp-block-file--media-868e887f-3fb2-4908-bc04-f3b25814367d\" href=\"https:\/\/aem.hr\/wp-content\/uploads\/2025\/02\/16.-Donose-li-maloljetnicki-zatvori-vise-stete-nego-koristi.pdf\">16. Donose li maloljetni\u010dki zatvori vi\u0161e \u0161tete nego koristi<\/a><a href=\"https:\/\/aem.hr\/wp-content\/uploads\/2025\/02\/16.-Donose-li-maloljetnicki-zatvori-vise-stete-nego-koristi.pdf\" class=\"wp-block-file__button wp-element-button\" download aria-describedby=\"wp-block-file--media-868e887f-3fb2-4908-bc04-f3b25814367d\">Preuzimanje<\/a><\/div>\n","protected":false},"excerpt":{"rendered":"","protected":false},"author":18,"featured_media":0,"parent":0,"menu_order":0,"comment_status":"closed","ping_status":"closed","template":"","meta":{"_acf_changed":false,"inline_featured_image":false,"advgb_blocks_editor_width":"","advgb_blocks_columns_visual_guide":"","_links_to":"","_links_to_type":0,"footnotes":""},"class_list":["post-20210","page","type-page","status-publish","hentry"],"acf":[],"yoast_head":"<!-- This site is optimized with the Yoast SEO plugin v25.7 - https:\/\/yoast.com\/wordpress\/plugins\/seo\/ -->\n<title>Ana Ten\u017eera - Kako popraviti sustav za popravljanje - maloljetni delinkventi izme\u0111u hormona i re\u0161etaka - Agencija za elektroni\u010dke medije<\/title>\n<meta name=\"robots\" content=\"index, follow, max-snippet:-1, max-image-preview:large, max-video-preview:-1\" \/>\n<link rel=\"canonical\" href=\"https:\/\/aem.hr\/ana-tenzera-kako-popraviti-sustav-za-popravljanje-maloljetni-delinkventi-izmedu-hormona-i-resetaka\/\" \/>\n<meta property=\"og:locale\" content=\"en_US\" \/>\n<meta property=\"og:type\" content=\"article\" \/>\n<meta property=\"og:title\" content=\"Ana Ten\u017eera - Kako popraviti sustav za popravljanje - maloljetni delinkventi izme\u0111u hormona i re\u0161etaka - Agencija za elektroni\u010dke medije\" \/>\n<meta property=\"og:url\" content=\"https:\/\/aem.hr\/ana-tenzera-kako-popraviti-sustav-za-popravljanje-maloljetni-delinkventi-izmedu-hormona-i-resetaka\/\" \/>\n<meta property=\"og:site_name\" content=\"Agencija za elektroni\u010dke medije\" \/>\n<meta property=\"article:modified_time\" content=\"2025-02-25T14:35:39+00:00\" \/>\n<meta name=\"twitter:card\" content=\"summary_large_image\" \/>\n<meta name=\"twitter:label1\" content=\"Est. reading time\" \/>\n\t<meta name=\"twitter:data1\" content=\"1 minute\" \/>\n<script type=\"application\/ld+json\" class=\"yoast-schema-graph\">{\"@context\":\"https:\/\/schema.org\",\"@graph\":[{\"@type\":\"WebPage\",\"@id\":\"https:\/\/aem.hr\/ana-tenzera-kako-popraviti-sustav-za-popravljanje-maloljetni-delinkventi-izmedu-hormona-i-resetaka\/\",\"url\":\"https:\/\/aem.hr\/ana-tenzera-kako-popraviti-sustav-za-popravljanje-maloljetni-delinkventi-izmedu-hormona-i-resetaka\/\",\"name\":\"Ana Ten\u017eera - Kako popraviti sustav za popravljanje - maloljetni delinkventi izme\u0111u hormona i re\u0161etaka - Agencija za elektroni\u010dke medije\",\"isPartOf\":{\"@id\":\"https:\/\/aem.hr\/#website\"},\"datePublished\":\"2025-02-25T14:35:37+00:00\",\"dateModified\":\"2025-02-25T14:35:39+00:00\",\"breadcrumb\":{\"@id\":\"https:\/\/aem.hr\/ana-tenzera-kako-popraviti-sustav-za-popravljanje-maloljetni-delinkventi-izmedu-hormona-i-resetaka\/#breadcrumb\"},\"inLanguage\":\"en-US\",\"potentialAction\":[{\"@type\":\"ReadAction\",\"target\":[\"https:\/\/aem.hr\/ana-tenzera-kako-popraviti-sustav-za-popravljanje-maloljetni-delinkventi-izmedu-hormona-i-resetaka\/\"]}]},{\"@type\":\"BreadcrumbList\",\"@id\":\"https:\/\/aem.hr\/ana-tenzera-kako-popraviti-sustav-za-popravljanje-maloljetni-delinkventi-izmedu-hormona-i-resetaka\/#breadcrumb\",\"itemListElement\":[{\"@type\":\"ListItem\",\"position\":1,\"name\":\"Po\u010detna stranica\",\"item\":\"https:\/\/aem.hr\/\"},{\"@type\":\"ListItem\",\"position\":2,\"name\":\"Ana Ten\u017eera &#8211; Kako popraviti sustav za popravljanje &#8211; maloljetni delinkventi izme\u0111u hormona i re\u0161etaka\"}]},{\"@type\":\"WebSite\",\"@id\":\"https:\/\/aem.hr\/#website\",\"url\":\"https:\/\/aem.hr\/\",\"name\":\"Agencija za elektroni\u010dke medije\",\"description\":\"\",\"potentialAction\":[{\"@type\":\"SearchAction\",\"target\":{\"@type\":\"EntryPoint\",\"urlTemplate\":\"https:\/\/aem.hr\/?s={search_term_string}\"},\"query-input\":{\"@type\":\"PropertyValueSpecification\",\"valueRequired\":true,\"valueName\":\"search_term_string\"}}],\"inLanguage\":\"en-US\"}]}<\/script>\n<!-- \/ Yoast SEO plugin. -->","yoast_head_json":{"title":"Ana Ten\u017eera - Kako popraviti sustav za popravljanje - maloljetni delinkventi izme\u0111u hormona i re\u0161etaka - Agencija za elektroni\u010dke medije","robots":{"index":"index","follow":"follow","max-snippet":"max-snippet:-1","max-image-preview":"max-image-preview:large","max-video-preview":"max-video-preview:-1"},"canonical":"https:\/\/aem.hr\/ana-tenzera-kako-popraviti-sustav-za-popravljanje-maloljetni-delinkventi-izmedu-hormona-i-resetaka\/","og_locale":"en_US","og_type":"article","og_title":"Ana Ten\u017eera - Kako popraviti sustav za popravljanje - maloljetni delinkventi izme\u0111u hormona i re\u0161etaka - Agencija za elektroni\u010dke medije","og_url":"https:\/\/aem.hr\/ana-tenzera-kako-popraviti-sustav-za-popravljanje-maloljetni-delinkventi-izmedu-hormona-i-resetaka\/","og_site_name":"Agencija za elektroni\u010dke medije","article_modified_time":"2025-02-25T14:35:39+00:00","twitter_card":"summary_large_image","twitter_misc":{"Est. reading time":"1 minute"},"schema":{"@context":"https:\/\/schema.org","@graph":[{"@type":"WebPage","@id":"https:\/\/aem.hr\/ana-tenzera-kako-popraviti-sustav-za-popravljanje-maloljetni-delinkventi-izmedu-hormona-i-resetaka\/","url":"https:\/\/aem.hr\/ana-tenzera-kako-popraviti-sustav-za-popravljanje-maloljetni-delinkventi-izmedu-hormona-i-resetaka\/","name":"Ana Ten\u017eera - Kako popraviti sustav za popravljanje - maloljetni delinkventi izme\u0111u hormona i re\u0161etaka - Agencija za elektroni\u010dke medije","isPartOf":{"@id":"https:\/\/aem.hr\/#website"},"datePublished":"2025-02-25T14:35:37+00:00","dateModified":"2025-02-25T14:35:39+00:00","breadcrumb":{"@id":"https:\/\/aem.hr\/ana-tenzera-kako-popraviti-sustav-za-popravljanje-maloljetni-delinkventi-izmedu-hormona-i-resetaka\/#breadcrumb"},"inLanguage":"en-US","potentialAction":[{"@type":"ReadAction","target":["https:\/\/aem.hr\/ana-tenzera-kako-popraviti-sustav-za-popravljanje-maloljetni-delinkventi-izmedu-hormona-i-resetaka\/"]}]},{"@type":"BreadcrumbList","@id":"https:\/\/aem.hr\/ana-tenzera-kako-popraviti-sustav-za-popravljanje-maloljetni-delinkventi-izmedu-hormona-i-resetaka\/#breadcrumb","itemListElement":[{"@type":"ListItem","position":1,"name":"Po\u010detna stranica","item":"https:\/\/aem.hr\/"},{"@type":"ListItem","position":2,"name":"Ana Ten\u017eera &#8211; Kako popraviti sustav za popravljanje &#8211; maloljetni delinkventi izme\u0111u hormona i re\u0161etaka"}]},{"@type":"WebSite","@id":"https:\/\/aem.hr\/#website","url":"https:\/\/aem.hr\/","name":"Agencija za elektroni\u010dke medije","description":"","potentialAction":[{"@type":"SearchAction","target":{"@type":"EntryPoint","urlTemplate":"https:\/\/aem.hr\/?s={search_term_string}"},"query-input":{"@type":"PropertyValueSpecification","valueRequired":true,"valueName":"search_term_string"}}],"inLanguage":"en-US"}]}},"coauthors":[],"author_meta":{"author_link":"https:\/\/aem.hr\/en\/blog\/author\/mkirac\/","display_name":"Matko Kirac"},"relative_dates":{"created":"Posted 1 year ago","modified":"Updated 1 year ago"},"absolute_dates":{"created":"Posted on 25. February 2025.","modified":"Updated on 25. February 2025."},"absolute_dates_time":{"created":"Posted on 25. February 2025. 15:35","modified":"Updated on 25. February 2025. 15:35"},"featured_img_caption":"","featured_img":false,"series_order":"","_links":{"self":[{"href":"https:\/\/aem.hr\/en\/wp-json\/wp\/v2\/pages\/20210","targetHints":{"allow":["GET"]}}],"collection":[{"href":"https:\/\/aem.hr\/en\/wp-json\/wp\/v2\/pages"}],"about":[{"href":"https:\/\/aem.hr\/en\/wp-json\/wp\/v2\/types\/page"}],"author":[{"embeddable":true,"href":"https:\/\/aem.hr\/en\/wp-json\/wp\/v2\/users\/18"}],"replies":[{"embeddable":true,"href":"https:\/\/aem.hr\/en\/wp-json\/wp\/v2\/comments?post=20210"}],"version-history":[{"count":1,"href":"https:\/\/aem.hr\/en\/wp-json\/wp\/v2\/pages\/20210\/revisions"}],"predecessor-version":[{"id":20243,"href":"https:\/\/aem.hr\/en\/wp-json\/wp\/v2\/pages\/20210\/revisions\/20243"}],"wp:attachment":[{"href":"https:\/\/aem.hr\/en\/wp-json\/wp\/v2\/media?parent=20210"}],"curies":[{"name":"wp","href":"https:\/\/api.w.org\/{rel}","templated":true}]}}