{"id":20245,"date":"2025-02-25T15:37:00","date_gmt":"2025-02-25T14:37:00","guid":{"rendered":"http:\/\/aem.hr\/?page_id=20245"},"modified":"2025-02-25T15:37:01","modified_gmt":"2025-02-25T14:37:01","slug":"branimir-gubic-mi-ne-oni-inkluzija-osoba-s-invaliditetom-u-zivot-i-poslanje-crkve","status":"publish","type":"page","link":"https:\/\/aem.hr\/en\/branimir-gubic-mi-ne-oni-inkluzija-osoba-s-invaliditetom-u-zivot-i-poslanje-crkve\/","title":{"rendered":"Branimir Gubi\u0107 &#8211; Mi, ne oni &#8211; inkluzija osoba s invaliditetom u \u017eivot i poslanje Crkve"},"content":{"rendered":"\n<div class=\"wp-block-file\"><a id=\"wp-block-file--media-2c17108c-02f3-4f59-95ed-60eaa9980a6d\" href=\"https:\/\/aem.hr\/wp-content\/uploads\/2025\/02\/1.-Mi-ne-oni-\u2013-inkluzija-osoba.pdf\">1. Mi, ne oni \u2013 inkluzija osoba<\/a><a href=\"https:\/\/aem.hr\/wp-content\/uploads\/2025\/02\/1.-Mi-ne-oni-\u2013-inkluzija-osoba.pdf\" class=\"wp-block-file__button wp-element-button\" download aria-describedby=\"wp-block-file--media-2c17108c-02f3-4f59-95ed-60eaa9980a6d\">Preuzimanje<\/a><\/div>\n\n\n\n<div class=\"wp-block-file\"><a id=\"wp-block-file--media-4740324f-142e-4329-a77a-5b0c3acb14ee\" href=\"https:\/\/aem.hr\/wp-content\/uploads\/2025\/02\/2.-Svjedocanstva-volontera-o-motivaciji.pdf\">2. Svjedo\u010danstva volontera o motivaciji<\/a><a href=\"https:\/\/aem.hr\/wp-content\/uploads\/2025\/02\/2.-Svjedocanstva-volontera-o-motivaciji.pdf\" class=\"wp-block-file__button wp-element-button\" download aria-describedby=\"wp-block-file--media-4740324f-142e-4329-a77a-5b0c3acb14ee\">Preuzimanje<\/a><\/div>\n\n\n\n<div class=\"wp-block-file\"><a id=\"wp-block-file--media-f7d4c75c-ce45-4018-9dfe-fcaeafa3e697\" href=\"https:\/\/aem.hr\/wp-content\/uploads\/2025\/02\/3.-Projekti-i-aktivnosti-Povjerenstva.pdf\">3. Projekti i aktivnosti Povjerenstva<\/a><a href=\"https:\/\/aem.hr\/wp-content\/uploads\/2025\/02\/3.-Projekti-i-aktivnosti-Povjerenstva.pdf\" class=\"wp-block-file__button wp-element-button\" download aria-describedby=\"wp-block-file--media-f7d4c75c-ce45-4018-9dfe-fcaeafa3e697\">Preuzimanje<\/a><\/div>\n\n\n\n<div class=\"wp-block-file\"><a id=\"wp-block-file--media-68ad25f8-cad4-43f9-ab31-3a2788b87a65\" href=\"https:\/\/aem.hr\/wp-content\/uploads\/2025\/02\/4.-Razgovor-s-roditeljima-djece-s.pdf\">4. Razgovor s roditeljima djece s<\/a><a href=\"https:\/\/aem.hr\/wp-content\/uploads\/2025\/02\/4.-Razgovor-s-roditeljima-djece-s.pdf\" class=\"wp-block-file__button wp-element-button\" download aria-describedby=\"wp-block-file--media-68ad25f8-cad4-43f9-ab31-3a2788b87a65\">Preuzimanje<\/a><\/div>\n\n\n\n<div class=\"wp-block-file\"><a id=\"wp-block-file--media-87ae22bb-9ad1-4c86-84fa-994d4a3a1d0c\" href=\"https:\/\/aem.hr\/wp-content\/uploads\/2025\/02\/5.-Zeljkica-Semper.pdf\">5. \u017deljkica \u0160emper<\/a><a href=\"https:\/\/aem.hr\/wp-content\/uploads\/2025\/02\/5.-Zeljkica-Semper.pdf\" class=\"wp-block-file__button wp-element-button\" download aria-describedby=\"wp-block-file--media-87ae22bb-9ad1-4c86-84fa-994d4a3a1d0c\">Preuzimanje<\/a><\/div>\n","protected":false},"excerpt":{"rendered":"","protected":false},"author":18,"featured_media":0,"parent":0,"menu_order":0,"comment_status":"closed","ping_status":"closed","template":"","meta":{"_acf_changed":false,"inline_featured_image":false,"advgb_blocks_editor_width":"","advgb_blocks_columns_visual_guide":"","_links_to":"","_links_to_type":0,"footnotes":""},"class_list":["post-20245","page","type-page","status-publish","hentry"],"acf":[],"yoast_head":"<!-- This site is optimized with the Yoast SEO plugin v25.7 - https:\/\/yoast.com\/wordpress\/plugins\/seo\/ -->\n<title>Branimir Gubi\u0107 - Mi, ne oni - inkluzija osoba s invaliditetom u \u017eivot i poslanje Crkve - Agencija za elektroni\u010dke medije<\/title>\n<meta name=\"robots\" content=\"index, follow, max-snippet:-1, max-image-preview:large, max-video-preview:-1\" \/>\n<link rel=\"canonical\" href=\"https:\/\/aem.hr\/branimir-gubic-mi-ne-oni-inkluzija-osoba-s-invaliditetom-u-zivot-i-poslanje-crkve\/\" \/>\n<meta property=\"og:locale\" content=\"en_US\" \/>\n<meta property=\"og:type\" content=\"article\" \/>\n<meta property=\"og:title\" content=\"Branimir Gubi\u0107 - Mi, ne oni - inkluzija osoba s invaliditetom u \u017eivot i poslanje Crkve - Agencija za elektroni\u010dke medije\" \/>\n<meta property=\"og:url\" content=\"https:\/\/aem.hr\/branimir-gubic-mi-ne-oni-inkluzija-osoba-s-invaliditetom-u-zivot-i-poslanje-crkve\/\" \/>\n<meta property=\"og:site_name\" content=\"Agencija za elektroni\u010dke medije\" \/>\n<meta property=\"article:modified_time\" content=\"2025-02-25T14:37:01+00:00\" \/>\n<meta name=\"twitter:card\" content=\"summary_large_image\" \/>\n<meta name=\"twitter:label1\" content=\"Est. reading time\" \/>\n\t<meta name=\"twitter:data1\" content=\"1 minute\" \/>\n<script type=\"application\/ld+json\" class=\"yoast-schema-graph\">{\"@context\":\"https:\/\/schema.org\",\"@graph\":[{\"@type\":\"WebPage\",\"@id\":\"https:\/\/aem.hr\/branimir-gubic-mi-ne-oni-inkluzija-osoba-s-invaliditetom-u-zivot-i-poslanje-crkve\/\",\"url\":\"https:\/\/aem.hr\/branimir-gubic-mi-ne-oni-inkluzija-osoba-s-invaliditetom-u-zivot-i-poslanje-crkve\/\",\"name\":\"Branimir Gubi\u0107 - Mi, ne oni - inkluzija osoba s invaliditetom u \u017eivot i poslanje Crkve - Agencija za elektroni\u010dke medije\",\"isPartOf\":{\"@id\":\"https:\/\/aem.hr\/#website\"},\"datePublished\":\"2025-02-25T14:37:00+00:00\",\"dateModified\":\"2025-02-25T14:37:01+00:00\",\"breadcrumb\":{\"@id\":\"https:\/\/aem.hr\/branimir-gubic-mi-ne-oni-inkluzija-osoba-s-invaliditetom-u-zivot-i-poslanje-crkve\/#breadcrumb\"},\"inLanguage\":\"en-US\",\"potentialAction\":[{\"@type\":\"ReadAction\",\"target\":[\"https:\/\/aem.hr\/branimir-gubic-mi-ne-oni-inkluzija-osoba-s-invaliditetom-u-zivot-i-poslanje-crkve\/\"]}]},{\"@type\":\"BreadcrumbList\",\"@id\":\"https:\/\/aem.hr\/branimir-gubic-mi-ne-oni-inkluzija-osoba-s-invaliditetom-u-zivot-i-poslanje-crkve\/#breadcrumb\",\"itemListElement\":[{\"@type\":\"ListItem\",\"position\":1,\"name\":\"Po\u010detna stranica\",\"item\":\"https:\/\/aem.hr\/\"},{\"@type\":\"ListItem\",\"position\":2,\"name\":\"Branimir Gubi\u0107 &#8211; Mi, ne oni &#8211; inkluzija osoba s invaliditetom u \u017eivot i poslanje Crkve\"}]},{\"@type\":\"WebSite\",\"@id\":\"https:\/\/aem.hr\/#website\",\"url\":\"https:\/\/aem.hr\/\",\"name\":\"Agencija za elektroni\u010dke medije\",\"description\":\"\",\"potentialAction\":[{\"@type\":\"SearchAction\",\"target\":{\"@type\":\"EntryPoint\",\"urlTemplate\":\"https:\/\/aem.hr\/?s={search_term_string}\"},\"query-input\":{\"@type\":\"PropertyValueSpecification\",\"valueRequired\":true,\"valueName\":\"search_term_string\"}}],\"inLanguage\":\"en-US\"}]}<\/script>\n<!-- \/ Yoast SEO plugin. -->","yoast_head_json":{"title":"Branimir Gubi\u0107 - Mi, ne oni - inkluzija osoba s invaliditetom u \u017eivot i poslanje Crkve - Agencija za elektroni\u010dke medije","robots":{"index":"index","follow":"follow","max-snippet":"max-snippet:-1","max-image-preview":"max-image-preview:large","max-video-preview":"max-video-preview:-1"},"canonical":"https:\/\/aem.hr\/branimir-gubic-mi-ne-oni-inkluzija-osoba-s-invaliditetom-u-zivot-i-poslanje-crkve\/","og_locale":"en_US","og_type":"article","og_title":"Branimir Gubi\u0107 - Mi, ne oni - inkluzija osoba s invaliditetom u \u017eivot i poslanje Crkve - Agencija za elektroni\u010dke medije","og_url":"https:\/\/aem.hr\/branimir-gubic-mi-ne-oni-inkluzija-osoba-s-invaliditetom-u-zivot-i-poslanje-crkve\/","og_site_name":"Agencija za elektroni\u010dke medije","article_modified_time":"2025-02-25T14:37:01+00:00","twitter_card":"summary_large_image","twitter_misc":{"Est. reading time":"1 minute"},"schema":{"@context":"https:\/\/schema.org","@graph":[{"@type":"WebPage","@id":"https:\/\/aem.hr\/branimir-gubic-mi-ne-oni-inkluzija-osoba-s-invaliditetom-u-zivot-i-poslanje-crkve\/","url":"https:\/\/aem.hr\/branimir-gubic-mi-ne-oni-inkluzija-osoba-s-invaliditetom-u-zivot-i-poslanje-crkve\/","name":"Branimir Gubi\u0107 - Mi, ne oni - inkluzija osoba s invaliditetom u \u017eivot i poslanje Crkve - Agencija za elektroni\u010dke medije","isPartOf":{"@id":"https:\/\/aem.hr\/#website"},"datePublished":"2025-02-25T14:37:00+00:00","dateModified":"2025-02-25T14:37:01+00:00","breadcrumb":{"@id":"https:\/\/aem.hr\/branimir-gubic-mi-ne-oni-inkluzija-osoba-s-invaliditetom-u-zivot-i-poslanje-crkve\/#breadcrumb"},"inLanguage":"en-US","potentialAction":[{"@type":"ReadAction","target":["https:\/\/aem.hr\/branimir-gubic-mi-ne-oni-inkluzija-osoba-s-invaliditetom-u-zivot-i-poslanje-crkve\/"]}]},{"@type":"BreadcrumbList","@id":"https:\/\/aem.hr\/branimir-gubic-mi-ne-oni-inkluzija-osoba-s-invaliditetom-u-zivot-i-poslanje-crkve\/#breadcrumb","itemListElement":[{"@type":"ListItem","position":1,"name":"Po\u010detna stranica","item":"https:\/\/aem.hr\/"},{"@type":"ListItem","position":2,"name":"Branimir Gubi\u0107 &#8211; Mi, ne oni &#8211; inkluzija osoba s invaliditetom u \u017eivot i poslanje Crkve"}]},{"@type":"WebSite","@id":"https:\/\/aem.hr\/#website","url":"https:\/\/aem.hr\/","name":"Agencija za elektroni\u010dke medije","description":"","potentialAction":[{"@type":"SearchAction","target":{"@type":"EntryPoint","urlTemplate":"https:\/\/aem.hr\/?s={search_term_string}"},"query-input":{"@type":"PropertyValueSpecification","valueRequired":true,"valueName":"search_term_string"}}],"inLanguage":"en-US"}]}},"coauthors":[],"author_meta":{"author_link":"https:\/\/aem.hr\/en\/blog\/author\/mkirac\/","display_name":"Matko Kirac"},"relative_dates":{"created":"Posted 1 year ago","modified":"Updated 1 year ago"},"absolute_dates":{"created":"Posted on 25. February 2025.","modified":"Updated on 25. February 2025."},"absolute_dates_time":{"created":"Posted on 25. February 2025. 15:37","modified":"Updated on 25. February 2025. 15:37"},"featured_img_caption":"","featured_img":false,"series_order":"","_links":{"self":[{"href":"https:\/\/aem.hr\/en\/wp-json\/wp\/v2\/pages\/20245","targetHints":{"allow":["GET"]}}],"collection":[{"href":"https:\/\/aem.hr\/en\/wp-json\/wp\/v2\/pages"}],"about":[{"href":"https:\/\/aem.hr\/en\/wp-json\/wp\/v2\/types\/page"}],"author":[{"embeddable":true,"href":"https:\/\/aem.hr\/en\/wp-json\/wp\/v2\/users\/18"}],"replies":[{"embeddable":true,"href":"https:\/\/aem.hr\/en\/wp-json\/wp\/v2\/comments?post=20245"}],"version-history":[{"count":1,"href":"https:\/\/aem.hr\/en\/wp-json\/wp\/v2\/pages\/20245\/revisions"}],"predecessor-version":[{"id":20255,"href":"https:\/\/aem.hr\/en\/wp-json\/wp\/v2\/pages\/20245\/revisions\/20255"}],"wp:attachment":[{"href":"https:\/\/aem.hr\/en\/wp-json\/wp\/v2\/media?parent=20245"}],"curies":[{"name":"wp","href":"https:\/\/api.w.org\/{rel}","templated":true}]}}