{"id":20257,"date":"2025-02-25T15:39:53","date_gmt":"2025-02-25T14:39:53","guid":{"rendered":"http:\/\/aem.hr\/?page_id=20257"},"modified":"2025-02-25T15:39:54","modified_gmt":"2025-02-25T14:39:54","slug":"deniver-vukelic-utjecaj-progona-vjestica-u-hrvatskoj-na-percepciju-zene-u-drustvu-21-stoljeca","status":"publish","type":"page","link":"https:\/\/aem.hr\/en\/deniver-vukelic-utjecaj-progona-vjestica-u-hrvatskoj-na-percepciju-zene-u-drustvu-21-stoljeca\/","title":{"rendered":"Deniver Vukeli\u0107 &#8211; Utjecaj progona vje\u0161tica u Hrvatskoj na percepciju \u017eene u dru\u0161tvu 21.stolje\u0107a"},"content":{"rendered":"\n<div class=\"wp-block-file\"><a id=\"wp-block-file--media-88f64887-fb24-4329-a16c-becc560f500a\" href=\"https:\/\/aem.hr\/wp-content\/uploads\/2025\/02\/1.-Tko-su-vjestice.pdf\">1. Tko su vje\u0161tice<\/a><a href=\"https:\/\/aem.hr\/wp-content\/uploads\/2025\/02\/1.-Tko-su-vjestice.pdf\" class=\"wp-block-file__button wp-element-button\" download aria-describedby=\"wp-block-file--media-88f64887-fb24-4329-a16c-becc560f500a\">Preuzimanje<\/a><\/div>\n\n\n\n<div class=\"wp-block-file\"><a id=\"wp-block-file--media-fd41a1cd-5633-498b-abcc-8bd3726e6b08\" href=\"https:\/\/aem.hr\/wp-content\/uploads\/2025\/02\/2.-Hereza-vjesticarstva-u-srednjovjekovnoj-Europi.pdf\">2. Hereza vje\u0161ti\u010darstva u srednjovjekovnoj Europi<\/a><a href=\"https:\/\/aem.hr\/wp-content\/uploads\/2025\/02\/2.-Hereza-vjesticarstva-u-srednjovjekovnoj-Europi.pdf\" class=\"wp-block-file__button wp-element-button\" download aria-describedby=\"wp-block-file--media-fd41a1cd-5633-498b-abcc-8bd3726e6b08\">Preuzimanje<\/a><\/div>\n\n\n\n<div class=\"wp-block-file\"><a id=\"wp-block-file--media-7af50284-1cd4-43a6-a8c0-0396152d5425\" href=\"https:\/\/aem.hr\/wp-content\/uploads\/2025\/02\/3.-Malj-koji-udara-vjestice.pdf\">3. Malj koji udara vje\u0161tice<\/a><a href=\"https:\/\/aem.hr\/wp-content\/uploads\/2025\/02\/3.-Malj-koji-udara-vjestice.pdf\" class=\"wp-block-file__button wp-element-button\" download aria-describedby=\"wp-block-file--media-7af50284-1cd4-43a6-a8c0-0396152d5425\">Preuzimanje<\/a><\/div>\n\n\n\n<div class=\"wp-block-file\"><a id=\"wp-block-file--media-18cb54f5-5426-454c-b4fc-66ad6f397925\" href=\"https:\/\/aem.hr\/wp-content\/uploads\/2025\/02\/4.-Protureformacija-kao-bojno-polje-protiv-vjestica.pdf\">4. Protureformacija kao bojno polje protiv vje\u0161tica<\/a><a href=\"https:\/\/aem.hr\/wp-content\/uploads\/2025\/02\/4.-Protureformacija-kao-bojno-polje-protiv-vjestica.pdf\" class=\"wp-block-file__button wp-element-button\" download aria-describedby=\"wp-block-file--media-18cb54f5-5426-454c-b4fc-66ad6f397925\">Preuzimanje<\/a><\/div>\n\n\n\n<div class=\"wp-block-file\"><a id=\"wp-block-file--media-1f8d9911-ee61-486f-8d65-0e4970a04dfd\" href=\"https:\/\/aem.hr\/wp-content\/uploads\/2025\/02\/5.-Sudenja-za-magijske-zlocine-u-sjevernoj-Hrvatskoj.pdf\">5. Su\u0111enja za magijske zlo\u010dine u sjevernoj Hrvatskoj<\/a><a href=\"https:\/\/aem.hr\/wp-content\/uploads\/2025\/02\/5.-Sudenja-za-magijske-zlocine-u-sjevernoj-Hrvatskoj.pdf\" class=\"wp-block-file__button wp-element-button\" download aria-describedby=\"wp-block-file--media-1f8d9911-ee61-486f-8d65-0e4970a04dfd\">Preuzimanje<\/a><\/div>\n\n\n\n<div class=\"wp-block-file\"><a id=\"wp-block-file--media-a3b3f15a-39e0-4f1c-9c36-238e214eb90a\" href=\"https:\/\/aem.hr\/wp-content\/uploads\/2025\/02\/6.-Progoni-vjestica-u-sjevernoj-Hrvatskoj.pdf\">6. Progoni vje\u0161tica u sjevernoj Hrvatskoj<\/a><a href=\"https:\/\/aem.hr\/wp-content\/uploads\/2025\/02\/6.-Progoni-vjestica-u-sjevernoj-Hrvatskoj.pdf\" class=\"wp-block-file__button wp-element-button\" download aria-describedby=\"wp-block-file--media-a3b3f15a-39e0-4f1c-9c36-238e214eb90a\">Preuzimanje<\/a><\/div>\n\n\n\n<div class=\"wp-block-file\"><a id=\"wp-block-file--media-8c9aefbb-fbcb-4243-bc59-4bdd850e0bb6\" href=\"https:\/\/aem.hr\/wp-content\/uploads\/2025\/02\/7.1-Progoni-vjestica-u-juznoj-Hrvatskoj.pdf\">7.1 Progoni vje\u0161tica u ju\u017enoj Hrvatskoj<\/a><a href=\"https:\/\/aem.hr\/wp-content\/uploads\/2025\/02\/7.1-Progoni-vjestica-u-juznoj-Hrvatskoj.pdf\" class=\"wp-block-file__button wp-element-button\" download aria-describedby=\"wp-block-file--media-8c9aefbb-fbcb-4243-bc59-4bdd850e0bb6\">Preuzimanje<\/a><\/div>\n\n\n\n<div class=\"wp-block-file\"><a id=\"wp-block-file--media-4fa0f2e3-0dc4-4e7d-ad2b-52fbfaa7cdec\" href=\"https:\/\/aem.hr\/wp-content\/uploads\/2025\/02\/7.2-Progoni-vjestica-u-juznoj-Hrvatskoj.pdf\">7.2 Progoni vje\u0161tica u ju\u017enoj Hrvatskoj<\/a><a href=\"https:\/\/aem.hr\/wp-content\/uploads\/2025\/02\/7.2-Progoni-vjestica-u-juznoj-Hrvatskoj.pdf\" class=\"wp-block-file__button wp-element-button\" download aria-describedby=\"wp-block-file--media-4fa0f2e3-0dc4-4e7d-ad2b-52fbfaa7cdec\">Preuzimanje<\/a><\/div>\n\n\n\n<div class=\"wp-block-file\"><a id=\"wp-block-file--media-a94bb66e-9e20-4546-b69e-c2e0aff8da96\" href=\"https:\/\/aem.hr\/wp-content\/uploads\/2025\/02\/7.3-Progoni-vjestica-u-juznoj-Hrvatskoj.pdf\">7.3 Progoni vje\u0161tica u ju\u017enoj Hrvatskoj<\/a><a href=\"https:\/\/aem.hr\/wp-content\/uploads\/2025\/02\/7.3-Progoni-vjestica-u-juznoj-Hrvatskoj.pdf\" class=\"wp-block-file__button wp-element-button\" download aria-describedby=\"wp-block-file--media-a94bb66e-9e20-4546-b69e-c2e0aff8da96\">Preuzimanje<\/a><\/div>\n\n\n\n<div class=\"wp-block-file\"><a id=\"wp-block-file--media-9985d465-f9c7-4b82-98b9-6e8cb2292194\" href=\"https:\/\/aem.hr\/wp-content\/uploads\/2025\/02\/8.-Marija-Terezija-i-prestanak-progona-vjestica.pdf\">8. Marija Terezija i prestanak progona vje\u0161tica<\/a><a href=\"https:\/\/aem.hr\/wp-content\/uploads\/2025\/02\/8.-Marija-Terezija-i-prestanak-progona-vjestica.pdf\" class=\"wp-block-file__button wp-element-button\" download aria-describedby=\"wp-block-file--media-9985d465-f9c7-4b82-98b9-6e8cb2292194\">Preuzimanje<\/a><\/div>\n\n\n\n<div class=\"wp-block-file\"><a id=\"wp-block-file--media-1a27f6f6-ec28-4578-89f2-c51f0196947e\" href=\"https:\/\/aem.hr\/wp-content\/uploads\/2025\/02\/9.-Istrazivanja-i-istrazivaci-progona-vjestica.pdf\">9. Istra\u017eivanja i istra\u017eiva\u010di progona vje\u0161tica<\/a><a href=\"https:\/\/aem.hr\/wp-content\/uploads\/2025\/02\/9.-Istrazivanja-i-istrazivaci-progona-vjestica.pdf\" class=\"wp-block-file__button wp-element-button\" download aria-describedby=\"wp-block-file--media-1a27f6f6-ec28-4578-89f2-c51f0196947e\">Preuzimanje<\/a><\/div>\n\n\n\n<div class=\"wp-block-file\"><a id=\"wp-block-file--media-f5775d58-4ed7-4270-ae36-f7e483188992\" href=\"https:\/\/aem.hr\/wp-content\/uploads\/2025\/02\/10.-Vjestice-u-suvremenoj-hrvatskoj-kulturi.pdf\">10. Vje\u0161tice u suvremenoj hrvatskoj kulturi<\/a><a href=\"https:\/\/aem.hr\/wp-content\/uploads\/2025\/02\/10.-Vjestice-u-suvremenoj-hrvatskoj-kulturi.pdf\" class=\"wp-block-file__button wp-element-button\" download aria-describedby=\"wp-block-file--media-f5775d58-4ed7-4270-ae36-f7e483188992\">Preuzimanje<\/a><\/div>\n","protected":false},"excerpt":{"rendered":"","protected":false},"author":18,"featured_media":0,"parent":0,"menu_order":0,"comment_status":"closed","ping_status":"closed","template":"","meta":{"_acf_changed":false,"inline_featured_image":false,"advgb_blocks_editor_width":"","advgb_blocks_columns_visual_guide":"","_links_to":"","_links_to_type":0,"footnotes":""},"class_list":["post-20257","page","type-page","status-publish","hentry"],"acf":[],"yoast_head":"<!-- This site is optimized with the Yoast SEO plugin v25.7 - https:\/\/yoast.com\/wordpress\/plugins\/seo\/ -->\n<title>Deniver Vukeli\u0107 - Utjecaj progona vje\u0161tica u Hrvatskoj na percepciju \u017eene u dru\u0161tvu 21.stolje\u0107a - Agencija za elektroni\u010dke medije<\/title>\n<meta name=\"robots\" content=\"index, follow, max-snippet:-1, max-image-preview:large, max-video-preview:-1\" \/>\n<link rel=\"canonical\" href=\"https:\/\/aem.hr\/deniver-vukelic-utjecaj-progona-vjestica-u-hrvatskoj-na-percepciju-zene-u-drustvu-21-stoljeca\/\" \/>\n<meta property=\"og:locale\" content=\"en_US\" \/>\n<meta property=\"og:type\" content=\"article\" \/>\n<meta property=\"og:title\" content=\"Deniver Vukeli\u0107 - Utjecaj progona vje\u0161tica u Hrvatskoj na percepciju \u017eene u dru\u0161tvu 21.stolje\u0107a - Agencija za elektroni\u010dke medije\" \/>\n<meta property=\"og:url\" content=\"https:\/\/aem.hr\/deniver-vukelic-utjecaj-progona-vjestica-u-hrvatskoj-na-percepciju-zene-u-drustvu-21-stoljeca\/\" \/>\n<meta property=\"og:site_name\" content=\"Agencija za elektroni\u010dke medije\" \/>\n<meta property=\"article:modified_time\" content=\"2025-02-25T14:39:54+00:00\" \/>\n<meta name=\"twitter:card\" content=\"summary_large_image\" \/>\n<meta name=\"twitter:label1\" content=\"Est. reading time\" \/>\n\t<meta name=\"twitter:data1\" content=\"1 minute\" \/>\n<script type=\"application\/ld+json\" class=\"yoast-schema-graph\">{\"@context\":\"https:\/\/schema.org\",\"@graph\":[{\"@type\":\"WebPage\",\"@id\":\"https:\/\/aem.hr\/deniver-vukelic-utjecaj-progona-vjestica-u-hrvatskoj-na-percepciju-zene-u-drustvu-21-stoljeca\/\",\"url\":\"https:\/\/aem.hr\/deniver-vukelic-utjecaj-progona-vjestica-u-hrvatskoj-na-percepciju-zene-u-drustvu-21-stoljeca\/\",\"name\":\"Deniver Vukeli\u0107 - Utjecaj progona vje\u0161tica u Hrvatskoj na percepciju \u017eene u dru\u0161tvu 21.stolje\u0107a - Agencija za elektroni\u010dke medije\",\"isPartOf\":{\"@id\":\"https:\/\/aem.hr\/#website\"},\"datePublished\":\"2025-02-25T14:39:53+00:00\",\"dateModified\":\"2025-02-25T14:39:54+00:00\",\"breadcrumb\":{\"@id\":\"https:\/\/aem.hr\/deniver-vukelic-utjecaj-progona-vjestica-u-hrvatskoj-na-percepciju-zene-u-drustvu-21-stoljeca\/#breadcrumb\"},\"inLanguage\":\"en-US\",\"potentialAction\":[{\"@type\":\"ReadAction\",\"target\":[\"https:\/\/aem.hr\/deniver-vukelic-utjecaj-progona-vjestica-u-hrvatskoj-na-percepciju-zene-u-drustvu-21-stoljeca\/\"]}]},{\"@type\":\"BreadcrumbList\",\"@id\":\"https:\/\/aem.hr\/deniver-vukelic-utjecaj-progona-vjestica-u-hrvatskoj-na-percepciju-zene-u-drustvu-21-stoljeca\/#breadcrumb\",\"itemListElement\":[{\"@type\":\"ListItem\",\"position\":1,\"name\":\"Po\u010detna stranica\",\"item\":\"https:\/\/aem.hr\/\"},{\"@type\":\"ListItem\",\"position\":2,\"name\":\"Deniver Vukeli\u0107 &#8211; Utjecaj progona vje\u0161tica u Hrvatskoj na percepciju \u017eene u dru\u0161tvu 21.stolje\u0107a\"}]},{\"@type\":\"WebSite\",\"@id\":\"https:\/\/aem.hr\/#website\",\"url\":\"https:\/\/aem.hr\/\",\"name\":\"Agencija za elektroni\u010dke medije\",\"description\":\"\",\"potentialAction\":[{\"@type\":\"SearchAction\",\"target\":{\"@type\":\"EntryPoint\",\"urlTemplate\":\"https:\/\/aem.hr\/?s={search_term_string}\"},\"query-input\":{\"@type\":\"PropertyValueSpecification\",\"valueRequired\":true,\"valueName\":\"search_term_string\"}}],\"inLanguage\":\"en-US\"}]}<\/script>\n<!-- \/ Yoast SEO plugin. -->","yoast_head_json":{"title":"Deniver Vukeli\u0107 - Utjecaj progona vje\u0161tica u Hrvatskoj na percepciju \u017eene u dru\u0161tvu 21.stolje\u0107a - Agencija za elektroni\u010dke medije","robots":{"index":"index","follow":"follow","max-snippet":"max-snippet:-1","max-image-preview":"max-image-preview:large","max-video-preview":"max-video-preview:-1"},"canonical":"https:\/\/aem.hr\/deniver-vukelic-utjecaj-progona-vjestica-u-hrvatskoj-na-percepciju-zene-u-drustvu-21-stoljeca\/","og_locale":"en_US","og_type":"article","og_title":"Deniver Vukeli\u0107 - Utjecaj progona vje\u0161tica u Hrvatskoj na percepciju \u017eene u dru\u0161tvu 21.stolje\u0107a - Agencija za elektroni\u010dke medije","og_url":"https:\/\/aem.hr\/deniver-vukelic-utjecaj-progona-vjestica-u-hrvatskoj-na-percepciju-zene-u-drustvu-21-stoljeca\/","og_site_name":"Agencija za elektroni\u010dke medije","article_modified_time":"2025-02-25T14:39:54+00:00","twitter_card":"summary_large_image","twitter_misc":{"Est. reading time":"1 minute"},"schema":{"@context":"https:\/\/schema.org","@graph":[{"@type":"WebPage","@id":"https:\/\/aem.hr\/deniver-vukelic-utjecaj-progona-vjestica-u-hrvatskoj-na-percepciju-zene-u-drustvu-21-stoljeca\/","url":"https:\/\/aem.hr\/deniver-vukelic-utjecaj-progona-vjestica-u-hrvatskoj-na-percepciju-zene-u-drustvu-21-stoljeca\/","name":"Deniver Vukeli\u0107 - Utjecaj progona vje\u0161tica u Hrvatskoj na percepciju \u017eene u dru\u0161tvu 21.stolje\u0107a - Agencija za elektroni\u010dke medije","isPartOf":{"@id":"https:\/\/aem.hr\/#website"},"datePublished":"2025-02-25T14:39:53+00:00","dateModified":"2025-02-25T14:39:54+00:00","breadcrumb":{"@id":"https:\/\/aem.hr\/deniver-vukelic-utjecaj-progona-vjestica-u-hrvatskoj-na-percepciju-zene-u-drustvu-21-stoljeca\/#breadcrumb"},"inLanguage":"en-US","potentialAction":[{"@type":"ReadAction","target":["https:\/\/aem.hr\/deniver-vukelic-utjecaj-progona-vjestica-u-hrvatskoj-na-percepciju-zene-u-drustvu-21-stoljeca\/"]}]},{"@type":"BreadcrumbList","@id":"https:\/\/aem.hr\/deniver-vukelic-utjecaj-progona-vjestica-u-hrvatskoj-na-percepciju-zene-u-drustvu-21-stoljeca\/#breadcrumb","itemListElement":[{"@type":"ListItem","position":1,"name":"Po\u010detna stranica","item":"https:\/\/aem.hr\/"},{"@type":"ListItem","position":2,"name":"Deniver Vukeli\u0107 &#8211; Utjecaj progona vje\u0161tica u Hrvatskoj na percepciju \u017eene u dru\u0161tvu 21.stolje\u0107a"}]},{"@type":"WebSite","@id":"https:\/\/aem.hr\/#website","url":"https:\/\/aem.hr\/","name":"Agencija za elektroni\u010dke medije","description":"","potentialAction":[{"@type":"SearchAction","target":{"@type":"EntryPoint","urlTemplate":"https:\/\/aem.hr\/?s={search_term_string}"},"query-input":{"@type":"PropertyValueSpecification","valueRequired":true,"valueName":"search_term_string"}}],"inLanguage":"en-US"}]}},"coauthors":[],"author_meta":{"author_link":"https:\/\/aem.hr\/en\/blog\/author\/mkirac\/","display_name":"Matko Kirac"},"relative_dates":{"created":"Posted 1 year ago","modified":"Updated 1 year ago"},"absolute_dates":{"created":"Posted on 25. February 2025.","modified":"Updated on 25. February 2025."},"absolute_dates_time":{"created":"Posted on 25. February 2025. 15:39","modified":"Updated on 25. February 2025. 15:39"},"featured_img_caption":"","featured_img":false,"series_order":"","_links":{"self":[{"href":"https:\/\/aem.hr\/en\/wp-json\/wp\/v2\/pages\/20257","targetHints":{"allow":["GET"]}}],"collection":[{"href":"https:\/\/aem.hr\/en\/wp-json\/wp\/v2\/pages"}],"about":[{"href":"https:\/\/aem.hr\/en\/wp-json\/wp\/v2\/types\/page"}],"author":[{"embeddable":true,"href":"https:\/\/aem.hr\/en\/wp-json\/wp\/v2\/users\/18"}],"replies":[{"embeddable":true,"href":"https:\/\/aem.hr\/en\/wp-json\/wp\/v2\/comments?post=20257"}],"version-history":[{"count":1,"href":"https:\/\/aem.hr\/en\/wp-json\/wp\/v2\/pages\/20257\/revisions"}],"predecessor-version":[{"id":20282,"href":"https:\/\/aem.hr\/en\/wp-json\/wp\/v2\/pages\/20257\/revisions\/20282"}],"wp:attachment":[{"href":"https:\/\/aem.hr\/en\/wp-json\/wp\/v2\/media?parent=20257"}],"curies":[{"name":"wp","href":"https:\/\/api.w.org\/{rel}","templated":true}]}}