{"id":20296,"date":"2025-02-25T15:42:42","date_gmt":"2025-02-25T14:42:42","guid":{"rendered":"http:\/\/aem.hr\/?page_id=20296"},"modified":"2025-02-25T15:42:43","modified_gmt":"2025-02-25T14:42:43","slug":"tomislav-pasicek-heroine-hrvatskog-sporta-zasto-su-sportasice-pa-i-najbolje-u-debeloj-sjeni-muskih-kolega","status":"publish","type":"page","link":"https:\/\/aem.hr\/en\/tomislav-pasicek-heroine-hrvatskog-sporta-zasto-su-sportasice-pa-i-najbolje-u-debeloj-sjeni-muskih-kolega\/","title":{"rendered":"Tomislav Pa\u0161i\u010dek &#8211; HEROINE HRVATSKOG SPORTA &#8211; Za\u0161to su sporta\u0161ice, pa i najbolje, u debeloj sjeni mu\u0161kih kolega?"},"content":{"rendered":"\n<div class=\"wp-block-file\"><a id=\"wp-block-file--media-c7e7e6a4-15ee-48ef-9cdc-0e6b139d3344\" href=\"https:\/\/aem.hr\/wp-content\/uploads\/2025\/02\/1.-Zasto-su-sportasice-u-debeloj-sjeni.pdf\">1. Za\u0161to su sporta\u0161ice u debeloj sjeni<\/a><a href=\"https:\/\/aem.hr\/wp-content\/uploads\/2025\/02\/1.-Zasto-su-sportasice-u-debeloj-sjeni.pdf\" class=\"wp-block-file__button wp-element-button\" download aria-describedby=\"wp-block-file--media-c7e7e6a4-15ee-48ef-9cdc-0e6b139d3344\">Preuzimanje<\/a><\/div>\n\n\n\n<div class=\"wp-block-file\"><a id=\"wp-block-file--media-b2785765-0808-47bb-9e14-d293d6569091\" href=\"https:\/\/aem.hr\/wp-content\/uploads\/2025\/02\/2.-Tamara-Boros.pdf\">2. Tamara Boro\u0161<\/a><a href=\"https:\/\/aem.hr\/wp-content\/uploads\/2025\/02\/2.-Tamara-Boros.pdf\" class=\"wp-block-file__button wp-element-button\" download aria-describedby=\"wp-block-file--media-b2785765-0808-47bb-9e14-d293d6569091\">Preuzimanje<\/a><\/div>\n\n\n\n<div class=\"wp-block-file\"><a id=\"wp-block-file--media-2feb46f2-c1b8-44cf-9edf-c31ae2ac969b\" href=\"https:\/\/aem.hr\/wp-content\/uploads\/2025\/02\/3.-Mirela-Kardasevic.pdf\">3. Mirela Karda\u0161evi\u0107<\/a><a href=\"https:\/\/aem.hr\/wp-content\/uploads\/2025\/02\/3.-Mirela-Kardasevic.pdf\" class=\"wp-block-file__button wp-element-button\" download aria-describedby=\"wp-block-file--media-2feb46f2-c1b8-44cf-9edf-c31ae2ac969b\">Preuzimanje<\/a><\/div>\n\n\n\n<div class=\"wp-block-file\"><a id=\"wp-block-file--media-f314de5c-8ba6-4842-9206-8d067bab82db\" href=\"https:\/\/aem.hr\/wp-content\/uploads\/2025\/02\/4.-Danira-Nakic-Bilic.pdf\">4. Danira Naki\u0107 Bili\u0107<\/a><a href=\"https:\/\/aem.hr\/wp-content\/uploads\/2025\/02\/4.-Danira-Nakic-Bilic.pdf\" class=\"wp-block-file__button wp-element-button\" download aria-describedby=\"wp-block-file--media-f314de5c-8ba6-4842-9206-8d067bab82db\">Preuzimanje<\/a><\/div>\n\n\n\n<div class=\"wp-block-file\"><a id=\"wp-block-file--media-3a5f25fa-1cc5-40bb-80b7-afbd7a55d179\" href=\"https:\/\/aem.hr\/wp-content\/uploads\/2025\/02\/5.-Milka-Babovic.pdf\">5. Milka Babovi\u0107<\/a><a href=\"https:\/\/aem.hr\/wp-content\/uploads\/2025\/02\/5.-Milka-Babovic.pdf\" class=\"wp-block-file__button wp-element-button\" download aria-describedby=\"wp-block-file--media-3a5f25fa-1cc5-40bb-80b7-afbd7a55d179\">Preuzimanje<\/a><\/div>\n\n\n\n<div class=\"wp-block-file\"><a id=\"wp-block-file--media-a232add5-bd31-489d-af3e-c90526d7c890\" href=\"https:\/\/aem.hr\/wp-content\/uploads\/2025\/02\/6.-Branka-Pereglin.pdf\">6. Branka Pereglin<\/a><a href=\"https:\/\/aem.hr\/wp-content\/uploads\/2025\/02\/6.-Branka-Pereglin.pdf\" class=\"wp-block-file__button wp-element-button\" download aria-describedby=\"wp-block-file--media-a232add5-bd31-489d-af3e-c90526d7c890\">Preuzimanje<\/a><\/div>\n\n\n\n<div class=\"wp-block-file\"><a id=\"wp-block-file--media-4f9892da-90dd-44c3-858e-85be347de218\" href=\"https:\/\/aem.hr\/wp-content\/uploads\/2025\/02\/7.-Sportasice-su-podfinancirane.pdf\">7. Sporta\u0161ice su podfinancirane<\/a><a href=\"https:\/\/aem.hr\/wp-content\/uploads\/2025\/02\/7.-Sportasice-su-podfinancirane.pdf\" class=\"wp-block-file__button wp-element-button\" download aria-describedby=\"wp-block-file--media-4f9892da-90dd-44c3-858e-85be347de218\">Preuzimanje<\/a><\/div>\n\n\n\n<div class=\"wp-block-file\"><a id=\"wp-block-file--media-7b3cff00-e7af-4ac6-a2da-7e734b15c7a8\" href=\"https:\/\/aem.hr\/wp-content\/uploads\/2025\/02\/8.-U-kakvom-se-svijetu-neravnopravnosti.pdf\">8. U kakvom se svijetu neravnopravnosti<\/a><a href=\"https:\/\/aem.hr\/wp-content\/uploads\/2025\/02\/8.-U-kakvom-se-svijetu-neravnopravnosti.pdf\" class=\"wp-block-file__button wp-element-button\" download aria-describedby=\"wp-block-file--media-7b3cff00-e7af-4ac6-a2da-7e734b15c7a8\">Preuzimanje<\/a><\/div>\n","protected":false},"excerpt":{"rendered":"","protected":false},"author":18,"featured_media":0,"parent":0,"menu_order":0,"comment_status":"closed","ping_status":"closed","template":"","meta":{"_acf_changed":false,"inline_featured_image":false,"advgb_blocks_editor_width":"","advgb_blocks_columns_visual_guide":"","_links_to":"","_links_to_type":0,"footnotes":""},"class_list":["post-20296","page","type-page","status-publish","hentry"],"acf":[],"yoast_head":"<!-- This site is optimized with the Yoast SEO plugin v25.7 - https:\/\/yoast.com\/wordpress\/plugins\/seo\/ -->\n<title>Tomislav Pa\u0161i\u010dek - HEROINE HRVATSKOG SPORTA - Za\u0161to su sporta\u0161ice, pa i najbolje, u debeloj sjeni mu\u0161kih kolega? - Agencija za elektroni\u010dke medije<\/title>\n<meta name=\"robots\" content=\"index, follow, max-snippet:-1, max-image-preview:large, max-video-preview:-1\" \/>\n<link rel=\"canonical\" href=\"https:\/\/aem.hr\/tomislav-pasicek-heroine-hrvatskog-sporta-zasto-su-sportasice-pa-i-najbolje-u-debeloj-sjeni-muskih-kolega\/\" \/>\n<meta property=\"og:locale\" content=\"en_US\" \/>\n<meta property=\"og:type\" content=\"article\" \/>\n<meta property=\"og:title\" content=\"Tomislav Pa\u0161i\u010dek - HEROINE HRVATSKOG SPORTA - Za\u0161to su sporta\u0161ice, pa i najbolje, u debeloj sjeni mu\u0161kih kolega? - Agencija za elektroni\u010dke medije\" \/>\n<meta property=\"og:url\" content=\"https:\/\/aem.hr\/tomislav-pasicek-heroine-hrvatskog-sporta-zasto-su-sportasice-pa-i-najbolje-u-debeloj-sjeni-muskih-kolega\/\" \/>\n<meta property=\"og:site_name\" content=\"Agencija za elektroni\u010dke medije\" \/>\n<meta property=\"article:modified_time\" content=\"2025-02-25T14:42:43+00:00\" \/>\n<meta name=\"twitter:card\" content=\"summary_large_image\" \/>\n<meta name=\"twitter:label1\" content=\"Est. reading time\" \/>\n\t<meta name=\"twitter:data1\" content=\"1 minute\" \/>\n<script type=\"application\/ld+json\" class=\"yoast-schema-graph\">{\"@context\":\"https:\/\/schema.org\",\"@graph\":[{\"@type\":\"WebPage\",\"@id\":\"https:\/\/aem.hr\/tomislav-pasicek-heroine-hrvatskog-sporta-zasto-su-sportasice-pa-i-najbolje-u-debeloj-sjeni-muskih-kolega\/\",\"url\":\"https:\/\/aem.hr\/tomislav-pasicek-heroine-hrvatskog-sporta-zasto-su-sportasice-pa-i-najbolje-u-debeloj-sjeni-muskih-kolega\/\",\"name\":\"Tomislav Pa\u0161i\u010dek - HEROINE HRVATSKOG SPORTA - Za\u0161to su sporta\u0161ice, pa i najbolje, u debeloj sjeni mu\u0161kih kolega? - Agencija za elektroni\u010dke medije\",\"isPartOf\":{\"@id\":\"https:\/\/aem.hr\/#website\"},\"datePublished\":\"2025-02-25T14:42:42+00:00\",\"dateModified\":\"2025-02-25T14:42:43+00:00\",\"breadcrumb\":{\"@id\":\"https:\/\/aem.hr\/tomislav-pasicek-heroine-hrvatskog-sporta-zasto-su-sportasice-pa-i-najbolje-u-debeloj-sjeni-muskih-kolega\/#breadcrumb\"},\"inLanguage\":\"en-US\",\"potentialAction\":[{\"@type\":\"ReadAction\",\"target\":[\"https:\/\/aem.hr\/tomislav-pasicek-heroine-hrvatskog-sporta-zasto-su-sportasice-pa-i-najbolje-u-debeloj-sjeni-muskih-kolega\/\"]}]},{\"@type\":\"BreadcrumbList\",\"@id\":\"https:\/\/aem.hr\/tomislav-pasicek-heroine-hrvatskog-sporta-zasto-su-sportasice-pa-i-najbolje-u-debeloj-sjeni-muskih-kolega\/#breadcrumb\",\"itemListElement\":[{\"@type\":\"ListItem\",\"position\":1,\"name\":\"Po\u010detna stranica\",\"item\":\"https:\/\/aem.hr\/\"},{\"@type\":\"ListItem\",\"position\":2,\"name\":\"Tomislav Pa\u0161i\u010dek &#8211; HEROINE HRVATSKOG SPORTA &#8211; Za\u0161to su sporta\u0161ice, pa i najbolje, u debeloj sjeni mu\u0161kih kolega?\"}]},{\"@type\":\"WebSite\",\"@id\":\"https:\/\/aem.hr\/#website\",\"url\":\"https:\/\/aem.hr\/\",\"name\":\"Agencija za elektroni\u010dke medije\",\"description\":\"\",\"potentialAction\":[{\"@type\":\"SearchAction\",\"target\":{\"@type\":\"EntryPoint\",\"urlTemplate\":\"https:\/\/aem.hr\/?s={search_term_string}\"},\"query-input\":{\"@type\":\"PropertyValueSpecification\",\"valueRequired\":true,\"valueName\":\"search_term_string\"}}],\"inLanguage\":\"en-US\"}]}<\/script>\n<!-- \/ Yoast SEO plugin. -->","yoast_head_json":{"title":"Tomislav Pa\u0161i\u010dek - HEROINE HRVATSKOG SPORTA - Za\u0161to su sporta\u0161ice, pa i najbolje, u debeloj sjeni mu\u0161kih kolega? - Agencija za elektroni\u010dke medije","robots":{"index":"index","follow":"follow","max-snippet":"max-snippet:-1","max-image-preview":"max-image-preview:large","max-video-preview":"max-video-preview:-1"},"canonical":"https:\/\/aem.hr\/tomislav-pasicek-heroine-hrvatskog-sporta-zasto-su-sportasice-pa-i-najbolje-u-debeloj-sjeni-muskih-kolega\/","og_locale":"en_US","og_type":"article","og_title":"Tomislav Pa\u0161i\u010dek - HEROINE HRVATSKOG SPORTA - Za\u0161to su sporta\u0161ice, pa i najbolje, u debeloj sjeni mu\u0161kih kolega? - Agencija za elektroni\u010dke medije","og_url":"https:\/\/aem.hr\/tomislav-pasicek-heroine-hrvatskog-sporta-zasto-su-sportasice-pa-i-najbolje-u-debeloj-sjeni-muskih-kolega\/","og_site_name":"Agencija za elektroni\u010dke medije","article_modified_time":"2025-02-25T14:42:43+00:00","twitter_card":"summary_large_image","twitter_misc":{"Est. reading time":"1 minute"},"schema":{"@context":"https:\/\/schema.org","@graph":[{"@type":"WebPage","@id":"https:\/\/aem.hr\/tomislav-pasicek-heroine-hrvatskog-sporta-zasto-su-sportasice-pa-i-najbolje-u-debeloj-sjeni-muskih-kolega\/","url":"https:\/\/aem.hr\/tomislav-pasicek-heroine-hrvatskog-sporta-zasto-su-sportasice-pa-i-najbolje-u-debeloj-sjeni-muskih-kolega\/","name":"Tomislav Pa\u0161i\u010dek - HEROINE HRVATSKOG SPORTA - Za\u0161to su sporta\u0161ice, pa i najbolje, u debeloj sjeni mu\u0161kih kolega? - Agencija za elektroni\u010dke medije","isPartOf":{"@id":"https:\/\/aem.hr\/#website"},"datePublished":"2025-02-25T14:42:42+00:00","dateModified":"2025-02-25T14:42:43+00:00","breadcrumb":{"@id":"https:\/\/aem.hr\/tomislav-pasicek-heroine-hrvatskog-sporta-zasto-su-sportasice-pa-i-najbolje-u-debeloj-sjeni-muskih-kolega\/#breadcrumb"},"inLanguage":"en-US","potentialAction":[{"@type":"ReadAction","target":["https:\/\/aem.hr\/tomislav-pasicek-heroine-hrvatskog-sporta-zasto-su-sportasice-pa-i-najbolje-u-debeloj-sjeni-muskih-kolega\/"]}]},{"@type":"BreadcrumbList","@id":"https:\/\/aem.hr\/tomislav-pasicek-heroine-hrvatskog-sporta-zasto-su-sportasice-pa-i-najbolje-u-debeloj-sjeni-muskih-kolega\/#breadcrumb","itemListElement":[{"@type":"ListItem","position":1,"name":"Po\u010detna stranica","item":"https:\/\/aem.hr\/"},{"@type":"ListItem","position":2,"name":"Tomislav Pa\u0161i\u010dek &#8211; HEROINE HRVATSKOG SPORTA &#8211; Za\u0161to su sporta\u0161ice, pa i najbolje, u debeloj sjeni mu\u0161kih kolega?"}]},{"@type":"WebSite","@id":"https:\/\/aem.hr\/#website","url":"https:\/\/aem.hr\/","name":"Agencija za elektroni\u010dke medije","description":"","potentialAction":[{"@type":"SearchAction","target":{"@type":"EntryPoint","urlTemplate":"https:\/\/aem.hr\/?s={search_term_string}"},"query-input":{"@type":"PropertyValueSpecification","valueRequired":true,"valueName":"search_term_string"}}],"inLanguage":"en-US"}]}},"coauthors":[],"author_meta":{"author_link":"https:\/\/aem.hr\/en\/blog\/author\/mkirac\/","display_name":"Matko Kirac"},"relative_dates":{"created":"Posted 1 year ago","modified":"Updated 1 year ago"},"absolute_dates":{"created":"Posted on 25. February 2025.","modified":"Updated on 25. February 2025."},"absolute_dates_time":{"created":"Posted on 25. February 2025. 15:42","modified":"Updated on 25. February 2025. 15:42"},"featured_img_caption":"","featured_img":false,"series_order":"","_links":{"self":[{"href":"https:\/\/aem.hr\/en\/wp-json\/wp\/v2\/pages\/20296","targetHints":{"allow":["GET"]}}],"collection":[{"href":"https:\/\/aem.hr\/en\/wp-json\/wp\/v2\/pages"}],"about":[{"href":"https:\/\/aem.hr\/en\/wp-json\/wp\/v2\/types\/page"}],"author":[{"embeddable":true,"href":"https:\/\/aem.hr\/en\/wp-json\/wp\/v2\/users\/18"}],"replies":[{"embeddable":true,"href":"https:\/\/aem.hr\/en\/wp-json\/wp\/v2\/comments?post=20296"}],"version-history":[{"count":1,"href":"https:\/\/aem.hr\/en\/wp-json\/wp\/v2\/pages\/20296\/revisions"}],"predecessor-version":[{"id":20314,"href":"https:\/\/aem.hr\/en\/wp-json\/wp\/v2\/pages\/20296\/revisions\/20314"}],"wp:attachment":[{"href":"https:\/\/aem.hr\/en\/wp-json\/wp\/v2\/media?parent=20296"}],"curies":[{"name":"wp","href":"https:\/\/api.w.org\/{rel}","templated":true}]}}