{"id":20316,"date":"2025-02-25T15:43:55","date_gmt":"2025-02-25T14:43:55","guid":{"rendered":"http:\/\/aem.hr\/?page_id=20316"},"modified":"2025-02-25T15:43:56","modified_gmt":"2025-02-25T14:43:56","slug":"sandra-petrz-petrovic-mracne-strane-zivota-svjedocanstva-ocaja-u-nasilju-nad-zenama","status":"publish","type":"page","link":"https:\/\/aem.hr\/en\/sandra-petrz-petrovic-mracne-strane-zivota-svjedocanstva-ocaja-u-nasilju-nad-zenama\/","title":{"rendered":"Sandra Petr\u017e Petrovi\u0107 &#8211; MRA\u010cNE STRANE \u017dIVOTA &#8211; Svjedo\u010danstva o\u010daja u nasilju nad \u017eenama"},"content":{"rendered":"\n<div class=\"wp-block-file\"><a id=\"wp-block-file--media-1c89089a-64df-4fe9-9cc8-45183ec1c00c\" href=\"https:\/\/aem.hr\/wp-content\/uploads\/2025\/02\/1.-Svjedocanstva-ocaja.pdf\">1. Svjedo\u010danstva o\u010daja<\/a><a href=\"https:\/\/aem.hr\/wp-content\/uploads\/2025\/02\/1.-Svjedocanstva-ocaja.pdf\" class=\"wp-block-file__button wp-element-button\" download aria-describedby=\"wp-block-file--media-1c89089a-64df-4fe9-9cc8-45183ec1c00c\">Preuzimanje<\/a><\/div>\n\n\n\n<div class=\"wp-block-file\"><a id=\"wp-block-file--media-95999920-d97b-493f-81a3-8d3aabf68239\" href=\"https:\/\/aem.hr\/wp-content\/uploads\/2025\/02\/2.-Muzevi-su.pdf\">2. Mu\u017eevi su<\/a><a href=\"https:\/\/aem.hr\/wp-content\/uploads\/2025\/02\/2.-Muzevi-su.pdf\" class=\"wp-block-file__button wp-element-button\" download aria-describedby=\"wp-block-file--media-95999920-d97b-493f-81a3-8d3aabf68239\">Preuzimanje<\/a><\/div>\n\n\n\n<div class=\"wp-block-file\"><a id=\"wp-block-file--media-5bcad2ce-0117-4596-999c-6565cc907a35\" href=\"https:\/\/aem.hr\/wp-content\/uploads\/2025\/02\/3.-Prosla-sam.pdf\">3. Pro\u0161la sam<\/a><a href=\"https:\/\/aem.hr\/wp-content\/uploads\/2025\/02\/3.-Prosla-sam.pdf\" class=\"wp-block-file__button wp-element-button\" download aria-describedby=\"wp-block-file--media-5bcad2ce-0117-4596-999c-6565cc907a35\">Preuzimanje<\/a><\/div>\n\n\n\n<div class=\"wp-block-file\"><a id=\"wp-block-file--media-9e0edf2d-28aa-4d1b-af71-cdca510447e7\" href=\"https:\/\/aem.hr\/wp-content\/uploads\/2025\/02\/4.-Trenuci-strave.pdf\">4. Trenuci strave<\/a><a href=\"https:\/\/aem.hr\/wp-content\/uploads\/2025\/02\/4.-Trenuci-strave.pdf\" class=\"wp-block-file__button wp-element-button\" download aria-describedby=\"wp-block-file--media-9e0edf2d-28aa-4d1b-af71-cdca510447e7\">Preuzimanje<\/a><\/div>\n\n\n\n<div class=\"wp-block-file\"><a id=\"wp-block-file--media-33a20093-186d-4d80-8aee-cd53e4909694\" href=\"https:\/\/aem.hr\/wp-content\/uploads\/2025\/02\/5.-U-paklu-batina-i-nasilja.pdf\">5. U paklu batina i nasilja<\/a><a href=\"https:\/\/aem.hr\/wp-content\/uploads\/2025\/02\/5.-U-paklu-batina-i-nasilja.pdf\" class=\"wp-block-file__button wp-element-button\" download aria-describedby=\"wp-block-file--media-33a20093-186d-4d80-8aee-cd53e4909694\">Preuzimanje<\/a><\/div>\n\n\n\n<div class=\"wp-block-file\"><a id=\"wp-block-file--media-7579127d-f5f9-4a1e-af1d-8812b468cdce\" href=\"https:\/\/aem.hr\/wp-content\/uploads\/2025\/02\/6.-Sanja-Major.pdf\">6. Sanja Major<\/a><a href=\"https:\/\/aem.hr\/wp-content\/uploads\/2025\/02\/6.-Sanja-Major.pdf\" class=\"wp-block-file__button wp-element-button\" download aria-describedby=\"wp-block-file--media-7579127d-f5f9-4a1e-af1d-8812b468cdce\">Preuzimanje<\/a><\/div>\n\n\n\n<div class=\"wp-block-file\"><a id=\"wp-block-file--media-9a8c6c82-c848-41ff-8e01-96d968f12ab3\" href=\"https:\/\/aem.hr\/wp-content\/uploads\/2025\/02\/7.-Tomljenovic.pdf\">7. Tomljenovi\u0107<\/a><a href=\"https:\/\/aem.hr\/wp-content\/uploads\/2025\/02\/7.-Tomljenovic.pdf\" class=\"wp-block-file__button wp-element-button\" download aria-describedby=\"wp-block-file--media-9a8c6c82-c848-41ff-8e01-96d968f12ab3\">Preuzimanje<\/a><\/div>\n","protected":false},"excerpt":{"rendered":"","protected":false},"author":18,"featured_media":0,"parent":0,"menu_order":0,"comment_status":"closed","ping_status":"closed","template":"","meta":{"_acf_changed":false,"inline_featured_image":false,"advgb_blocks_editor_width":"","advgb_blocks_columns_visual_guide":"","_links_to":"","_links_to_type":0,"footnotes":""},"class_list":["post-20316","page","type-page","status-publish","hentry"],"acf":[],"yoast_head":"<!-- This site is optimized with the Yoast SEO plugin v25.7 - https:\/\/yoast.com\/wordpress\/plugins\/seo\/ -->\n<title>Sandra Petr\u017e Petrovi\u0107 - MRA\u010cNE STRANE \u017dIVOTA - Svjedo\u010danstva o\u010daja u nasilju nad \u017eenama - Agencija za elektroni\u010dke medije<\/title>\n<meta name=\"robots\" content=\"index, follow, max-snippet:-1, max-image-preview:large, max-video-preview:-1\" \/>\n<link rel=\"canonical\" href=\"https:\/\/aem.hr\/sandra-petrz-petrovic-mracne-strane-zivota-svjedocanstva-ocaja-u-nasilju-nad-zenama\/\" \/>\n<meta property=\"og:locale\" content=\"en_US\" \/>\n<meta property=\"og:type\" content=\"article\" \/>\n<meta property=\"og:title\" content=\"Sandra Petr\u017e Petrovi\u0107 - MRA\u010cNE STRANE \u017dIVOTA - Svjedo\u010danstva o\u010daja u nasilju nad \u017eenama - Agencija za elektroni\u010dke medije\" \/>\n<meta property=\"og:url\" content=\"https:\/\/aem.hr\/sandra-petrz-petrovic-mracne-strane-zivota-svjedocanstva-ocaja-u-nasilju-nad-zenama\/\" \/>\n<meta property=\"og:site_name\" content=\"Agencija za elektroni\u010dke medije\" \/>\n<meta property=\"article:modified_time\" content=\"2025-02-25T14:43:56+00:00\" \/>\n<meta name=\"twitter:card\" content=\"summary_large_image\" \/>\n<meta name=\"twitter:label1\" content=\"Est. reading time\" \/>\n\t<meta name=\"twitter:data1\" content=\"1 minute\" \/>\n<script type=\"application\/ld+json\" class=\"yoast-schema-graph\">{\"@context\":\"https:\/\/schema.org\",\"@graph\":[{\"@type\":\"WebPage\",\"@id\":\"https:\/\/aem.hr\/sandra-petrz-petrovic-mracne-strane-zivota-svjedocanstva-ocaja-u-nasilju-nad-zenama\/\",\"url\":\"https:\/\/aem.hr\/sandra-petrz-petrovic-mracne-strane-zivota-svjedocanstva-ocaja-u-nasilju-nad-zenama\/\",\"name\":\"Sandra Petr\u017e Petrovi\u0107 - MRA\u010cNE STRANE \u017dIVOTA - Svjedo\u010danstva o\u010daja u nasilju nad \u017eenama - Agencija za elektroni\u010dke medije\",\"isPartOf\":{\"@id\":\"https:\/\/aem.hr\/#website\"},\"datePublished\":\"2025-02-25T14:43:55+00:00\",\"dateModified\":\"2025-02-25T14:43:56+00:00\",\"breadcrumb\":{\"@id\":\"https:\/\/aem.hr\/sandra-petrz-petrovic-mracne-strane-zivota-svjedocanstva-ocaja-u-nasilju-nad-zenama\/#breadcrumb\"},\"inLanguage\":\"en-US\",\"potentialAction\":[{\"@type\":\"ReadAction\",\"target\":[\"https:\/\/aem.hr\/sandra-petrz-petrovic-mracne-strane-zivota-svjedocanstva-ocaja-u-nasilju-nad-zenama\/\"]}]},{\"@type\":\"BreadcrumbList\",\"@id\":\"https:\/\/aem.hr\/sandra-petrz-petrovic-mracne-strane-zivota-svjedocanstva-ocaja-u-nasilju-nad-zenama\/#breadcrumb\",\"itemListElement\":[{\"@type\":\"ListItem\",\"position\":1,\"name\":\"Po\u010detna stranica\",\"item\":\"https:\/\/aem.hr\/\"},{\"@type\":\"ListItem\",\"position\":2,\"name\":\"Sandra Petr\u017e Petrovi\u0107 &#8211; MRA\u010cNE STRANE \u017dIVOTA &#8211; Svjedo\u010danstva o\u010daja u nasilju nad \u017eenama\"}]},{\"@type\":\"WebSite\",\"@id\":\"https:\/\/aem.hr\/#website\",\"url\":\"https:\/\/aem.hr\/\",\"name\":\"Agencija za elektroni\u010dke medije\",\"description\":\"\",\"potentialAction\":[{\"@type\":\"SearchAction\",\"target\":{\"@type\":\"EntryPoint\",\"urlTemplate\":\"https:\/\/aem.hr\/?s={search_term_string}\"},\"query-input\":{\"@type\":\"PropertyValueSpecification\",\"valueRequired\":true,\"valueName\":\"search_term_string\"}}],\"inLanguage\":\"en-US\"}]}<\/script>\n<!-- \/ Yoast SEO plugin. -->","yoast_head_json":{"title":"Sandra Petr\u017e Petrovi\u0107 - MRA\u010cNE STRANE \u017dIVOTA - Svjedo\u010danstva o\u010daja u nasilju nad \u017eenama - Agencija za elektroni\u010dke medije","robots":{"index":"index","follow":"follow","max-snippet":"max-snippet:-1","max-image-preview":"max-image-preview:large","max-video-preview":"max-video-preview:-1"},"canonical":"https:\/\/aem.hr\/sandra-petrz-petrovic-mracne-strane-zivota-svjedocanstva-ocaja-u-nasilju-nad-zenama\/","og_locale":"en_US","og_type":"article","og_title":"Sandra Petr\u017e Petrovi\u0107 - MRA\u010cNE STRANE \u017dIVOTA - Svjedo\u010danstva o\u010daja u nasilju nad \u017eenama - Agencija za elektroni\u010dke medije","og_url":"https:\/\/aem.hr\/sandra-petrz-petrovic-mracne-strane-zivota-svjedocanstva-ocaja-u-nasilju-nad-zenama\/","og_site_name":"Agencija za elektroni\u010dke medije","article_modified_time":"2025-02-25T14:43:56+00:00","twitter_card":"summary_large_image","twitter_misc":{"Est. reading time":"1 minute"},"schema":{"@context":"https:\/\/schema.org","@graph":[{"@type":"WebPage","@id":"https:\/\/aem.hr\/sandra-petrz-petrovic-mracne-strane-zivota-svjedocanstva-ocaja-u-nasilju-nad-zenama\/","url":"https:\/\/aem.hr\/sandra-petrz-petrovic-mracne-strane-zivota-svjedocanstva-ocaja-u-nasilju-nad-zenama\/","name":"Sandra Petr\u017e Petrovi\u0107 - MRA\u010cNE STRANE \u017dIVOTA - Svjedo\u010danstva o\u010daja u nasilju nad \u017eenama - Agencija za elektroni\u010dke medije","isPartOf":{"@id":"https:\/\/aem.hr\/#website"},"datePublished":"2025-02-25T14:43:55+00:00","dateModified":"2025-02-25T14:43:56+00:00","breadcrumb":{"@id":"https:\/\/aem.hr\/sandra-petrz-petrovic-mracne-strane-zivota-svjedocanstva-ocaja-u-nasilju-nad-zenama\/#breadcrumb"},"inLanguage":"en-US","potentialAction":[{"@type":"ReadAction","target":["https:\/\/aem.hr\/sandra-petrz-petrovic-mracne-strane-zivota-svjedocanstva-ocaja-u-nasilju-nad-zenama\/"]}]},{"@type":"BreadcrumbList","@id":"https:\/\/aem.hr\/sandra-petrz-petrovic-mracne-strane-zivota-svjedocanstva-ocaja-u-nasilju-nad-zenama\/#breadcrumb","itemListElement":[{"@type":"ListItem","position":1,"name":"Po\u010detna stranica","item":"https:\/\/aem.hr\/"},{"@type":"ListItem","position":2,"name":"Sandra Petr\u017e Petrovi\u0107 &#8211; MRA\u010cNE STRANE \u017dIVOTA &#8211; Svjedo\u010danstva o\u010daja u nasilju nad \u017eenama"}]},{"@type":"WebSite","@id":"https:\/\/aem.hr\/#website","url":"https:\/\/aem.hr\/","name":"Agencija za elektroni\u010dke medije","description":"","potentialAction":[{"@type":"SearchAction","target":{"@type":"EntryPoint","urlTemplate":"https:\/\/aem.hr\/?s={search_term_string}"},"query-input":{"@type":"PropertyValueSpecification","valueRequired":true,"valueName":"search_term_string"}}],"inLanguage":"en-US"}]}},"coauthors":[],"author_meta":{"author_link":"https:\/\/aem.hr\/en\/blog\/author\/mkirac\/","display_name":"Matko Kirac"},"relative_dates":{"created":"Posted 1 year ago","modified":"Updated 1 year ago"},"absolute_dates":{"created":"Posted on 25. February 2025.","modified":"Updated on 25. February 2025."},"absolute_dates_time":{"created":"Posted on 25. February 2025. 15:43","modified":"Updated on 25. February 2025. 15:43"},"featured_img_caption":"","featured_img":false,"series_order":"","_links":{"self":[{"href":"https:\/\/aem.hr\/en\/wp-json\/wp\/v2\/pages\/20316","targetHints":{"allow":["GET"]}}],"collection":[{"href":"https:\/\/aem.hr\/en\/wp-json\/wp\/v2\/pages"}],"about":[{"href":"https:\/\/aem.hr\/en\/wp-json\/wp\/v2\/types\/page"}],"author":[{"embeddable":true,"href":"https:\/\/aem.hr\/en\/wp-json\/wp\/v2\/users\/18"}],"replies":[{"embeddable":true,"href":"https:\/\/aem.hr\/en\/wp-json\/wp\/v2\/comments?post=20316"}],"version-history":[{"count":1,"href":"https:\/\/aem.hr\/en\/wp-json\/wp\/v2\/pages\/20316\/revisions"}],"predecessor-version":[{"id":20332,"href":"https:\/\/aem.hr\/en\/wp-json\/wp\/v2\/pages\/20316\/revisions\/20332"}],"wp:attachment":[{"href":"https:\/\/aem.hr\/en\/wp-json\/wp\/v2\/media?parent=20316"}],"curies":[{"name":"wp","href":"https:\/\/api.w.org\/{rel}","templated":true}]}}