{"id":20337,"date":"2025-02-26T14:05:43","date_gmt":"2025-02-26T13:05:43","guid":{"rendered":"http:\/\/aem.hr\/?page_id=20337"},"modified":"2025-02-26T14:05:44","modified_gmt":"2025-02-26T13:05:44","slug":"jasmina-dzanovic-gdje-su-nestale-stambene-zadruge","status":"publish","type":"page","link":"https:\/\/aem.hr\/en\/jasmina-dzanovic-gdje-su-nestale-stambene-zadruge\/","title":{"rendered":"Jasmina D\u017eanovi\u0107 &#8211; Gdje su nestale stambene zadruge?"},"content":{"rendered":"\n<div class=\"wp-block-file\"><a id=\"wp-block-file--media-1305affd-d5c3-4f98-b81b-d7c42bae564c\" href=\"https:\/\/aem.hr\/wp-content\/uploads\/2025\/02\/1.-Gdje-su-nestale-stambene-zadruge.pdf\">1. Gdje su nestale stambene zadruge<\/a><a href=\"https:\/\/aem.hr\/wp-content\/uploads\/2025\/02\/1.-Gdje-su-nestale-stambene-zadruge.pdf\" class=\"wp-block-file__button wp-element-button\" download aria-describedby=\"wp-block-file--media-1305affd-d5c3-4f98-b81b-d7c42bae564c\">Preuzimanje<\/a><\/div>\n\n\n\n<div class=\"wp-block-file\"><a id=\"wp-block-file--media-36e87112-1cc7-4c1b-8f6d-641621b568ad\" href=\"https:\/\/aem.hr\/wp-content\/uploads\/2025\/02\/2.-Psihologija-Hrvata-Jesmo-li-spremni.pdf\">2. Psihologija Hrvata &#8211; Jesmo li spremni<\/a><a href=\"https:\/\/aem.hr\/wp-content\/uploads\/2025\/02\/2.-Psihologija-Hrvata-Jesmo-li-spremni.pdf\" class=\"wp-block-file__button wp-element-button\" download aria-describedby=\"wp-block-file--media-36e87112-1cc7-4c1b-8f6d-641621b568ad\">Preuzimanje<\/a><\/div>\n\n\n\n<div class=\"wp-block-file\"><a id=\"wp-block-file--media-7dc426e5-36e6-46f9-8d6c-1ff3797209cd\" href=\"https:\/\/aem.hr\/wp-content\/uploads\/2025\/02\/3.-Je-li-lokalna-samouprava-spremna-za.pdf\">3. Je li lokalna samouprava spremna za<\/a><a href=\"https:\/\/aem.hr\/wp-content\/uploads\/2025\/02\/3.-Je-li-lokalna-samouprava-spremna-za.pdf\" class=\"wp-block-file__button wp-element-button\" download aria-describedby=\"wp-block-file--media-7dc426e5-36e6-46f9-8d6c-1ff3797209cd\">Preuzimanje<\/a><\/div>\n\n\n\n<div class=\"wp-block-file\"><a id=\"wp-block-file--media-b7721ae3-0b1d-4479-8c29-9d70453ca8de\" href=\"https:\/\/aem.hr\/wp-content\/uploads\/2025\/02\/4.-Pokrecem-stambenu-zadrugu.pdf\">4. Pokre\u0107em stambenu zadrugu<\/a><a href=\"https:\/\/aem.hr\/wp-content\/uploads\/2025\/02\/4.-Pokrecem-stambenu-zadrugu.pdf\" class=\"wp-block-file__button wp-element-button\" download aria-describedby=\"wp-block-file--media-b7721ae3-0b1d-4479-8c29-9d70453ca8de\">Preuzimanje<\/a><\/div>\n\n\n\n<div class=\"wp-block-file\"><a id=\"wp-block-file--media-c34eb3de-115a-45f5-865b-0d2c5d0643e3\" href=\"https:\/\/aem.hr\/wp-content\/uploads\/2025\/02\/5.-Vracaju-li-se-stambene.pdf\">5. Vra\u0107aju li se stambene<\/a><a href=\"https:\/\/aem.hr\/wp-content\/uploads\/2025\/02\/5.-Vracaju-li-se-stambene.pdf\" class=\"wp-block-file__button wp-element-button\" download aria-describedby=\"wp-block-file--media-c34eb3de-115a-45f5-865b-0d2c5d0643e3\">Preuzimanje<\/a><\/div>\n\n\n\n<div class=\"wp-block-file\"><a id=\"wp-block-file--media-75214e74-997f-41f1-99d0-ab02aebec954\" href=\"https:\/\/aem.hr\/wp-content\/uploads\/2025\/02\/6.-PRIUSTIVO-STANOVANJE-Sto-rade.pdf\">6. PRIU\u0160TIVO STANOVANJE &#8211; \u0160to rade<\/a><a href=\"https:\/\/aem.hr\/wp-content\/uploads\/2025\/02\/6.-PRIUSTIVO-STANOVANJE-Sto-rade.pdf\" class=\"wp-block-file__button wp-element-button\" download aria-describedby=\"wp-block-file--media-75214e74-997f-41f1-99d0-ab02aebec954\">PreuPreuzimanjezmi<\/a><\/div>\n\n\n\n<div class=\"wp-block-file\"><a id=\"wp-block-file--media-e01897b6-2b0d-4ab8-861f-b28f59de5103\" href=\"https:\/\/aem.hr\/wp-content\/uploads\/2025\/02\/7.-Stambene-zadruge.pdf\">7. Stambene zadruge<\/a><a href=\"https:\/\/aem.hr\/wp-content\/uploads\/2025\/02\/7.-Stambene-zadruge.pdf\" class=\"wp-block-file__button wp-element-button\" download aria-describedby=\"wp-block-file--media-e01897b6-2b0d-4ab8-861f-b28f59de5103\">Preuzimanje<\/a><\/div>\n","protected":false},"excerpt":{"rendered":"","protected":false},"author":18,"featured_media":0,"parent":0,"menu_order":0,"comment_status":"closed","ping_status":"closed","template":"","meta":{"_acf_changed":false,"inline_featured_image":false,"advgb_blocks_editor_width":"","advgb_blocks_columns_visual_guide":"","_links_to":"","_links_to_type":0,"footnotes":""},"class_list":["post-20337","page","type-page","status-publish","hentry"],"acf":[],"yoast_head":"<!-- This site is optimized with the Yoast SEO plugin v25.7 - https:\/\/yoast.com\/wordpress\/plugins\/seo\/ -->\n<title>Jasmina D\u017eanovi\u0107 - Gdje su nestale stambene zadruge? - Agencija za elektroni\u010dke medije<\/title>\n<meta name=\"robots\" content=\"index, follow, max-snippet:-1, max-image-preview:large, max-video-preview:-1\" \/>\n<link rel=\"canonical\" href=\"https:\/\/aem.hr\/jasmina-dzanovic-gdje-su-nestale-stambene-zadruge\/\" \/>\n<meta property=\"og:locale\" content=\"en_US\" \/>\n<meta property=\"og:type\" content=\"article\" \/>\n<meta property=\"og:title\" content=\"Jasmina D\u017eanovi\u0107 - Gdje su nestale stambene zadruge? - Agencija za elektroni\u010dke medije\" \/>\n<meta property=\"og:url\" content=\"https:\/\/aem.hr\/jasmina-dzanovic-gdje-su-nestale-stambene-zadruge\/\" \/>\n<meta property=\"og:site_name\" content=\"Agencija za elektroni\u010dke medije\" \/>\n<meta property=\"article:modified_time\" content=\"2025-02-26T13:05:44+00:00\" \/>\n<meta name=\"twitter:card\" content=\"summary_large_image\" \/>\n<meta name=\"twitter:label1\" content=\"Est. reading time\" \/>\n\t<meta name=\"twitter:data1\" content=\"1 minute\" \/>\n<script type=\"application\/ld+json\" class=\"yoast-schema-graph\">{\"@context\":\"https:\/\/schema.org\",\"@graph\":[{\"@type\":\"WebPage\",\"@id\":\"https:\/\/aem.hr\/jasmina-dzanovic-gdje-su-nestale-stambene-zadruge\/\",\"url\":\"https:\/\/aem.hr\/jasmina-dzanovic-gdje-su-nestale-stambene-zadruge\/\",\"name\":\"Jasmina D\u017eanovi\u0107 - Gdje su nestale stambene zadruge? - Agencija za elektroni\u010dke medije\",\"isPartOf\":{\"@id\":\"https:\/\/aem.hr\/#website\"},\"datePublished\":\"2025-02-26T13:05:43+00:00\",\"dateModified\":\"2025-02-26T13:05:44+00:00\",\"breadcrumb\":{\"@id\":\"https:\/\/aem.hr\/jasmina-dzanovic-gdje-su-nestale-stambene-zadruge\/#breadcrumb\"},\"inLanguage\":\"en-US\",\"potentialAction\":[{\"@type\":\"ReadAction\",\"target\":[\"https:\/\/aem.hr\/jasmina-dzanovic-gdje-su-nestale-stambene-zadruge\/\"]}]},{\"@type\":\"BreadcrumbList\",\"@id\":\"https:\/\/aem.hr\/jasmina-dzanovic-gdje-su-nestale-stambene-zadruge\/#breadcrumb\",\"itemListElement\":[{\"@type\":\"ListItem\",\"position\":1,\"name\":\"Po\u010detna stranica\",\"item\":\"https:\/\/aem.hr\/\"},{\"@type\":\"ListItem\",\"position\":2,\"name\":\"Jasmina D\u017eanovi\u0107 &#8211; Gdje su nestale stambene zadruge?\"}]},{\"@type\":\"WebSite\",\"@id\":\"https:\/\/aem.hr\/#website\",\"url\":\"https:\/\/aem.hr\/\",\"name\":\"Agencija za elektroni\u010dke medije\",\"description\":\"\",\"potentialAction\":[{\"@type\":\"SearchAction\",\"target\":{\"@type\":\"EntryPoint\",\"urlTemplate\":\"https:\/\/aem.hr\/?s={search_term_string}\"},\"query-input\":{\"@type\":\"PropertyValueSpecification\",\"valueRequired\":true,\"valueName\":\"search_term_string\"}}],\"inLanguage\":\"en-US\"}]}<\/script>\n<!-- \/ Yoast SEO plugin. -->","yoast_head_json":{"title":"Jasmina D\u017eanovi\u0107 - Gdje su nestale stambene zadruge? - Agencija za elektroni\u010dke medije","robots":{"index":"index","follow":"follow","max-snippet":"max-snippet:-1","max-image-preview":"max-image-preview:large","max-video-preview":"max-video-preview:-1"},"canonical":"https:\/\/aem.hr\/jasmina-dzanovic-gdje-su-nestale-stambene-zadruge\/","og_locale":"en_US","og_type":"article","og_title":"Jasmina D\u017eanovi\u0107 - Gdje su nestale stambene zadruge? - Agencija za elektroni\u010dke medije","og_url":"https:\/\/aem.hr\/jasmina-dzanovic-gdje-su-nestale-stambene-zadruge\/","og_site_name":"Agencija za elektroni\u010dke medije","article_modified_time":"2025-02-26T13:05:44+00:00","twitter_card":"summary_large_image","twitter_misc":{"Est. reading time":"1 minute"},"schema":{"@context":"https:\/\/schema.org","@graph":[{"@type":"WebPage","@id":"https:\/\/aem.hr\/jasmina-dzanovic-gdje-su-nestale-stambene-zadruge\/","url":"https:\/\/aem.hr\/jasmina-dzanovic-gdje-su-nestale-stambene-zadruge\/","name":"Jasmina D\u017eanovi\u0107 - Gdje su nestale stambene zadruge? - Agencija za elektroni\u010dke medije","isPartOf":{"@id":"https:\/\/aem.hr\/#website"},"datePublished":"2025-02-26T13:05:43+00:00","dateModified":"2025-02-26T13:05:44+00:00","breadcrumb":{"@id":"https:\/\/aem.hr\/jasmina-dzanovic-gdje-su-nestale-stambene-zadruge\/#breadcrumb"},"inLanguage":"en-US","potentialAction":[{"@type":"ReadAction","target":["https:\/\/aem.hr\/jasmina-dzanovic-gdje-su-nestale-stambene-zadruge\/"]}]},{"@type":"BreadcrumbList","@id":"https:\/\/aem.hr\/jasmina-dzanovic-gdje-su-nestale-stambene-zadruge\/#breadcrumb","itemListElement":[{"@type":"ListItem","position":1,"name":"Po\u010detna stranica","item":"https:\/\/aem.hr\/"},{"@type":"ListItem","position":2,"name":"Jasmina D\u017eanovi\u0107 &#8211; Gdje su nestale stambene zadruge?"}]},{"@type":"WebSite","@id":"https:\/\/aem.hr\/#website","url":"https:\/\/aem.hr\/","name":"Agencija za elektroni\u010dke medije","description":"","potentialAction":[{"@type":"SearchAction","target":{"@type":"EntryPoint","urlTemplate":"https:\/\/aem.hr\/?s={search_term_string}"},"query-input":{"@type":"PropertyValueSpecification","valueRequired":true,"valueName":"search_term_string"}}],"inLanguage":"en-US"}]}},"coauthors":[],"author_meta":{"author_link":"https:\/\/aem.hr\/en\/blog\/author\/mkirac\/","display_name":"Matko Kirac"},"relative_dates":{"created":"Posted 1 year ago","modified":"Updated 1 year ago"},"absolute_dates":{"created":"Posted on 26. February 2025.","modified":"Updated on 26. February 2025."},"absolute_dates_time":{"created":"Posted on 26. February 2025. 14:05","modified":"Updated on 26. February 2025. 14:05"},"featured_img_caption":"","featured_img":false,"series_order":"","_links":{"self":[{"href":"https:\/\/aem.hr\/en\/wp-json\/wp\/v2\/pages\/20337","targetHints":{"allow":["GET"]}}],"collection":[{"href":"https:\/\/aem.hr\/en\/wp-json\/wp\/v2\/pages"}],"about":[{"href":"https:\/\/aem.hr\/en\/wp-json\/wp\/v2\/types\/page"}],"author":[{"embeddable":true,"href":"https:\/\/aem.hr\/en\/wp-json\/wp\/v2\/users\/18"}],"replies":[{"embeddable":true,"href":"https:\/\/aem.hr\/en\/wp-json\/wp\/v2\/comments?post=20337"}],"version-history":[{"count":1,"href":"https:\/\/aem.hr\/en\/wp-json\/wp\/v2\/pages\/20337\/revisions"}],"predecessor-version":[{"id":20353,"href":"https:\/\/aem.hr\/en\/wp-json\/wp\/v2\/pages\/20337\/revisions\/20353"}],"wp:attachment":[{"href":"https:\/\/aem.hr\/en\/wp-json\/wp\/v2\/media?parent=20337"}],"curies":[{"name":"wp","href":"https:\/\/api.w.org\/{rel}","templated":true}]}}