{"id":20354,"date":"2025-02-26T14:06:52","date_gmt":"2025-02-26T13:06:52","guid":{"rendered":"http:\/\/aem.hr\/?page_id=20354"},"modified":"2025-02-26T14:06:53","modified_gmt":"2025-02-26T13:06:53","slug":"milivoj-pasicek-muke-iz-bracne-luke-brak-ili-kula-od-karata-zasto-se-i-kako-sve-vise-ruse-bracne-zajednice","status":"publish","type":"page","link":"https:\/\/aem.hr\/en\/milivoj-pasicek-muke-iz-bracne-luke-brak-ili-kula-od-karata-zasto-se-i-kako-sve-vise-ruse-bracne-zajednice\/","title":{"rendered":"Milivoj Pa\u0161i\u010dek &#8211; MUKE IZ BRA\u010cNE LUKE: Brak ili kula od karata-za\u0161to se i kako sve vi\u0161e ru\u0161e bra\u010dne zajednice?"},"content":{"rendered":"\n<div class=\"wp-block-file\"><a id=\"wp-block-file--media-9ef755a1-2ffc-4d26-b64b-b581d98a54a1\" href=\"https:\/\/aem.hr\/wp-content\/uploads\/2025\/02\/1.-Brak-ili-kula-od-karata.pdf\">1. Brak ili kula od karata<\/a><a href=\"https:\/\/aem.hr\/wp-content\/uploads\/2025\/02\/1.-Brak-ili-kula-od-karata.pdf\" class=\"wp-block-file__button wp-element-button\" download aria-describedby=\"wp-block-file--media-9ef755a1-2ffc-4d26-b64b-b581d98a54a1\">Preuzimanje<\/a><\/div>\n\n\n\n<div class=\"wp-block-file\"><a id=\"wp-block-file--media-1551ab7b-15a9-4b1b-89ae-ed80c62065b2\" href=\"https:\/\/aem.hr\/wp-content\/uploads\/2025\/02\/2.-Sve-vise-partnera-bjezi.pdf\">2. Sve vi\u0161e partnera bje\u017ei<\/a><a href=\"https:\/\/aem.hr\/wp-content\/uploads\/2025\/02\/2.-Sve-vise-partnera-bjezi.pdf\" class=\"wp-block-file__button wp-element-button\" download aria-describedby=\"wp-block-file--media-1551ab7b-15a9-4b1b-89ae-ed80c62065b2\">Preuzimanje<\/a><\/div>\n\n\n\n<div class=\"wp-block-file\"><a id=\"wp-block-file--media-935482d3-da50-442d-8102-38e449255139\" href=\"https:\/\/aem.hr\/wp-content\/uploads\/2025\/02\/3.-Boris-Blazinic.pdf\">3. Boris Bla\u017eini\u0107<\/a><a href=\"https:\/\/aem.hr\/wp-content\/uploads\/2025\/02\/3.-Boris-Blazinic.pdf\" class=\"wp-block-file__button wp-element-button\" download aria-describedby=\"wp-block-file--media-935482d3-da50-442d-8102-38e449255139\">Preuzimanje<\/a><\/div>\n\n\n\n<div class=\"wp-block-file\"><a id=\"wp-block-file--media-a299af21-4e5a-4671-b2f7-3a3b021c57fb\" href=\"https:\/\/aem.hr\/wp-content\/uploads\/2025\/02\/4.-Ana-Sedak.pdf\">4. Ana Sedak<\/a><a href=\"https:\/\/aem.hr\/wp-content\/uploads\/2025\/02\/4.-Ana-Sedak.pdf\" class=\"wp-block-file__button wp-element-button\" download aria-describedby=\"wp-block-file--media-a299af21-4e5a-4671-b2f7-3a3b021c57fb\">Preuzimanje<\/a><\/div>\n\n\n\n<div class=\"wp-block-file\"><a id=\"wp-block-file--media-d7c4f0e7-2017-4d1b-9776-e971dcf88100\" href=\"https:\/\/aem.hr\/wp-content\/uploads\/2025\/02\/5.-Davor-Pavlov.pdf\">5. Davor Pavlov<\/a><a href=\"https:\/\/aem.hr\/wp-content\/uploads\/2025\/02\/5.-Davor-Pavlov.pdf\" class=\"wp-block-file__button wp-element-button\" download aria-describedby=\"wp-block-file--media-d7c4f0e7-2017-4d1b-9776-e971dcf88100\">Preuzimanje<\/a><\/div>\n\n\n\n<div class=\"wp-block-file\"><a id=\"wp-block-file--media-d87ede7e-f6aa-4066-9c87-f481690ded79\" href=\"https:\/\/aem.hr\/wp-content\/uploads\/2025\/02\/6.-Lidia-Cerni.pdf\">6. Lidia \u010cerni<\/a><a href=\"https:\/\/aem.hr\/wp-content\/uploads\/2025\/02\/6.-Lidia-Cerni.pdf\" class=\"wp-block-file__button wp-element-button\" download aria-describedby=\"wp-block-file--media-d87ede7e-f6aa-4066-9c87-f481690ded79\">Preuzimanje<\/a><\/div>\n\n\n\n<div class=\"wp-block-file\"><a id=\"wp-block-file--media-e28fa21c-278a-4de6-935e-f161ba93116f\" href=\"https:\/\/aem.hr\/wp-content\/uploads\/2025\/02\/7.-Mirela-Miharija.pdf\">7. Mirela Miharija<\/a><a href=\"https:\/\/aem.hr\/wp-content\/uploads\/2025\/02\/7.-Mirela-Miharija.pdf\" class=\"wp-block-file__button wp-element-button\" download aria-describedby=\"wp-block-file--media-e28fa21c-278a-4de6-935e-f161ba93116f\">Preuzimanje<\/a><\/div>\n\n\n\n<div class=\"wp-block-file\"><a id=\"wp-block-file--media-55d7098b-85ec-4733-bdf3-5bbf151dc289\" href=\"https:\/\/aem.hr\/wp-content\/uploads\/2025\/02\/8.-Svatko-ulaskom-u-brak.pdf\">8. Svatko ulaskom u brak<\/a><a href=\"https:\/\/aem.hr\/wp-content\/uploads\/2025\/02\/8.-Svatko-ulaskom-u-brak.pdf\" class=\"wp-block-file__button wp-element-button\" download aria-describedby=\"wp-block-file--media-55d7098b-85ec-4733-bdf3-5bbf151dc289\">Preuzimanje<\/a><\/div>\n","protected":false},"excerpt":{"rendered":"","protected":false},"author":18,"featured_media":0,"parent":0,"menu_order":0,"comment_status":"closed","ping_status":"closed","template":"","meta":{"_acf_changed":false,"inline_featured_image":false,"advgb_blocks_editor_width":"","advgb_blocks_columns_visual_guide":"","_links_to":"","_links_to_type":0,"footnotes":""},"class_list":["post-20354","page","type-page","status-publish","hentry"],"acf":[],"yoast_head":"<!-- This site is optimized with the Yoast SEO plugin v25.7 - https:\/\/yoast.com\/wordpress\/plugins\/seo\/ -->\n<title>Milivoj Pa\u0161i\u010dek - MUKE IZ BRA\u010cNE LUKE: Brak ili kula od karata-za\u0161to se i kako sve vi\u0161e ru\u0161e bra\u010dne zajednice? - Agencija za elektroni\u010dke medije<\/title>\n<meta name=\"robots\" content=\"index, follow, max-snippet:-1, max-image-preview:large, max-video-preview:-1\" \/>\n<link rel=\"canonical\" href=\"https:\/\/aem.hr\/milivoj-pasicek-muke-iz-bracne-luke-brak-ili-kula-od-karata-zasto-se-i-kako-sve-vise-ruse-bracne-zajednice\/\" \/>\n<meta property=\"og:locale\" content=\"en_US\" \/>\n<meta property=\"og:type\" content=\"article\" \/>\n<meta property=\"og:title\" content=\"Milivoj Pa\u0161i\u010dek - MUKE IZ BRA\u010cNE LUKE: Brak ili kula od karata-za\u0161to se i kako sve vi\u0161e ru\u0161e bra\u010dne zajednice? - Agencija za elektroni\u010dke medije\" \/>\n<meta property=\"og:url\" content=\"https:\/\/aem.hr\/milivoj-pasicek-muke-iz-bracne-luke-brak-ili-kula-od-karata-zasto-se-i-kako-sve-vise-ruse-bracne-zajednice\/\" \/>\n<meta property=\"og:site_name\" content=\"Agencija za elektroni\u010dke medije\" \/>\n<meta property=\"article:modified_time\" content=\"2025-02-26T13:06:53+00:00\" \/>\n<meta name=\"twitter:card\" content=\"summary_large_image\" \/>\n<meta name=\"twitter:label1\" content=\"Est. reading time\" \/>\n\t<meta name=\"twitter:data1\" content=\"1 minute\" \/>\n<script type=\"application\/ld+json\" class=\"yoast-schema-graph\">{\"@context\":\"https:\/\/schema.org\",\"@graph\":[{\"@type\":\"WebPage\",\"@id\":\"https:\/\/aem.hr\/milivoj-pasicek-muke-iz-bracne-luke-brak-ili-kula-od-karata-zasto-se-i-kako-sve-vise-ruse-bracne-zajednice\/\",\"url\":\"https:\/\/aem.hr\/milivoj-pasicek-muke-iz-bracne-luke-brak-ili-kula-od-karata-zasto-se-i-kako-sve-vise-ruse-bracne-zajednice\/\",\"name\":\"Milivoj Pa\u0161i\u010dek - MUKE IZ BRA\u010cNE LUKE: Brak ili kula od karata-za\u0161to se i kako sve vi\u0161e ru\u0161e bra\u010dne zajednice? - Agencija za elektroni\u010dke medije\",\"isPartOf\":{\"@id\":\"https:\/\/aem.hr\/#website\"},\"datePublished\":\"2025-02-26T13:06:52+00:00\",\"dateModified\":\"2025-02-26T13:06:53+00:00\",\"breadcrumb\":{\"@id\":\"https:\/\/aem.hr\/milivoj-pasicek-muke-iz-bracne-luke-brak-ili-kula-od-karata-zasto-se-i-kako-sve-vise-ruse-bracne-zajednice\/#breadcrumb\"},\"inLanguage\":\"en-US\",\"potentialAction\":[{\"@type\":\"ReadAction\",\"target\":[\"https:\/\/aem.hr\/milivoj-pasicek-muke-iz-bracne-luke-brak-ili-kula-od-karata-zasto-se-i-kako-sve-vise-ruse-bracne-zajednice\/\"]}]},{\"@type\":\"BreadcrumbList\",\"@id\":\"https:\/\/aem.hr\/milivoj-pasicek-muke-iz-bracne-luke-brak-ili-kula-od-karata-zasto-se-i-kako-sve-vise-ruse-bracne-zajednice\/#breadcrumb\",\"itemListElement\":[{\"@type\":\"ListItem\",\"position\":1,\"name\":\"Po\u010detna stranica\",\"item\":\"https:\/\/aem.hr\/\"},{\"@type\":\"ListItem\",\"position\":2,\"name\":\"Milivoj Pa\u0161i\u010dek &#8211; MUKE IZ BRA\u010cNE LUKE: Brak ili kula od karata-za\u0161to se i kako sve vi\u0161e ru\u0161e bra\u010dne zajednice?\"}]},{\"@type\":\"WebSite\",\"@id\":\"https:\/\/aem.hr\/#website\",\"url\":\"https:\/\/aem.hr\/\",\"name\":\"Agencija za elektroni\u010dke medije\",\"description\":\"\",\"potentialAction\":[{\"@type\":\"SearchAction\",\"target\":{\"@type\":\"EntryPoint\",\"urlTemplate\":\"https:\/\/aem.hr\/?s={search_term_string}\"},\"query-input\":{\"@type\":\"PropertyValueSpecification\",\"valueRequired\":true,\"valueName\":\"search_term_string\"}}],\"inLanguage\":\"en-US\"}]}<\/script>\n<!-- \/ Yoast SEO plugin. -->","yoast_head_json":{"title":"Milivoj Pa\u0161i\u010dek - MUKE IZ BRA\u010cNE LUKE: Brak ili kula od karata-za\u0161to se i kako sve vi\u0161e ru\u0161e bra\u010dne zajednice? - Agencija za elektroni\u010dke medije","robots":{"index":"index","follow":"follow","max-snippet":"max-snippet:-1","max-image-preview":"max-image-preview:large","max-video-preview":"max-video-preview:-1"},"canonical":"https:\/\/aem.hr\/milivoj-pasicek-muke-iz-bracne-luke-brak-ili-kula-od-karata-zasto-se-i-kako-sve-vise-ruse-bracne-zajednice\/","og_locale":"en_US","og_type":"article","og_title":"Milivoj Pa\u0161i\u010dek - MUKE IZ BRA\u010cNE LUKE: Brak ili kula od karata-za\u0161to se i kako sve vi\u0161e ru\u0161e bra\u010dne zajednice? - Agencija za elektroni\u010dke medije","og_url":"https:\/\/aem.hr\/milivoj-pasicek-muke-iz-bracne-luke-brak-ili-kula-od-karata-zasto-se-i-kako-sve-vise-ruse-bracne-zajednice\/","og_site_name":"Agencija za elektroni\u010dke medije","article_modified_time":"2025-02-26T13:06:53+00:00","twitter_card":"summary_large_image","twitter_misc":{"Est. reading time":"1 minute"},"schema":{"@context":"https:\/\/schema.org","@graph":[{"@type":"WebPage","@id":"https:\/\/aem.hr\/milivoj-pasicek-muke-iz-bracne-luke-brak-ili-kula-od-karata-zasto-se-i-kako-sve-vise-ruse-bracne-zajednice\/","url":"https:\/\/aem.hr\/milivoj-pasicek-muke-iz-bracne-luke-brak-ili-kula-od-karata-zasto-se-i-kako-sve-vise-ruse-bracne-zajednice\/","name":"Milivoj Pa\u0161i\u010dek - MUKE IZ BRA\u010cNE LUKE: Brak ili kula od karata-za\u0161to se i kako sve vi\u0161e ru\u0161e bra\u010dne zajednice? - Agencija za elektroni\u010dke medije","isPartOf":{"@id":"https:\/\/aem.hr\/#website"},"datePublished":"2025-02-26T13:06:52+00:00","dateModified":"2025-02-26T13:06:53+00:00","breadcrumb":{"@id":"https:\/\/aem.hr\/milivoj-pasicek-muke-iz-bracne-luke-brak-ili-kula-od-karata-zasto-se-i-kako-sve-vise-ruse-bracne-zajednice\/#breadcrumb"},"inLanguage":"en-US","potentialAction":[{"@type":"ReadAction","target":["https:\/\/aem.hr\/milivoj-pasicek-muke-iz-bracne-luke-brak-ili-kula-od-karata-zasto-se-i-kako-sve-vise-ruse-bracne-zajednice\/"]}]},{"@type":"BreadcrumbList","@id":"https:\/\/aem.hr\/milivoj-pasicek-muke-iz-bracne-luke-brak-ili-kula-od-karata-zasto-se-i-kako-sve-vise-ruse-bracne-zajednice\/#breadcrumb","itemListElement":[{"@type":"ListItem","position":1,"name":"Po\u010detna stranica","item":"https:\/\/aem.hr\/"},{"@type":"ListItem","position":2,"name":"Milivoj Pa\u0161i\u010dek &#8211; MUKE IZ BRA\u010cNE LUKE: Brak ili kula od karata-za\u0161to se i kako sve vi\u0161e ru\u0161e bra\u010dne zajednice?"}]},{"@type":"WebSite","@id":"https:\/\/aem.hr\/#website","url":"https:\/\/aem.hr\/","name":"Agencija za elektroni\u010dke medije","description":"","potentialAction":[{"@type":"SearchAction","target":{"@type":"EntryPoint","urlTemplate":"https:\/\/aem.hr\/?s={search_term_string}"},"query-input":{"@type":"PropertyValueSpecification","valueRequired":true,"valueName":"search_term_string"}}],"inLanguage":"en-US"}]}},"coauthors":[],"author_meta":{"author_link":"https:\/\/aem.hr\/en\/blog\/author\/mkirac\/","display_name":"Matko Kirac"},"relative_dates":{"created":"Posted 1 year ago","modified":"Updated 1 year ago"},"absolute_dates":{"created":"Posted on 26. February 2025.","modified":"Updated on 26. February 2025."},"absolute_dates_time":{"created":"Posted on 26. February 2025. 14:06","modified":"Updated on 26. February 2025. 14:06"},"featured_img_caption":"","featured_img":false,"series_order":"","_links":{"self":[{"href":"https:\/\/aem.hr\/en\/wp-json\/wp\/v2\/pages\/20354","targetHints":{"allow":["GET"]}}],"collection":[{"href":"https:\/\/aem.hr\/en\/wp-json\/wp\/v2\/pages"}],"about":[{"href":"https:\/\/aem.hr\/en\/wp-json\/wp\/v2\/types\/page"}],"author":[{"embeddable":true,"href":"https:\/\/aem.hr\/en\/wp-json\/wp\/v2\/users\/18"}],"replies":[{"embeddable":true,"href":"https:\/\/aem.hr\/en\/wp-json\/wp\/v2\/comments?post=20354"}],"version-history":[{"count":1,"href":"https:\/\/aem.hr\/en\/wp-json\/wp\/v2\/pages\/20354\/revisions"}],"predecessor-version":[{"id":20371,"href":"https:\/\/aem.hr\/en\/wp-json\/wp\/v2\/pages\/20354\/revisions\/20371"}],"wp:attachment":[{"href":"https:\/\/aem.hr\/en\/wp-json\/wp\/v2\/media?parent=20354"}],"curies":[{"name":"wp","href":"https:\/\/api.w.org\/{rel}","templated":true}]}}