{"id":20373,"date":"2025-02-26T14:08:23","date_gmt":"2025-02-26T13:08:23","guid":{"rendered":"http:\/\/aem.hr\/?page_id=20373"},"modified":"2025-02-26T14:08:24","modified_gmt":"2025-02-26T13:08:24","slug":"davor-dijanovic-demografska-obnova-hrvatska-mogucnost-ili-utopija","status":"publish","type":"page","link":"https:\/\/aem.hr\/en\/davor-dijanovic-demografska-obnova-hrvatska-mogucnost-ili-utopija\/","title":{"rendered":"Davor Dijanovi\u0107 &#8211; Demografska obnova Hrvatska: mogu\u0107nost ili utopija?"},"content":{"rendered":"\n<div class=\"wp-block-file\"><a id=\"wp-block-file--media-31835096-1c01-4e61-b8e4-34a13ca2f5b1\" href=\"https:\/\/aem.hr\/wp-content\/uploads\/2025\/02\/1.-Mogucnost-ili-utopija.pdf\">1. Mogu\u0107nost ili utopija<\/a><a href=\"https:\/\/aem.hr\/wp-content\/uploads\/2025\/02\/1.-Mogucnost-ili-utopija.pdf\" class=\"wp-block-file__button wp-element-button\" download aria-describedby=\"wp-block-file--media-31835096-1c01-4e61-b8e4-34a13ca2f5b1\">Preuzimanje<\/a><\/div>\n\n\n\n<div class=\"wp-block-file\"><a id=\"wp-block-file--media-1c8f56ab-e94c-4584-bcab-9717b2e7b7e2\" href=\"https:\/\/aem.hr\/wp-content\/uploads\/2025\/02\/2.-Mogucnost-ili-utopija-2.pdf\">2. Mogu\u0107nost ili utopija 2<\/a><a href=\"https:\/\/aem.hr\/wp-content\/uploads\/2025\/02\/2.-Mogucnost-ili-utopija-2.pdf\" class=\"wp-block-file__button wp-element-button\" download aria-describedby=\"wp-block-file--media-1c8f56ab-e94c-4584-bcab-9717b2e7b7e2\">Preuzimanje<\/a><\/div>\n\n\n\n<div class=\"wp-block-file\"><a id=\"wp-block-file--media-76d980dd-c850-46b1-8078-5359ca65fc9b\" href=\"https:\/\/aem.hr\/wp-content\/uploads\/2025\/02\/3.-Ne-bojte-se-novog-zivota.pdf\">3. Ne bojte se novog \u017eivota<\/a><a href=\"https:\/\/aem.hr\/wp-content\/uploads\/2025\/02\/3.-Ne-bojte-se-novog-zivota.pdf\" class=\"wp-block-file__button wp-element-button\" download aria-describedby=\"wp-block-file--media-76d980dd-c850-46b1-8078-5359ca65fc9b\">Preuzimanje<\/a><\/div>\n\n\n\n<div class=\"wp-block-file\"><a id=\"wp-block-file--media-7b240a44-2bf8-4982-b112-de77ef94b20e\" href=\"https:\/\/aem.hr\/wp-content\/uploads\/2025\/02\/4.-Obitelj-Glavas.pdf\">4. Obitelj Glava\u0161<\/a><a href=\"https:\/\/aem.hr\/wp-content\/uploads\/2025\/02\/4.-Obitelj-Glavas.pdf\" class=\"wp-block-file__button wp-element-button\" download aria-describedby=\"wp-block-file--media-7b240a44-2bf8-4982-b112-de77ef94b20e\">Preuzimanje<\/a><\/div>\n\n\n\n<div class=\"wp-block-file\"><a id=\"wp-block-file--media-0817d5d7-723f-4b65-ac03-465bb54d9225\" href=\"https:\/\/aem.hr\/wp-content\/uploads\/2025\/02\/5.-Demografska-obnova-nije.pdf\">5. Demografska obnova nije<\/a><a href=\"https:\/\/aem.hr\/wp-content\/uploads\/2025\/02\/5.-Demografska-obnova-nije.pdf\" class=\"wp-block-file__button wp-element-button\" download aria-describedby=\"wp-block-file--media-0817d5d7-723f-4b65-ac03-465bb54d9225\">Preuzimanje<\/a><\/div>\n\n\n\n<div class=\"wp-block-file\"><a id=\"wp-block-file--media-3ee1a3ce-904a-4950-8fac-574f726d9216\" href=\"https:\/\/aem.hr\/wp-content\/uploads\/2025\/02\/6.-Za-demografsku-obnovu.pdf\">6. Za demografsku obnovu<\/a><a href=\"https:\/\/aem.hr\/wp-content\/uploads\/2025\/02\/6.-Za-demografsku-obnovu.pdf\" class=\"wp-block-file__button wp-element-button\" download aria-describedby=\"wp-block-file--media-3ee1a3ce-904a-4950-8fac-574f726d9216\">Preuzimanje<\/a><\/div>\n\n\n\n<div class=\"wp-block-file\"><a id=\"wp-block-file--media-c5bd13a3-9063-4fa7-a668-433ba584eb7a\" href=\"https:\/\/aem.hr\/wp-content\/uploads\/2025\/02\/7.-Povratnik-iz-Paragvaja.pdf\">7. Povratnik iz Paragvaja<\/a><a href=\"https:\/\/aem.hr\/wp-content\/uploads\/2025\/02\/7.-Povratnik-iz-Paragvaja.pdf\" class=\"wp-block-file__button wp-element-button\" download aria-describedby=\"wp-block-file--media-c5bd13a3-9063-4fa7-a668-433ba584eb7a\">Preuzimanje<\/a><\/div>\n\n\n\n<div class=\"wp-block-file\"><a id=\"wp-block-file--media-f8d78474-c545-4ea5-ba49-5bb3637828d2\" href=\"https:\/\/aem.hr\/wp-content\/uploads\/2025\/02\/8.-Ministarstvo-demografije-i-useljenistva.pdf\">8. Ministarstvo demografije i useljeni\u0161tva<\/a><a href=\"https:\/\/aem.hr\/wp-content\/uploads\/2025\/02\/8.-Ministarstvo-demografije-i-useljenistva.pdf\" class=\"wp-block-file__button wp-element-button\" download aria-describedby=\"wp-block-file--media-f8d78474-c545-4ea5-ba49-5bb3637828d2\">Preuzimanje<\/a><\/div>\n\n\n\n<div class=\"wp-block-file\"><a id=\"wp-block-file--media-34223819-6b52-479c-8b00-34daecf9a7bd\" href=\"https:\/\/aem.hr\/wp-content\/uploads\/2025\/02\/9.-Jako-selo.pdf\">9. Jako selo<\/a><a href=\"https:\/\/aem.hr\/wp-content\/uploads\/2025\/02\/9.-Jako-selo.pdf\" class=\"wp-block-file__button wp-element-button\" download aria-describedby=\"wp-block-file--media-34223819-6b52-479c-8b00-34daecf9a7bd\">Preuzimanje<\/a><\/div>\n\n\n\n<div class=\"wp-block-file\"><a id=\"wp-block-file--media-50a70c5c-cc2d-45f2-9d16-4af0a0e56d01\" href=\"https:\/\/aem.hr\/wp-content\/uploads\/2025\/02\/10.-zakljucci-i-perspektive.pdf\">10. zaklju\u010dci i perspektive<\/a><a href=\"https:\/\/aem.hr\/wp-content\/uploads\/2025\/02\/10.-zakljucci-i-perspektive.pdf\" class=\"wp-block-file__button wp-element-button\" download aria-describedby=\"wp-block-file--media-50a70c5c-cc2d-45f2-9d16-4af0a0e56d01\">Preuzimanje<\/a><\/div>\n","protected":false},"excerpt":{"rendered":"","protected":false},"author":18,"featured_media":0,"parent":0,"menu_order":0,"comment_status":"closed","ping_status":"closed","template":"","meta":{"_acf_changed":false,"inline_featured_image":false,"advgb_blocks_editor_width":"","advgb_blocks_columns_visual_guide":"","_links_to":"","_links_to_type":0,"footnotes":""},"class_list":["post-20373","page","type-page","status-publish","hentry"],"acf":[],"yoast_head":"<!-- This site is optimized with the Yoast SEO plugin v25.7 - https:\/\/yoast.com\/wordpress\/plugins\/seo\/ -->\n<title>Davor Dijanovi\u0107 - Demografska obnova Hrvatska: mogu\u0107nost ili utopija? - Agencija za elektroni\u010dke medije<\/title>\n<meta name=\"robots\" content=\"index, follow, max-snippet:-1, max-image-preview:large, max-video-preview:-1\" \/>\n<link rel=\"canonical\" href=\"https:\/\/aem.hr\/davor-dijanovic-demografska-obnova-hrvatska-mogucnost-ili-utopija\/\" \/>\n<meta property=\"og:locale\" content=\"en_US\" \/>\n<meta property=\"og:type\" content=\"article\" \/>\n<meta property=\"og:title\" content=\"Davor Dijanovi\u0107 - Demografska obnova Hrvatska: mogu\u0107nost ili utopija? - Agencija za elektroni\u010dke medije\" \/>\n<meta property=\"og:url\" content=\"https:\/\/aem.hr\/davor-dijanovic-demografska-obnova-hrvatska-mogucnost-ili-utopija\/\" \/>\n<meta property=\"og:site_name\" content=\"Agencija za elektroni\u010dke medije\" \/>\n<meta property=\"article:modified_time\" content=\"2025-02-26T13:08:24+00:00\" \/>\n<meta name=\"twitter:card\" content=\"summary_large_image\" \/>\n<meta name=\"twitter:label1\" content=\"Est. reading time\" \/>\n\t<meta name=\"twitter:data1\" content=\"1 minute\" \/>\n<script type=\"application\/ld+json\" class=\"yoast-schema-graph\">{\"@context\":\"https:\/\/schema.org\",\"@graph\":[{\"@type\":\"WebPage\",\"@id\":\"https:\/\/aem.hr\/davor-dijanovic-demografska-obnova-hrvatska-mogucnost-ili-utopija\/\",\"url\":\"https:\/\/aem.hr\/davor-dijanovic-demografska-obnova-hrvatska-mogucnost-ili-utopija\/\",\"name\":\"Davor Dijanovi\u0107 - Demografska obnova Hrvatska: mogu\u0107nost ili utopija? - Agencija za elektroni\u010dke medije\",\"isPartOf\":{\"@id\":\"https:\/\/aem.hr\/#website\"},\"datePublished\":\"2025-02-26T13:08:23+00:00\",\"dateModified\":\"2025-02-26T13:08:24+00:00\",\"breadcrumb\":{\"@id\":\"https:\/\/aem.hr\/davor-dijanovic-demografska-obnova-hrvatska-mogucnost-ili-utopija\/#breadcrumb\"},\"inLanguage\":\"en-US\",\"potentialAction\":[{\"@type\":\"ReadAction\",\"target\":[\"https:\/\/aem.hr\/davor-dijanovic-demografska-obnova-hrvatska-mogucnost-ili-utopija\/\"]}]},{\"@type\":\"BreadcrumbList\",\"@id\":\"https:\/\/aem.hr\/davor-dijanovic-demografska-obnova-hrvatska-mogucnost-ili-utopija\/#breadcrumb\",\"itemListElement\":[{\"@type\":\"ListItem\",\"position\":1,\"name\":\"Po\u010detna stranica\",\"item\":\"https:\/\/aem.hr\/\"},{\"@type\":\"ListItem\",\"position\":2,\"name\":\"Davor Dijanovi\u0107 &#8211; Demografska obnova Hrvatska: mogu\u0107nost ili utopija?\"}]},{\"@type\":\"WebSite\",\"@id\":\"https:\/\/aem.hr\/#website\",\"url\":\"https:\/\/aem.hr\/\",\"name\":\"Agencija za elektroni\u010dke medije\",\"description\":\"\",\"potentialAction\":[{\"@type\":\"SearchAction\",\"target\":{\"@type\":\"EntryPoint\",\"urlTemplate\":\"https:\/\/aem.hr\/?s={search_term_string}\"},\"query-input\":{\"@type\":\"PropertyValueSpecification\",\"valueRequired\":true,\"valueName\":\"search_term_string\"}}],\"inLanguage\":\"en-US\"}]}<\/script>\n<!-- \/ Yoast SEO plugin. -->","yoast_head_json":{"title":"Davor Dijanovi\u0107 - Demografska obnova Hrvatska: mogu\u0107nost ili utopija? - Agencija za elektroni\u010dke medije","robots":{"index":"index","follow":"follow","max-snippet":"max-snippet:-1","max-image-preview":"max-image-preview:large","max-video-preview":"max-video-preview:-1"},"canonical":"https:\/\/aem.hr\/davor-dijanovic-demografska-obnova-hrvatska-mogucnost-ili-utopija\/","og_locale":"en_US","og_type":"article","og_title":"Davor Dijanovi\u0107 - Demografska obnova Hrvatska: mogu\u0107nost ili utopija? - Agencija za elektroni\u010dke medije","og_url":"https:\/\/aem.hr\/davor-dijanovic-demografska-obnova-hrvatska-mogucnost-ili-utopija\/","og_site_name":"Agencija za elektroni\u010dke medije","article_modified_time":"2025-02-26T13:08:24+00:00","twitter_card":"summary_large_image","twitter_misc":{"Est. reading time":"1 minute"},"schema":{"@context":"https:\/\/schema.org","@graph":[{"@type":"WebPage","@id":"https:\/\/aem.hr\/davor-dijanovic-demografska-obnova-hrvatska-mogucnost-ili-utopija\/","url":"https:\/\/aem.hr\/davor-dijanovic-demografska-obnova-hrvatska-mogucnost-ili-utopija\/","name":"Davor Dijanovi\u0107 - Demografska obnova Hrvatska: mogu\u0107nost ili utopija? - Agencija za elektroni\u010dke medije","isPartOf":{"@id":"https:\/\/aem.hr\/#website"},"datePublished":"2025-02-26T13:08:23+00:00","dateModified":"2025-02-26T13:08:24+00:00","breadcrumb":{"@id":"https:\/\/aem.hr\/davor-dijanovic-demografska-obnova-hrvatska-mogucnost-ili-utopija\/#breadcrumb"},"inLanguage":"en-US","potentialAction":[{"@type":"ReadAction","target":["https:\/\/aem.hr\/davor-dijanovic-demografska-obnova-hrvatska-mogucnost-ili-utopija\/"]}]},{"@type":"BreadcrumbList","@id":"https:\/\/aem.hr\/davor-dijanovic-demografska-obnova-hrvatska-mogucnost-ili-utopija\/#breadcrumb","itemListElement":[{"@type":"ListItem","position":1,"name":"Po\u010detna stranica","item":"https:\/\/aem.hr\/"},{"@type":"ListItem","position":2,"name":"Davor Dijanovi\u0107 &#8211; Demografska obnova Hrvatska: mogu\u0107nost ili utopija?"}]},{"@type":"WebSite","@id":"https:\/\/aem.hr\/#website","url":"https:\/\/aem.hr\/","name":"Agencija za elektroni\u010dke medije","description":"","potentialAction":[{"@type":"SearchAction","target":{"@type":"EntryPoint","urlTemplate":"https:\/\/aem.hr\/?s={search_term_string}"},"query-input":{"@type":"PropertyValueSpecification","valueRequired":true,"valueName":"search_term_string"}}],"inLanguage":"en-US"}]}},"coauthors":[],"author_meta":{"author_link":"https:\/\/aem.hr\/en\/blog\/author\/mkirac\/","display_name":"Matko Kirac"},"relative_dates":{"created":"Posted 1 year ago","modified":"Updated 1 year ago"},"absolute_dates":{"created":"Posted on 26. February 2025.","modified":"Updated on 26. February 2025."},"absolute_dates_time":{"created":"Posted on 26. February 2025. 14:08","modified":"Updated on 26. February 2025. 14:08"},"featured_img_caption":"","featured_img":false,"series_order":"","_links":{"self":[{"href":"https:\/\/aem.hr\/en\/wp-json\/wp\/v2\/pages\/20373","targetHints":{"allow":["GET"]}}],"collection":[{"href":"https:\/\/aem.hr\/en\/wp-json\/wp\/v2\/pages"}],"about":[{"href":"https:\/\/aem.hr\/en\/wp-json\/wp\/v2\/types\/page"}],"author":[{"embeddable":true,"href":"https:\/\/aem.hr\/en\/wp-json\/wp\/v2\/users\/18"}],"replies":[{"embeddable":true,"href":"https:\/\/aem.hr\/en\/wp-json\/wp\/v2\/comments?post=20373"}],"version-history":[{"count":1,"href":"https:\/\/aem.hr\/en\/wp-json\/wp\/v2\/pages\/20373\/revisions"}],"predecessor-version":[{"id":20394,"href":"https:\/\/aem.hr\/en\/wp-json\/wp\/v2\/pages\/20373\/revisions\/20394"}],"wp:attachment":[{"href":"https:\/\/aem.hr\/en\/wp-json\/wp\/v2\/media?parent=20373"}],"curies":[{"name":"wp","href":"https:\/\/api.w.org\/{rel}","templated":true}]}}