{"id":20421,"date":"2025-02-27T14:42:59","date_gmt":"2025-02-27T13:42:59","guid":{"rendered":"http:\/\/aem.hr\/?page_id=20421"},"modified":"2025-02-27T14:43:00","modified_gmt":"2025-02-27T13:43:00","slug":"marino-erceg-smiljana-rendic-zenski-genij-medu-svecenicima","status":"publish","type":"page","link":"https:\/\/aem.hr\/en\/marino-erceg-smiljana-rendic-zenski-genij-medu-svecenicima\/","title":{"rendered":"Marino Erceg &#8211; Smiljana Rendi\u0107 &#8211; \u017eenski genij me\u0111u sve\u0107enicima"},"content":{"rendered":"\n<div class=\"wp-block-file\"><a id=\"wp-block-file--media-b44b12da-e776-407c-ade2-503ac7d8bd2d\" href=\"https:\/\/aem.hr\/wp-content\/uploads\/2025\/02\/1.-Uciteljica-novinarstva.pdf\">1. U\u010diteljica novinarstva<\/a><a href=\"https:\/\/aem.hr\/wp-content\/uploads\/2025\/02\/1.-Uciteljica-novinarstva.pdf\" class=\"wp-block-file__button wp-element-button\" download aria-describedby=\"wp-block-file--media-b44b12da-e776-407c-ade2-503ac7d8bd2d\">Preuzimanje<\/a><\/div>\n\n\n\n<div class=\"wp-block-file\"><a id=\"wp-block-file--media-be7d7c0e-991c-4ff6-b02c-0fe8a5ad63df\" href=\"https:\/\/aem.hr\/wp-content\/uploads\/2025\/02\/2.-Zacetnica-originalnih.pdf\">2. Za\u010detnica originalnih<\/a><a href=\"https:\/\/aem.hr\/wp-content\/uploads\/2025\/02\/2.-Zacetnica-originalnih.pdf\" class=\"wp-block-file__button wp-element-button\" download aria-describedby=\"wp-block-file--media-be7d7c0e-991c-4ff6-b02c-0fe8a5ad63df\">Preuzimanje<\/a><\/div>\n\n\n\n<div class=\"wp-block-file\"><a id=\"wp-block-file--media-ea6a3b05-389a-4791-ad37-d27f0bd37ee5\" href=\"https:\/\/aem.hr\/wp-content\/uploads\/2025\/02\/3.-Zena-koja-povezuje.pdf\">3. \u017dena koja povezuje<\/a><a href=\"https:\/\/aem.hr\/wp-content\/uploads\/2025\/02\/3.-Zena-koja-povezuje.pdf\" class=\"wp-block-file__button wp-element-button\" download aria-describedby=\"wp-block-file--media-ea6a3b05-389a-4791-ad37-d27f0bd37ee5\">Preuzimanje<\/a><\/div>\n\n\n\n<div class=\"wp-block-file\"><a id=\"wp-block-file--media-7aabd881-e28a-49b6-89c6-1895e36debd3\" href=\"https:\/\/aem.hr\/wp-content\/uploads\/2025\/02\/4.-Izmedu-dviju-uredivackih.pdf\">4. Izme\u0111u dviju ure\u0111iva\u010dkih<\/a><a href=\"https:\/\/aem.hr\/wp-content\/uploads\/2025\/02\/4.-Izmedu-dviju-uredivackih.pdf\" class=\"wp-block-file__button wp-element-button\" download aria-describedby=\"wp-block-file--media-7aabd881-e28a-49b6-89c6-1895e36debd3\">Preuzimanje<\/a><\/div>\n\n\n\n<div class=\"wp-block-file\"><a id=\"wp-block-file--media-c0e01381-43f8-43d5-9741-631f82b8e921\" href=\"https:\/\/aem.hr\/wp-content\/uploads\/2025\/02\/5.-Odnos-privatnog-zivota.pdf\">5. Odnos privatnog \u017eivota<\/a><a href=\"https:\/\/aem.hr\/wp-content\/uploads\/2025\/02\/5.-Odnos-privatnog-zivota.pdf\" class=\"wp-block-file__button wp-element-button\" download aria-describedby=\"wp-block-file--media-c0e01381-43f8-43d5-9741-631f82b8e921\">Preuzimanje<\/a><\/div>\n\n\n\n<div class=\"wp-block-file\"><a id=\"wp-block-file--media-35f3ff24-8ec1-446f-ba26-fc71280658bf\" href=\"https:\/\/aem.hr\/wp-content\/uploads\/2025\/02\/6.-Teologinja-bez-diplome.pdf\">6. Teologinja bez diplome<\/a><a href=\"https:\/\/aem.hr\/wp-content\/uploads\/2025\/02\/6.-Teologinja-bez-diplome.pdf\" class=\"wp-block-file__button wp-element-button\" download aria-describedby=\"wp-block-file--media-35f3ff24-8ec1-446f-ba26-fc71280658bf\">Preuzimanje<\/a><\/div>\n\n\n\n<div class=\"wp-block-file\"><a id=\"wp-block-file--media-625fc1bc-5165-47a8-a3eb-4adf1fd3322b\" href=\"https:\/\/aem.hr\/wp-content\/uploads\/2025\/02\/7.-Godina-1971.pdf\">7. Godina 1971<\/a><a href=\"https:\/\/aem.hr\/wp-content\/uploads\/2025\/02\/7.-Godina-1971.pdf\" class=\"wp-block-file__button wp-element-button\" download aria-describedby=\"wp-block-file--media-625fc1bc-5165-47a8-a3eb-4adf1fd3322b\">Preuzimanje<\/a><\/div>\n\n\n\n<div class=\"wp-block-file\"><a id=\"wp-block-file--media-0e88a924-6159-4373-bfdf-9bb374a65f2a\" href=\"https:\/\/aem.hr\/wp-content\/uploads\/2025\/02\/8.-Hrvatsko-proljece.pdf\">8. Hrvatsko prolje\u0107e<\/a><a href=\"https:\/\/aem.hr\/wp-content\/uploads\/2025\/02\/8.-Hrvatsko-proljece.pdf\" class=\"wp-block-file__button wp-element-button\" download aria-describedby=\"wp-block-file--media-0e88a924-6159-4373-bfdf-9bb374a65f2a\">Preuzimanje<\/a><\/div>\n\n\n\n<div class=\"wp-block-file\"><a id=\"wp-block-file--media-e1514548-5f04-49b0-844f-163aa4308ee4\" href=\"https:\/\/aem.hr\/wp-content\/uploads\/2025\/02\/9.-Novinarsko-i-knjizevno-stvaralastvo.pdf\">9. Novinarsko i knji\u017eevno stvarala\u0161tvo<\/a><a href=\"https:\/\/aem.hr\/wp-content\/uploads\/2025\/02\/9.-Novinarsko-i-knjizevno-stvaralastvo.pdf\" class=\"wp-block-file__button wp-element-button\" download aria-describedby=\"wp-block-file--media-e1514548-5f04-49b0-844f-163aa4308ee4\">Preuzimanje<\/a><\/div>\n\n\n\n<div class=\"wp-block-file\"><a id=\"wp-block-file--media-25d411af-e312-49e0-9d85-f4225a73430e\" href=\"https:\/\/aem.hr\/wp-content\/uploads\/2025\/02\/10.-zivot-posvecen-lomljenju.pdf\">10. \u017eivot posve\u0107en lomljenju<\/a><a href=\"https:\/\/aem.hr\/wp-content\/uploads\/2025\/02\/10.-zivot-posvecen-lomljenju.pdf\" class=\"wp-block-file__button wp-element-button\" download aria-describedby=\"wp-block-file--media-25d411af-e312-49e0-9d85-f4225a73430e\">Preuzimanje<\/a><\/div>\n","protected":false},"excerpt":{"rendered":"","protected":false},"author":18,"featured_media":0,"parent":0,"menu_order":0,"comment_status":"closed","ping_status":"closed","template":"","meta":{"_acf_changed":false,"inline_featured_image":false,"advgb_blocks_editor_width":"","advgb_blocks_columns_visual_guide":"","_links_to":"","_links_to_type":0,"footnotes":""},"class_list":["post-20421","page","type-page","status-publish","hentry"],"acf":[],"yoast_head":"<!-- This site is optimized with the Yoast SEO plugin v25.7 - https:\/\/yoast.com\/wordpress\/plugins\/seo\/ -->\n<title>Marino Erceg - Smiljana Rendi\u0107 - \u017eenski genij me\u0111u sve\u0107enicima - Agencija za elektroni\u010dke medije<\/title>\n<meta name=\"robots\" content=\"index, follow, max-snippet:-1, max-image-preview:large, max-video-preview:-1\" \/>\n<link rel=\"canonical\" href=\"https:\/\/aem.hr\/marino-erceg-smiljana-rendic-zenski-genij-medu-svecenicima\/\" \/>\n<meta property=\"og:locale\" content=\"en_US\" \/>\n<meta property=\"og:type\" content=\"article\" \/>\n<meta property=\"og:title\" content=\"Marino Erceg - Smiljana Rendi\u0107 - \u017eenski genij me\u0111u sve\u0107enicima - Agencija za elektroni\u010dke medije\" \/>\n<meta property=\"og:url\" content=\"https:\/\/aem.hr\/marino-erceg-smiljana-rendic-zenski-genij-medu-svecenicima\/\" \/>\n<meta property=\"og:site_name\" content=\"Agencija za elektroni\u010dke medije\" \/>\n<meta property=\"article:modified_time\" content=\"2025-02-27T13:43:00+00:00\" \/>\n<meta name=\"twitter:card\" content=\"summary_large_image\" \/>\n<meta name=\"twitter:label1\" content=\"Est. reading time\" \/>\n\t<meta name=\"twitter:data1\" content=\"1 minute\" \/>\n<script type=\"application\/ld+json\" class=\"yoast-schema-graph\">{\"@context\":\"https:\/\/schema.org\",\"@graph\":[{\"@type\":\"WebPage\",\"@id\":\"https:\/\/aem.hr\/marino-erceg-smiljana-rendic-zenski-genij-medu-svecenicima\/\",\"url\":\"https:\/\/aem.hr\/marino-erceg-smiljana-rendic-zenski-genij-medu-svecenicima\/\",\"name\":\"Marino Erceg - Smiljana Rendi\u0107 - \u017eenski genij me\u0111u sve\u0107enicima - Agencija za elektroni\u010dke medije\",\"isPartOf\":{\"@id\":\"https:\/\/aem.hr\/#website\"},\"datePublished\":\"2025-02-27T13:42:59+00:00\",\"dateModified\":\"2025-02-27T13:43:00+00:00\",\"breadcrumb\":{\"@id\":\"https:\/\/aem.hr\/marino-erceg-smiljana-rendic-zenski-genij-medu-svecenicima\/#breadcrumb\"},\"inLanguage\":\"en-US\",\"potentialAction\":[{\"@type\":\"ReadAction\",\"target\":[\"https:\/\/aem.hr\/marino-erceg-smiljana-rendic-zenski-genij-medu-svecenicima\/\"]}]},{\"@type\":\"BreadcrumbList\",\"@id\":\"https:\/\/aem.hr\/marino-erceg-smiljana-rendic-zenski-genij-medu-svecenicima\/#breadcrumb\",\"itemListElement\":[{\"@type\":\"ListItem\",\"position\":1,\"name\":\"Po\u010detna stranica\",\"item\":\"https:\/\/aem.hr\/\"},{\"@type\":\"ListItem\",\"position\":2,\"name\":\"Marino Erceg &#8211; Smiljana Rendi\u0107 &#8211; \u017eenski genij me\u0111u sve\u0107enicima\"}]},{\"@type\":\"WebSite\",\"@id\":\"https:\/\/aem.hr\/#website\",\"url\":\"https:\/\/aem.hr\/\",\"name\":\"Agencija za elektroni\u010dke medije\",\"description\":\"\",\"potentialAction\":[{\"@type\":\"SearchAction\",\"target\":{\"@type\":\"EntryPoint\",\"urlTemplate\":\"https:\/\/aem.hr\/?s={search_term_string}\"},\"query-input\":{\"@type\":\"PropertyValueSpecification\",\"valueRequired\":true,\"valueName\":\"search_term_string\"}}],\"inLanguage\":\"en-US\"}]}<\/script>\n<!-- \/ Yoast SEO plugin. -->","yoast_head_json":{"title":"Marino Erceg - Smiljana Rendi\u0107 - \u017eenski genij me\u0111u sve\u0107enicima - Agencija za elektroni\u010dke medije","robots":{"index":"index","follow":"follow","max-snippet":"max-snippet:-1","max-image-preview":"max-image-preview:large","max-video-preview":"max-video-preview:-1"},"canonical":"https:\/\/aem.hr\/marino-erceg-smiljana-rendic-zenski-genij-medu-svecenicima\/","og_locale":"en_US","og_type":"article","og_title":"Marino Erceg - Smiljana Rendi\u0107 - \u017eenski genij me\u0111u sve\u0107enicima - Agencija za elektroni\u010dke medije","og_url":"https:\/\/aem.hr\/marino-erceg-smiljana-rendic-zenski-genij-medu-svecenicima\/","og_site_name":"Agencija za elektroni\u010dke medije","article_modified_time":"2025-02-27T13:43:00+00:00","twitter_card":"summary_large_image","twitter_misc":{"Est. reading time":"1 minute"},"schema":{"@context":"https:\/\/schema.org","@graph":[{"@type":"WebPage","@id":"https:\/\/aem.hr\/marino-erceg-smiljana-rendic-zenski-genij-medu-svecenicima\/","url":"https:\/\/aem.hr\/marino-erceg-smiljana-rendic-zenski-genij-medu-svecenicima\/","name":"Marino Erceg - Smiljana Rendi\u0107 - \u017eenski genij me\u0111u sve\u0107enicima - Agencija za elektroni\u010dke medije","isPartOf":{"@id":"https:\/\/aem.hr\/#website"},"datePublished":"2025-02-27T13:42:59+00:00","dateModified":"2025-02-27T13:43:00+00:00","breadcrumb":{"@id":"https:\/\/aem.hr\/marino-erceg-smiljana-rendic-zenski-genij-medu-svecenicima\/#breadcrumb"},"inLanguage":"en-US","potentialAction":[{"@type":"ReadAction","target":["https:\/\/aem.hr\/marino-erceg-smiljana-rendic-zenski-genij-medu-svecenicima\/"]}]},{"@type":"BreadcrumbList","@id":"https:\/\/aem.hr\/marino-erceg-smiljana-rendic-zenski-genij-medu-svecenicima\/#breadcrumb","itemListElement":[{"@type":"ListItem","position":1,"name":"Po\u010detna stranica","item":"https:\/\/aem.hr\/"},{"@type":"ListItem","position":2,"name":"Marino Erceg &#8211; Smiljana Rendi\u0107 &#8211; \u017eenski genij me\u0111u sve\u0107enicima"}]},{"@type":"WebSite","@id":"https:\/\/aem.hr\/#website","url":"https:\/\/aem.hr\/","name":"Agencija za elektroni\u010dke medije","description":"","potentialAction":[{"@type":"SearchAction","target":{"@type":"EntryPoint","urlTemplate":"https:\/\/aem.hr\/?s={search_term_string}"},"query-input":{"@type":"PropertyValueSpecification","valueRequired":true,"valueName":"search_term_string"}}],"inLanguage":"en-US"}]}},"coauthors":[],"author_meta":{"author_link":"https:\/\/aem.hr\/en\/blog\/author\/mkirac\/","display_name":"Matko Kirac"},"relative_dates":{"created":"Posted 1 year ago","modified":"Updated 1 year ago"},"absolute_dates":{"created":"Posted on 27. February 2025.","modified":"Updated on 27. February 2025."},"absolute_dates_time":{"created":"Posted on 27. February 2025. 14:42","modified":"Updated on 27. February 2025. 14:43"},"featured_img_caption":"","featured_img":false,"series_order":"","_links":{"self":[{"href":"https:\/\/aem.hr\/en\/wp-json\/wp\/v2\/pages\/20421","targetHints":{"allow":["GET"]}}],"collection":[{"href":"https:\/\/aem.hr\/en\/wp-json\/wp\/v2\/pages"}],"about":[{"href":"https:\/\/aem.hr\/en\/wp-json\/wp\/v2\/types\/page"}],"author":[{"embeddable":true,"href":"https:\/\/aem.hr\/en\/wp-json\/wp\/v2\/users\/18"}],"replies":[{"embeddable":true,"href":"https:\/\/aem.hr\/en\/wp-json\/wp\/v2\/comments?post=20421"}],"version-history":[{"count":1,"href":"https:\/\/aem.hr\/en\/wp-json\/wp\/v2\/pages\/20421\/revisions"}],"predecessor-version":[{"id":20442,"href":"https:\/\/aem.hr\/en\/wp-json\/wp\/v2\/pages\/20421\/revisions\/20442"}],"wp:attachment":[{"href":"https:\/\/aem.hr\/en\/wp-json\/wp\/v2\/media?parent=20421"}],"curies":[{"name":"wp","href":"https:\/\/api.w.org\/{rel}","templated":true}]}}