{"id":20463,"date":"2025-02-27T14:46:39","date_gmt":"2025-02-27T13:46:39","guid":{"rendered":"http:\/\/aem.hr\/?page_id=20463"},"modified":"2025-02-27T14:46:40","modified_gmt":"2025-02-27T13:46:40","slug":"darko-markusic-proracunske-pijavice-ili-posljednje-utociste-deprivilegiranih","status":"publish","type":"page","link":"https:\/\/aem.hr\/en\/darko-markusic-proracunske-pijavice-ili-posljednje-utociste-deprivilegiranih\/","title":{"rendered":"Darko Marku\u0161i\u0107 &#8211; Prora\u010dunske pijavice ili posljednje uto\u010di\u0161te deprivilegiranih"},"content":{"rendered":"\n<div class=\"wp-block-file\"><a id=\"wp-block-file--media-50662d61-646a-4f0d-9fb9-03a4a2201c97\" href=\"https:\/\/aem.hr\/wp-content\/uploads\/2025\/02\/1.-Hrvatski-nevladin-sektor.pdf\">1. Hrvatski nevladin sektor<\/a><a href=\"https:\/\/aem.hr\/wp-content\/uploads\/2025\/02\/1.-Hrvatski-nevladin-sektor.pdf\" class=\"wp-block-file__button wp-element-button\" download aria-describedby=\"wp-block-file--media-50662d61-646a-4f0d-9fb9-03a4a2201c97\">Preuzimanje<\/a><\/div>\n\n\n\n<div class=\"wp-block-file\"><a id=\"wp-block-file--media-fd954d0b-2eb9-4fb5-98dc-d6eca0ddb0e0\" href=\"https:\/\/aem.hr\/wp-content\/uploads\/2025\/02\/2.-Svaka-treca-neprofitna-organizacija-prestala.pdf\">2. Svaka tre\u0107a neprofitna organizacija prestala<\/a><a href=\"https:\/\/aem.hr\/wp-content\/uploads\/2025\/02\/2.-Svaka-treca-neprofitna-organizacija-prestala.pdf\" class=\"wp-block-file__button wp-element-button\" download aria-describedby=\"wp-block-file--media-fd954d0b-2eb9-4fb5-98dc-d6eca0ddb0e0\">Preuzimanje<\/a><\/div>\n\n\n\n<div class=\"wp-block-file\"><a id=\"wp-block-file--media-a79695d4-d1e8-45ec-865c-872eadadf6ed\" href=\"https:\/\/aem.hr\/wp-content\/uploads\/2025\/02\/3.-Na-svakih-77-stanovnika-Hrvatske.pdf\">3. Na svakih 77 stanovnika Hrvatske<\/a><a href=\"https:\/\/aem.hr\/wp-content\/uploads\/2025\/02\/3.-Na-svakih-77-stanovnika-Hrvatske.pdf\" class=\"wp-block-file__button wp-element-button\" download aria-describedby=\"wp-block-file--media-a79695d4-d1e8-45ec-865c-872eadadf6ed\">Preuzimanje<\/a><\/div>\n\n\n\n<div class=\"wp-block-file\"><a id=\"wp-block-file--media-f1841be8-58a4-4ac0-aa4d-9dc11a99f62e\" href=\"https:\/\/aem.hr\/wp-content\/uploads\/2025\/02\/4.-Civilno-drustvo-ubrzalo-je-demokratizaciju-Hrvatske.pdf\">4. Civilno dru\u0161tvo ubrzalo je demokratizaciju Hrvatske<\/a><a href=\"https:\/\/aem.hr\/wp-content\/uploads\/2025\/02\/4.-Civilno-drustvo-ubrzalo-je-demokratizaciju-Hrvatske.pdf\" class=\"wp-block-file__button wp-element-button\" download aria-describedby=\"wp-block-file--media-f1841be8-58a4-4ac0-aa4d-9dc11a99f62e\">Preuzimanje<\/a><\/div>\n\n\n\n<div class=\"wp-block-file\"><a id=\"wp-block-file--media-139df7ff-aac4-48c2-b4d1-255314f9fe71\" href=\"https:\/\/aem.hr\/wp-content\/uploads\/2025\/02\/5.-Hrvatsko-civilno-drustvo-izmedu-politike-i-svoje-misije.pdf\">5. Hrvatsko civilno dru\u0161tvo izme\u0111u politike i svoje misije<\/a><a href=\"https:\/\/aem.hr\/wp-content\/uploads\/2025\/02\/5.-Hrvatsko-civilno-drustvo-izmedu-politike-i-svoje-misije.pdf\" class=\"wp-block-file__button wp-element-button\" download aria-describedby=\"wp-block-file--media-139df7ff-aac4-48c2-b4d1-255314f9fe71\">Preuzimanje<\/a><\/div>\n","protected":false},"excerpt":{"rendered":"","protected":false},"author":18,"featured_media":0,"parent":0,"menu_order":0,"comment_status":"closed","ping_status":"closed","template":"","meta":{"_acf_changed":false,"inline_featured_image":false,"advgb_blocks_editor_width":"","advgb_blocks_columns_visual_guide":"","_links_to":"","_links_to_type":0,"footnotes":""},"class_list":["post-20463","page","type-page","status-publish","hentry"],"acf":[],"yoast_head":"<!-- This site is optimized with the Yoast SEO plugin v25.7 - https:\/\/yoast.com\/wordpress\/plugins\/seo\/ -->\n<title>Darko Marku\u0161i\u0107 - Prora\u010dunske pijavice ili posljednje uto\u010di\u0161te deprivilegiranih - Agencija za elektroni\u010dke medije<\/title>\n<meta name=\"robots\" content=\"index, follow, max-snippet:-1, max-image-preview:large, max-video-preview:-1\" \/>\n<link rel=\"canonical\" href=\"https:\/\/aem.hr\/darko-markusic-proracunske-pijavice-ili-posljednje-utociste-deprivilegiranih\/\" \/>\n<meta property=\"og:locale\" content=\"en_US\" \/>\n<meta property=\"og:type\" content=\"article\" \/>\n<meta property=\"og:title\" content=\"Darko Marku\u0161i\u0107 - Prora\u010dunske pijavice ili posljednje uto\u010di\u0161te deprivilegiranih - Agencija za elektroni\u010dke medije\" \/>\n<meta property=\"og:url\" content=\"https:\/\/aem.hr\/darko-markusic-proracunske-pijavice-ili-posljednje-utociste-deprivilegiranih\/\" \/>\n<meta property=\"og:site_name\" content=\"Agencija za elektroni\u010dke medije\" \/>\n<meta property=\"article:modified_time\" content=\"2025-02-27T13:46:40+00:00\" \/>\n<meta name=\"twitter:card\" content=\"summary_large_image\" \/>\n<meta name=\"twitter:label1\" content=\"Est. reading time\" \/>\n\t<meta name=\"twitter:data1\" content=\"1 minute\" \/>\n<script type=\"application\/ld+json\" class=\"yoast-schema-graph\">{\"@context\":\"https:\/\/schema.org\",\"@graph\":[{\"@type\":\"WebPage\",\"@id\":\"https:\/\/aem.hr\/darko-markusic-proracunske-pijavice-ili-posljednje-utociste-deprivilegiranih\/\",\"url\":\"https:\/\/aem.hr\/darko-markusic-proracunske-pijavice-ili-posljednje-utociste-deprivilegiranih\/\",\"name\":\"Darko Marku\u0161i\u0107 - Prora\u010dunske pijavice ili posljednje uto\u010di\u0161te deprivilegiranih - Agencija za elektroni\u010dke medije\",\"isPartOf\":{\"@id\":\"https:\/\/aem.hr\/#website\"},\"datePublished\":\"2025-02-27T13:46:39+00:00\",\"dateModified\":\"2025-02-27T13:46:40+00:00\",\"breadcrumb\":{\"@id\":\"https:\/\/aem.hr\/darko-markusic-proracunske-pijavice-ili-posljednje-utociste-deprivilegiranih\/#breadcrumb\"},\"inLanguage\":\"en-US\",\"potentialAction\":[{\"@type\":\"ReadAction\",\"target\":[\"https:\/\/aem.hr\/darko-markusic-proracunske-pijavice-ili-posljednje-utociste-deprivilegiranih\/\"]}]},{\"@type\":\"BreadcrumbList\",\"@id\":\"https:\/\/aem.hr\/darko-markusic-proracunske-pijavice-ili-posljednje-utociste-deprivilegiranih\/#breadcrumb\",\"itemListElement\":[{\"@type\":\"ListItem\",\"position\":1,\"name\":\"Po\u010detna stranica\",\"item\":\"https:\/\/aem.hr\/\"},{\"@type\":\"ListItem\",\"position\":2,\"name\":\"Darko Marku\u0161i\u0107 &#8211; Prora\u010dunske pijavice ili posljednje uto\u010di\u0161te deprivilegiranih\"}]},{\"@type\":\"WebSite\",\"@id\":\"https:\/\/aem.hr\/#website\",\"url\":\"https:\/\/aem.hr\/\",\"name\":\"Agencija za elektroni\u010dke medije\",\"description\":\"\",\"potentialAction\":[{\"@type\":\"SearchAction\",\"target\":{\"@type\":\"EntryPoint\",\"urlTemplate\":\"https:\/\/aem.hr\/?s={search_term_string}\"},\"query-input\":{\"@type\":\"PropertyValueSpecification\",\"valueRequired\":true,\"valueName\":\"search_term_string\"}}],\"inLanguage\":\"en-US\"}]}<\/script>\n<!-- \/ Yoast SEO plugin. -->","yoast_head_json":{"title":"Darko Marku\u0161i\u0107 - Prora\u010dunske pijavice ili posljednje uto\u010di\u0161te deprivilegiranih - Agencija za elektroni\u010dke medije","robots":{"index":"index","follow":"follow","max-snippet":"max-snippet:-1","max-image-preview":"max-image-preview:large","max-video-preview":"max-video-preview:-1"},"canonical":"https:\/\/aem.hr\/darko-markusic-proracunske-pijavice-ili-posljednje-utociste-deprivilegiranih\/","og_locale":"en_US","og_type":"article","og_title":"Darko Marku\u0161i\u0107 - Prora\u010dunske pijavice ili posljednje uto\u010di\u0161te deprivilegiranih - Agencija za elektroni\u010dke medije","og_url":"https:\/\/aem.hr\/darko-markusic-proracunske-pijavice-ili-posljednje-utociste-deprivilegiranih\/","og_site_name":"Agencija za elektroni\u010dke medije","article_modified_time":"2025-02-27T13:46:40+00:00","twitter_card":"summary_large_image","twitter_misc":{"Est. reading time":"1 minute"},"schema":{"@context":"https:\/\/schema.org","@graph":[{"@type":"WebPage","@id":"https:\/\/aem.hr\/darko-markusic-proracunske-pijavice-ili-posljednje-utociste-deprivilegiranih\/","url":"https:\/\/aem.hr\/darko-markusic-proracunske-pijavice-ili-posljednje-utociste-deprivilegiranih\/","name":"Darko Marku\u0161i\u0107 - Prora\u010dunske pijavice ili posljednje uto\u010di\u0161te deprivilegiranih - Agencija za elektroni\u010dke medije","isPartOf":{"@id":"https:\/\/aem.hr\/#website"},"datePublished":"2025-02-27T13:46:39+00:00","dateModified":"2025-02-27T13:46:40+00:00","breadcrumb":{"@id":"https:\/\/aem.hr\/darko-markusic-proracunske-pijavice-ili-posljednje-utociste-deprivilegiranih\/#breadcrumb"},"inLanguage":"en-US","potentialAction":[{"@type":"ReadAction","target":["https:\/\/aem.hr\/darko-markusic-proracunske-pijavice-ili-posljednje-utociste-deprivilegiranih\/"]}]},{"@type":"BreadcrumbList","@id":"https:\/\/aem.hr\/darko-markusic-proracunske-pijavice-ili-posljednje-utociste-deprivilegiranih\/#breadcrumb","itemListElement":[{"@type":"ListItem","position":1,"name":"Po\u010detna stranica","item":"https:\/\/aem.hr\/"},{"@type":"ListItem","position":2,"name":"Darko Marku\u0161i\u0107 &#8211; Prora\u010dunske pijavice ili posljednje uto\u010di\u0161te deprivilegiranih"}]},{"@type":"WebSite","@id":"https:\/\/aem.hr\/#website","url":"https:\/\/aem.hr\/","name":"Agencija za elektroni\u010dke medije","description":"","potentialAction":[{"@type":"SearchAction","target":{"@type":"EntryPoint","urlTemplate":"https:\/\/aem.hr\/?s={search_term_string}"},"query-input":{"@type":"PropertyValueSpecification","valueRequired":true,"valueName":"search_term_string"}}],"inLanguage":"en-US"}]}},"coauthors":[],"author_meta":{"author_link":"https:\/\/aem.hr\/en\/blog\/author\/mkirac\/","display_name":"Matko Kirac"},"relative_dates":{"created":"Posted 1 year ago","modified":"Updated 1 year ago"},"absolute_dates":{"created":"Posted on 27. February 2025.","modified":"Updated on 27. February 2025."},"absolute_dates_time":{"created":"Posted on 27. February 2025. 14:46","modified":"Updated on 27. February 2025. 14:46"},"featured_img_caption":"","featured_img":false,"series_order":"","_links":{"self":[{"href":"https:\/\/aem.hr\/en\/wp-json\/wp\/v2\/pages\/20463","targetHints":{"allow":["GET"]}}],"collection":[{"href":"https:\/\/aem.hr\/en\/wp-json\/wp\/v2\/pages"}],"about":[{"href":"https:\/\/aem.hr\/en\/wp-json\/wp\/v2\/types\/page"}],"author":[{"embeddable":true,"href":"https:\/\/aem.hr\/en\/wp-json\/wp\/v2\/users\/18"}],"replies":[{"embeddable":true,"href":"https:\/\/aem.hr\/en\/wp-json\/wp\/v2\/comments?post=20463"}],"version-history":[{"count":1,"href":"https:\/\/aem.hr\/en\/wp-json\/wp\/v2\/pages\/20463\/revisions"}],"predecessor-version":[{"id":20474,"href":"https:\/\/aem.hr\/en\/wp-json\/wp\/v2\/pages\/20463\/revisions\/20474"}],"wp:attachment":[{"href":"https:\/\/aem.hr\/en\/wp-json\/wp\/v2\/media?parent=20463"}],"curies":[{"name":"wp","href":"https:\/\/api.w.org\/{rel}","templated":true}]}}