{"id":20506,"date":"2025-02-27T14:50:48","date_gmt":"2025-02-27T13:50:48","guid":{"rendered":"http:\/\/aem.hr\/?page_id=20506"},"modified":"2025-02-27T14:50:49","modified_gmt":"2025-02-27T13:50:49","slug":"lana-bunjevac-muzejske-cuvaonice-kabineti-cuda-za-21-stoljece","status":"publish","type":"page","link":"https:\/\/aem.hr\/en\/lana-bunjevac-muzejske-cuvaonice-kabineti-cuda-za-21-stoljece\/","title":{"rendered":"Lana Bunjevac &#8211; Muzejske \u010duvaonice &#8211; kabineti \u010duda za 21. stolje\u0107e?"},"content":{"rendered":"\n<div class=\"wp-block-file\"><a id=\"wp-block-file--media-cacf62bd-1e92-407c-ae6e-cdd9f92a46c0\" href=\"https:\/\/aem.hr\/wp-content\/uploads\/2025\/02\/1.-Uvod-i-povijesni-razvoj.pdf\">1. Uvod i povijesni razvoj<\/a><a href=\"https:\/\/aem.hr\/wp-content\/uploads\/2025\/02\/1.-Uvod-i-povijesni-razvoj.pdf\" class=\"wp-block-file__button wp-element-button\" download aria-describedby=\"wp-block-file--media-cacf62bd-1e92-407c-ae6e-cdd9f92a46c0\">Preuzimanje<\/a><\/div>\n\n\n\n<div class=\"wp-block-file\"><a id=\"wp-block-file--media-909a8bc8-b4dc-43d2-9d25-b45fdebe3887\" href=\"https:\/\/aem.hr\/wp-content\/uploads\/2025\/02\/2.-Arhitektura-muzeja.pdf\">2. Arhitektura muzeja<\/a><a href=\"https:\/\/aem.hr\/wp-content\/uploads\/2025\/02\/2.-Arhitektura-muzeja.pdf\" class=\"wp-block-file__button wp-element-button\" download aria-describedby=\"wp-block-file--media-909a8bc8-b4dc-43d2-9d25-b45fdebe3887\">Preuzimanje<\/a><\/div>\n\n\n\n<div class=\"wp-block-file\"><a id=\"wp-block-file--media-0863852a-6916-439c-ad4b-eca5b24aff6d\" href=\"https:\/\/aem.hr\/wp-content\/uploads\/2025\/02\/3.-Zajednicka-cuvaonica.pdf\">3. Zajedni\u010dka \u010duvaonica<\/a><a href=\"https:\/\/aem.hr\/wp-content\/uploads\/2025\/02\/3.-Zajednicka-cuvaonica.pdf\" class=\"wp-block-file__button wp-element-button\" download aria-describedby=\"wp-block-file--media-0863852a-6916-439c-ad4b-eca5b24aff6d\">Preuzimanje<\/a><\/div>\n\n\n\n<div class=\"wp-block-file\"><a id=\"wp-block-file--media-961ebac4-e82d-466d-8f5c-7ee5bff7e355\" href=\"https:\/\/aem.hr\/wp-content\/uploads\/2025\/02\/4.-Cuvaonica-Hrvatskog.pdf\">4. \u010cuvaonica Hrvatskog<\/a><a href=\"https:\/\/aem.hr\/wp-content\/uploads\/2025\/02\/4.-Cuvaonica-Hrvatskog.pdf\" class=\"wp-block-file__button wp-element-button\" download aria-describedby=\"wp-block-file--media-961ebac4-e82d-466d-8f5c-7ee5bff7e355\">Preuzimanje<\/a><\/div>\n\n\n\n<div class=\"wp-block-file\"><a id=\"wp-block-file--media-6b26c5f1-e8e2-4046-a878-3c7c2646a01c\" href=\"https:\/\/aem.hr\/wp-content\/uploads\/2025\/02\/5.-Od-zgrade-uzorite-pivnice.pdf\">5. Od zgrade uzorite pivnice<\/a><a href=\"https:\/\/aem.hr\/wp-content\/uploads\/2025\/02\/5.-Od-zgrade-uzorite-pivnice.pdf\" class=\"wp-block-file__button wp-element-button\" download aria-describedby=\"wp-block-file--media-6b26c5f1-e8e2-4046-a878-3c7c2646a01c\">Preuzimanje<\/a><\/div>\n\n\n\n<div class=\"wp-block-file\"><a id=\"wp-block-file--media-59d8521e-cce4-4e98-865c-ee22e286d66d\" href=\"https:\/\/aem.hr\/wp-content\/uploads\/2025\/02\/6.-Primjer-svicarske-dobre.pdf\">6. Primjer \u0161vicarske dobre<\/a><a href=\"https:\/\/aem.hr\/wp-content\/uploads\/2025\/02\/6.-Primjer-svicarske-dobre.pdf\" class=\"wp-block-file__button wp-element-button\" download aria-describedby=\"wp-block-file--media-59d8521e-cce4-4e98-865c-ee22e286d66d\">Preuzimanje<\/a><\/div>\n\n\n\n<div class=\"wp-block-file\"><a id=\"wp-block-file--media-a7f939d7-7451-40b2-953e-61f67628a57d\" href=\"https:\/\/aem.hr\/wp-content\/uploads\/2025\/02\/7.-Primjer-njemacke-dobre.pdf\">7. Primjer njema\u010dke dobre<\/a><a href=\"https:\/\/aem.hr\/wp-content\/uploads\/2025\/02\/7.-Primjer-njemacke-dobre.pdf\" class=\"wp-block-file__button wp-element-button\" download aria-describedby=\"wp-block-file--media-a7f939d7-7451-40b2-953e-61f67628a57d\">Preuzimanje<\/a><\/div>\n","protected":false},"excerpt":{"rendered":"","protected":false},"author":18,"featured_media":0,"parent":0,"menu_order":0,"comment_status":"closed","ping_status":"closed","template":"","meta":{"_acf_changed":false,"inline_featured_image":false,"advgb_blocks_editor_width":"","advgb_blocks_columns_visual_guide":"","_links_to":"","_links_to_type":0,"footnotes":""},"class_list":["post-20506","page","type-page","status-publish","hentry"],"acf":[],"yoast_head":"<!-- This site is optimized with the Yoast SEO plugin v25.7 - https:\/\/yoast.com\/wordpress\/plugins\/seo\/ -->\n<title>Lana Bunjevac - Muzejske \u010duvaonice - kabineti \u010duda za 21. stolje\u0107e? - Agencija za elektroni\u010dke medije<\/title>\n<meta name=\"robots\" content=\"index, follow, max-snippet:-1, max-image-preview:large, max-video-preview:-1\" \/>\n<link rel=\"canonical\" href=\"https:\/\/aem.hr\/lana-bunjevac-muzejske-cuvaonice-kabineti-cuda-za-21-stoljece\/\" \/>\n<meta property=\"og:locale\" content=\"en_US\" \/>\n<meta property=\"og:type\" content=\"article\" \/>\n<meta property=\"og:title\" content=\"Lana Bunjevac - Muzejske \u010duvaonice - kabineti \u010duda za 21. stolje\u0107e? - Agencija za elektroni\u010dke medije\" \/>\n<meta property=\"og:url\" content=\"https:\/\/aem.hr\/lana-bunjevac-muzejske-cuvaonice-kabineti-cuda-za-21-stoljece\/\" \/>\n<meta property=\"og:site_name\" content=\"Agencija za elektroni\u010dke medije\" \/>\n<meta property=\"article:modified_time\" content=\"2025-02-27T13:50:49+00:00\" \/>\n<meta name=\"twitter:card\" content=\"summary_large_image\" \/>\n<meta name=\"twitter:label1\" content=\"Est. reading time\" \/>\n\t<meta name=\"twitter:data1\" content=\"1 minute\" \/>\n<script type=\"application\/ld+json\" class=\"yoast-schema-graph\">{\"@context\":\"https:\/\/schema.org\",\"@graph\":[{\"@type\":\"WebPage\",\"@id\":\"https:\/\/aem.hr\/lana-bunjevac-muzejske-cuvaonice-kabineti-cuda-za-21-stoljece\/\",\"url\":\"https:\/\/aem.hr\/lana-bunjevac-muzejske-cuvaonice-kabineti-cuda-za-21-stoljece\/\",\"name\":\"Lana Bunjevac - Muzejske \u010duvaonice - kabineti \u010duda za 21. stolje\u0107e? - Agencija za elektroni\u010dke medije\",\"isPartOf\":{\"@id\":\"https:\/\/aem.hr\/#website\"},\"datePublished\":\"2025-02-27T13:50:48+00:00\",\"dateModified\":\"2025-02-27T13:50:49+00:00\",\"breadcrumb\":{\"@id\":\"https:\/\/aem.hr\/lana-bunjevac-muzejske-cuvaonice-kabineti-cuda-za-21-stoljece\/#breadcrumb\"},\"inLanguage\":\"en-US\",\"potentialAction\":[{\"@type\":\"ReadAction\",\"target\":[\"https:\/\/aem.hr\/lana-bunjevac-muzejske-cuvaonice-kabineti-cuda-za-21-stoljece\/\"]}]},{\"@type\":\"BreadcrumbList\",\"@id\":\"https:\/\/aem.hr\/lana-bunjevac-muzejske-cuvaonice-kabineti-cuda-za-21-stoljece\/#breadcrumb\",\"itemListElement\":[{\"@type\":\"ListItem\",\"position\":1,\"name\":\"Po\u010detna stranica\",\"item\":\"https:\/\/aem.hr\/\"},{\"@type\":\"ListItem\",\"position\":2,\"name\":\"Lana Bunjevac &#8211; Muzejske \u010duvaonice &#8211; kabineti \u010duda za 21. stolje\u0107e?\"}]},{\"@type\":\"WebSite\",\"@id\":\"https:\/\/aem.hr\/#website\",\"url\":\"https:\/\/aem.hr\/\",\"name\":\"Agencija za elektroni\u010dke medije\",\"description\":\"\",\"potentialAction\":[{\"@type\":\"SearchAction\",\"target\":{\"@type\":\"EntryPoint\",\"urlTemplate\":\"https:\/\/aem.hr\/?s={search_term_string}\"},\"query-input\":{\"@type\":\"PropertyValueSpecification\",\"valueRequired\":true,\"valueName\":\"search_term_string\"}}],\"inLanguage\":\"en-US\"}]}<\/script>\n<!-- \/ Yoast SEO plugin. -->","yoast_head_json":{"title":"Lana Bunjevac - Muzejske \u010duvaonice - kabineti \u010duda za 21. stolje\u0107e? - Agencija za elektroni\u010dke medije","robots":{"index":"index","follow":"follow","max-snippet":"max-snippet:-1","max-image-preview":"max-image-preview:large","max-video-preview":"max-video-preview:-1"},"canonical":"https:\/\/aem.hr\/lana-bunjevac-muzejske-cuvaonice-kabineti-cuda-za-21-stoljece\/","og_locale":"en_US","og_type":"article","og_title":"Lana Bunjevac - Muzejske \u010duvaonice - kabineti \u010duda za 21. stolje\u0107e? - Agencija za elektroni\u010dke medije","og_url":"https:\/\/aem.hr\/lana-bunjevac-muzejske-cuvaonice-kabineti-cuda-za-21-stoljece\/","og_site_name":"Agencija za elektroni\u010dke medije","article_modified_time":"2025-02-27T13:50:49+00:00","twitter_card":"summary_large_image","twitter_misc":{"Est. reading time":"1 minute"},"schema":{"@context":"https:\/\/schema.org","@graph":[{"@type":"WebPage","@id":"https:\/\/aem.hr\/lana-bunjevac-muzejske-cuvaonice-kabineti-cuda-za-21-stoljece\/","url":"https:\/\/aem.hr\/lana-bunjevac-muzejske-cuvaonice-kabineti-cuda-za-21-stoljece\/","name":"Lana Bunjevac - Muzejske \u010duvaonice - kabineti \u010duda za 21. stolje\u0107e? - Agencija za elektroni\u010dke medije","isPartOf":{"@id":"https:\/\/aem.hr\/#website"},"datePublished":"2025-02-27T13:50:48+00:00","dateModified":"2025-02-27T13:50:49+00:00","breadcrumb":{"@id":"https:\/\/aem.hr\/lana-bunjevac-muzejske-cuvaonice-kabineti-cuda-za-21-stoljece\/#breadcrumb"},"inLanguage":"en-US","potentialAction":[{"@type":"ReadAction","target":["https:\/\/aem.hr\/lana-bunjevac-muzejske-cuvaonice-kabineti-cuda-za-21-stoljece\/"]}]},{"@type":"BreadcrumbList","@id":"https:\/\/aem.hr\/lana-bunjevac-muzejske-cuvaonice-kabineti-cuda-za-21-stoljece\/#breadcrumb","itemListElement":[{"@type":"ListItem","position":1,"name":"Po\u010detna stranica","item":"https:\/\/aem.hr\/"},{"@type":"ListItem","position":2,"name":"Lana Bunjevac &#8211; Muzejske \u010duvaonice &#8211; kabineti \u010duda za 21. stolje\u0107e?"}]},{"@type":"WebSite","@id":"https:\/\/aem.hr\/#website","url":"https:\/\/aem.hr\/","name":"Agencija za elektroni\u010dke medije","description":"","potentialAction":[{"@type":"SearchAction","target":{"@type":"EntryPoint","urlTemplate":"https:\/\/aem.hr\/?s={search_term_string}"},"query-input":{"@type":"PropertyValueSpecification","valueRequired":true,"valueName":"search_term_string"}}],"inLanguage":"en-US"}]}},"coauthors":[],"author_meta":{"author_link":"https:\/\/aem.hr\/en\/blog\/author\/mkirac\/","display_name":"Matko Kirac"},"relative_dates":{"created":"Posted 1 year ago","modified":"Updated 1 year ago"},"absolute_dates":{"created":"Posted on 27. February 2025.","modified":"Updated on 27. February 2025."},"absolute_dates_time":{"created":"Posted on 27. February 2025. 14:50","modified":"Updated on 27. February 2025. 14:50"},"featured_img_caption":"","featured_img":false,"series_order":"","_links":{"self":[{"href":"https:\/\/aem.hr\/en\/wp-json\/wp\/v2\/pages\/20506","targetHints":{"allow":["GET"]}}],"collection":[{"href":"https:\/\/aem.hr\/en\/wp-json\/wp\/v2\/pages"}],"about":[{"href":"https:\/\/aem.hr\/en\/wp-json\/wp\/v2\/types\/page"}],"author":[{"embeddable":true,"href":"https:\/\/aem.hr\/en\/wp-json\/wp\/v2\/users\/18"}],"replies":[{"embeddable":true,"href":"https:\/\/aem.hr\/en\/wp-json\/wp\/v2\/comments?post=20506"}],"version-history":[{"count":1,"href":"https:\/\/aem.hr\/en\/wp-json\/wp\/v2\/pages\/20506\/revisions"}],"predecessor-version":[{"id":20522,"href":"https:\/\/aem.hr\/en\/wp-json\/wp\/v2\/pages\/20506\/revisions\/20522"}],"wp:attachment":[{"href":"https:\/\/aem.hr\/en\/wp-json\/wp\/v2\/media?parent=20506"}],"curies":[{"name":"wp","href":"https:\/\/api.w.org\/{rel}","templated":true}]}}