{"id":20545,"date":"2025-02-28T13:33:15","date_gmt":"2025-02-28T12:33:15","guid":{"rendered":"http:\/\/aem.hr\/?page_id=20545"},"modified":"2025-02-28T13:33:16","modified_gmt":"2025-02-28T12:33:16","slug":"dusan-miljus-poremecaji-licnosti-u-svakodnevnom-zivotu-korelacija-sa-najtezim-oblicima-kaznenih-djela","status":"publish","type":"page","link":"https:\/\/aem.hr\/en\/dusan-miljus-poremecaji-licnosti-u-svakodnevnom-zivotu-korelacija-sa-najtezim-oblicima-kaznenih-djela\/","title":{"rendered":"Du\u0161an Milju\u0161 &#8211; Poreme\u0107aji li\u010dnosti u svakodnevnom \u017eivotu &#8211; korelacija sa najte\u017eim oblicima kaznenih djela"},"content":{"rendered":"\n<div class=\"wp-block-file\"><a id=\"wp-block-file--media-c71fda48-b54a-4ee9-917e-43a0ac937271\" href=\"https:\/\/aem.hr\/wp-content\/uploads\/2025\/02\/1.-Cak-10-15-posto-osoba.pdf\">1. \u010cak 10-15 posto osoba<\/a><a href=\"https:\/\/aem.hr\/wp-content\/uploads\/2025\/02\/1.-Cak-10-15-posto-osoba.pdf\" class=\"wp-block-file__button wp-element-button\" download aria-describedby=\"wp-block-file--media-c71fda48-b54a-4ee9-917e-43a0ac937271\">Preuzimanje<\/a><\/div>\n\n\n\n<div class=\"wp-block-file\"><a id=\"wp-block-file--media-b457ac6a-8ac7-4c49-a18a-81dfcda19e85\" href=\"https:\/\/aem.hr\/wp-content\/uploads\/2025\/02\/2.-Uvijek-je-tezio.pdf\">2. Uvijek je te\u017eio<\/a><a href=\"https:\/\/aem.hr\/wp-content\/uploads\/2025\/02\/2.-Uvijek-je-tezio.pdf\" class=\"wp-block-file__button wp-element-button\" download aria-describedby=\"wp-block-file--media-b457ac6a-8ac7-4c49-a18a-81dfcda19e85\">Preuzimanje<\/a><\/div>\n\n\n\n<div class=\"wp-block-file\"><a id=\"wp-block-file--media-903a71ff-55d2-412b-85cb-7226595830e5\" href=\"https:\/\/aem.hr\/wp-content\/uploads\/2025\/02\/3.-Psihijatar-objasnio.pdf\">3. Psihijatar objasnio<\/a><a href=\"https:\/\/aem.hr\/wp-content\/uploads\/2025\/02\/3.-Psihijatar-objasnio.pdf\" class=\"wp-block-file__button wp-element-button\" download aria-describedby=\"wp-block-file--media-903a71ff-55d2-412b-85cb-7226595830e5\">Preuzimanje<\/a><\/div>\n\n\n\n<div class=\"wp-block-file\"><a id=\"wp-block-file--media-7af8c2b4-90c3-4d70-9ba3-ce51d528c177\" href=\"https:\/\/aem.hr\/wp-content\/uploads\/2025\/02\/4.-Dr.-Marcinko.pdf\">4. Dr. Mar\u010dinko<\/a><a href=\"https:\/\/aem.hr\/wp-content\/uploads\/2025\/02\/4.-Dr.-Marcinko.pdf\" class=\"wp-block-file__button wp-element-button\" download aria-describedby=\"wp-block-file--media-7af8c2b4-90c3-4d70-9ba3-ce51d528c177\">Preuzimanje<\/a><\/div>\n\n\n\n<div class=\"wp-block-file\"><a id=\"wp-block-file--media-fb0182f6-a248-4b48-ba6d-389efa25745a\" href=\"https:\/\/aem.hr\/wp-content\/uploads\/2025\/02\/5.-Majku-cekicem-zatukla.pdf\">5. Majku \u010deki\u0107em zatukla<\/a><a href=\"https:\/\/aem.hr\/wp-content\/uploads\/2025\/02\/5.-Majku-cekicem-zatukla.pdf\" class=\"wp-block-file__button wp-element-button\" download aria-describedby=\"wp-block-file--media-fb0182f6-a248-4b48-ba6d-389efa25745a\">Preuzimanje<\/a><\/div>\n\n\n\n<div class=\"wp-block-file\"><a id=\"wp-block-file--media-762073b1-ad3e-4f81-99a7-fc435988a704\" href=\"https:\/\/aem.hr\/wp-content\/uploads\/2025\/02\/6.-Ljudi-koji-su-svjesni.pdf\">6. Ljudi koji su svjesni<\/a><a href=\"https:\/\/aem.hr\/wp-content\/uploads\/2025\/02\/6.-Ljudi-koji-su-svjesni.pdf\" class=\"wp-block-file__button wp-element-button\" download aria-describedby=\"wp-block-file--media-762073b1-ad3e-4f81-99a7-fc435988a704\">Preuzimanje<\/a><\/div>\n\n\n\n<div class=\"wp-block-file\"><a id=\"wp-block-file--media-2a78e1c8-2ceb-4358-81eb-6db8ef7137d7\" href=\"https:\/\/aem.hr\/wp-content\/uploads\/2025\/02\/7.-Nezaposlena-domacica.pdf\">7. Nezaposlena doma\u0107ica<\/a><a href=\"https:\/\/aem.hr\/wp-content\/uploads\/2025\/02\/7.-Nezaposlena-domacica.pdf\" class=\"wp-block-file__button wp-element-button\" download aria-describedby=\"wp-block-file--media-2a78e1c8-2ceb-4358-81eb-6db8ef7137d7\">Preuzimanje<\/a><\/div>\n\n\n\n<div class=\"wp-block-file\"><a id=\"wp-block-file--media-3a9f2252-32a1-40d9-bfce-fa35591264e3\" href=\"https:\/\/aem.hr\/wp-content\/uploads\/2025\/02\/8.-Sto-je-kriminal.pdf\">8. \u0160to je kriminal<\/a><a href=\"https:\/\/aem.hr\/wp-content\/uploads\/2025\/02\/8.-Sto-je-kriminal.pdf\" class=\"wp-block-file__button wp-element-button\" download aria-describedby=\"wp-block-file--media-3a9f2252-32a1-40d9-bfce-fa35591264e3\">Preuzimanje<\/a><\/div>\n","protected":false},"excerpt":{"rendered":"","protected":false},"author":18,"featured_media":0,"parent":0,"menu_order":0,"comment_status":"closed","ping_status":"closed","template":"","meta":{"_acf_changed":false,"inline_featured_image":false,"advgb_blocks_editor_width":"","advgb_blocks_columns_visual_guide":"","_links_to":"","_links_to_type":0,"footnotes":""},"class_list":["post-20545","page","type-page","status-publish","hentry"],"acf":[],"yoast_head":"<!-- This site is optimized with the Yoast SEO plugin v25.7 - https:\/\/yoast.com\/wordpress\/plugins\/seo\/ -->\n<title>Du\u0161an Milju\u0161 - Poreme\u0107aji li\u010dnosti u svakodnevnom \u017eivotu - korelacija sa najte\u017eim oblicima kaznenih djela - Agencija za elektroni\u010dke medije<\/title>\n<meta name=\"robots\" content=\"index, follow, max-snippet:-1, max-image-preview:large, max-video-preview:-1\" \/>\n<link rel=\"canonical\" href=\"https:\/\/aem.hr\/dusan-miljus-poremecaji-licnosti-u-svakodnevnom-zivotu-korelacija-sa-najtezim-oblicima-kaznenih-djela\/\" \/>\n<meta property=\"og:locale\" content=\"en_US\" \/>\n<meta property=\"og:type\" content=\"article\" \/>\n<meta property=\"og:title\" content=\"Du\u0161an Milju\u0161 - Poreme\u0107aji li\u010dnosti u svakodnevnom \u017eivotu - korelacija sa najte\u017eim oblicima kaznenih djela - Agencija za elektroni\u010dke medije\" \/>\n<meta property=\"og:url\" content=\"https:\/\/aem.hr\/dusan-miljus-poremecaji-licnosti-u-svakodnevnom-zivotu-korelacija-sa-najtezim-oblicima-kaznenih-djela\/\" \/>\n<meta property=\"og:site_name\" content=\"Agencija za elektroni\u010dke medije\" \/>\n<meta property=\"article:modified_time\" content=\"2025-02-28T12:33:16+00:00\" \/>\n<meta name=\"twitter:card\" content=\"summary_large_image\" \/>\n<meta name=\"twitter:label1\" content=\"Est. reading time\" \/>\n\t<meta name=\"twitter:data1\" content=\"1 minute\" \/>\n<script type=\"application\/ld+json\" class=\"yoast-schema-graph\">{\"@context\":\"https:\/\/schema.org\",\"@graph\":[{\"@type\":\"WebPage\",\"@id\":\"https:\/\/aem.hr\/dusan-miljus-poremecaji-licnosti-u-svakodnevnom-zivotu-korelacija-sa-najtezim-oblicima-kaznenih-djela\/\",\"url\":\"https:\/\/aem.hr\/dusan-miljus-poremecaji-licnosti-u-svakodnevnom-zivotu-korelacija-sa-najtezim-oblicima-kaznenih-djela\/\",\"name\":\"Du\u0161an Milju\u0161 - Poreme\u0107aji li\u010dnosti u svakodnevnom \u017eivotu - korelacija sa najte\u017eim oblicima kaznenih djela - Agencija za elektroni\u010dke medije\",\"isPartOf\":{\"@id\":\"https:\/\/aem.hr\/#website\"},\"datePublished\":\"2025-02-28T12:33:15+00:00\",\"dateModified\":\"2025-02-28T12:33:16+00:00\",\"breadcrumb\":{\"@id\":\"https:\/\/aem.hr\/dusan-miljus-poremecaji-licnosti-u-svakodnevnom-zivotu-korelacija-sa-najtezim-oblicima-kaznenih-djela\/#breadcrumb\"},\"inLanguage\":\"en-US\",\"potentialAction\":[{\"@type\":\"ReadAction\",\"target\":[\"https:\/\/aem.hr\/dusan-miljus-poremecaji-licnosti-u-svakodnevnom-zivotu-korelacija-sa-najtezim-oblicima-kaznenih-djela\/\"]}]},{\"@type\":\"BreadcrumbList\",\"@id\":\"https:\/\/aem.hr\/dusan-miljus-poremecaji-licnosti-u-svakodnevnom-zivotu-korelacija-sa-najtezim-oblicima-kaznenih-djela\/#breadcrumb\",\"itemListElement\":[{\"@type\":\"ListItem\",\"position\":1,\"name\":\"Po\u010detna stranica\",\"item\":\"https:\/\/aem.hr\/\"},{\"@type\":\"ListItem\",\"position\":2,\"name\":\"Du\u0161an Milju\u0161 &#8211; Poreme\u0107aji li\u010dnosti u svakodnevnom \u017eivotu &#8211; korelacija sa najte\u017eim oblicima kaznenih djela\"}]},{\"@type\":\"WebSite\",\"@id\":\"https:\/\/aem.hr\/#website\",\"url\":\"https:\/\/aem.hr\/\",\"name\":\"Agencija za elektroni\u010dke medije\",\"description\":\"\",\"potentialAction\":[{\"@type\":\"SearchAction\",\"target\":{\"@type\":\"EntryPoint\",\"urlTemplate\":\"https:\/\/aem.hr\/?s={search_term_string}\"},\"query-input\":{\"@type\":\"PropertyValueSpecification\",\"valueRequired\":true,\"valueName\":\"search_term_string\"}}],\"inLanguage\":\"en-US\"}]}<\/script>\n<!-- \/ Yoast SEO plugin. -->","yoast_head_json":{"title":"Du\u0161an Milju\u0161 - Poreme\u0107aji li\u010dnosti u svakodnevnom \u017eivotu - korelacija sa najte\u017eim oblicima kaznenih djela - Agencija za elektroni\u010dke medije","robots":{"index":"index","follow":"follow","max-snippet":"max-snippet:-1","max-image-preview":"max-image-preview:large","max-video-preview":"max-video-preview:-1"},"canonical":"https:\/\/aem.hr\/dusan-miljus-poremecaji-licnosti-u-svakodnevnom-zivotu-korelacija-sa-najtezim-oblicima-kaznenih-djela\/","og_locale":"en_US","og_type":"article","og_title":"Du\u0161an Milju\u0161 - Poreme\u0107aji li\u010dnosti u svakodnevnom \u017eivotu - korelacija sa najte\u017eim oblicima kaznenih djela - Agencija za elektroni\u010dke medije","og_url":"https:\/\/aem.hr\/dusan-miljus-poremecaji-licnosti-u-svakodnevnom-zivotu-korelacija-sa-najtezim-oblicima-kaznenih-djela\/","og_site_name":"Agencija za elektroni\u010dke medije","article_modified_time":"2025-02-28T12:33:16+00:00","twitter_card":"summary_large_image","twitter_misc":{"Est. reading time":"1 minute"},"schema":{"@context":"https:\/\/schema.org","@graph":[{"@type":"WebPage","@id":"https:\/\/aem.hr\/dusan-miljus-poremecaji-licnosti-u-svakodnevnom-zivotu-korelacija-sa-najtezim-oblicima-kaznenih-djela\/","url":"https:\/\/aem.hr\/dusan-miljus-poremecaji-licnosti-u-svakodnevnom-zivotu-korelacija-sa-najtezim-oblicima-kaznenih-djela\/","name":"Du\u0161an Milju\u0161 - Poreme\u0107aji li\u010dnosti u svakodnevnom \u017eivotu - korelacija sa najte\u017eim oblicima kaznenih djela - Agencija za elektroni\u010dke medije","isPartOf":{"@id":"https:\/\/aem.hr\/#website"},"datePublished":"2025-02-28T12:33:15+00:00","dateModified":"2025-02-28T12:33:16+00:00","breadcrumb":{"@id":"https:\/\/aem.hr\/dusan-miljus-poremecaji-licnosti-u-svakodnevnom-zivotu-korelacija-sa-najtezim-oblicima-kaznenih-djela\/#breadcrumb"},"inLanguage":"en-US","potentialAction":[{"@type":"ReadAction","target":["https:\/\/aem.hr\/dusan-miljus-poremecaji-licnosti-u-svakodnevnom-zivotu-korelacija-sa-najtezim-oblicima-kaznenih-djela\/"]}]},{"@type":"BreadcrumbList","@id":"https:\/\/aem.hr\/dusan-miljus-poremecaji-licnosti-u-svakodnevnom-zivotu-korelacija-sa-najtezim-oblicima-kaznenih-djela\/#breadcrumb","itemListElement":[{"@type":"ListItem","position":1,"name":"Po\u010detna stranica","item":"https:\/\/aem.hr\/"},{"@type":"ListItem","position":2,"name":"Du\u0161an Milju\u0161 &#8211; Poreme\u0107aji li\u010dnosti u svakodnevnom \u017eivotu &#8211; korelacija sa najte\u017eim oblicima kaznenih djela"}]},{"@type":"WebSite","@id":"https:\/\/aem.hr\/#website","url":"https:\/\/aem.hr\/","name":"Agencija za elektroni\u010dke medije","description":"","potentialAction":[{"@type":"SearchAction","target":{"@type":"EntryPoint","urlTemplate":"https:\/\/aem.hr\/?s={search_term_string}"},"query-input":{"@type":"PropertyValueSpecification","valueRequired":true,"valueName":"search_term_string"}}],"inLanguage":"en-US"}]}},"coauthors":[],"author_meta":{"author_link":"https:\/\/aem.hr\/en\/blog\/author\/mkirac\/","display_name":"Matko Kirac"},"relative_dates":{"created":"Posted 1 year ago","modified":"Updated 1 year ago"},"absolute_dates":{"created":"Posted on 28. February 2025.","modified":"Updated on 28. February 2025."},"absolute_dates_time":{"created":"Posted on 28. February 2025. 13:33","modified":"Updated on 28. February 2025. 13:33"},"featured_img_caption":"","featured_img":false,"series_order":"","_links":{"self":[{"href":"https:\/\/aem.hr\/en\/wp-json\/wp\/v2\/pages\/20545","targetHints":{"allow":["GET"]}}],"collection":[{"href":"https:\/\/aem.hr\/en\/wp-json\/wp\/v2\/pages"}],"about":[{"href":"https:\/\/aem.hr\/en\/wp-json\/wp\/v2\/types\/page"}],"author":[{"embeddable":true,"href":"https:\/\/aem.hr\/en\/wp-json\/wp\/v2\/users\/18"}],"replies":[{"embeddable":true,"href":"https:\/\/aem.hr\/en\/wp-json\/wp\/v2\/comments?post=20545"}],"version-history":[{"count":1,"href":"https:\/\/aem.hr\/en\/wp-json\/wp\/v2\/pages\/20545\/revisions"}],"predecessor-version":[{"id":20560,"href":"https:\/\/aem.hr\/en\/wp-json\/wp\/v2\/pages\/20545\/revisions\/20560"}],"wp:attachment":[{"href":"https:\/\/aem.hr\/en\/wp-json\/wp\/v2\/media?parent=20545"}],"curies":[{"name":"wp","href":"https:\/\/api.w.org\/{rel}","templated":true}]}}