{"id":20580,"date":"2025-02-28T13:35:53","date_gmt":"2025-02-28T12:35:53","guid":{"rendered":"http:\/\/aem.hr\/?page_id=20580"},"modified":"2025-02-28T13:35:54","modified_gmt":"2025-02-28T12:35:54","slug":"jozo-renic-suzivot-s-kucnim-ljubimcima-druga-strana-medalje","status":"publish","type":"page","link":"https:\/\/aem.hr\/en\/jozo-renic-suzivot-s-kucnim-ljubimcima-druga-strana-medalje\/","title":{"rendered":"Jozo Reni\u0107 &#8211; Su\u017eivot s ku\u0107nim ljubimcima &#8211; druga strana medalje"},"content":{"rendered":"\n<div class=\"wp-block-file\"><a id=\"wp-block-file--media-99839ffa-0d68-4bff-bc1e-b8d74a0276f1\" href=\"https:\/\/aem.hr\/wp-content\/uploads\/2025\/02\/1.-Neodgovorni-vlasnici-pasa-\u2013-s\u030cto-poduzeti.pdf\">1. Neodgovorni vlasnici pasa \u2013 s\u030cto poduzeti<\/a><a href=\"https:\/\/aem.hr\/wp-content\/uploads\/2025\/02\/1.-Neodgovorni-vlasnici-pasa-\u2013-s\u030cto-poduzeti.pdf\" class=\"wp-block-file__button wp-element-button\" download aria-describedby=\"wp-block-file--media-99839ffa-0d68-4bff-bc1e-b8d74a0276f1\">Preuzimanje<\/a><\/div>\n\n\n\n<div class=\"wp-block-file\"><a id=\"wp-block-file--media-471e47c9-8def-4cd7-9b32-cca76025b9e9\" href=\"https:\/\/aem.hr\/wp-content\/uploads\/2025\/02\/2.-Moz\u030cemo-li-razumjeti-opasne-pse.pdf\">2. Moz\u030cemo li razumjeti opasne pse<\/a><a href=\"https:\/\/aem.hr\/wp-content\/uploads\/2025\/02\/2.-Moz\u030cemo-li-razumjeti-opasne-pse.pdf\" class=\"wp-block-file__button wp-element-button\" download aria-describedby=\"wp-block-file--media-471e47c9-8def-4cd7-9b32-cca76025b9e9\">Preuzimanje<\/a><\/div>\n\n\n\n<div class=\"wp-block-file\"><a id=\"wp-block-file--media-0ee6abfd-9a74-4c72-8ad8-914148e1db37\" href=\"https:\/\/aem.hr\/wp-content\/uploads\/2025\/02\/3.-Jesu-li-c\u030cetveronos\u030cci-dobrodos\u030cli-bas\u030c-svugdje.pdf\">3. Jesu li c\u030cetveronos\u030cci dobrodos\u030cli bas\u030c svugdje<\/a><a href=\"https:\/\/aem.hr\/wp-content\/uploads\/2025\/02\/3.-Jesu-li-c\u030cetveronos\u030cci-dobrodos\u030cli-bas\u030c-svugdje.pdf\" class=\"wp-block-file__button wp-element-button\" download aria-describedby=\"wp-block-file--media-0ee6abfd-9a74-4c72-8ad8-914148e1db37\">Preuzimanje<\/a><\/div>\n\n\n\n<div class=\"wp-block-file\"><a id=\"wp-block-file--media-831c0364-2ce1-4b0a-9b23-f09cd0eb4733\" href=\"https:\/\/aem.hr\/wp-content\/uploads\/2025\/02\/4.-Ako-zaziremo-od-pasa-jesmo-li-los\u030ci-ljudi.pdf\">4. Ako zaziremo od pasa, jesmo li los\u030ci ljudi<\/a><a href=\"https:\/\/aem.hr\/wp-content\/uploads\/2025\/02\/4.-Ako-zaziremo-od-pasa-jesmo-li-los\u030ci-ljudi.pdf\" class=\"wp-block-file__button wp-element-button\" download aria-describedby=\"wp-block-file--media-831c0364-2ce1-4b0a-9b23-f09cd0eb4733\">Preuzimanje<\/a><\/div>\n\n\n\n<div class=\"wp-block-file\"><a id=\"wp-block-file--media-3b6afa2f-e640-4b0c-ae80-9bc7af7c8495\" href=\"https:\/\/aem.hr\/wp-content\/uploads\/2025\/02\/5.-Z\u030civot-sa-psom-\u2013-psihic\u030cko-zdravlje-ali-i-potencijalne-bolest.pdf\">5. Z\u030civot sa psom \u2013 psihic\u030cko zdravlje, ali i potencijalne bolest<\/a><a href=\"https:\/\/aem.hr\/wp-content\/uploads\/2025\/02\/5.-Z\u030civot-sa-psom-\u2013-psihic\u030cko-zdravlje-ali-i-potencijalne-bolest.pdf\" class=\"wp-block-file__button wp-element-button\" download aria-describedby=\"wp-block-file--media-3b6afa2f-e640-4b0c-ae80-9bc7af7c8495\">Preuzimanje<\/a><\/div>\n\n\n\n<div class=\"wp-block-file\"><a id=\"wp-block-file--media-360677d9-0d29-425e-8108-80de50df6027\" href=\"https:\/\/aem.hr\/wp-content\/uploads\/2025\/02\/6.-\u201eLjudska-prava-i-psi-\u2013-jesmo-li-pretjerali.pdf\">6. \u201eLjudska prava\u201c i psi \u2013 jesmo li pretjerali<\/a><a href=\"https:\/\/aem.hr\/wp-content\/uploads\/2025\/02\/6.-\u201eLjudska-prava-i-psi-\u2013-jesmo-li-pretjerali.pdf\" class=\"wp-block-file__button wp-element-button\" download aria-describedby=\"wp-block-file--media-360677d9-0d29-425e-8108-80de50df6027\">Preuzimanje<\/a><\/div>\n\n\n\n<div class=\"wp-block-file\"><a id=\"wp-block-file--media-90402002-cb0f-4409-b4c8-00de6c11766b\" href=\"https:\/\/aem.hr\/wp-content\/uploads\/2025\/02\/7.-Uvedimo-napokon-porez-i-na-pse.pdf\">7. Uvedimo napokon porez i na pse<\/a><a href=\"https:\/\/aem.hr\/wp-content\/uploads\/2025\/02\/7.-Uvedimo-napokon-porez-i-na-pse.pdf\" class=\"wp-block-file__button wp-element-button\" download aria-describedby=\"wp-block-file--media-90402002-cb0f-4409-b4c8-00de6c11766b\">Preuzimanje<\/a><\/div>\n","protected":false},"excerpt":{"rendered":"","protected":false},"author":18,"featured_media":0,"parent":0,"menu_order":0,"comment_status":"closed","ping_status":"closed","template":"","meta":{"_acf_changed":false,"inline_featured_image":false,"advgb_blocks_editor_width":"","advgb_blocks_columns_visual_guide":"","_links_to":"","_links_to_type":0,"footnotes":""},"class_list":["post-20580","page","type-page","status-publish","hentry"],"acf":[],"yoast_head":"<!-- This site is optimized with the Yoast SEO plugin v25.7 - https:\/\/yoast.com\/wordpress\/plugins\/seo\/ -->\n<title>Jozo Reni\u0107 - Su\u017eivot s ku\u0107nim ljubimcima - druga strana medalje - Agencija za elektroni\u010dke medije<\/title>\n<meta name=\"robots\" content=\"index, follow, max-snippet:-1, max-image-preview:large, max-video-preview:-1\" \/>\n<link rel=\"canonical\" href=\"https:\/\/aem.hr\/jozo-renic-suzivot-s-kucnim-ljubimcima-druga-strana-medalje\/\" \/>\n<meta property=\"og:locale\" content=\"en_US\" \/>\n<meta property=\"og:type\" content=\"article\" \/>\n<meta property=\"og:title\" content=\"Jozo Reni\u0107 - Su\u017eivot s ku\u0107nim ljubimcima - druga strana medalje - Agencija za elektroni\u010dke medije\" \/>\n<meta property=\"og:url\" content=\"https:\/\/aem.hr\/jozo-renic-suzivot-s-kucnim-ljubimcima-druga-strana-medalje\/\" \/>\n<meta property=\"og:site_name\" content=\"Agencija za elektroni\u010dke medije\" \/>\n<meta property=\"article:modified_time\" content=\"2025-02-28T12:35:54+00:00\" \/>\n<meta name=\"twitter:card\" content=\"summary_large_image\" \/>\n<meta name=\"twitter:label1\" content=\"Est. reading time\" \/>\n\t<meta name=\"twitter:data1\" content=\"1 minute\" \/>\n<script type=\"application\/ld+json\" class=\"yoast-schema-graph\">{\"@context\":\"https:\/\/schema.org\",\"@graph\":[{\"@type\":\"WebPage\",\"@id\":\"https:\/\/aem.hr\/jozo-renic-suzivot-s-kucnim-ljubimcima-druga-strana-medalje\/\",\"url\":\"https:\/\/aem.hr\/jozo-renic-suzivot-s-kucnim-ljubimcima-druga-strana-medalje\/\",\"name\":\"Jozo Reni\u0107 - Su\u017eivot s ku\u0107nim ljubimcima - druga strana medalje - Agencija za elektroni\u010dke medije\",\"isPartOf\":{\"@id\":\"https:\/\/aem.hr\/#website\"},\"datePublished\":\"2025-02-28T12:35:53+00:00\",\"dateModified\":\"2025-02-28T12:35:54+00:00\",\"breadcrumb\":{\"@id\":\"https:\/\/aem.hr\/jozo-renic-suzivot-s-kucnim-ljubimcima-druga-strana-medalje\/#breadcrumb\"},\"inLanguage\":\"en-US\",\"potentialAction\":[{\"@type\":\"ReadAction\",\"target\":[\"https:\/\/aem.hr\/jozo-renic-suzivot-s-kucnim-ljubimcima-druga-strana-medalje\/\"]}]},{\"@type\":\"BreadcrumbList\",\"@id\":\"https:\/\/aem.hr\/jozo-renic-suzivot-s-kucnim-ljubimcima-druga-strana-medalje\/#breadcrumb\",\"itemListElement\":[{\"@type\":\"ListItem\",\"position\":1,\"name\":\"Po\u010detna stranica\",\"item\":\"https:\/\/aem.hr\/\"},{\"@type\":\"ListItem\",\"position\":2,\"name\":\"Jozo Reni\u0107 &#8211; Su\u017eivot s ku\u0107nim ljubimcima &#8211; druga strana medalje\"}]},{\"@type\":\"WebSite\",\"@id\":\"https:\/\/aem.hr\/#website\",\"url\":\"https:\/\/aem.hr\/\",\"name\":\"Agencija za elektroni\u010dke medije\",\"description\":\"\",\"potentialAction\":[{\"@type\":\"SearchAction\",\"target\":{\"@type\":\"EntryPoint\",\"urlTemplate\":\"https:\/\/aem.hr\/?s={search_term_string}\"},\"query-input\":{\"@type\":\"PropertyValueSpecification\",\"valueRequired\":true,\"valueName\":\"search_term_string\"}}],\"inLanguage\":\"en-US\"}]}<\/script>\n<!-- \/ Yoast SEO plugin. -->","yoast_head_json":{"title":"Jozo Reni\u0107 - Su\u017eivot s ku\u0107nim ljubimcima - druga strana medalje - Agencija za elektroni\u010dke medije","robots":{"index":"index","follow":"follow","max-snippet":"max-snippet:-1","max-image-preview":"max-image-preview:large","max-video-preview":"max-video-preview:-1"},"canonical":"https:\/\/aem.hr\/jozo-renic-suzivot-s-kucnim-ljubimcima-druga-strana-medalje\/","og_locale":"en_US","og_type":"article","og_title":"Jozo Reni\u0107 - Su\u017eivot s ku\u0107nim ljubimcima - druga strana medalje - Agencija za elektroni\u010dke medije","og_url":"https:\/\/aem.hr\/jozo-renic-suzivot-s-kucnim-ljubimcima-druga-strana-medalje\/","og_site_name":"Agencija za elektroni\u010dke medije","article_modified_time":"2025-02-28T12:35:54+00:00","twitter_card":"summary_large_image","twitter_misc":{"Est. reading time":"1 minute"},"schema":{"@context":"https:\/\/schema.org","@graph":[{"@type":"WebPage","@id":"https:\/\/aem.hr\/jozo-renic-suzivot-s-kucnim-ljubimcima-druga-strana-medalje\/","url":"https:\/\/aem.hr\/jozo-renic-suzivot-s-kucnim-ljubimcima-druga-strana-medalje\/","name":"Jozo Reni\u0107 - Su\u017eivot s ku\u0107nim ljubimcima - druga strana medalje - Agencija za elektroni\u010dke medije","isPartOf":{"@id":"https:\/\/aem.hr\/#website"},"datePublished":"2025-02-28T12:35:53+00:00","dateModified":"2025-02-28T12:35:54+00:00","breadcrumb":{"@id":"https:\/\/aem.hr\/jozo-renic-suzivot-s-kucnim-ljubimcima-druga-strana-medalje\/#breadcrumb"},"inLanguage":"en-US","potentialAction":[{"@type":"ReadAction","target":["https:\/\/aem.hr\/jozo-renic-suzivot-s-kucnim-ljubimcima-druga-strana-medalje\/"]}]},{"@type":"BreadcrumbList","@id":"https:\/\/aem.hr\/jozo-renic-suzivot-s-kucnim-ljubimcima-druga-strana-medalje\/#breadcrumb","itemListElement":[{"@type":"ListItem","position":1,"name":"Po\u010detna stranica","item":"https:\/\/aem.hr\/"},{"@type":"ListItem","position":2,"name":"Jozo Reni\u0107 &#8211; Su\u017eivot s ku\u0107nim ljubimcima &#8211; druga strana medalje"}]},{"@type":"WebSite","@id":"https:\/\/aem.hr\/#website","url":"https:\/\/aem.hr\/","name":"Agencija za elektroni\u010dke medije","description":"","potentialAction":[{"@type":"SearchAction","target":{"@type":"EntryPoint","urlTemplate":"https:\/\/aem.hr\/?s={search_term_string}"},"query-input":{"@type":"PropertyValueSpecification","valueRequired":true,"valueName":"search_term_string"}}],"inLanguage":"en-US"}]}},"coauthors":[],"author_meta":{"author_link":"https:\/\/aem.hr\/en\/blog\/author\/mkirac\/","display_name":"Matko Kirac"},"relative_dates":{"created":"Posted 1 year ago","modified":"Updated 1 year ago"},"absolute_dates":{"created":"Posted on 28. February 2025.","modified":"Updated on 28. February 2025."},"absolute_dates_time":{"created":"Posted on 28. February 2025. 13:35","modified":"Updated on 28. February 2025. 13:35"},"featured_img_caption":"","featured_img":false,"series_order":"","_links":{"self":[{"href":"https:\/\/aem.hr\/en\/wp-json\/wp\/v2\/pages\/20580","targetHints":{"allow":["GET"]}}],"collection":[{"href":"https:\/\/aem.hr\/en\/wp-json\/wp\/v2\/pages"}],"about":[{"href":"https:\/\/aem.hr\/en\/wp-json\/wp\/v2\/types\/page"}],"author":[{"embeddable":true,"href":"https:\/\/aem.hr\/en\/wp-json\/wp\/v2\/users\/18"}],"replies":[{"embeddable":true,"href":"https:\/\/aem.hr\/en\/wp-json\/wp\/v2\/comments?post=20580"}],"version-history":[{"count":1,"href":"https:\/\/aem.hr\/en\/wp-json\/wp\/v2\/pages\/20580\/revisions"}],"predecessor-version":[{"id":20596,"href":"https:\/\/aem.hr\/en\/wp-json\/wp\/v2\/pages\/20580\/revisions\/20596"}],"wp:attachment":[{"href":"https:\/\/aem.hr\/en\/wp-json\/wp\/v2\/media?parent=20580"}],"curies":[{"name":"wp","href":"https:\/\/api.w.org\/{rel}","templated":true}]}}